{"id":38,"date":"2020-08-28T08:39:05","date_gmt":"2020-08-28T08:39:05","guid":{"rendered":"https:\/\/pws-export.com\/?page_id=38"},"modified":"2024-09-26T06:32:51","modified_gmt":"2024-09-26T06:32:51","slug":"independent-winemakers","status":"publish","type":"page","link":"https:\/\/pws-export.com\/ar\/\u0635\u0627\u0646\u0639\u064a-\u0627\u0644\u0646\u0628\u064a\u0630-\u0627\u0644\u0645\u0633\u062a\u0642\u0644\u064a\u0646\/","title":{"rendered":"\u0645\u0632\u0627\u0631\u0639\u064a \u0627\u0644\u0646\u0628\u064a\u0630 \u0627\u0644\u0645\u0633\u062a\u0642\u0644\u064a\u0646"},"content":{"rendered":"[et_pb_section fb_built=\u00a0\u00bb1&Prime; _builder_version=\u00a0\u00bb4.16&Prime; _module_preset=\u00a0\u00bbdefault\u00a0\u00bb background_color=\u00a0\u00bb#f4f4f4&Prime; locked=\u00a0\u00bboff\u00a0\u00bb global_colors_info=\u00a0\u00bb{}\u00a0\u00bb][et_pb_row column_structure=\u00a0\u00bb1_2,1_2&Prime; _builder_version=\u00a0\u00bb4.16&Prime; _module_preset=\u00a0\u00bbdefault\u00a0\u00bb global_colors_info=\u00a0\u00bb{}\u00a0\u00bb][et_pb_column type=\u00a0\u00bb1_2&Prime; _builder_version=\u00a0\u00bb4.16&Prime; _module_preset=\u00a0\u00bbdefault\u00a0\u00bb global_colors_info=\u00a0\u00bb{}\u00a0\u00bb][et_pb_text _builder_version=\u00a0\u00bb4.16&Prime; _module_preset=\u00a0\u00bbdefault\u00a0\u00bb global_colors_info=\u00a0\u00bb{}\u00a0\u00bb]<h1>\u0645\u0632\u0627\u0631\u0639\u064a \u0627\u0644\u0646\u0628\u064a\u0630 \u0627\u0644\u0645\u0633\u062a\u0642\u0644\u064a\u0646<\/h1>[\/et_pb_text][et_pb_image src=\u00a0\u00bbhttps:\/\/pws-export.com\/wp-content\/uploads\/2020\/09\/Ch\u00e2teau-Pardaillan-2-scaled.jpg\u00a0\u00bb title_text=\u00a0\u00bbCh\u00e2teau Pardaillan \u00a0\u00bb _builder_version=\u00a0\u00bb4.25.0&Prime; _module_preset=\u00a0\u00bbdefault\u00a0\u00bb hover_enabled=\u00a0\u00bb0&Prime; global_colors_info=\u00a0\u00bb{}\u00a0\u00bb alt=\u00a0\u00bbCh\u00e2teau Pardaillan Red Wine \u00a0\u00bb sticky_enabled=\u00a0\u00bb0&Prime;][\/et_pb_image][\/et_pb_column][et_pb_column type=\u00a0\u00bb1_2&Prime; _builder_version=\u00a0\u00bb4.16&Prime; _module_preset=\u00a0\u00bbdefault\u00a0\u00bb global_colors_info=\u00a0\u00bb{}\u00a0\u00bb][et_pb_text _builder_version=\u00a0\u00bb4.16&Prime; _module_preset=\u00a0\u00bbb88466f2-ad11-41c7-940a-9585eb31fd5a\u00a0\u00bb custom_padding=\u00a0\u00bb3vw||||false|false\u00a0\u00bb global_colors_info=\u00a0\u00bb{}\u00a0\u00bb]<p> \u0645\u0646 \u0623\u062c\u0644 \u0625\u062f\u0627\u0645\u0629 \u0625\u0646\u062a\u0627\u062c \u0627\u0644\u0646\u0628\u064a\u0630 \u0627\u0644\u0641\u0631\u0646\u0633\u064a \u0648\u0645\u0634\u0627\u0631\u0643\u0629 \u062e\u0628\u0631\u0627\u062a\u0647\u0627\u060c \u062a\u0633\u0627\u0639\u062f PWS \u062d\u0648\u0627\u0644\u064a \u0645\u0627\u0626\u0629 \u0645\u0646\u062a\u062c \u0645\u062d\u0644\u064a \u0641\u064a \u0641\u0631\u0646\u0633\u0627 \u0644\u062a\u062c\u0627\u0648\u0632 \u0627\u0644\u062d\u062f\u0648\u062f. \u0647\u0624\u0644\u0627\u0621 \u0627\u0644\u0645\u0646\u062a\u062c\u0648\u0646 \u0647\u0645 \u0645\u0635\u0627\u062f\u0631 \u0644\u0644\u062a\u0646\u0648\u0639\u060c \u062d\u064a\u062b \u0623\u0646\u0647\u0645 \u064a\u062a\u062d\u0643\u0645\u0648\u0646 \u0641\u064a \u0625\u0646\u062a\u0627\u062c \u0627\u0644\u0646\u0628\u064a\u0630\u060c \u0645\u0646 \u0632\u0631\u0627\u0639\u0629 \u0627\u0644\u0639\u0646\u0628 \u0625\u0644\u0649 \u0635\u0646\u0627\u0639\u0629 \u0627\u0644\u0646\u0628\u064a\u0630. \u0625\u0646 \u062e\u064a\u0627\u0631 \u0627\u0644\u0628\u0642\u0627\u0621 \u0645\u0633\u062a\u0642\u0644\u0627\u064b \u0623\u0648 \u0639\u062f\u0645\u0647 \u0644\u0647 \u0645\u0627 \u064a\u0628\u0631\u0631\u0647 \u0645\u0646 \u062e\u0644\u0627\u0644 \u0631\u063a\u0628\u062a\u0647\u0645 \u0641\u064a \u0627\u0644\u0628\u0642\u0627\u0621 \u0645\u062e\u0644\u0635\u064a\u0646 \u0644\u0642\u064a\u0645\u0647\u0645. \u063a\u0627\u0644\u0628\u064b\u0627 \u0645\u0627 \u062a\u062a\u062c\u0627\u0648\u0632 \u0642\u0635\u0629 \u0627\u0644\u0639\u0627\u0626\u0644\u0629 \u0627\u0644\u0645\u0646\u062a\u062c \u0646\u0641\u0633\u0647.  <\/p>[\/et_pb_text][\/et_pb_column][\/et_pb_row][\/et_pb_section][et_pb_section fb_built=\u00a0\u00bb1&Prime; _builder_version=\u00a0\u00bb4.16&Prime; _module_preset=\u00a0\u00bbdefault\u00a0\u00bb locked=\u00a0\u00bboff\u00a0\u00bb global_colors_info=\u00a0\u00bb{}\u00a0\u00bb][et_pb_row column_structure=\u00a0\u00bb1_2,1_2&Prime; _builder_version=\u00a0\u00bb4.16&Prime; _module_preset=\u00a0\u00bbdefault\u00a0\u00bb global_colors_info=\u00a0\u00bb{}\u00a0\u00bb][et_pb_column type=\u00a0\u00bb1_2&Prime; _builder_version=\u00a0\u00bb4.16&Prime; _module_preset=\u00a0\u00bbdefault\u00a0\u00bb global_colors_info=\u00a0\u00bb{}\u00a0\u00bb][et_pb_text _builder_version=\u00a0\u00bb4.16&Prime; _module_preset=\u00a0\u00bbdefault\u00a0\u00bb global_colors_info=\u00a0\u00bb{}\u00a0\u00bb]<h1>\u0645\u062b\u0627\u0644 \u0644\u0635\u0627\u0646\u0639 \u0646\u0628\u064a\u0630 \u0645\u0633\u062a\u0642\u0644: Ch\u00e2teau Pardaillan<\/h1>[\/et_pb_text][et_pb_text _builder_version=\u00a0\u00bb4.16&Prime; _module_preset=\u00a0\u00bbb88466f2-ad11-41c7-940a-9585eb31fd5a\u00a0\u00bb global_colors_info=\u00a0\u00bb{}\u00a0\u00bb]<p>\u062a\u0645 \u0628\u0646\u0627\u0621 Ch\u00e2teau Pardaillan \u0641\u064a \u0627\u0644\u0642\u0631\u0646 \u0627\u0644\u062e\u0627\u0645\u0633 \u0639\u0634\u0631 \u0641\u064a \u0645\u0646\u062a\u0635\u0641 \u062d\u0631\u0628 \u0627\u0644\u0645\u0627\u0626\u0629 \u0639\u0627\u0645. \u0639\u0646\u062f\u0645\u0627 \u0643\u0627\u0646 \u0627\u0644\u0628\u0631\u064a\u0637\u0627\u0646\u064a\u0648\u0646 \u0648\u0627\u0644\u0641\u0631\u0646\u0633\u064a\u0648\u0646 \u064a\u062a\u0642\u0627\u062a\u0644\u0648\u0646 \u0639\u0644\u0649 \u0627\u0644\u0623\u0631\u0636. \u0646\u062c\u062d Ch\u00e2teau Pardaillan \u0641\u064a \u0627\u0644\u0628\u0642\u0627\u0621 \u0641\u0631\u0646\u0633\u064a\u064b\u0627 \u0628\u0634\u0643\u0644 \u0639\u0645\u064a\u0642.<\/p>\n<p>\u0648\u0628\u0639\u062f \u0628\u0636\u0639\u0629 \u0642\u0631\u0648\u0646\u060c \u062c\u0627\u0621\u062a \u0634\u062e\u0635\u064a\u0627\u062a \u0645\u0634\u0647\u0648\u0631\u0629 \u0645\u062b\u0644 \u0645\u0648\u0646\u062a\u064a\u0646 \u0644\u0644\u0631\u0627\u062d\u0629 \u0647\u0646\u0627\u0643. \u0627\u0639\u062a\u0627\u062f \u0641\u064a\u0644\u0633\u0648\u0641 \u0627\u0644\u062a\u0646\u0648\u064a\u0631 \u0627\u0644\u0634\u0647\u064a\u0631 \u0632\u064a\u0627\u0631\u0629 \u0627\u0628\u0646\u0629 \u0623\u062e\u062a\u0647 \u0633\u0627\u0646\u062a \u062c\u0627\u0646 \u062f\u064a \u0644\u064a\u0633\u062a\u0648\u0646\u0627\u0643 \u0627\u0644\u062a\u064a \u0627\u062e\u062a\u0627\u0631\u062a \u0627\u0644\u0642\u0644\u0639\u0629 \u0627\u0644\u0631\u0627\u0626\u0639\u0629 \u0627\u0644\u063a\u0627\u0631\u0642\u0629 \u0641\u064a \u0627\u0644\u062a\u0627\u0631\u064a\u062e \u0645\u0642\u0631\u064b\u0627 \u0644\u0647\u0627.<\/p>\n<p>\u0641\u064a \u0639\u0627\u0645 1909\u060c \u0623\u0635\u0628\u062d\u062a \u0639\u0627\u0626\u0644\u0629 \u0631\u0648\u0643\u064a\u0641\u0648\u064a\u0644 \u0645\u0627\u0644\u0643\u0629 \u0644\u0644\u0645\u0646\u0632\u0644 \u0648\u0638\u0644\u062a \u0643\u0630\u0644\u0643 \u062d\u062a\u0649 \u0627\u0644\u064a\u0648\u0645 \u0644\u0645\u062f\u0629 4 \u0623\u062c\u064a\u0627\u0644.<br \/>\u0648\u0641\u064a \u0627\u0644\u0639\u0627\u0626\u0644\u0629 \u0646\u0642\u0648\u0644: \u201c\u0625\u0646\u0647 \u0644\u0634\u0631\u0641 \u0623\u0646 \u0646\u062a\u0648\u0644\u0649 \u0627\u0644\u0645\u0633\u0624\u0648\u0644\u064a\u0629 \u0648\u0648\u0627\u062c\u0628 \u0627\u062d\u062a\u0631\u0627\u0645 \u062a\u0627\u0631\u064a\u062e \u0627\u0644\u0639\u0627\u0626\u0644\u0629\u201d.<\/p>\n<p>Ch\u00e2teau Pardaillan \u0647\u0648 \u0645\u0633\u0643\u0646 \u0645\u0631\u0645\u0648\u0642\u060c \u0645\u0639 \u0645\u0627\u0644\u0643 \u0630\u0648 \u0642\u0644\u0628 \u0646\u0628\u064a\u0644 \u0639\u0632\u064a\u0632 \u0639\u0644\u0649 PWS\u060c \u0634\u062c\u0627\u0639 \u0648\u0645\u062a\u0648\u0627\u0636\u0639\u060c \u0648\u0627\u0644\u0630\u064a \u0633\u062a\u062c\u062f\u0647 \u0641\u064a \u0637\u0627\u0628\u0639 \u0631\u062d\u064a\u0642\u0647.<\/p>[\/et_pb_text][\/et_pb_column][et_pb_column type=\u00a0\u00bb1_2&Prime; _builder_version=\u00a0\u00bb4.16&Prime; _module_preset=\u00a0\u00bbdefault\u00a0\u00bb global_colors_info=\u00a0\u00bb{}\u00a0\u00bb][et_pb_image src=\u00a0\u00bbhttps:\/\/pws-export.com\/wp-content\/uploads\/2021\/12\/Capture-d\u00e9cran-2021-12-23-\u00e0-14.59.12.png\u00a0\u00bb title_text=\u00a0\u00bbCh\u00e2teau \u00a0\u00bb align=\u00a0\u00bbcenter\u00a0\u00bb _builder_version=\u00a0\u00bb4.25.0&Prime; _module_preset=\u00a0\u00bbdefault\u00a0\u00bb custom_margin=\u00a0\u00bb-3vw||||false|false\u00a0\u00bb custom_padding=\u00a0\u00bb||||false|false\u00a0\u00bb hover_enabled=\u00a0\u00bb0&Prime; global_colors_info=\u00a0\u00bb{}\u00a0\u00bb alt=\u00a0\u00bbCh\u00e2teau\u00a0\u00bb sticky_enabled=\u00a0\u00bb0&Prime;][\/et_pb_image][\/et_pb_column][\/et_pb_row][\/et_pb_section]","protected":false},"excerpt":{"rendered":"<p>Viticulteurs Ind\u00e9pendants Afin de perp\u00e9tuer la production du vin fran\u00e7ais et partager son savoir-faire, PWS aide une centaine de producteurs locaux en France, \u00e0 aller au-del\u00e0 des fronti\u00e8res. Ces producteurs sont sources de diversit\u00e9, puisqu\u2019ils contr\u00f4lent la production du vin, de la culture des raisins \u00e0 la vinification. Le choix de rester ind\u00e9pendant ou non&hellip; <a class=\"continue\" href=\"https:\/\/pws-export.com\/ar\/\u0635\u0627\u0646\u0639\u064a-\u0627\u0644\u0646\u0628\u064a\u0630-\u0627\u0644\u0645\u0633\u062a\u0642\u0644\u064a\u0646\/\">\u0645\u0648\u0627\u0635\u0644\u0629 \u0627\u0644\u0642\u0631\u0627\u0621\u0629<span> \u0645\u0632\u0627\u0631\u0639\u064a \u0627\u0644\u0646\u0628\u064a\u0630 \u0627\u0644\u0645\u0633\u062a\u0642\u0644\u064a\u0646<\/span><\/a><\/p>","protected":false},"author":1,"featured_media":0,"parent":0,"menu_order":0,"comment_status":"closed","ping_status":"closed","template":"","meta":{"_seopress_robots_primary_cat":"","_seopress_titles_title":"Independent Winemakers - PWS French Wines","_seopress_titles_desc":"Discover authentic wines created by passionate independent winemakers. At PWS, each bottle reflects a unique know-how.","_seopress_robots_index":"","_et_pb_use_builder":"on","_et_pb_old_content":"<!-- wp:divi\/placeholder \/-->","_et_gb_content_width":"","footnotes":""},"yoast_head":"<!-- This site is optimized with the Yoast SEO plugin v23.5 - https:\/\/yoast.com\/wordpress\/plugins\/seo\/ -->\n<title>Vignerons ind\u00e9pendants - PWS<\/title>\n<meta name=\"description\" content=\"Discover authentic wines created by passionate independent winemakers. At PWS, each bottle reflects a unique know-how.\" \/>\n<meta name=\"robots\" content=\"index, follow, max-snippet:-1, max-image-preview:large, max-video-preview:-1\" \/>\n<link rel=\"canonical\" href=\"https:\/\/pws-export.com\/ar\/\u0635\u0627\u0646\u0639\u064a-\u0627\u0644\u0646\u0628\u064a\u0630-\u0627\u0644\u0645\u0633\u062a\u0642\u0644\u064a\u0646\/\" \/>\n<meta property=\"og:locale\" content=\"ar_AR\" \/>\n<meta property=\"og:type\" content=\"article\" \/>\n<meta property=\"og:title\" content=\"Vignerons ind\u00e9pendants - PWS\" \/>\n<meta property=\"og:description\" content=\"Discover authentic wines created by passionate independent winemakers. At PWS, each bottle reflects a unique know-how.\" \/>\n<meta property=\"og:url\" content=\"https:\/\/pws-export.com\/ar\/\u0635\u0627\u0646\u0639\u064a-\u0627\u0644\u0646\u0628\u064a\u0630-\u0627\u0644\u0645\u0633\u062a\u0642\u0644\u064a\u0646\/\" \/>\n<meta property=\"og:site_name\" content=\"PWS\" \/>\n<meta property=\"article:modified_time\" content=\"2024-09-26T06:32:51+00:00\" \/>\n<meta name=\"twitter:card\" content=\"summary_large_image\" \/>\n<meta name=\"twitter:label1\" content=\"\u0648\u0642\u062a \u0627\u0644\u0642\u0631\u0627\u0621\u0629 \u0627\u0644\u0645\u064f\u0642\u062f\u0651\u0631\" \/>\n\t<meta name=\"twitter:data1\" content=\"\u062f\u0642\u064a\u0642\u062a\u0627\u0646\" \/>\n<script type=\"application\/ld+json\" class=\"yoast-schema-graph\">{\"@context\":\"https:\/\/schema.org\",\"@graph\":[{\"@type\":\"WebPage\",\"@id\":\"https:\/\/pws-export.com\/independent-winemakers\/\",\"url\":\"https:\/\/pws-export.com\/independent-winemakers\/\",\"name\":\"Vignerons ind\u00e9pendants - PWS\",\"isPartOf\":{\"@id\":\"https:\/\/pws-export.com\/#website\"},\"datePublished\":\"2020-08-28T08:39:05+00:00\",\"dateModified\":\"2024-09-26T06:32:51+00:00\",\"description\":\"Discover authentic wines created by passionate independent winemakers. At PWS, each bottle reflects a unique know-how.\",\"breadcrumb\":{\"@id\":\"https:\/\/pws-export.com\/independent-winemakers\/#breadcrumb\"},\"inLanguage\":\"ar\",\"potentialAction\":[{\"@type\":\"ReadAction\",\"target\":[\"https:\/\/pws-export.com\/independent-winemakers\/\"]}]},{\"@type\":\"BreadcrumbList\",\"@id\":\"https:\/\/pws-export.com\/independent-winemakers\/#breadcrumb\",\"itemListElement\":[{\"@type\":\"ListItem\",\"position\":1,\"name\":\"Home\",\"item\":\"https:\/\/pws-export.com\/fr\/\"},{\"@type\":\"ListItem\",\"position\":2,\"name\":\"Vignerons ind\u00e9pendants\"}]},{\"@type\":\"WebSite\",\"@id\":\"https:\/\/pws-export.com\/#website\",\"url\":\"https:\/\/pws-export.com\/\",\"name\":\"PWS\",\"description\":\"Producers Wines Selection - Export\",\"publisher\":{\"@id\":\"https:\/\/pws-export.com\/#organization\"},\"potentialAction\":[{\"@type\":\"SearchAction\",\"target\":{\"@type\":\"EntryPoint\",\"urlTemplate\":\"https:\/\/pws-export.com\/?s={search_term_string}\"},\"query-input\":{\"@type\":\"PropertyValueSpecification\",\"valueRequired\":true,\"valueName\":\"search_term_string\"}}],\"inLanguage\":\"ar\"},{\"@type\":\"Organization\",\"@id\":\"https:\/\/pws-export.com\/#organization\",\"name\":\"PWS\",\"url\":\"https:\/\/pws-export.com\/\",\"logo\":{\"@type\":\"ImageObject\",\"inLanguage\":\"ar\",\"@id\":\"https:\/\/pws-export.com\/#\/schema\/logo\/image\/\",\"url\":\"https:\/\/pws-export.com\/wp-content\/uploads\/2024\/06\/logo-PWS.jpeg\",\"contentUrl\":\"https:\/\/pws-export.com\/wp-content\/uploads\/2024\/06\/logo-PWS.jpeg\",\"width\":1406,\"height\":876,\"caption\":\"PWS\"},\"image\":{\"@id\":\"https:\/\/pws-export.com\/#\/schema\/logo\/image\/\"},\"sameAs\":[\"https:\/\/www.instagram.com\/pwsfrenchwines\/\",\"https:\/\/www.linkedin.com\/company\/pws-export-vins\/?viewAsMember=true\"]}]}<\/script>\n<!-- \/ Yoast SEO plugin. -->","yoast_head_json":{"title":"Vignerons ind\u00e9pendants - PWS","description":"Discover authentic wines created by passionate independent winemakers. At PWS, each bottle reflects a unique know-how.","robots":{"index":"index","follow":"follow","max-snippet":"max-snippet:-1","max-image-preview":"max-image-preview:large","max-video-preview":"max-video-preview:-1"},"canonical":"https:\/\/pws-export.com\/ar\/\u0635\u0627\u0646\u0639\u064a-\u0627\u0644\u0646\u0628\u064a\u0630-\u0627\u0644\u0645\u0633\u062a\u0642\u0644\u064a\u0646\/","og_locale":"ar_AR","og_type":"article","og_title":"Vignerons ind\u00e9pendants - PWS","og_description":"Discover authentic wines created by passionate independent winemakers. At PWS, each bottle reflects a unique know-how.","og_url":"https:\/\/pws-export.com\/ar\/\u0635\u0627\u0646\u0639\u064a-\u0627\u0644\u0646\u0628\u064a\u0630-\u0627\u0644\u0645\u0633\u062a\u0642\u0644\u064a\u0646\/","og_site_name":"PWS","article_modified_time":"2024-09-26T06:32:51+00:00","twitter_card":"summary_large_image","twitter_misc":{"\u0648\u0642\u062a \u0627\u0644\u0642\u0631\u0627\u0621\u0629 \u0627\u0644\u0645\u064f\u0642\u062f\u0651\u0631":"\u062f\u0642\u064a\u0642\u062a\u0627\u0646"},"schema":{"@context":"https:\/\/schema.org","@graph":[{"@type":"WebPage","@id":"https:\/\/pws-export.com\/independent-winemakers\/","url":"https:\/\/pws-export.com\/independent-winemakers\/","name":"Vignerons ind\u00e9pendants - PWS","isPartOf":{"@id":"https:\/\/pws-export.com\/#website"},"datePublished":"2020-08-28T08:39:05+00:00","dateModified":"2024-09-26T06:32:51+00:00","description":"Discover authentic wines created by passionate independent winemakers. At PWS, each bottle reflects a unique know-how.","breadcrumb":{"@id":"https:\/\/pws-export.com\/independent-winemakers\/#breadcrumb"},"inLanguage":"ar","potentialAction":[{"@type":"ReadAction","target":["https:\/\/pws-export.com\/independent-winemakers\/"]}]},{"@type":"BreadcrumbList","@id":"https:\/\/pws-export.com\/independent-winemakers\/#breadcrumb","itemListElement":[{"@type":"ListItem","position":1,"name":"Home","item":"https:\/\/pws-export.com\/fr\/"},{"@type":"ListItem","position":2,"name":"Vignerons ind\u00e9pendants"}]},{"@type":"WebSite","@id":"https:\/\/pws-export.com\/#website","url":"https:\/\/pws-export.com\/","name":"PWS","description":"Producers Wines Selection - Export","publisher":{"@id":"https:\/\/pws-export.com\/#organization"},"potentialAction":[{"@type":"SearchAction","target":{"@type":"EntryPoint","urlTemplate":"https:\/\/pws-export.com\/?s={search_term_string}"},"query-input":{"@type":"PropertyValueSpecification","valueRequired":true,"valueName":"search_term_string"}}],"inLanguage":"ar"},{"@type":"Organization","@id":"https:\/\/pws-export.com\/#organization","name":"PWS","url":"https:\/\/pws-export.com\/","logo":{"@type":"ImageObject","inLanguage":"ar","@id":"https:\/\/pws-export.com\/#\/schema\/logo\/image\/","url":"https:\/\/pws-export.com\/wp-content\/uploads\/2024\/06\/logo-PWS.jpeg","contentUrl":"https:\/\/pws-export.com\/wp-content\/uploads\/2024\/06\/logo-PWS.jpeg","width":1406,"height":876,"caption":"PWS"},"image":{"@id":"https:\/\/pws-export.com\/#\/schema\/logo\/image\/"},"sameAs":["https:\/\/www.instagram.com\/pwsfrenchwines\/","https:\/\/www.linkedin.com\/company\/pws-export-vins\/?viewAsMember=true"]}]}},"_links":{"self":[{"href":"https:\/\/pws-export.com\/ar\/wp-json\/wp\/v2\/pages\/38"}],"collection":[{"href":"https:\/\/pws-export.com\/ar\/wp-json\/wp\/v2\/pages"}],"about":[{"href":"https:\/\/pws-export.com\/ar\/wp-json\/wp\/v2\/types\/page"}],"author":[{"embeddable":true,"href":"https:\/\/pws-export.com\/ar\/wp-json\/wp\/v2\/users\/1"}],"replies":[{"embeddable":true,"href":"https:\/\/pws-export.com\/ar\/wp-json\/wp\/v2\/comments?post=38"}],"version-history":[{"count":16,"href":"https:\/\/pws-export.com\/ar\/wp-json\/wp\/v2\/pages\/38\/revisions"}],"predecessor-version":[{"id":846,"href":"https:\/\/pws-export.com\/ar\/wp-json\/wp\/v2\/pages\/38\/revisions\/846"}],"wp:attachment":[{"href":"https:\/\/pws-export.com\/ar\/wp-json\/wp\/v2\/media?parent=38"}],"curies":[{"name":"wp","href":"https:\/\/api.w.org\/{rel}","templated":true}]}}