{"id":42,"date":"2020-08-28T08:39:30","date_gmt":"2020-08-28T08:39:30","guid":{"rendered":"https:\/\/pws-export.com\/?page_id=42"},"modified":"2024-09-26T07:18:54","modified_gmt":"2024-09-26T07:18:54","slug":"export","status":"publish","type":"page","link":"https:\/\/pws-export.com\/ar\/\u064a\u0635\u062f\u0651\u0631\/","title":{"rendered":"\u064a\u0635\u062f\u0651\u0631"},"content":{"rendered":"[et_pb_section fb_built=\u00a0\u00bb1&Prime; _builder_version=\u00a0\u00bb4.6.0&Prime; _module_preset=\u00a0\u00bbdefault\u00a0\u00bb custom_padding=\u00a0\u00bb0px||0px||false|false\u00a0\u00bb locked=\u00a0\u00bboff\u00a0\u00bb][et_pb_row column_structure=\u00a0\u00bb1_2,1_2&Prime; use_custom_gutter=\u00a0\u00bbon\u00a0\u00bb gutter_width=\u00a0\u00bb1&Prime; make_equal=\u00a0\u00bbon\u00a0\u00bb _builder_version=\u00a0\u00bb4.6.0&Prime; _module_preset=\u00a0\u00bbdefault\u00a0\u00bb width=\u00a0\u00bb100%\u00a0\u00bb max_width=\u00a0\u00bb100%\u00a0\u00bb min_height=\u00a0\u00bb100vh\u00a0\u00bb min_height_tablet=\u00a0\u00bb\u00a0\u00bb min_height_phone=\u00a0\u00bb\u00a0\u00bb min_height_last_edited=\u00a0\u00bbon|desktop\u00a0\u00bb max_height=\u00a0\u00bb100vh\u00a0\u00bb max_height_tablet=\u00a0\u00bb\u00a0\u00bb max_height_phone=\u00a0\u00bb\u00a0\u00bb max_height_last_edited=\u00a0\u00bbon|desktop\u00a0\u00bb overflow-x=\u00a0\u00bbhidden\u00a0\u00bb overflow-y=\u00a0\u00bbhidden\u00a0\u00bb custom_padding=\u00a0\u00bb0px||0px||false|false\u00a0\u00bb][et_pb_column type=\u00a0\u00bb1_2&Prime; _builder_version=\u00a0\u00bb4.6.0&Prime; _module_preset=\u00a0\u00bbdefault\u00a0\u00bb use_background_color_gradient=\u00a0\u00bbon\u00a0\u00bb background_color_gradient_start=\u00a0\u00bbrgba(0,0,0,0)\u00a0\u00bb background_color_gradient_end=\u00a0\u00bbrgba(0,0,0,0.25)\u00a0\u00bb background_color_gradient_overlays_image=\u00a0\u00bbon\u00a0\u00bb background_image=\u00a0\u00bbhttps:\/\/pws-export.com\/wp-content\/uploads\/2020\/09\/kyle-glenn-nXt5HtLmlgE-unsplash-scaled.jpg\u00a0\u00bb][\/et_pb_column][et_pb_column type=\u00a0\u00bb1_2&Prime; _builder_version=\u00a0\u00bb4.6.0&Prime; _module_preset=\u00a0\u00bbdefault\u00a0\u00bb custom_padding=\u00a0\u00bb8%|8%|8%|8%|false|false\u00a0\u00bb][et_pb_text _builder_version=\u00a0\u00bb4.6.0&Prime; _module_preset=\u00a0\u00bbdefault\u00a0\u00bb text_text_color=\u00a0\u00bb#000000&Prime; header_line_height=\u00a0\u00bb2em\u00a0\u00bb]<h1>\u064a\u0635\u062f\u0651\u0631<\/h1>\n<p>\u062a\u0642\u0648\u0645 PWS \u0628\u0645\u0631\u0643\u0632\u064a\u0629 \u0645\u0648\u0627\u0631\u062f \u0627\u0644\u0639\u062f\u064a\u062f \u0645\u0646 \u0627\u0644\u0645\u0646\u0627\u0637\u0642\u060c \u0645\u0639 \u0627\u0644\u0627\u0647\u062a\u0645\u0627\u0645 \u0628\u0627\u062e\u062a\u064a\u0627\u0631 \u0627\u0644\u0646\u0628\u064a\u0630 \u0644\u0643 \u0648\u0641\u0642\u064b\u0627 \u0644\u0627\u062d\u062a\u064a\u0627\u062c\u0627\u062a\u0643\u060c \u062b\u0645 \u062c\u0645\u064a\u0639 \u0627\u0644\u062e\u0637\u0648\u0627\u062a \u0627\u0644\u0644\u0627\u0632\u0645\u0629 \u0644\u0644\u062a\u0635\u062f\u064a\u0631 \u0627\u0644\u0646\u0627\u062c\u062d \u0625\u0644\u0649 \u0627\u0644\u0628\u0644\u062f \u0627\u0644\u0630\u064a \u062a\u062e\u062a\u0627\u0631\u0647: \u2013 \u0628\u0646\u0627\u0621 \u0627\u0644\u0646\u0637\u0627\u0642 \u2013 \u0638\u0631\u0648\u0641 \u0627\u0644\u0625\u0646\u062a\u0627\u062c \u0648\u0645\u0639\u0627\u064a\u064a\u0631 \u0627\u0644\u062c\u0648\u062f\u0629 \u2013 \u0627\u0644\u0645\u0631\u0643\u0632\u064a\u0629 \u0627\u0644\u0645\u062f\u0641\u0648\u0639\u0627\u062a \u0648\u0627\u0644\u0645\u062e\u0635\u0635\u0627\u062a \u2013 \u0627\u0644\u0627\u062a\u0635\u0627\u0644\u0627\u062a \u0648\u0627\u0644\u062f\u0639\u0645 \u0627\u0644\u062a\u0631\u0648\u064a\u062c\u064a \u2013 \u0625\u062f\u0627\u0631\u0629 \u0627\u0644\u062a\u062c\u0645\u064a\u0639 \u0648\u0627\u0644\u062e\u062f\u0645\u0627\u062a \u0627\u0644\u0644\u0648\u062c\u0633\u062a\u064a\u0629 \u2013 \u0625\u0642\u0631\u0627\u0631\u0627\u062a \u0627\u0644\u062a\u0635\u062f\u064a\u0631 \u0627\u0644\u062c\u0645\u0631\u0643\u064a\u0629 \u0648\u0627\u0644\u0625\u062f\u0627\u0631\u064a\u0629 \u2013 \u0627\u0644\u0645\u0631\u0627\u0642\u0628\u0629 \u0648\u0627\u0644\u062f\u0639\u0645 \u0644\u0644\u062a\u0648\u0632\u064a\u0639<\/p>[\/et_pbb_text][\/et_pbb_column][\/et_pbb_column][\/et_pbb_column][\/et_pbb_column][\/et_pb_column]","protected":false},"excerpt":{"rendered":"<p>Export PWS centralise les ressources de nombreux terroirs, s\u2019occupant pour vous de la s\u00e9lection des vins en fonction de vos besoins, puis de toutes les d\u00e9marches n\u00e9cessaires au bon d\u00e9roulement \u00e0 l\u2019export vers le pays de votre choix\u00a0: &#8211; Construction de la gamme &#8211; Conditions de productions et normes de qualit\u00e9s &#8211; Centralisation des paiements&hellip; <a class=\"continue\" href=\"https:\/\/pws-export.com\/ar\/\u064a\u0635\u062f\u0651\u0631\/\">\u0645\u0648\u0627\u0635\u0644\u0629 \u0627\u0644\u0642\u0631\u0627\u0621\u0629<span> \u064a\u0635\u062f\u0651\u0631<\/span><\/a><\/p>","protected":false},"author":1,"featured_media":0,"parent":0,"menu_order":0,"comment_status":"closed","ping_status":"closed","template":"","meta":{"_seopress_robots_primary_cat":"","_seopress_titles_title":"Export - PWS French Wines","_seopress_titles_desc":"PWS manages your wine exports, offering tailor-made selection, compliance, logistics and promotional support tailored to your markets.","_seopress_robots_index":"","_et_pb_use_builder":"on","_et_pb_old_content":"<!-- wp:divi\/placeholder \/-->","_et_gb_content_width":"","footnotes":""},"yoast_head":"<!-- This site is optimized with the Yoast SEO plugin v23.5 - https:\/\/yoast.com\/wordpress\/plugins\/seo\/ -->\n<title>Export - PWS<\/title>\n<meta name=\"description\" content=\"PWS manages your wine exports, offering tailor-made selection, compliance, logistics and promotional support tailored to your markets.\" \/>\n<meta name=\"robots\" content=\"index, follow, max-snippet:-1, max-image-preview:large, max-video-preview:-1\" \/>\n<link rel=\"canonical\" href=\"https:\/\/pws-export.com\/ar\/\u064a\u0635\u062f\u0651\u0631\/\" \/>\n<meta property=\"og:locale\" content=\"ar_AR\" \/>\n<meta property=\"og:type\" content=\"article\" \/>\n<meta property=\"og:title\" content=\"Export - PWS\" \/>\n<meta property=\"og:description\" content=\"PWS manages your wine exports, offering tailor-made selection, compliance, logistics and promotional support tailored to your markets.\" \/>\n<meta property=\"og:url\" content=\"https:\/\/pws-export.com\/ar\/\u064a\u0635\u062f\u0651\u0631\/\" \/>\n<meta property=\"og:site_name\" content=\"PWS\" \/>\n<meta property=\"article:modified_time\" content=\"2024-09-26T07:18:54+00:00\" \/>\n<meta name=\"twitter:card\" content=\"summary_large_image\" \/>\n<meta name=\"twitter:label1\" content=\"\u0648\u0642\u062a \u0627\u0644\u0642\u0631\u0627\u0621\u0629 \u0627\u0644\u0645\u064f\u0642\u062f\u0651\u0631\" \/>\n\t<meta name=\"twitter:data1\" content=\"\u062f\u0642\u064a\u0642\u0629 \u0648\u0627\u062d\u062f\u0629\" \/>\n<script type=\"application\/ld+json\" class=\"yoast-schema-graph\">{\"@context\":\"https:\/\/schema.org\",\"@graph\":[{\"@type\":\"WebPage\",\"@id\":\"https:\/\/pws-export.com\/export\/\",\"url\":\"https:\/\/pws-export.com\/export\/\",\"name\":\"Export - PWS\",\"isPartOf\":{\"@id\":\"https:\/\/pws-export.com\/#website\"},\"datePublished\":\"2020-08-28T08:39:30+00:00\",\"dateModified\":\"2024-09-26T07:18:54+00:00\",\"description\":\"PWS manages your wine exports, offering tailor-made selection, compliance, logistics and promotional support tailored to your markets.\",\"breadcrumb\":{\"@id\":\"https:\/\/pws-export.com\/export\/#breadcrumb\"},\"inLanguage\":\"ar\",\"potentialAction\":[{\"@type\":\"ReadAction\",\"target\":[\"https:\/\/pws-export.com\/export\/\"]}]},{\"@type\":\"BreadcrumbList\",\"@id\":\"https:\/\/pws-export.com\/export\/#breadcrumb\",\"itemListElement\":[{\"@type\":\"ListItem\",\"position\":1,\"name\":\"Home\",\"item\":\"https:\/\/pws-export.com\/fr\/\"},{\"@type\":\"ListItem\",\"position\":2,\"name\":\"Export\"}]},{\"@type\":\"WebSite\",\"@id\":\"https:\/\/pws-export.com\/#website\",\"url\":\"https:\/\/pws-export.com\/\",\"name\":\"PWS\",\"description\":\"Producers Wines Selection - Export\",\"publisher\":{\"@id\":\"https:\/\/pws-export.com\/#organization\"},\"potentialAction\":[{\"@type\":\"SearchAction\",\"target\":{\"@type\":\"EntryPoint\",\"urlTemplate\":\"https:\/\/pws-export.com\/?s={search_term_string}\"},\"query-input\":{\"@type\":\"PropertyValueSpecification\",\"valueRequired\":true,\"valueName\":\"search_term_string\"}}],\"inLanguage\":\"ar\"},{\"@type\":\"Organization\",\"@id\":\"https:\/\/pws-export.com\/#organization\",\"name\":\"PWS\",\"url\":\"https:\/\/pws-export.com\/\",\"logo\":{\"@type\":\"ImageObject\",\"inLanguage\":\"ar\",\"@id\":\"https:\/\/pws-export.com\/#\/schema\/logo\/image\/\",\"url\":\"https:\/\/pws-export.com\/wp-content\/uploads\/2024\/06\/logo-PWS.jpeg\",\"contentUrl\":\"https:\/\/pws-export.com\/wp-content\/uploads\/2024\/06\/logo-PWS.jpeg\",\"width\":1406,\"height\":876,\"caption\":\"PWS\"},\"image\":{\"@id\":\"https:\/\/pws-export.com\/#\/schema\/logo\/image\/\"},\"sameAs\":[\"https:\/\/www.instagram.com\/pwsfrenchwines\/\",\"https:\/\/www.linkedin.com\/company\/pws-export-vins\/?viewAsMember=true\"]}]}<\/script>\n<!-- \/ Yoast SEO plugin. -->","yoast_head_json":{"title":"Export - PWS","description":"PWS manages your wine exports, offering tailor-made selection, compliance, logistics and promotional support tailored to your markets.","robots":{"index":"index","follow":"follow","max-snippet":"max-snippet:-1","max-image-preview":"max-image-preview:large","max-video-preview":"max-video-preview:-1"},"canonical":"https:\/\/pws-export.com\/ar\/\u064a\u0635\u062f\u0651\u0631\/","og_locale":"ar_AR","og_type":"article","og_title":"Export - PWS","og_description":"PWS manages your wine exports, offering tailor-made selection, compliance, logistics and promotional support tailored to your markets.","og_url":"https:\/\/pws-export.com\/ar\/\u064a\u0635\u062f\u0651\u0631\/","og_site_name":"PWS","article_modified_time":"2024-09-26T07:18:54+00:00","twitter_card":"summary_large_image","twitter_misc":{"\u0648\u0642\u062a \u0627\u0644\u0642\u0631\u0627\u0621\u0629 \u0627\u0644\u0645\u064f\u0642\u062f\u0651\u0631":"\u062f\u0642\u064a\u0642\u0629 \u0648\u0627\u062d\u062f\u0629"},"schema":{"@context":"https:\/\/schema.org","@graph":[{"@type":"WebPage","@id":"https:\/\/pws-export.com\/export\/","url":"https:\/\/pws-export.com\/export\/","name":"Export - PWS","isPartOf":{"@id":"https:\/\/pws-export.com\/#website"},"datePublished":"2020-08-28T08:39:30+00:00","dateModified":"2024-09-26T07:18:54+00:00","description":"PWS manages your wine exports, offering tailor-made selection, compliance, logistics and promotional support tailored to your markets.","breadcrumb":{"@id":"https:\/\/pws-export.com\/export\/#breadcrumb"},"inLanguage":"ar","potentialAction":[{"@type":"ReadAction","target":["https:\/\/pws-export.com\/export\/"]}]},{"@type":"BreadcrumbList","@id":"https:\/\/pws-export.com\/export\/#breadcrumb","itemListElement":[{"@type":"ListItem","position":1,"name":"Home","item":"https:\/\/pws-export.com\/fr\/"},{"@type":"ListItem","position":2,"name":"Export"}]},{"@type":"WebSite","@id":"https:\/\/pws-export.com\/#website","url":"https:\/\/pws-export.com\/","name":"PWS","description":"Producers Wines Selection - Export","publisher":{"@id":"https:\/\/pws-export.com\/#organization"},"potentialAction":[{"@type":"SearchAction","target":{"@type":"EntryPoint","urlTemplate":"https:\/\/pws-export.com\/?s={search_term_string}"},"query-input":{"@type":"PropertyValueSpecification","valueRequired":true,"valueName":"search_term_string"}}],"inLanguage":"ar"},{"@type":"Organization","@id":"https:\/\/pws-export.com\/#organization","name":"PWS","url":"https:\/\/pws-export.com\/","logo":{"@type":"ImageObject","inLanguage":"ar","@id":"https:\/\/pws-export.com\/#\/schema\/logo\/image\/","url":"https:\/\/pws-export.com\/wp-content\/uploads\/2024\/06\/logo-PWS.jpeg","contentUrl":"https:\/\/pws-export.com\/wp-content\/uploads\/2024\/06\/logo-PWS.jpeg","width":1406,"height":876,"caption":"PWS"},"image":{"@id":"https:\/\/pws-export.com\/#\/schema\/logo\/image\/"},"sameAs":["https:\/\/www.instagram.com\/pwsfrenchwines\/","https:\/\/www.linkedin.com\/company\/pws-export-vins\/?viewAsMember=true"]}]}},"_links":{"self":[{"href":"https:\/\/pws-export.com\/ar\/wp-json\/wp\/v2\/pages\/42"}],"collection":[{"href":"https:\/\/pws-export.com\/ar\/wp-json\/wp\/v2\/pages"}],"about":[{"href":"https:\/\/pws-export.com\/ar\/wp-json\/wp\/v2\/types\/page"}],"author":[{"embeddable":true,"href":"https:\/\/pws-export.com\/ar\/wp-json\/wp\/v2\/users\/1"}],"replies":[{"embeddable":true,"href":"https:\/\/pws-export.com\/ar\/wp-json\/wp\/v2\/comments?post=42"}],"version-history":[{"count":10,"href":"https:\/\/pws-export.com\/ar\/wp-json\/wp\/v2\/pages\/42\/revisions"}],"predecessor-version":[{"id":832,"href":"https:\/\/pws-export.com\/ar\/wp-json\/wp\/v2\/pages\/42\/revisions\/832"}],"wp:attachment":[{"href":"https:\/\/pws-export.com\/ar\/wp-json\/wp\/v2\/media?parent=42"}],"curies":[{"name":"wp","href":"https:\/\/api.w.org\/{rel}","templated":true}]}}