{"id":693,"date":"2024-09-13T13:12:11","date_gmt":"2024-09-13T13:12:11","guid":{"rendered":"https:\/\/pws-export.com\/?page_id=693"},"modified":"2024-09-25T13:33:20","modified_gmt":"2024-09-25T13:33:20","slug":"our-wines","status":"publish","type":"page","link":"https:\/\/pws-export.com\/ar\/\u0627\u0644\u0646\u0628\u064a\u0630-\u0644\u062f\u064a\u0646\u0627\/","title":{"rendered":"\u0627\u0644\u0646\u0628\u064a\u0630 \u0644\u062f\u064a\u0646\u0627"},"content":{"rendered":"<p>[et_pbb_b_ section fb_built=\"1\u2033 _builder_version=\"4.25.0\u2033 _module_preset=\"\u0627\u0641\u062a\u0631\u0627\u0636\u064a\" min_height=\"1428px \" custom_padding=\"||||32px||||||\" global_colors_info=\"{} \"][et_pb_bb_row _builder_version=\"4.25.0\u2033 _module_preset=\"\u0627\u0641\u062a\u0631\u0627\u0636\u064a\" global_colors_info=\"{} \"][et_pbb_column type=\"4_4\u2033 _builder_version=\"4.25.0\u2033 _module_preset=\"\u0627\u0641\u062a\u0631\u0627\u0636\u064a\" global_colors_info=\"{} \"][et_pbb_heading title=\"OUR WINES\" _builder_preset=\"4.25.0\u2033 _module_preset=\"\u0627\u0641\u062a\u0631\u0627\u0636\u064a \" title_font=\"|700||||||| \" title_text_align=\"center \" global_colors_info=\"{} \"][\/et_pbb_heading][\/et_pbb_column][\/et_pbb_column][\/et_pbb_column][\/et_pb_bb_row][et_pb_row_title_structure=\"1_3,1_3,1_3\u2033 _builder_version=\"4.25.0\u2033 _module_preset_preset=\"\u0627\u0641\u062a\u0631\u0627\u0636\u064a\" global_colors_info=\"{} \"][et_ppb_column type=\"1_3\u2033 _builder_version=\"4.25.0\u2033 _module_preset_preset=\"\u0627\u0641\u062a\u0631\u0627\u0636\u064a\" global_colors_info=\"{} \"][et_pb_image src=\"https:\/\/pws-export.com\/wp-content\/uploads\/2024\/09\/Screenshot-2024-09-20-at-10.02.36.png \" alt=\"P\u00e9pite d'or \u0647\u0648 \u0646\u0628\u064a\u0630 \u0623\u062d\u0645\u0631 \u0645\u0646 AOC Corbi\u00e8res. \u0648\u0647\u0648 \u0645\u0635\u0646\u0648\u0639 \u0645\u0646 \u0633\u064a\u0631\u0627 \u0648\u0643\u0627\u0631\u0646\u064a\u0627\u0646 \u0648\u0645\u0648\u0631\u0641\u064a\u062f\u0631. \u0645\u062d\u062a\u0648\u0649 \u0627\u0644\u0643\u062d\u0648\u0644 14%. \u062e\u0645\u0631 2023. \" title_text=\"P\u00e9pite d'or \u0646\u0628\u064a\u0630 \u0623\u062d\u0645\u0631 \" _builder_version=\"4.25.0\u2033 _module_preset=\"\u0627\u0641\u062a\u0631\u0627\u0636\u064a\" min_height=\"816px\" global_colors_info=\"{} \"][\/et_pbb_image][et_pbb_text _builder_version=\"4.25.0\u2033 _module_preset=\"\u0627\u0641\u062a\u0631\u0627\u0636\u064a\" global_colors_info=\"{} \"]<\/p>\n<h1>\u0627\u0644\u0643\u062a\u0644\u0629 \u0627\u0644\u0630\u0647\u0628\u064a\u0629<\/h1>\n<p><span style=\"color: #ff6600;\">AOC \u0643\u0648\u0631\u0628\u064a\u064a\u0631<\/span><\/p>\n<p><span style=\"color: #000000;\">\u0633\u064a\u0631\u0627\u0647\u060c \u0643\u0627\u0631\u064a\u0646\u064a\u0627\u0646\u060c \u0645\u0648\u0631\u0641\u064a\u062f\u0631<\/span><\/p>\n<p><span style=\"color: #000000;\">2023<\/span><\/p>\n<p><span style=\"color: #000000;\">14%<\/span><\/p>\n<p>[et_pbb_column][\/et_pbb_column][et_pbb_column type=\"1_3\u2033 _builder_version=\"4.25.0\u2033 _module_preset=\"default\" global_colors_info=\"{} \"][et_pbb_image src=\"https:\/\/pws-export.com\/wp-content\/uploads\/2024\/09\/Screenshot-2024-09-20-at-10.11.38.png \" alt=\"Confidences de Vignerons \u0647\u0648 \u0646\u0628\u064a\u0630 \u0623\u062d\u0645\u0631 \u0645\u0646 IGP Pays d'Oc. \u0648\u0647\u0648 \u0645\u0635\u0646\u0648\u0639 \u0645\u0646 Syrah \u0648 Merlot \u0648 Cabernet Sauvignon. \u0645\u062d\u062a\u0648\u0649 \u0627\u0644\u0643\u062d\u0648\u0644 16%. \u0627\u0644\u0646\u0628\u064a\u0630 \u0627\u0644\u0645\u0639\u062a\u0642 \u0647\u0648 2022.\" title_text=\"Confidences de Vignerons Red Wine \" _builder_version=\"4.25.0\u2033 _module_preset=\"\u0627\u0641\u062a\u0631\u0627\u0636\u064a \" min_height=\"851px \" custom_margin=\"||70px||||||| \" global_colors_info=\"{} \"][\/et_pbb_image][et_pbb_text _builder_version=\"4.25.0\u2033 _module_preset=\"\u0627\u0641\u062a\u0631\u0627\u0636\u064a \" global_colors_info=\"{} \"]<\/p>\n<h1><span style=\"color: #000000;\">\u062b\u0642\u0629 \u0645\u0632\u0627\u0631\u0639\u064a \u0627\u0644\u0646\u0628\u064a\u0630<\/span><\/h1>\n<p><span style=\"color: #800000;\">\u0628\u0644\u062f\u0627\u0646 PGI \u0641\u064a OC<\/span><\/p>\n<p><span style=\"color: #000000;\">\u0633\u064a\u0631\u0627\u0647\u060c \u0645\u064a\u0631\u0644\u0648\u062a\u060c \u0643\u0627\u0628\u064a\u0631\u0646\u064a\u062a \u0633\u0627\u0648\u0641\u064a\u062c\u0646\u0648\u0646<\/span><\/p>\n<p><span style=\"color: #000000;\">2022<\/span><\/p>\n<p><span style=\"color: #000000;\">16%<\/span><\/p>\n<p>[et_pbb_column][\/et_pbb_column][et_pbb_column type=\"1_3\u2033 _builder_version=\"4.25.0\u2033 _module_preset=\"default\" global_colors_info=\"{} \"][et_pbb_image src=\"https:\/\/pws-export.com\/wp-content\/uploads\/2024\/09\/Screenshot-2024-09-20-at-10.14.02.png \" alt= \"Ch\u00e2teau Belle Assise Coureau \u0647\u0648 \u0646\u0628\u064a\u0630 \u0623\u062d\u0645\u0631 \u0645\u0646 \u0633\u0627\u0646 \u0625\u0645\u064a\u0644\u064a\u0648\u0646 \u062c\u0631\u0627\u0646\u062f \u0643\u0631\u0648. \u0648\u0647\u0648 \u0645\u0635\u0646\u0648\u0639 \u0645\u0646 \u0645\u064a\u0631\u0644\u0648\u062a \u0648\u0643\u0627\u0628\u064a\u0631\u0646\u064a\u062a \u0641\u0631\u0627\u0646\u0643. \u0645\u062d\u062a\u0648\u0649 \u0627\u0644\u0643\u062d\u0648\u0644 14,5%. \u062e\u0645\u0631 \u0641\u064a \u0639\u0627\u0645 2019.\" title_text=\"Ch\u00e2teau Belle Assise Coureau \u0646\u0628\u064a\u0630 \u0623\u062d\u0645\u0631 \" _builder_version=\"4.25.0\u2033 _module_preset=\"\u0627\u0641\u062a\u0631\u0627\u0636\u064a\" min_height=\"816px \" custom_margin=\"|2px||||||| \" global_colors_info=\"{} \"][\/et_pbb_image][et_pbb_text _builder_version=\"4.25.0\u2033 _module_preset=\"\u0627\u0641\u062a\u0631\u0627\u0636\u064a\" global_colors_info=\"{} \"]<\/p>\n<h1>\u0634\u0627\u062a\u0648 \u0628\u064a\u0644 \u0623\u0633\u064a\u0633 \u0643\u0648\u0631\u0648<\/h1>\n<p><span style=\"color: #ff0000;\">\u0633\u0627\u0646\u062a \u0625\u064a\u0645\u064a\u0644\u064a\u0648 \u062c\u0631\u0627\u0646\u062f \u0643\u0631\u0648<\/span><\/p>\n<p><span style=\"color: #000000;\">\u0645\u064a\u0631\u0644\u0648\u062a\u060c \u0643\u0627\u0628\u064a\u0631\u0646\u064a\u062a \u0641\u0631\u0627\u0646\u0643<\/span><\/p>\n<p><span style=\"color: #000000;\">2019<\/span><\/p>\n<p><span style=\"color: #000000;\">14,5%<\/span><\/p>\n<p>[et_pbb_text][\/et_pbb_column][\/et_pb_column][\/et_pb_column][et_pb_bb_secrow _builder_pilder_presion=\"4.25.0\u2033 _module_preset=\"default \" global_colors_info=\"{} \"][et_pb_column type=\"4_4\u2033 _builder_version=\"4.25.0\u2033 _module_preset=\"\u0627\u0641\u062a\u0631\u0627\u0636\u064a\" global_colors_info=\"{} \"][et_pb_bb_button button_putton_preset=\"\u0627\u0646\u0642\u0631 \u0647\u0646\u0627 \u0644\u0627\u0643\u062a\u0634\u0627\u0641 \u0627\u0644\u0645\u0632\u064a\u062f \u0645\u0646 \u0627\u0644\u0646\u0628\u064a\u0630 \" button_alignment=\"center\" module_class=\"open-popup\" _builder_version=\"4.25.0\u2033 _module_preset=\"\u0627\u0641\u062a\u0631\u0627\u0636\u064a \" global_colors_info=\"{} \"][\/et_pbb_button][\/et_pbb_b_column][\/et_pb_b_\u0635\u0641][\/et_pb_bb_\u0642\u0633\u0645]<\/p>","protected":false},"excerpt":{"rendered":"<p>P\u00e9pite d'Or AOC CORBI\u00c8RES P\u00e9pite d'Or AOC CORBI\u00c8RES Syrah, Carignan, Mourv\u00e8dre 2023 14%Confidences de Vignerons IGP PAYS D'OC Syrah, Merlot, Cabernet Sauvignon 2022 16%Ch\u00e2teau Belle Assise Coureau Saint-Emilion Grand Cru Merlot, Cabernet Franc 2019 14.5%<\/p>","protected":false},"author":1,"featured_media":0,"parent":0,"menu_order":0,"comment_status":"closed","ping_status":"closed","template":"","meta":{"_seopress_robots_primary_cat":"","_seopress_titles_title":"Our Wines - PWS","_seopress_titles_desc":"Here you can find our three best sellers wines. Provide your e-mail to have access to the rest of the catalog.","_seopress_robots_index":"","_et_pb_use_builder":"on","_et_pb_old_content":"","_et_gb_content_width":"","footnotes":""},"yoast_head":"<!-- This site is optimized with the Yoast SEO plugin v23.5 - https:\/\/yoast.com\/wordpress\/plugins\/seo\/ -->\n<title>Nos Vins - PWS<\/title>\n<meta name=\"description\" content=\"Here you can find our three best sellers wines. Provide your e-mail to have access to the rest of the catalog.\" \/>\n<meta name=\"robots\" content=\"index, follow, max-snippet:-1, max-image-preview:large, max-video-preview:-1\" \/>\n<link rel=\"canonical\" href=\"https:\/\/pws-export.com\/ar\/\u0627\u0644\u0646\u0628\u064a\u0630-\u0644\u062f\u064a\u0646\u0627\/\" \/>\n<meta property=\"og:locale\" content=\"ar_AR\" \/>\n<meta property=\"og:type\" content=\"article\" \/>\n<meta property=\"og:title\" content=\"Nos Vins - PWS\" \/>\n<meta property=\"og:description\" content=\"Here you can find our three best sellers wines. Provide your e-mail to have access to the rest of the catalog.\" \/>\n<meta property=\"og:url\" content=\"https:\/\/pws-export.com\/ar\/\u0627\u0644\u0646\u0628\u064a\u0630-\u0644\u062f\u064a\u0646\u0627\/\" \/>\n<meta property=\"og:site_name\" content=\"PWS\" \/>\n<meta property=\"article:modified_time\" content=\"2024-09-25T13:33:20+00:00\" \/>\n<meta name=\"twitter:card\" content=\"summary_large_image\" \/>\n<meta name=\"twitter:label1\" content=\"\u0648\u0642\u062a \u0627\u0644\u0642\u0631\u0627\u0621\u0629 \u0627\u0644\u0645\u064f\u0642\u062f\u0651\u0631\" \/>\n\t<meta name=\"twitter:data1\" content=\"\u062f\u0642\u064a\u0642\u0629 \u0648\u0627\u062d\u062f\u0629\" \/>\n<script type=\"application\/ld+json\" class=\"yoast-schema-graph\">{\"@context\":\"https:\/\/schema.org\",\"@graph\":[{\"@type\":\"WebPage\",\"@id\":\"https:\/\/pws-export.com\/our-wines\/\",\"url\":\"https:\/\/pws-export.com\/our-wines\/\",\"name\":\"Nos Vins - PWS\",\"isPartOf\":{\"@id\":\"https:\/\/pws-export.com\/#website\"},\"datePublished\":\"2024-09-13T13:12:11+00:00\",\"dateModified\":\"2024-09-25T13:33:20+00:00\",\"description\":\"Here you can find our three best sellers wines. Provide your e-mail to have access to the rest of the catalog.\",\"breadcrumb\":{\"@id\":\"https:\/\/pws-export.com\/our-wines\/#breadcrumb\"},\"inLanguage\":\"ar\",\"potentialAction\":[{\"@type\":\"ReadAction\",\"target\":[\"https:\/\/pws-export.com\/our-wines\/\"]}]},{\"@type\":\"BreadcrumbList\",\"@id\":\"https:\/\/pws-export.com\/our-wines\/#breadcrumb\",\"itemListElement\":[{\"@type\":\"ListItem\",\"position\":1,\"name\":\"Home\",\"item\":\"https:\/\/pws-export.com\/fr\/\"},{\"@type\":\"ListItem\",\"position\":2,\"name\":\"Nos Vins\"}]},{\"@type\":\"WebSite\",\"@id\":\"https:\/\/pws-export.com\/#website\",\"url\":\"https:\/\/pws-export.com\/\",\"name\":\"PWS\",\"description\":\"Producers Wines Selection - Export\",\"publisher\":{\"@id\":\"https:\/\/pws-export.com\/#organization\"},\"potentialAction\":[{\"@type\":\"SearchAction\",\"target\":{\"@type\":\"EntryPoint\",\"urlTemplate\":\"https:\/\/pws-export.com\/?s={search_term_string}\"},\"query-input\":{\"@type\":\"PropertyValueSpecification\",\"valueRequired\":true,\"valueName\":\"search_term_string\"}}],\"inLanguage\":\"ar\"},{\"@type\":\"Organization\",\"@id\":\"https:\/\/pws-export.com\/#organization\",\"name\":\"PWS\",\"url\":\"https:\/\/pws-export.com\/\",\"logo\":{\"@type\":\"ImageObject\",\"inLanguage\":\"ar\",\"@id\":\"https:\/\/pws-export.com\/#\/schema\/logo\/image\/\",\"url\":\"https:\/\/pws-export.com\/wp-content\/uploads\/2024\/06\/logo-PWS.jpeg\",\"contentUrl\":\"https:\/\/pws-export.com\/wp-content\/uploads\/2024\/06\/logo-PWS.jpeg\",\"width\":1406,\"height\":876,\"caption\":\"PWS\"},\"image\":{\"@id\":\"https:\/\/pws-export.com\/#\/schema\/logo\/image\/\"},\"sameAs\":[\"https:\/\/www.instagram.com\/pwsfrenchwines\/\",\"https:\/\/www.linkedin.com\/company\/pws-export-vins\/?viewAsMember=true\"]}]}<\/script>\n<!-- \/ Yoast SEO plugin. -->","yoast_head_json":{"title":"Nos Vins - PWS","description":"Here you can find our three best sellers wines. Provide your e-mail to have access to the rest of the catalog.","robots":{"index":"index","follow":"follow","max-snippet":"max-snippet:-1","max-image-preview":"max-image-preview:large","max-video-preview":"max-video-preview:-1"},"canonical":"https:\/\/pws-export.com\/ar\/\u0627\u0644\u0646\u0628\u064a\u0630-\u0644\u062f\u064a\u0646\u0627\/","og_locale":"ar_AR","og_type":"article","og_title":"Nos Vins - PWS","og_description":"Here you can find our three best sellers wines. Provide your e-mail to have access to the rest of the catalog.","og_url":"https:\/\/pws-export.com\/ar\/\u0627\u0644\u0646\u0628\u064a\u0630-\u0644\u062f\u064a\u0646\u0627\/","og_site_name":"PWS","article_modified_time":"2024-09-25T13:33:20+00:00","twitter_card":"summary_large_image","twitter_misc":{"\u0648\u0642\u062a \u0627\u0644\u0642\u0631\u0627\u0621\u0629 \u0627\u0644\u0645\u064f\u0642\u062f\u0651\u0631":"\u062f\u0642\u064a\u0642\u0629 \u0648\u0627\u062d\u062f\u0629"},"schema":{"@context":"https:\/\/schema.org","@graph":[{"@type":"WebPage","@id":"https:\/\/pws-export.com\/our-wines\/","url":"https:\/\/pws-export.com\/our-wines\/","name":"Nos Vins - PWS","isPartOf":{"@id":"https:\/\/pws-export.com\/#website"},"datePublished":"2024-09-13T13:12:11+00:00","dateModified":"2024-09-25T13:33:20+00:00","description":"Here you can find our three best sellers wines. Provide your e-mail to have access to the rest of the catalog.","breadcrumb":{"@id":"https:\/\/pws-export.com\/our-wines\/#breadcrumb"},"inLanguage":"ar","potentialAction":[{"@type":"ReadAction","target":["https:\/\/pws-export.com\/our-wines\/"]}]},{"@type":"BreadcrumbList","@id":"https:\/\/pws-export.com\/our-wines\/#breadcrumb","itemListElement":[{"@type":"ListItem","position":1,"name":"Home","item":"https:\/\/pws-export.com\/fr\/"},{"@type":"ListItem","position":2,"name":"Nos Vins"}]},{"@type":"WebSite","@id":"https:\/\/pws-export.com\/#website","url":"https:\/\/pws-export.com\/","name":"PWS","description":"Producers Wines Selection - Export","publisher":{"@id":"https:\/\/pws-export.com\/#organization"},"potentialAction":[{"@type":"SearchAction","target":{"@type":"EntryPoint","urlTemplate":"https:\/\/pws-export.com\/?s={search_term_string}"},"query-input":{"@type":"PropertyValueSpecification","valueRequired":true,"valueName":"search_term_string"}}],"inLanguage":"ar"},{"@type":"Organization","@id":"https:\/\/pws-export.com\/#organization","name":"PWS","url":"https:\/\/pws-export.com\/","logo":{"@type":"ImageObject","inLanguage":"ar","@id":"https:\/\/pws-export.com\/#\/schema\/logo\/image\/","url":"https:\/\/pws-export.com\/wp-content\/uploads\/2024\/06\/logo-PWS.jpeg","contentUrl":"https:\/\/pws-export.com\/wp-content\/uploads\/2024\/06\/logo-PWS.jpeg","width":1406,"height":876,"caption":"PWS"},"image":{"@id":"https:\/\/pws-export.com\/#\/schema\/logo\/image\/"},"sameAs":["https:\/\/www.instagram.com\/pwsfrenchwines\/","https:\/\/www.linkedin.com\/company\/pws-export-vins\/?viewAsMember=true"]}]}},"_links":{"self":[{"href":"https:\/\/pws-export.com\/ar\/wp-json\/wp\/v2\/pages\/693"}],"collection":[{"href":"https:\/\/pws-export.com\/ar\/wp-json\/wp\/v2\/pages"}],"about":[{"href":"https:\/\/pws-export.com\/ar\/wp-json\/wp\/v2\/types\/page"}],"author":[{"embeddable":true,"href":"https:\/\/pws-export.com\/ar\/wp-json\/wp\/v2\/users\/1"}],"replies":[{"embeddable":true,"href":"https:\/\/pws-export.com\/ar\/wp-json\/wp\/v2\/comments?post=693"}],"version-history":[{"count":14,"href":"https:\/\/pws-export.com\/ar\/wp-json\/wp\/v2\/pages\/693\/revisions"}],"predecessor-version":[{"id":807,"href":"https:\/\/pws-export.com\/ar\/wp-json\/wp\/v2\/pages\/693\/revisions\/807"}],"wp:attachment":[{"href":"https:\/\/pws-export.com\/ar\/wp-json\/wp\/v2\/media?parent=693"}],"curies":[{"name":"wp","href":"https:\/\/api.w.org\/{rel}","templated":true}]}}