{"id":12,"date":"2020-08-28T08:31:26","date_gmt":"2020-08-28T08:31:26","guid":{"rendered":"https:\/\/pws-export.com\/?page_id=12"},"modified":"2024-09-26T06:24:12","modified_gmt":"2024-09-26T06:24:12","slug":"about","status":"publish","type":"page","link":"https:\/\/pws-export.com\/de\/about\/","title":{"rendered":"\u00dcber"},"content":{"rendered":"[et_pb_section fb_built=\u00a0\u00bb1\u2033 module_id=\u00a0\u00bbhistoire\u00a0\u00bb module_class=\u00a0\u00bbhistoire\u00a0\u00bb _builder_version=\u00a0\u00bb4.6.1\u2033 _module_preset=\u00a0\u00bbdefault\u00a0\u00bb global_colors_info=\u00a0\u00bb{}\u00a0\u00bb][et_pb_row column_structure=\u00a0\u00bb1_2,1_2\u2033 _builder_version=\u00a0\u00bb4.6.1\u2033 _module_preset=\u00a0\u00bbdefault\u00a0\u00bb global_colors_info=\u00a0\u00bb{}\u00a0\u00bb][et_pb_column type=\u00a0\u00bb1_2\u2033 _builder_version=\u00a0\u00bb4.6.0\u2033 _module_preset=\u00a0\u00bbdefault\u00a0\u00bb global_colors_info=\u00a0\u00bb{}\u00a0\u00bb][et_pb_text _builder_version=\u00a0\u00bb4.14.2\u2033 _module_preset=\u00a0\u00bbb88466f2-ad11-41c7-940a-9585eb31fd5a\u00a0\u00bb header_line_height=\u00a0\u00bb2em\u00a0\u00bb global_colors_info=\u00a0\u00bb{}\u00a0\u00bb]<h1>Geschichte<\/h1>\n<p>[BORDEAUX-WURZELN]<\/p>\n<p><strong>Domaine du Tireberey<\/strong><\/p>\n<p><span>Der Weinberg Domaine du Tireberey, im Besitz von Christian Pujol, liegt auf einer Anh\u00f6he in der N\u00e4he der Gemeinde Arbis, im Herzen des Appellationsgebiets Bordeaux-Haut-B\u00e9nauge, das zu den qualitativ hochwertigsten der Region geh\u00f6rt.<\/span><\/p>\n<p><span>Der Familienbesitz stammt aus den 1900er Jahren. Christian erwarb ihn in den 1960er Jahren von seiner eigenen Mutter, damals mit nur wenigen Parzellen inmitten eines dichten Waldes. Nach jahrelanger harter Arbeit lie\u00df Christian 6 Hektar mit reichen und kr\u00e4ftigen Weinst\u00f6cken entstehen, die heute noch bewirtschaftet werden. <\/span><\/p>\n<p><span>Seine Mission stand immer in der Kontinuit\u00e4t dieses einzigartigen Terroirs: au\u00dfergew\u00f6hnliche Weine zu produzieren und sie mit m\u00f6glichst vielen Menschen zu teilen.<\/span><\/p>\n<p>&nbsp;<\/p>\n<p><strong>Schloss Merlin Frontenac<\/strong><\/p>\n<p><span>Das Ch\u00e2teau Merlin Frontenac, das Yannick GARRAS und seiner Frau Christianne Pujol geh\u00f6rt, befindet sich in der Gemeinde Frontenac im Bordelaiser Entre-deux-mers.<\/span><\/p>\n<p><span>Familienweingut seit \u00fcber einem Jahrhundert im Besitz des Urgro\u00dfvaters von Yannick GARRAS in den 1900er Jahren, anfangs war es eine Mischkultur mit Getreideanbau, Weinbergen und Viehzucht. <\/span><\/p>\n<p><span>1974 \u00fcbernahm Yannick die Leitung des Betriebs, obwohl er erst 20 Jahre alt war. Trotz seiner Jugend hat er sein Diplom in Weinbau und \u00d6nologie am La Tour Blanche in Bordeaux gemacht. Im Laufe der Jahre hat er seine Technik sowohl in den 18 ha Weinbergen als auch im Weinkeller verbessert, so dass er heute einen au\u00dfergew\u00f6hnlichen Wein herstellen kann.<\/span><\/p>\n<p><span>Das Schloss ist in der Tat in der Region f\u00fcr seine Qualit\u00e4t bekannt - das Terroir liegt zwischen zwei Wasserl\u00e4ufen (Engranne und Gourmeron), auf einem H\u00fcgel, der zwischen ton- und kalkhaltigen H\u00e4ngen mit Boulb\u00e8ne auf den H\u00f6hen geteilt ist, was zu einem geschmeidigen und aromatischen Wein f\u00fchrt, in den Werten des Teilens.<\/span><\/p>\n<p><strong>PWS EXPORT-WEIN<\/strong><\/p>\n<p><span>Als Enkel von Christian und Neffe von Christianne und Yannick hat Pierre Olivier RIVES seine Wurzeln in der Welt des Weinbaus. Er ist Absolvent des Master Sp\u00e9cialis\u00e9 Vins &amp; Spiritueux Facult\u00e9 d'Oenologie de Bordeaux (KEDGE-Programm) und des WSET3, ein leidenschaftlicher Weinliebhaber und Reisender. <\/span><\/p>\n<p><span>2018 wird in Bordeaux das Unternehmen PWS (Producers - Wines - Selection) gegr\u00fcndet. Als franz\u00f6sische Handelsstruktur, die sich auf den Weinexport spezialisiert hat, ist es ihre Berufung, die Weine und die Kultur der franz\u00f6sischen Terroirs zu teilen und \"Die Stimme der Winzer auf internationaler Ebene\" zu werden, unabh\u00e4ngig davon, ob sie in Genossenschaftskellern oder unabh\u00e4ngig, biologisch oder konventionell arbeiten. Als die Nachfrage nach anderen Weinen stieg, konnte PWS sein Produktportfolio erweitern und vertritt heute \u00fcber 100 Winzer in ganz Frankreich. <\/span><\/p>\n<p>Im Jahr 2020 wird ein erstes B\u00fcro von repr<span>\u00e9<\/span>sentation ist offen <span>\u00e0<\/span> l'<span>\u00e9<\/span>Die Schule war fr\u00fcher im Ausland ( Shanghai, China), heute befindet sie sich im Ausland.<span>Das B\u00fcro befindet sich im Herzen von Shanghai und soll durch die Einstellung eines Marketing- und Verkaufsteams weiter wachsen.<\/span><span><\/span><\/p>\n<p><span>Im Jahr 2022 setzt PWS seine Entwicklung auf der Suche nach Partnern in neuen M\u00e4rkten fort.<\/span><\/p>[\/et_pb_text][\/et_pb_column][et_pb_column type=\u00a0\u00bb1_2\u2033 _builder_version=\u00a0\u00bb4.6.1\u2033 _module_preset=\u00a0\u00bbdefault\u00a0\u00bb sticky_position=\u00a0\u00bbtop\u00a0\u00bb sticky_limit_bottom=\u00a0\u00bbsection\u00a0\u00bb sticky_position_tablet=\u00a0\u00bbnone\u00a0\u00bb sticky_position_phone=\u00a0\u00bbnone\u00a0\u00bb sticky_position_last_edited=\u00a0\u00bbon|phone\u00a0\u00bb global_colors_info=\u00a0\u00bb{}\u00a0\u00bb][et_pb_image src=\u00a0\u00bbhttps:\/\/pws-export.com\/wp-content\/uploads\/2020\/09\/PO-scaled.jpg\u00a0\u00bb title_text=\u00a0\u00bbPO\u00a0\u00bb _builder_version=\u00a0\u00bb4.6.0\u2033 _module_preset=\u00a0\u00bbdefault\u00a0\u00bb custom_padding=\u00a0\u00bb10%||||false|false\u00a0\u00bb sticky_limit_bottom=\u00a0\u00bbsection\u00a0\u00bb global_colors_info=\u00a0\u00bb{}\u00a0\u00bb][\/et_pb_image][\/et_pb_column][\/et_pb_row][\/et_pb_section][et_pb_section fb_built=\u00a0\u00bb1\u2033 module_id=\u00a0\u00bbvaleurs\u00a0\u00bb module_class=\u00a0\u00bbvaleurs\u00a0\u00bb _builder_version=\u00a0\u00bb4.6.1\u2033 _module_preset=\u00a0\u00bbdefault\u00a0\u00bb custom_padding=\u00a0\u00bb5vw||||false|false\u00a0\u00bb global_colors_info=\u00a0\u00bb{}\u00a0\u00bb][et_pb_row column_structure=\u00a0\u00bb1_2,1_2\u2033 _builder_version=\u00a0\u00bb4.6.1\u2033 _module_preset=\u00a0\u00bbdefault\u00a0\u00bb global_colors_info=\u00a0\u00bb{}\u00a0\u00bb][et_pb_column type=\u00a0\u00bb1_2\u2033 _builder_version=\u00a0\u00bb4.6.1\u2033 _module_preset=\u00a0\u00bbdefault\u00a0\u00bb sticky_position=\u00a0\u00bbtop\u00a0\u00bb sticky_limit_bottom=\u00a0\u00bbsection\u00a0\u00bb sticky_position_tablet=\u00a0\u00bbnone\u00a0\u00bb sticky_position_phone=\u00a0\u00bbnone\u00a0\u00bb sticky_position_last_edited=\u00a0\u00bbon|tablet\u00a0\u00bb global_colors_info=\u00a0\u00bb{}\u00a0\u00bb][et_pb_image src=\u00a0\u00bbhttps:\/\/pws-export.com\/wp-content\/uploads\/2020\/09\/maja-petric-vGQ49l9I4EE-unsplash-scaled.jpg\u00a0\u00bb title_text=\u00a0\u00bbmaja-petric-vGQ49l9I4EE-unsplash\u00a0\u00bb _builder_version=\u00a0\u00bb4.6.0\u2033 _module_preset=\u00a0\u00bbdefault\u00a0\u00bb custom_padding=\u00a0\u00bb10%||||false|false\u00a0\u00bb global_colors_info=\u00a0\u00bb{}\u00a0\u00bb][\/et_pb_image][\/et_pb_column][et_pb_column type=\u00a0\u00bb1_2\u2033 _builder_version=\u00a0\u00bb4.6.0\u2033 _module_preset=\u00a0\u00bbdefault\u00a0\u00bb global_colors_info=\u00a0\u00bb{}\u00a0\u00bb][et_pb_text _builder_version=\u00a0\u00bb4.6.5\u2033 _module_preset=\u00a0\u00bbb88466f2-ad11-41c7-940a-9585eb31fd5a\u00a0\u00bb header_line_height=\u00a0\u00bb2em\u00a0\u00bb header_2_font_size=\u00a0\u00bb22px\u00a0\u00bb global_colors_info=\u00a0\u00bb{}\u00a0\u00bb]<h1>Werte<\/h1>\n<p>Wir begleiten die F\u00f6rderung franz\u00f6sischer Winzer und Terroirs im Export.<\/p>\n<h2>Unsere Anforderungen liegen in der Reaktionsf\u00e4higkeit, dem Service und der Qualit\u00e4t.<\/h2>\n<p>Im Zeitalter des \u00fcberm\u00e4\u00dfigen Konsums hat es sich PWS zur Aufgabe gemacht, Ihnen ein qualitativ hochwertiges Produktportfolio anzubieten. Wir sind der Ansicht, dass Wein weit mehr als ein alkoholisches Getr\u00e4nk ist. Es handelt sich um eine Lebensart, eine Art zu konsumieren, die jeder Kultur eigen ist. Daher sind wir bestrebt, Weine mit Qualit\u00e4t und Mehrwert zu finden und gleichzeitig Ihre Bed\u00fcrfnisse zu respektieren und zu erf\u00fcllen.<\/p>\n<h2>Wir teilen mehr als nur Wein: die Werte des Teilens, der Marktbeobachtung und der Zuverl\u00e4ssigkeit.<\/h2>\n<p>Wein steht au\u00dferdem f\u00fcr das Teilen und die Freude am Zusammensein mit anderen, sei es w\u00e4hrend der Erntezeit oder bei der Verkostung. Bei PWS teilen wir diesen herzlichen Wert der Arbeit, w\u00e4hrend wir unser Sortiment nach Bedarf ausrichten: eine Auswahl, die zuverl\u00e4ssig und umfassend sein soll.<\/p>\n<h2>Wir arbeiten pr\u00e4zise und stellen Ihnen ein umfassendes Fachwissen im Bereich des Gro\u00dfexports zur Verf\u00fcgung.<\/h2>\n<p>Der Export erfordert eine genaue Kenntnis der franz\u00f6sischen und ausl\u00e4ndischen Normen, der Produktionsbedingungen und der Logistik. Wir begleiten Sie seri\u00f6s und behalten dabei ein Maximum an Flexibilit\u00e4t (Wahl der Verpackung, Gruppierung der Produkte, Zahlungsbedingungen, Produktportfolio und Weinprofile).<\/p>[\/et_pb_text][\/et_pb_column][\/et_pb_row][\/et_pb_section][et_pb_section fb_built=\u00a0\u00bb1\u2033 module_id=\u00a0\u00bbpositionnement\u00a0\u00bb module_class=\u00a0\u00bbpositionnement\u00a0\u00bb _builder_version=\u00a0\u00bb4.6.1\u2033 _module_preset=\u00a0\u00bbdefault\u00a0\u00bb custom_padding=\u00a0\u00bb5vw||||false|false\u00a0\u00bb global_colors_info=\u00a0\u00bb{}\u00a0\u00bb][et_pb_row column_structure=\u00a0\u00bb1_2,1_2\u2033 _builder_version=\u00a0\u00bb4.6.0\u2033 _module_preset=\u00a0\u00bbdefault\u00a0\u00bb global_colors_info=\u00a0\u00bb{}\u00a0\u00bb][et_pb_column type=\u00a0\u00bb1_2\u2033 _builder_version=\u00a0\u00bb4.6.0\u2033 _module_preset=\u00a0\u00bbdefault\u00a0\u00bb global_colors_info=\u00a0\u00bb{}\u00a0\u00bb][et_pb_text _builder_version=\u00a0\u00bb4.6.0\u2033 _module_preset=\u00a0\u00bbb88466f2-ad11-41c7-940a-9585eb31fd5a\u00a0\u00bb header_line_height=\u00a0\u00bb2em\u00a0\u00bb global_colors_info=\u00a0\u00bb{}\u00a0\u00bb]<h1>Positionierung<\/h1>\n<p>In einem stark umk\u00e4mpften Sektor hat PWS die Aufgabe, franz\u00f6sischen Wein international zu vermarkten und zu f\u00f6rdern: die Stimme der franz\u00f6sischen Winzer auf internationaler Ebene.<\/p>\n<p>Der Gr\u00fcnder von PWS stammt aus einer Winzerfamilie und steht den Weing\u00fctern seiner Familie nat\u00fcrlich nahe. PWS w\u00e4hlt seine Partner sorgf\u00e4ltig aus, um die Qualit\u00e4t der Produkte zu gew\u00e4hrleisten.<\/p>\n<p>Wir sch\u00e4tzen qualitativ hochwertiges Terroir und haben es uns zur Aufgabe gemacht, lokale Produzenten auf der ganzen Welt zu f\u00f6rdern. PWS stellt mehr als 10 Jahre Erfahrung in der Weinbranche zur Verf\u00fcgung, um einen einzigartigen und ma\u00dfgeschneiderten Service anzubieten, indem wir Flexibilit\u00e4t bieten, insbesondere durch die M\u00f6glichkeit der Personalisierung von Marken oder auch Tailor-Made-Projekte.<\/p>[\/et_pb_text][\/et_pb_column][et_pb_column type=\u00a0\u00bb1_2\u2033 _builder_version=\u00a0\u00bb4.6.0\u2033 _module_preset=\u00a0\u00bbdefault\u00a0\u00bb global_colors_info=\u00a0\u00bb{}\u00a0\u00bb][et_pb_image src=\u00a0\u00bbhttps:\/\/pws-export.com\/wp-content\/uploads\/2020\/09\/Positionnement.jpg\u00a0\u00bb title_text=\u00a0\u00bbPositionnement\u00a0\u00bb _builder_version=\u00a0\u00bb4.6.0\u2033 _module_preset=\u00a0\u00bbdefault\u00a0\u00bb custom_padding=\u00a0\u00bb10%||||false|false\u00a0\u00bb global_colors_info=\u00a0\u00bb{}\u00a0\u00bb][\/et_pb_image][\/et_pb_column][\/et_pb_row][\/et_pb_section]","protected":false},"excerpt":{"rendered":"<p>Geschichte [DES RACINES BORDELAISES] Domaine du Tireberey Die Domaine du Tireberey, im Besitz von Christian Pujol, ist ein Weinberg, der auf einer Anh\u00f6he in der N\u00e4he der Gemeinde Arbis liegt, im Herzen der Appellationszone Bordeaux-Haut-B\u00e9nauge, einer der qualitativ hochwertigsten der Region. Der Familienbesitz stammt aus den 1900er Jahren, als Christian ihn von seiner eigenen Mutter in... <a class=\"continue\" href=\"https:\/\/pws-export.com\/de\/about\/\">Continue Reading<span> \u00dcber<\/span><\/a><\/p>","protected":false},"author":1,"featured_media":0,"parent":0,"menu_order":0,"comment_status":"closed","ping_status":"closed","template":"","meta":{"_seopress_robots_primary_cat":"","_seopress_titles_title":"About - PWS French Wines","_seopress_titles_desc":"Discover PWS, a French trading structure specialized in wine export, which aims to share wines from the French terroirs.","_seopress_robots_index":"","_et_pb_use_builder":"on","_et_pb_old_content":"<!-- wp:divi\/placeholder \/-->","_et_gb_content_width":"","footnotes":""},"yoast_head":"<!-- This site is optimized with the Yoast SEO plugin v23.5 - https:\/\/yoast.com\/wordpress\/plugins\/seo\/ -->\n<title>A propos - PWS<\/title>\n<meta name=\"description\" content=\"Discover PWS, a French trading structure specialized in wine export, which aims to share wines from the French terroirs.\" \/>\n<meta name=\"robots\" content=\"index, follow, max-snippet:-1, max-image-preview:large, max-video-preview:-1\" \/>\n<link rel=\"canonical\" href=\"https:\/\/pws-export.com\/de\/about\/\" \/>\n<meta property=\"og:locale\" content=\"de_DE\" \/>\n<meta property=\"og:type\" content=\"article\" \/>\n<meta property=\"og:title\" content=\"A propos - PWS\" \/>\n<meta property=\"og:description\" content=\"Discover PWS, a French trading structure specialized in wine export, which aims to share wines from the French terroirs.\" \/>\n<meta property=\"og:url\" content=\"https:\/\/pws-export.com\/de\/about\/\" \/>\n<meta property=\"og:site_name\" content=\"PWS\" \/>\n<meta property=\"article:modified_time\" content=\"2024-09-26T06:24:12+00:00\" \/>\n<meta name=\"twitter:card\" content=\"summary_large_image\" \/>\n<meta name=\"twitter:label1\" content=\"Gesch\u00e4tzte Lesezeit\" \/>\n\t<meta name=\"twitter:data1\" content=\"5\u00a0Minuten\" \/>\n<script type=\"application\/ld+json\" class=\"yoast-schema-graph\">{\"@context\":\"https:\/\/schema.org\",\"@graph\":[{\"@type\":\"WebPage\",\"@id\":\"https:\/\/pws-export.com\/about\/\",\"url\":\"https:\/\/pws-export.com\/about\/\",\"name\":\"A propos - PWS\",\"isPartOf\":{\"@id\":\"https:\/\/pws-export.com\/#website\"},\"datePublished\":\"2020-08-28T08:31:26+00:00\",\"dateModified\":\"2024-09-26T06:24:12+00:00\",\"description\":\"Discover PWS, a French trading structure specialized in wine export, which aims to share wines from the French terroirs.\",\"breadcrumb\":{\"@id\":\"https:\/\/pws-export.com\/about\/#breadcrumb\"},\"inLanguage\":\"de\",\"potentialAction\":[{\"@type\":\"ReadAction\",\"target\":[\"https:\/\/pws-export.com\/about\/\"]}]},{\"@type\":\"BreadcrumbList\",\"@id\":\"https:\/\/pws-export.com\/about\/#breadcrumb\",\"itemListElement\":[{\"@type\":\"ListItem\",\"position\":1,\"name\":\"Home\",\"item\":\"https:\/\/pws-export.com\/fr\/\"},{\"@type\":\"ListItem\",\"position\":2,\"name\":\"A propos\"}]},{\"@type\":\"WebSite\",\"@id\":\"https:\/\/pws-export.com\/#website\",\"url\":\"https:\/\/pws-export.com\/\",\"name\":\"PWS\",\"description\":\"Producers Wines Selection - Export\",\"publisher\":{\"@id\":\"https:\/\/pws-export.com\/#organization\"},\"potentialAction\":[{\"@type\":\"SearchAction\",\"target\":{\"@type\":\"EntryPoint\",\"urlTemplate\":\"https:\/\/pws-export.com\/?s={search_term_string}\"},\"query-input\":{\"@type\":\"PropertyValueSpecification\",\"valueRequired\":true,\"valueName\":\"search_term_string\"}}],\"inLanguage\":\"de\"},{\"@type\":\"Organization\",\"@id\":\"https:\/\/pws-export.com\/#organization\",\"name\":\"PWS\",\"url\":\"https:\/\/pws-export.com\/\",\"logo\":{\"@type\":\"ImageObject\",\"inLanguage\":\"de\",\"@id\":\"https:\/\/pws-export.com\/#\/schema\/logo\/image\/\",\"url\":\"https:\/\/pws-export.com\/wp-content\/uploads\/2024\/06\/logo-PWS.jpeg\",\"contentUrl\":\"https:\/\/pws-export.com\/wp-content\/uploads\/2024\/06\/logo-PWS.jpeg\",\"width\":1406,\"height\":876,\"caption\":\"PWS\"},\"image\":{\"@id\":\"https:\/\/pws-export.com\/#\/schema\/logo\/image\/\"},\"sameAs\":[\"https:\/\/www.instagram.com\/pwsfrenchwines\/\",\"https:\/\/www.linkedin.com\/company\/pws-export-vins\/?viewAsMember=true\"]}]}<\/script>\n<!-- \/ Yoast SEO plugin. -->","yoast_head_json":{"title":"A propos - PWS","description":"Discover PWS, a French trading structure specialized in wine export, which aims to share wines from the French terroirs.","robots":{"index":"index","follow":"follow","max-snippet":"max-snippet:-1","max-image-preview":"max-image-preview:large","max-video-preview":"max-video-preview:-1"},"canonical":"https:\/\/pws-export.com\/de\/about\/","og_locale":"de_DE","og_type":"article","og_title":"A propos - PWS","og_description":"Discover PWS, a French trading structure specialized in wine export, which aims to share wines from the French terroirs.","og_url":"https:\/\/pws-export.com\/de\/about\/","og_site_name":"PWS","article_modified_time":"2024-09-26T06:24:12+00:00","twitter_card":"summary_large_image","twitter_misc":{"Gesch\u00e4tzte Lesezeit":"5\u00a0Minuten"},"schema":{"@context":"https:\/\/schema.org","@graph":[{"@type":"WebPage","@id":"https:\/\/pws-export.com\/about\/","url":"https:\/\/pws-export.com\/about\/","name":"A propos - PWS","isPartOf":{"@id":"https:\/\/pws-export.com\/#website"},"datePublished":"2020-08-28T08:31:26+00:00","dateModified":"2024-09-26T06:24:12+00:00","description":"Discover PWS, a French trading structure specialized in wine export, which aims to share wines from the French terroirs.","breadcrumb":{"@id":"https:\/\/pws-export.com\/about\/#breadcrumb"},"inLanguage":"de","potentialAction":[{"@type":"ReadAction","target":["https:\/\/pws-export.com\/about\/"]}]},{"@type":"BreadcrumbList","@id":"https:\/\/pws-export.com\/about\/#breadcrumb","itemListElement":[{"@type":"ListItem","position":1,"name":"Home","item":"https:\/\/pws-export.com\/fr\/"},{"@type":"ListItem","position":2,"name":"A propos"}]},{"@type":"WebSite","@id":"https:\/\/pws-export.com\/#website","url":"https:\/\/pws-export.com\/","name":"PWS","description":"Producers Wines Selection - Export","publisher":{"@id":"https:\/\/pws-export.com\/#organization"},"potentialAction":[{"@type":"SearchAction","target":{"@type":"EntryPoint","urlTemplate":"https:\/\/pws-export.com\/?s={search_term_string}"},"query-input":{"@type":"PropertyValueSpecification","valueRequired":true,"valueName":"search_term_string"}}],"inLanguage":"de"},{"@type":"Organization","@id":"https:\/\/pws-export.com\/#organization","name":"PWS","url":"https:\/\/pws-export.com\/","logo":{"@type":"ImageObject","inLanguage":"de","@id":"https:\/\/pws-export.com\/#\/schema\/logo\/image\/","url":"https:\/\/pws-export.com\/wp-content\/uploads\/2024\/06\/logo-PWS.jpeg","contentUrl":"https:\/\/pws-export.com\/wp-content\/uploads\/2024\/06\/logo-PWS.jpeg","width":1406,"height":876,"caption":"PWS"},"image":{"@id":"https:\/\/pws-export.com\/#\/schema\/logo\/image\/"},"sameAs":["https:\/\/www.instagram.com\/pwsfrenchwines\/","https:\/\/www.linkedin.com\/company\/pws-export-vins\/?viewAsMember=true"]}]}},"_links":{"self":[{"href":"https:\/\/pws-export.com\/de\/wp-json\/wp\/v2\/pages\/12"}],"collection":[{"href":"https:\/\/pws-export.com\/de\/wp-json\/wp\/v2\/pages"}],"about":[{"href":"https:\/\/pws-export.com\/de\/wp-json\/wp\/v2\/types\/page"}],"author":[{"embeddable":true,"href":"https:\/\/pws-export.com\/de\/wp-json\/wp\/v2\/users\/1"}],"replies":[{"embeddable":true,"href":"https:\/\/pws-export.com\/de\/wp-json\/wp\/v2\/comments?post=12"}],"version-history":[{"count":32,"href":"https:\/\/pws-export.com\/de\/wp-json\/wp\/v2\/pages\/12\/revisions"}],"predecessor-version":[{"id":842,"href":"https:\/\/pws-export.com\/de\/wp-json\/wp\/v2\/pages\/12\/revisions\/842"}],"wp:attachment":[{"href":"https:\/\/pws-export.com\/de\/wp-json\/wp\/v2\/media?parent=12"}],"curies":[{"name":"wp","href":"https:\/\/api.w.org\/{rel}","templated":true}]}}