{"id":34,"date":"2020-08-28T08:38:37","date_gmt":"2020-08-28T08:38:37","guid":{"rendered":"https:\/\/pws-export.com\/?page_id=34"},"modified":"2024-09-26T06:41:32","modified_gmt":"2024-09-26T06:41:32","slug":"organic-winegrowers","status":"publish","type":"page","link":"https:\/\/pws-export.com\/de\/organic-winegrowers\/","title":{"rendered":"Bio-Winzer"},"content":{"rendered":"[et_pb_section fb_built=\u00a0\u00bb1&Prime; _builder_version=\u00a0\u00bb4.6.1&Prime; _module_preset=\u00a0\u00bbdefault\u00a0\u00bb background_color=\u00a0\u00bb#f4f4f4&Prime; global_colors_info=\u00a0\u00bb{}\u00a0\u00bb][et_pb_row column_structure=\u00a0\u00bb1_2,1_2&Prime; _builder_version=\u00a0\u00bb4.6.1&Prime; _module_preset=\u00a0\u00bbdefault\u00a0\u00bb global_colors_info=\u00a0\u00bb{}\u00a0\u00bb][et_pb_column type=\u00a0\u00bb1_2&Prime; _builder_version=\u00a0\u00bb4.6.1&Prime; _module_preset=\u00a0\u00bbdefault\u00a0\u00bb global_colors_info=\u00a0\u00bb{}\u00a0\u00bb][et_pb_text _builder_version=\u00a0\u00bb4.6.1&Prime; _module_preset=\u00a0\u00bbdefault\u00a0\u00bb global_colors_info=\u00a0\u00bb{}\u00a0\u00bb]<h1>Bio-Winzer<\/h1>[\/et_pb_text][et_pb_image src=\u00a0\u00bbhttps:\/\/pws-export.com\/wp-content\/uploads\/2020\/09\/cheval3.jpg\u00a0\u00bb title_text=\u00a0\u00bbcheval3&Prime; _builder_version=\u00a0\u00bb4.6.1&Prime; _module_preset=\u00a0\u00bbdefault\u00a0\u00bb global_colors_info=\u00a0\u00bb{}\u00a0\u00bb][\/et_pb_image][\/et_pb_column][et_pb_column type=\u00a0\u00bb1_2&Prime; _builder_version=\u00a0\u00bb4.6.1&Prime; _module_preset=\u00a0\u00bbdefault\u00a0\u00bb global_colors_info=\u00a0\u00bb{}\u00a0\u00bb][et_pb_text _builder_version=\u00a0\u00bb4.6.1&Prime; _module_preset=\u00a0\u00bbb88466f2-ad11-41c7-940a-9585eb31fd5a\u00a0\u00bb custom_padding=\u00a0\u00bb3vw||||false|false\u00a0\u00bb global_colors_info=\u00a0\u00bb{}\u00a0\u00bb]<p>PWS arbeitet mit Vereinigungen unabh\u00e4ngiger Bio-Winzer zusammen. Dabei handelt es sich oft um aufstrebende Sterne.<\/p>\n<p>Heute bietet PWS mehr als zwanzig Bio-Winzer in ganz Frankreich an. Sie alle stammen aus den sch\u00f6nsten Anbaugebieten und teilen die gemeinsame Philosophie, au\u00dfergew\u00f6hnliche Weine zu produzieren und dabei die Natur zu respektieren.<\/p>\n<p>Die Rohstoffe, die Trauben, stammen aus biologischem und\/oder biodynamischem Anbau ohne chemische D\u00fcngemittel, Pestizide und Unkrautvernichtungsmittel.<\/p>[\/et_pb_text][\/et_pb_column][\/et_pb_row][\/et_pb_section][et_pb_section fb_built=\u00a0\u00bb1&Prime; _builder_version=\u00a0\u00bb4.6.1&Prime; _module_preset=\u00a0\u00bbdefault\u00a0\u00bb global_colors_info=\u00a0\u00bb{}\u00a0\u00bb][et_pb_row _builder_version=\u00a0\u00bb4.6.1&Prime; _module_preset=\u00a0\u00bbdefault\u00a0\u00bb global_colors_info=\u00a0\u00bb{}\u00a0\u00bb][et_pb_column type=\u00a0\u00bb4_4&Prime; _builder_version=\u00a0\u00bb4.6.1&Prime; _module_preset=\u00a0\u00bbdefault\u00a0\u00bb global_colors_info=\u00a0\u00bb{}\u00a0\u00bb][et_pb_text _builder_version=\u00a0\u00bb4.6.1&Prime; _module_preset=\u00a0\u00bbdefault\u00a0\u00bb global_colors_info=\u00a0\u00bb{}\u00a0\u00bb]<h1>Partner-Zertifizierungen<\/h1>[\/et_pb_text][\/et_pb_column][\/et_pb_row][et_pb_row column_structure=\u00a0\u00bb1_5,1_5,1_5,1_5,1_5&Prime; _builder_version=\u00a0\u00bb4.6.1&Prime; _module_preset=\u00a0\u00bbdefault\u00a0\u00bb global_colors_info=\u00a0\u00bb{}\u00a0\u00bb][et_pb_column type=\u00a0\u00bb1_5&Prime; _builder_version=\u00a0\u00bb4.6.1&Prime; _module_preset=\u00a0\u00bbdefault\u00a0\u00bb global_colors_info=\u00a0\u00bb{}\u00a0\u00bb][et_pb_image src=\u00a0\u00bbhttps:\/\/pws-export.com\/wp-content\/uploads\/2020\/09\/AB.jpg\u00a0\u00bb title_text=\u00a0\u00bbAB\u00a0\u00bb _builder_version=\u00a0\u00bb4.6.1&Prime; _module_preset=\u00a0\u00bbdefault\u00a0\u00bb width=\u00a0\u00bb60%\u00a0\u00bb module_alignment=\u00a0\u00bbcenter\u00a0\u00bb global_colors_info=\u00a0\u00bb{}\u00a0\u00bb][\/et_pb_image][\/et_pb_column][et_pb_column type=\u00a0\u00bb1_5&Prime; _builder_version=\u00a0\u00bb4.6.1&Prime; _module_preset=\u00a0\u00bbdefault\u00a0\u00bb global_colors_info=\u00a0\u00bb{}\u00a0\u00bb][et_pb_image src=\u00a0\u00bbhttps:\/\/pws-export.com\/wp-content\/uploads\/2020\/09\/Biodyvin.jpg\u00a0\u00bb title_text=\u00a0\u00bbBiodyvin\u00a0\u00bb _builder_version=\u00a0\u00bb4.6.1&Prime; _module_preset=\u00a0\u00bbdefault\u00a0\u00bb width=\u00a0\u00bb83%\u00a0\u00bb module_alignment=\u00a0\u00bbcenter\u00a0\u00bb global_colors_info=\u00a0\u00bb{}\u00a0\u00bb][\/et_pb_image][\/et_pb_column][et_pb_column type=\u00a0\u00bb1_5&Prime; _builder_version=\u00a0\u00bb4.6.1&Prime; _module_preset=\u00a0\u00bbdefault\u00a0\u00bb global_colors_info=\u00a0\u00bb{}\u00a0\u00bb][et_pb_image src=\u00a0\u00bbhttps:\/\/pws-export.com\/wp-content\/uploads\/2020\/09\/Demeter-Color-500&#215;800-1.gif\u00a0\u00bb title_text=\u00a0\u00bbDemeter-Color-500&#215;800&Prime; _builder_version=\u00a0\u00bb4.6.1&Prime; _module_preset=\u00a0\u00bbdefault\u00a0\u00bb width=\u00a0\u00bb54%\u00a0\u00bb module_alignment=\u00a0\u00bbcenter\u00a0\u00bb global_colors_info=\u00a0\u00bb{}\u00a0\u00bb][\/et_pb_image][\/et_pb_column][et_pb_column type=\u00a0\u00bb1_5&Prime; _builder_version=\u00a0\u00bb4.6.1&Prime; _module_preset=\u00a0\u00bbdefault\u00a0\u00bb global_colors_info=\u00a0\u00bb{}\u00a0\u00bb][et_pb_image src=\u00a0\u00bbhttps:\/\/pws-export.com\/wp-content\/uploads\/2020\/09\/logo_ecocert.png\u00a0\u00bb title_text=\u00a0\u00bblogo_ecocert\u00a0\u00bb _builder_version=\u00a0\u00bb4.6.1&Prime; _module_preset=\u00a0\u00bbdefault\u00a0\u00bb width=\u00a0\u00bb70%\u00a0\u00bb module_alignment=\u00a0\u00bbcenter\u00a0\u00bb custom_padding=\u00a0\u00bb25px||||false|false\u00a0\u00bb global_colors_info=\u00a0\u00bb{}\u00a0\u00bb][\/et_pb_image][\/et_pb_column][et_pb_column type=\u00a0\u00bb1_5&Prime; _builder_version=\u00a0\u00bb4.6.1&Prime; _module_preset=\u00a0\u00bbdefault\u00a0\u00bb global_colors_info=\u00a0\u00bb{}\u00a0\u00bb][et_pb_image src=\u00a0\u00bbhttps:\/\/pws-export.com\/wp-content\/uploads\/2020\/09\/1200px-USDA_organic_seal.svg.png\u00a0\u00bb title_text=\u00a0\u00bb1200px-USDA_organic_seal.svg\u00a0\u00bb _builder_version=\u00a0\u00bb4.6.1&Prime; _module_preset=\u00a0\u00bbdefault\u00a0\u00bb width=\u00a0\u00bb65%\u00a0\u00bb module_alignment=\u00a0\u00bbcenter\u00a0\u00bb custom_padding=\u00a0\u00bb10px||||false|false\u00a0\u00bb global_colors_info=\u00a0\u00bb{}\u00a0\u00bb][\/et_pb_image][\/et_pb_column][\/et_pb_row][\/et_pb_section][et_pb_section fb_built=\u00a0\u00bb1&Prime; _builder_version=\u00a0\u00bb4.6.1&Prime; _module_preset=\u00a0\u00bbdefault\u00a0\u00bb global_colors_info=\u00a0\u00bb{}\u00a0\u00bb][et_pb_row column_structure=\u00a0\u00bb1_2,1_2&Prime; _builder_version=\u00a0\u00bb4.6.1&Prime; _module_preset=\u00a0\u00bbdefault\u00a0\u00bb global_colors_info=\u00a0\u00bb{}\u00a0\u00bb][et_pb_column type=\u00a0\u00bb1_2&Prime; _builder_version=\u00a0\u00bb4.6.1&Prime; _module_preset=\u00a0\u00bbdefault\u00a0\u00bb global_colors_info=\u00a0\u00bb{}\u00a0\u00bb][et_pb_text _builder_version=\u00a0\u00bb4.6.1&Prime; _module_preset=\u00a0\u00bbdefault\u00a0\u00bb global_colors_info=\u00a0\u00bb{}\u00a0\u00bb]<h1>Beispiel f\u00fcr Bio-Wein: Domaine du Nozay<\/h1>[\/et_pb_text][et_pb_text _builder_version=\u00a0\u00bb4.6.1&Prime; _module_preset=\u00a0\u00bbb88466f2-ad11-41c7-940a-9585eb31fd5a\u00a0\u00bb global_colors_info=\u00a0\u00bb{}\u00a0\u00bb]<p>Le Nozay ist ein Schloss aus dem 17. Jahrhundert, das n\u00f6rdlich von Sancerre liegt. Jahrhundert in den Besitz der Familie, als Baron Philippe de BENOIST und seine Frau Marie-H\u00e9l\u00e8ne das Anwesen 1970 erwarben. Das Paar wollte einen Weinberg anlegen und pflanzte den ersten Hektar mit Sauvignon, der K\u00f6nigsrebe des Sancerre, und vergr\u00f6\u00dferte die Anbaufl\u00e4che im Laufe der Zeit auf 15 Hektar.<\/p>\n<p>Heute hat der Sohn des Barons, Cyril de BENOIST, die Leitung \u00fcbernommen, nachdem er bei seinem Onkel Aubert de Villaine, dem Besitzer der legend\u00e4ren Domaine de la Roman\u00e9e Conti in Burgund, gelernt hatte.<\/p>\n<p>Cyril ist von den Vorteilen des biologischen und biodynamischen Anbaus \u00fcberzeugt. Im Sinne des Umweltschutzes und des gesunden Bauernverstandes ist die Domaine du NOZAY seit 2011 als biologischer Betrieb und seit 2017 als biodynamischer Betrieb zertifiziert.<\/p>\n<p>Cyril de Benoists Mission ist es, durch den Respekt vor den Weinbergen und B\u00f6den den Gipfel der Qualit\u00e4t zu erreichen. Dies erreicht er auch durch sein Talent und kluge Entscheidungen bei der Produktion (begrenzte Mengen, Musik f\u00fcr Weinberge und Tanks, Verwendung von Amphoren... und viele andere \u00dcberraschungen).<\/p>[\/et_pb_text][\/et_pb_column][et_pb_column type=\u00a0\u00bb1_2&Prime; _builder_version=\u00a0\u00bb4.6.1&Prime; _module_preset=\u00a0\u00bbdefault\u00a0\u00bb global_colors_info=\u00a0\u00bb{}\u00a0\u00bb][et_pb_image src=\u00a0\u00bbhttps:\/\/pws-export.com\/wp-content\/uploads\/2021\/12\/Capture-d\u00e9cran-2021-12-23-\u00e0-14.50.54.png\u00a0\u00bb title_text=\u00a0\u00bbCapture d\u2019\u00e9cran 2021-12-23 \u00e0 14.50.54&Prime; _builder_version=\u00a0\u00bb4.14.2&Prime; _module_preset=\u00a0\u00bbdefault\u00a0\u00bb hover_enabled=\u00a0\u00bb0&Prime; global_colors_info=\u00a0\u00bb{}\u00a0\u00bb sticky_enabled=\u00a0\u00bb0&Prime;][\/et_pb_image][\/et_pb_column][\/et_pb_row][\/et_pb_section]","protected":false},"excerpt":{"rendered":"<p>Viticulteurs BioPWS travaille en partenariat avec des associations de vignerons ind\u00e9pendants bio. Ce sont souvent des \u00e9toiles montantes. Aujourd\u2019hui, PWS propose plus d\u2019une vingtaine de vignerons bio partout en France. Tous, sont issus des plus beaux terroirs et partagent une philosophie commune qui est de produire des vins d&rsquo;exception en respectant la nature. Les mati\u00e8res&hellip; <a class=\"continue\" href=\"https:\/\/pws-export.com\/de\/organic-winegrowers\/\">Continue Reading<span> Bio-Winzer<\/span><\/a><\/p>","protected":false},"author":1,"featured_media":0,"parent":0,"menu_order":0,"comment_status":"closed","ping_status":"closed","template":"","meta":{"_seopress_robots_primary_cat":"","_seopress_titles_title":"Organic Winegrowers - PWS French Wines","_seopress_titles_desc":"Explore our range of organic wines, produced by winegrowers committed to environmentally friendly agriculture. Enjoy the purity of nature.","_seopress_robots_index":"","_et_pb_use_builder":"on","_et_pb_old_content":"<!-- wp:divi\/placeholder \/-->","_et_gb_content_width":"","footnotes":""},"yoast_head":"<!-- This site is optimized with the Yoast SEO plugin v23.5 - https:\/\/yoast.com\/wordpress\/plugins\/seo\/ -->\n<title>Viticulteurs bio - PWS<\/title>\n<meta name=\"description\" content=\"Explore our range of organic wines, produced by winegrowers committed to environmentally friendly agriculture. Enjoy the purity of nature.\" \/>\n<meta name=\"robots\" content=\"index, follow, max-snippet:-1, max-image-preview:large, max-video-preview:-1\" \/>\n<link rel=\"canonical\" href=\"https:\/\/pws-export.com\/de\/organic-winegrowers\/\" \/>\n<meta property=\"og:locale\" content=\"de_DE\" \/>\n<meta property=\"og:type\" content=\"article\" \/>\n<meta property=\"og:title\" content=\"Viticulteurs bio - PWS\" \/>\n<meta property=\"og:description\" content=\"Explore our range of organic wines, produced by winegrowers committed to environmentally friendly agriculture. Enjoy the purity of nature.\" \/>\n<meta property=\"og:url\" content=\"https:\/\/pws-export.com\/de\/organic-winegrowers\/\" \/>\n<meta property=\"og:site_name\" content=\"PWS\" \/>\n<meta property=\"article:modified_time\" content=\"2024-09-26T06:41:32+00:00\" \/>\n<meta name=\"twitter:card\" content=\"summary_large_image\" \/>\n<meta name=\"twitter:label1\" content=\"Gesch\u00e4tzte Lesezeit\" \/>\n\t<meta name=\"twitter:data1\" content=\"3\u00a0Minuten\" \/>\n<script type=\"application\/ld+json\" class=\"yoast-schema-graph\">{\"@context\":\"https:\/\/schema.org\",\"@graph\":[{\"@type\":\"WebPage\",\"@id\":\"https:\/\/pws-export.com\/organic-winegrowers\/\",\"url\":\"https:\/\/pws-export.com\/organic-winegrowers\/\",\"name\":\"Viticulteurs bio - PWS\",\"isPartOf\":{\"@id\":\"https:\/\/pws-export.com\/#website\"},\"datePublished\":\"2020-08-28T08:38:37+00:00\",\"dateModified\":\"2024-09-26T06:41:32+00:00\",\"description\":\"Explore our range of organic wines, produced by winegrowers committed to environmentally friendly agriculture. Enjoy the purity of nature.\",\"breadcrumb\":{\"@id\":\"https:\/\/pws-export.com\/organic-winegrowers\/#breadcrumb\"},\"inLanguage\":\"de\",\"potentialAction\":[{\"@type\":\"ReadAction\",\"target\":[\"https:\/\/pws-export.com\/organic-winegrowers\/\"]}]},{\"@type\":\"BreadcrumbList\",\"@id\":\"https:\/\/pws-export.com\/organic-winegrowers\/#breadcrumb\",\"itemListElement\":[{\"@type\":\"ListItem\",\"position\":1,\"name\":\"Home\",\"item\":\"https:\/\/pws-export.com\/fr\/\"},{\"@type\":\"ListItem\",\"position\":2,\"name\":\"Viticulteurs bio\"}]},{\"@type\":\"WebSite\",\"@id\":\"https:\/\/pws-export.com\/#website\",\"url\":\"https:\/\/pws-export.com\/\",\"name\":\"PWS\",\"description\":\"Producers Wines Selection - Export\",\"publisher\":{\"@id\":\"https:\/\/pws-export.com\/#organization\"},\"potentialAction\":[{\"@type\":\"SearchAction\",\"target\":{\"@type\":\"EntryPoint\",\"urlTemplate\":\"https:\/\/pws-export.com\/?s={search_term_string}\"},\"query-input\":{\"@type\":\"PropertyValueSpecification\",\"valueRequired\":true,\"valueName\":\"search_term_string\"}}],\"inLanguage\":\"de\"},{\"@type\":\"Organization\",\"@id\":\"https:\/\/pws-export.com\/#organization\",\"name\":\"PWS\",\"url\":\"https:\/\/pws-export.com\/\",\"logo\":{\"@type\":\"ImageObject\",\"inLanguage\":\"de\",\"@id\":\"https:\/\/pws-export.com\/#\/schema\/logo\/image\/\",\"url\":\"https:\/\/pws-export.com\/wp-content\/uploads\/2024\/06\/logo-PWS.jpeg\",\"contentUrl\":\"https:\/\/pws-export.com\/wp-content\/uploads\/2024\/06\/logo-PWS.jpeg\",\"width\":1406,\"height\":876,\"caption\":\"PWS\"},\"image\":{\"@id\":\"https:\/\/pws-export.com\/#\/schema\/logo\/image\/\"},\"sameAs\":[\"https:\/\/www.instagram.com\/pwsfrenchwines\/\",\"https:\/\/www.linkedin.com\/company\/pws-export-vins\/?viewAsMember=true\"]}]}<\/script>\n<!-- \/ Yoast SEO plugin. -->","yoast_head_json":{"title":"Viticulteurs bio - PWS","description":"Explore our range of organic wines, produced by winegrowers committed to environmentally friendly agriculture. Enjoy the purity of nature.","robots":{"index":"index","follow":"follow","max-snippet":"max-snippet:-1","max-image-preview":"max-image-preview:large","max-video-preview":"max-video-preview:-1"},"canonical":"https:\/\/pws-export.com\/de\/organic-winegrowers\/","og_locale":"de_DE","og_type":"article","og_title":"Viticulteurs bio - PWS","og_description":"Explore our range of organic wines, produced by winegrowers committed to environmentally friendly agriculture. Enjoy the purity of nature.","og_url":"https:\/\/pws-export.com\/de\/organic-winegrowers\/","og_site_name":"PWS","article_modified_time":"2024-09-26T06:41:32+00:00","twitter_card":"summary_large_image","twitter_misc":{"Gesch\u00e4tzte Lesezeit":"3\u00a0Minuten"},"schema":{"@context":"https:\/\/schema.org","@graph":[{"@type":"WebPage","@id":"https:\/\/pws-export.com\/organic-winegrowers\/","url":"https:\/\/pws-export.com\/organic-winegrowers\/","name":"Viticulteurs bio - PWS","isPartOf":{"@id":"https:\/\/pws-export.com\/#website"},"datePublished":"2020-08-28T08:38:37+00:00","dateModified":"2024-09-26T06:41:32+00:00","description":"Explore our range of organic wines, produced by winegrowers committed to environmentally friendly agriculture. Enjoy the purity of nature.","breadcrumb":{"@id":"https:\/\/pws-export.com\/organic-winegrowers\/#breadcrumb"},"inLanguage":"de","potentialAction":[{"@type":"ReadAction","target":["https:\/\/pws-export.com\/organic-winegrowers\/"]}]},{"@type":"BreadcrumbList","@id":"https:\/\/pws-export.com\/organic-winegrowers\/#breadcrumb","itemListElement":[{"@type":"ListItem","position":1,"name":"Home","item":"https:\/\/pws-export.com\/fr\/"},{"@type":"ListItem","position":2,"name":"Viticulteurs bio"}]},{"@type":"WebSite","@id":"https:\/\/pws-export.com\/#website","url":"https:\/\/pws-export.com\/","name":"PWS","description":"Producers Wines Selection - Export","publisher":{"@id":"https:\/\/pws-export.com\/#organization"},"potentialAction":[{"@type":"SearchAction","target":{"@type":"EntryPoint","urlTemplate":"https:\/\/pws-export.com\/?s={search_term_string}"},"query-input":{"@type":"PropertyValueSpecification","valueRequired":true,"valueName":"search_term_string"}}],"inLanguage":"de"},{"@type":"Organization","@id":"https:\/\/pws-export.com\/#organization","name":"PWS","url":"https:\/\/pws-export.com\/","logo":{"@type":"ImageObject","inLanguage":"de","@id":"https:\/\/pws-export.com\/#\/schema\/logo\/image\/","url":"https:\/\/pws-export.com\/wp-content\/uploads\/2024\/06\/logo-PWS.jpeg","contentUrl":"https:\/\/pws-export.com\/wp-content\/uploads\/2024\/06\/logo-PWS.jpeg","width":1406,"height":876,"caption":"PWS"},"image":{"@id":"https:\/\/pws-export.com\/#\/schema\/logo\/image\/"},"sameAs":["https:\/\/www.instagram.com\/pwsfrenchwines\/","https:\/\/www.linkedin.com\/company\/pws-export-vins\/?viewAsMember=true"]}]}},"_links":{"self":[{"href":"https:\/\/pws-export.com\/de\/wp-json\/wp\/v2\/pages\/34"}],"collection":[{"href":"https:\/\/pws-export.com\/de\/wp-json\/wp\/v2\/pages"}],"about":[{"href":"https:\/\/pws-export.com\/de\/wp-json\/wp\/v2\/types\/page"}],"author":[{"embeddable":true,"href":"https:\/\/pws-export.com\/de\/wp-json\/wp\/v2\/users\/1"}],"replies":[{"embeddable":true,"href":"https:\/\/pws-export.com\/de\/wp-json\/wp\/v2\/comments?post=34"}],"version-history":[{"count":18,"href":"https:\/\/pws-export.com\/de\/wp-json\/wp\/v2\/pages\/34\/revisions"}],"predecessor-version":[{"id":850,"href":"https:\/\/pws-export.com\/de\/wp-json\/wp\/v2\/pages\/34\/revisions\/850"}],"wp:attachment":[{"href":"https:\/\/pws-export.com\/de\/wp-json\/wp\/v2\/media?parent=34"}],"curies":[{"name":"wp","href":"https:\/\/api.w.org\/{rel}","templated":true}]}}