{"id":36,"date":"2020-08-28T08:38:45","date_gmt":"2020-08-28T08:38:45","guid":{"rendered":"https:\/\/pws-export.com\/?page_id=36"},"modified":"2024-09-26T06:31:19","modified_gmt":"2024-09-26T06:31:19","slug":"cooperative-wineries","status":"publish","type":"page","link":"https:\/\/pws-export.com\/de\/cooperative-wineries\/","title":{"rendered":"Coop Weinkellereien"},"content":{"rendered":"[et_pb_section fb_built= \"1\u2033 _builder_version= \"4.16\u2033 _module_preset= \"default \" background_color= \"#f4f4\u2033 locked= \"off \" global_colors_info= \"{} \"][et_pb_row column_structure= \"1_2,1_2\u2033 _builder_version= \"4.16\u2033 _module_preset= \"default \" global_colors_info= \"{} \"][et_pb_column type= \"1_2\u2033 _builder_version= \"4.16\u2033 _module_preset= \"default \" global_colors_info= \"{} \"][et_pb_text _builder_version= \"4.16\u2033 _module_preset= \"default \" global_colors_info= \"{} \"][et_pb_text _builder_version= \"4.16\u2033 _module_preset= \"default\" global_colors_info= \"{} \"]<h1>Coop Weinkellereien<\/h1>[\/et_pb_text][et_pb_image src= \"https:\/\/pws-export.com\/wp-content\/uploads\/2020\/09\/Coop-1.jpg \" title_text= \"Cooperative wineries \" _builder_version= \"4.25.0\u2033 _module_preset= \"default\" hover_enabled= \"0\u2033 global_colors_info= \"{}\" alt= \"cooperative wineries\" sticky_enabled= \"0\u2033][\/et_pb_image][\/et_pb_column][et_pb_column type= \"1_2\u2033 _builder_version= \"4.16\u2033 _module_preset= \"default \" global_colors_info= \"{} \"][et_pb_text _builder_version= \"4.16\u2033 _module_preset= \"b88466f2-ad11-41c7-940a-9585eb31fd5a \" custom_padding= \"3vw||||false|false \" global_colors_info= \"{} \"]<p>Bei PWS arbeiten wir mit Genossenschaftskellereien zusammen. Sie bieten auch finanzielle Vorteile durch ihre Gr\u00f6\u00dfe und erm\u00f6glichen oft den Erwerb von Spitzentechnologie f\u00fcr die Weinherstellung aus den Ernten der angeschlossenen Winzer.<\/p>\n<p>Unsere genossenschaftlichen Partnerkellereien sind alle Garanten f\u00fcr die einwandfreie Qualit\u00e4t ihrer Produkte und Dienstleistungen, die sie zu ihrem obersten Ziel machen.<\/p>\n<p>Die Qualit\u00e4t wird garantiert durch :<\/p>\n<p>- Die R\u00fcckverfolgbarkeit<br \/>- Die Einf\u00fchrung eines eigenen Pflichtenhefts f\u00fcr jedes Terroir<br \/>- Eine zertifizierte Abf\u00fcllung (IFS BRC - ISO 9001)<br \/>- Konstante Qualit\u00e4t, verfolgt und belohnt<\/p>[\/et_pb_text][\/et_pb_column][\/et_pb_row][\/et_pb_section][et_pb_section fb_built= \"1\u2033 _builder_version= \"4.16\u2033 _module_preset= \"default \" locked= \"off \" global_colors_info= \"{} \"][et_pb_row column_structure= \"1_2,1_2\u2033 _builder_version= \"4.16\u2033 _module_preset= \"default \" global_colors_info= \"{} \"][et_pb_column type= \"1_2\u2033 _builder_version= \"4.16\u2033 _module_preset= \"default \" global_colors_info= \"{} \"][et_pb_text _builder_version= \"4.16\u2033 _module_preset= \"default \" global_colors_info= \"{} \"][et_pb_text _builder_version= \"4.16\u2033 _module_preset= \"default\" global_colors_info= \"{} \"]<h1>Beispiel f\u00fcr einen Coop-Wein: Ch\u00e2teau Tuilerie Pages<\/h1>[\/et_pb_text][et_pb_text _builder_version= \"4.16\u2033 _module_preset= \"b88466f2-ad11-41c7-940a-9585eb31fd5a \" global_colors_info= \"{} \"]<p>Das Ch\u00e2teau Tuilerie Pages geh\u00f6rt der Familie Jousseaume, die seit mehreren Generationen in ihren Weinbergen arbeitet und K\u00fche z\u00fcchtet. Das Anwesen stammt aus dem Jahr 1936.<\/p>\n<p>Der Winzer Yannick bewirtschaftet sein Weingut mit Leidenschaft und Liebe, die Sie bei der Verkostung seines Weins sp\u00fcren k\u00f6nnen. Ch\u00e2teau Tuilerie Pages wird jedes Jahr mit mehreren Medaillen ausgezeichnet, was von der qualitativen Arbeit des Winzers, des Kellermeisters und der Hingabe der kaufm\u00e4nnischen Abteilung der Kellereikooperative zeugt.<\/p>[\/et_pb_text][\/et_pb_column][et_pb_column type= \"1_2\u2033 _builder_version= \"4.16\u2033 _module_preset= \"default \" global_colors_info= \"{} \"][et_pb_image src= \"https:\/\/pws-export.com\/wp-content\/uploads\/2021\/12\/Capture-d\u00e9cran-2021-12-23-\u00e0-12.12.52.png \" title_text= \"schloss ziegelei pag\u00e8s\" align= \"center\" _builder_version= \"4.25.0\u2033 _module_preset= \"default\" hover_enabled= \"0\u2033 global_colors_info= \"{} \" alt= \"schloss ziegelei pag\u00e8s\" sticky_enabled= \"0\u2033][\/et_pb_image][\/et_pb_column][\/et_pb_row][\/et_pb_section]","protected":false},"excerpt":{"rendered":"<p>Coop-KellereienHier bei PWS arbeiten wir mit Genossenschaftskellereien zusammen. Diese Genossenschaften stehen f\u00fcr tiefe Werte der Zusammenarbeit zwischen sehr vielen Winzern, bieten durch ihre Gr\u00f6\u00dfe auch finanzielle Vorteile und erm\u00f6glichen oft den Erwerb von Spitzentechnologie f\u00fcr die Weinbereitung aus den Ernten der angeschlossenen Winzer. Unsere Partner-Genossenschaftskellereien sind alle Garanten f\u00fcr... <a class=\"continue\" href=\"https:\/\/pws-export.com\/de\/cooperative-wineries\/\">Continue Reading<span> Coop Weinkellereien<\/span><\/a><\/p>","protected":false},"author":1,"featured_media":0,"parent":0,"menu_order":0,"comment_status":"closed","ping_status":"closed","template":"","meta":{"_seopress_robots_primary_cat":"","_seopress_titles_title":"Cooperative Wineries - PWS French Wines","_seopress_titles_desc":"PWS works with cooperative wineries to ensure quality wine making. Discover our partner, Ch\u00e2teau Tuilerie Pages.","_seopress_robots_index":"","_et_pb_use_builder":"on","_et_pb_old_content":"<!-- wp:divi\/placeholder \/-->","_et_gb_content_width":"","footnotes":""},"yoast_head":"<!-- This site is optimized with the Yoast SEO plugin v23.5 - https:\/\/yoast.com\/wordpress\/plugins\/seo\/ -->\n<title>Caves Coop - PWS<\/title>\n<meta name=\"description\" content=\"PWS works with cooperative wineries to ensure quality wine making. Discover our partner, Ch\u00e2teau Tuilerie Pages.\" \/>\n<meta name=\"robots\" content=\"index, follow, max-snippet:-1, max-image-preview:large, max-video-preview:-1\" \/>\n<link rel=\"canonical\" href=\"https:\/\/pws-export.com\/de\/cooperative-wineries\/\" \/>\n<meta property=\"og:locale\" content=\"de_DE\" \/>\n<meta property=\"og:type\" content=\"article\" \/>\n<meta property=\"og:title\" content=\"Caves Coop - PWS\" \/>\n<meta property=\"og:description\" content=\"PWS works with cooperative wineries to ensure quality wine making. Discover our partner, Ch\u00e2teau Tuilerie Pages.\" \/>\n<meta property=\"og:url\" content=\"https:\/\/pws-export.com\/de\/cooperative-wineries\/\" \/>\n<meta property=\"og:site_name\" content=\"PWS\" \/>\n<meta property=\"article:modified_time\" content=\"2024-09-26T06:31:19+00:00\" \/>\n<meta name=\"twitter:card\" content=\"summary_large_image\" \/>\n<meta name=\"twitter:label1\" content=\"Gesch\u00e4tzte Lesezeit\" \/>\n\t<meta name=\"twitter:data1\" content=\"2\u00a0Minuten\" \/>\n<script type=\"application\/ld+json\" class=\"yoast-schema-graph\">{\"@context\":\"https:\/\/schema.org\",\"@graph\":[{\"@type\":\"WebPage\",\"@id\":\"https:\/\/pws-export.com\/cooperative-wineries\/\",\"url\":\"https:\/\/pws-export.com\/cooperative-wineries\/\",\"name\":\"Caves Coop - PWS\",\"isPartOf\":{\"@id\":\"https:\/\/pws-export.com\/#website\"},\"datePublished\":\"2020-08-28T08:38:45+00:00\",\"dateModified\":\"2024-09-26T06:31:19+00:00\",\"description\":\"PWS works with cooperative wineries to ensure quality wine making. Discover our partner, Ch\u00e2teau Tuilerie Pages.\",\"breadcrumb\":{\"@id\":\"https:\/\/pws-export.com\/cooperative-wineries\/#breadcrumb\"},\"inLanguage\":\"de\",\"potentialAction\":[{\"@type\":\"ReadAction\",\"target\":[\"https:\/\/pws-export.com\/cooperative-wineries\/\"]}]},{\"@type\":\"BreadcrumbList\",\"@id\":\"https:\/\/pws-export.com\/cooperative-wineries\/#breadcrumb\",\"itemListElement\":[{\"@type\":\"ListItem\",\"position\":1,\"name\":\"Home\",\"item\":\"https:\/\/pws-export.com\/fr\/\"},{\"@type\":\"ListItem\",\"position\":2,\"name\":\"Caves Coop\"}]},{\"@type\":\"WebSite\",\"@id\":\"https:\/\/pws-export.com\/#website\",\"url\":\"https:\/\/pws-export.com\/\",\"name\":\"PWS\",\"description\":\"Producers Wines Selection - Export\",\"publisher\":{\"@id\":\"https:\/\/pws-export.com\/#organization\"},\"potentialAction\":[{\"@type\":\"SearchAction\",\"target\":{\"@type\":\"EntryPoint\",\"urlTemplate\":\"https:\/\/pws-export.com\/?s={search_term_string}\"},\"query-input\":{\"@type\":\"PropertyValueSpecification\",\"valueRequired\":true,\"valueName\":\"search_term_string\"}}],\"inLanguage\":\"de\"},{\"@type\":\"Organization\",\"@id\":\"https:\/\/pws-export.com\/#organization\",\"name\":\"PWS\",\"url\":\"https:\/\/pws-export.com\/\",\"logo\":{\"@type\":\"ImageObject\",\"inLanguage\":\"de\",\"@id\":\"https:\/\/pws-export.com\/#\/schema\/logo\/image\/\",\"url\":\"https:\/\/pws-export.com\/wp-content\/uploads\/2024\/06\/logo-PWS.jpeg\",\"contentUrl\":\"https:\/\/pws-export.com\/wp-content\/uploads\/2024\/06\/logo-PWS.jpeg\",\"width\":1406,\"height\":876,\"caption\":\"PWS\"},\"image\":{\"@id\":\"https:\/\/pws-export.com\/#\/schema\/logo\/image\/\"},\"sameAs\":[\"https:\/\/www.instagram.com\/pwsfrenchwines\/\",\"https:\/\/www.linkedin.com\/company\/pws-export-vins\/?viewAsMember=true\"]}]}<\/script>\n<!-- \/ Yoast SEO plugin. -->","yoast_head_json":{"title":"Caves Coop - PWS","description":"PWS works with cooperative wineries to ensure quality wine making. Discover our partner, Ch\u00e2teau Tuilerie Pages.","robots":{"index":"index","follow":"follow","max-snippet":"max-snippet:-1","max-image-preview":"max-image-preview:large","max-video-preview":"max-video-preview:-1"},"canonical":"https:\/\/pws-export.com\/de\/cooperative-wineries\/","og_locale":"de_DE","og_type":"article","og_title":"Caves Coop - PWS","og_description":"PWS works with cooperative wineries to ensure quality wine making. Discover our partner, Ch\u00e2teau Tuilerie Pages.","og_url":"https:\/\/pws-export.com\/de\/cooperative-wineries\/","og_site_name":"PWS","article_modified_time":"2024-09-26T06:31:19+00:00","twitter_card":"summary_large_image","twitter_misc":{"Gesch\u00e4tzte Lesezeit":"2\u00a0Minuten"},"schema":{"@context":"https:\/\/schema.org","@graph":[{"@type":"WebPage","@id":"https:\/\/pws-export.com\/cooperative-wineries\/","url":"https:\/\/pws-export.com\/cooperative-wineries\/","name":"Caves Coop - PWS","isPartOf":{"@id":"https:\/\/pws-export.com\/#website"},"datePublished":"2020-08-28T08:38:45+00:00","dateModified":"2024-09-26T06:31:19+00:00","description":"PWS works with cooperative wineries to ensure quality wine making. Discover our partner, Ch\u00e2teau Tuilerie Pages.","breadcrumb":{"@id":"https:\/\/pws-export.com\/cooperative-wineries\/#breadcrumb"},"inLanguage":"de","potentialAction":[{"@type":"ReadAction","target":["https:\/\/pws-export.com\/cooperative-wineries\/"]}]},{"@type":"BreadcrumbList","@id":"https:\/\/pws-export.com\/cooperative-wineries\/#breadcrumb","itemListElement":[{"@type":"ListItem","position":1,"name":"Home","item":"https:\/\/pws-export.com\/fr\/"},{"@type":"ListItem","position":2,"name":"Caves Coop"}]},{"@type":"WebSite","@id":"https:\/\/pws-export.com\/#website","url":"https:\/\/pws-export.com\/","name":"PWS","description":"Producers Wines Selection - Export","publisher":{"@id":"https:\/\/pws-export.com\/#organization"},"potentialAction":[{"@type":"SearchAction","target":{"@type":"EntryPoint","urlTemplate":"https:\/\/pws-export.com\/?s={search_term_string}"},"query-input":{"@type":"PropertyValueSpecification","valueRequired":true,"valueName":"search_term_string"}}],"inLanguage":"de"},{"@type":"Organization","@id":"https:\/\/pws-export.com\/#organization","name":"PWS","url":"https:\/\/pws-export.com\/","logo":{"@type":"ImageObject","inLanguage":"de","@id":"https:\/\/pws-export.com\/#\/schema\/logo\/image\/","url":"https:\/\/pws-export.com\/wp-content\/uploads\/2024\/06\/logo-PWS.jpeg","contentUrl":"https:\/\/pws-export.com\/wp-content\/uploads\/2024\/06\/logo-PWS.jpeg","width":1406,"height":876,"caption":"PWS"},"image":{"@id":"https:\/\/pws-export.com\/#\/schema\/logo\/image\/"},"sameAs":["https:\/\/www.instagram.com\/pwsfrenchwines\/","https:\/\/www.linkedin.com\/company\/pws-export-vins\/?viewAsMember=true"]}]}},"_links":{"self":[{"href":"https:\/\/pws-export.com\/de\/wp-json\/wp\/v2\/pages\/36"}],"collection":[{"href":"https:\/\/pws-export.com\/de\/wp-json\/wp\/v2\/pages"}],"about":[{"href":"https:\/\/pws-export.com\/de\/wp-json\/wp\/v2\/types\/page"}],"author":[{"embeddable":true,"href":"https:\/\/pws-export.com\/de\/wp-json\/wp\/v2\/users\/1"}],"replies":[{"embeddable":true,"href":"https:\/\/pws-export.com\/de\/wp-json\/wp\/v2\/comments?post=36"}],"version-history":[{"count":15,"href":"https:\/\/pws-export.com\/de\/wp-json\/wp\/v2\/pages\/36\/revisions"}],"predecessor-version":[{"id":845,"href":"https:\/\/pws-export.com\/de\/wp-json\/wp\/v2\/pages\/36\/revisions\/845"}],"wp:attachment":[{"href":"https:\/\/pws-export.com\/de\/wp-json\/wp\/v2\/media?parent=36"}],"curies":[{"name":"wp","href":"https:\/\/api.w.org\/{rel}","templated":true}]}}