{"id":42,"date":"2020-08-28T08:39:30","date_gmt":"2020-08-28T08:39:30","guid":{"rendered":"https:\/\/pws-export.com\/?page_id=42"},"modified":"2024-09-26T07:18:54","modified_gmt":"2024-09-26T07:18:54","slug":"export","status":"publish","type":"page","link":"https:\/\/pws-export.com\/de\/export\/","title":{"rendered":"Export"},"content":{"rendered":"[et_pb_section fb_built= \"1\u2033 _builder_version= \"4.6.0\u2033 _module_preset= \"default \" custom_padding= \"0px||0px|false|false \" locked= \"off\"][et_pb_row column_structure= \"1_2,1_2\u2033 use_custom_gutter= \"on \" gutter_width= \"1\u2033 make_equal= \"on \" _builder_version= \"4.6.0\u2033 _module_preset= \"default \" width= \"100% \" max_width= \"100% \" min_height= \"100vh\" min_height_tablet= \" \" min_height_phone= \" \" min_height_last_edited= \"on|desktop \" max_height= \"100vh\" max_height_tablet= \" \" max_height_phone= \" \" max_height_last_edited= \"on|desktop \" overflow-.x= \"hidden \" overflow-y= \"hidden \" custom_padding= \"0px||0px||false|false \"][et_pb_column type= \"1_2\u2033 _builder_version= \"4.6.0\u2033 _module_preset= \"default\" use_background_color_gradient= \"on\" background_gradient_start= \"rgba(0,0,0) \" background_color_gradient_end= \"rgba(0,0,0,0.25)\" background_color_gradient_overlays_image= \"on\" background_image= \"https:\/\/pws-export.com\/wp-content\/uploads\/2020\/09\/kyle-glenn-nXt5HtLmlgE-unsplash-scaled.jpg \"][\/et_pb_column][et_pb_column type= \"1_2\u2033 _builder_version= \"4.6.0\u2033 _module_preset= \"default \" custom_padding= \"8%|8%|8%|8%|false|false\"][et_pb_text _builder_version= \"4.6.0\u2033 _module_preset= \"default \" text_text_color= \"#000000\u2033 header_line_height= \"2em \"]<h1>Export<\/h1>\n<p>PWS zentralisiert die Ressourcen zahlreicher Terroirs, k\u00fcmmert sich f\u00fcr Sie um die Auswahl der Weine nach Ihren Bed\u00fcrfnissen und dann um alle notwendigen Schritte f\u00fcr den reibungslosen Ablauf des Exports in das Land Ihrer Wahl:\n\n- Aufbau des Sortiments\n- Produktionsbedingungen und Qualit\u00e4tsstandards\n- Zentralisierung von Zahlungen und Zuteilungen\n- Kommunikations- und Werbemedien\n- Gruppierung und Verwaltung der Logistik\n- Zoll- und Verwaltungserkl\u00e4rungen f\u00fcr den Export\n- \u00dcberwachung und Begleitung der Verteilung<\/p>[\/et_pb_text][\/et_pb_column][\/et_pb_row][\/et_pb_section]","protected":false},"excerpt":{"rendered":"<p>Export PWS zentralisiert die Ressourcen zahlreicher Terroirs, k\u00fcmmert sich f\u00fcr Sie um die Auswahl der Weine nach Ihren Bed\u00fcrfnissen und dann um alle notwendigen Schritte f\u00fcr einen reibungslosen Ablauf beim Export in das Land Ihrer Wahl: - Aufbau des Sortiments - Produktionsbedingungen und Qualit\u00e4tsnormen - Zentralisierung der Zahlungen... <a class=\"continue\" href=\"https:\/\/pws-export.com\/de\/export\/\">Continue Reading<span> Export<\/span><\/a><\/p>","protected":false},"author":1,"featured_media":0,"parent":0,"menu_order":0,"comment_status":"closed","ping_status":"closed","template":"","meta":{"_seopress_robots_primary_cat":"","_seopress_titles_title":"Export - PWS French Wines","_seopress_titles_desc":"PWS manages your wine exports, offering tailor-made selection, compliance, logistics and promotional support tailored to your markets.","_seopress_robots_index":"","_et_pb_use_builder":"on","_et_pb_old_content":"<!-- wp:divi\/placeholder \/-->","_et_gb_content_width":"","footnotes":""},"yoast_head":"<!-- This site is optimized with the Yoast SEO plugin v23.5 - https:\/\/yoast.com\/wordpress\/plugins\/seo\/ -->\n<title>Export - PWS<\/title>\n<meta name=\"description\" content=\"PWS manages your wine exports, offering tailor-made selection, compliance, logistics and promotional support tailored to your markets.\" \/>\n<meta name=\"robots\" content=\"index, follow, max-snippet:-1, max-image-preview:large, max-video-preview:-1\" \/>\n<link rel=\"canonical\" href=\"https:\/\/pws-export.com\/de\/export\/\" \/>\n<meta property=\"og:locale\" content=\"de_DE\" \/>\n<meta property=\"og:type\" content=\"article\" \/>\n<meta property=\"og:title\" content=\"Export - PWS\" \/>\n<meta property=\"og:description\" content=\"PWS manages your wine exports, offering tailor-made selection, compliance, logistics and promotional support tailored to your markets.\" \/>\n<meta property=\"og:url\" content=\"https:\/\/pws-export.com\/de\/export\/\" \/>\n<meta property=\"og:site_name\" content=\"PWS\" \/>\n<meta property=\"article:modified_time\" content=\"2024-09-26T07:18:54+00:00\" \/>\n<meta name=\"twitter:card\" content=\"summary_large_image\" \/>\n<meta name=\"twitter:label1\" content=\"Gesch\u00e4tzte Lesezeit\" \/>\n\t<meta name=\"twitter:data1\" content=\"1\u00a0Minute\" \/>\n<script type=\"application\/ld+json\" class=\"yoast-schema-graph\">{\"@context\":\"https:\/\/schema.org\",\"@graph\":[{\"@type\":\"WebPage\",\"@id\":\"https:\/\/pws-export.com\/export\/\",\"url\":\"https:\/\/pws-export.com\/export\/\",\"name\":\"Export - PWS\",\"isPartOf\":{\"@id\":\"https:\/\/pws-export.com\/#website\"},\"datePublished\":\"2020-08-28T08:39:30+00:00\",\"dateModified\":\"2024-09-26T07:18:54+00:00\",\"description\":\"PWS manages your wine exports, offering tailor-made selection, compliance, logistics and promotional support tailored to your markets.\",\"breadcrumb\":{\"@id\":\"https:\/\/pws-export.com\/export\/#breadcrumb\"},\"inLanguage\":\"de\",\"potentialAction\":[{\"@type\":\"ReadAction\",\"target\":[\"https:\/\/pws-export.com\/export\/\"]}]},{\"@type\":\"BreadcrumbList\",\"@id\":\"https:\/\/pws-export.com\/export\/#breadcrumb\",\"itemListElement\":[{\"@type\":\"ListItem\",\"position\":1,\"name\":\"Home\",\"item\":\"https:\/\/pws-export.com\/fr\/\"},{\"@type\":\"ListItem\",\"position\":2,\"name\":\"Export\"}]},{\"@type\":\"WebSite\",\"@id\":\"https:\/\/pws-export.com\/#website\",\"url\":\"https:\/\/pws-export.com\/\",\"name\":\"PWS\",\"description\":\"Producers Wines Selection - Export\",\"publisher\":{\"@id\":\"https:\/\/pws-export.com\/#organization\"},\"potentialAction\":[{\"@type\":\"SearchAction\",\"target\":{\"@type\":\"EntryPoint\",\"urlTemplate\":\"https:\/\/pws-export.com\/?s={search_term_string}\"},\"query-input\":{\"@type\":\"PropertyValueSpecification\",\"valueRequired\":true,\"valueName\":\"search_term_string\"}}],\"inLanguage\":\"de\"},{\"@type\":\"Organization\",\"@id\":\"https:\/\/pws-export.com\/#organization\",\"name\":\"PWS\",\"url\":\"https:\/\/pws-export.com\/\",\"logo\":{\"@type\":\"ImageObject\",\"inLanguage\":\"de\",\"@id\":\"https:\/\/pws-export.com\/#\/schema\/logo\/image\/\",\"url\":\"https:\/\/pws-export.com\/wp-content\/uploads\/2024\/06\/logo-PWS.jpeg\",\"contentUrl\":\"https:\/\/pws-export.com\/wp-content\/uploads\/2024\/06\/logo-PWS.jpeg\",\"width\":1406,\"height\":876,\"caption\":\"PWS\"},\"image\":{\"@id\":\"https:\/\/pws-export.com\/#\/schema\/logo\/image\/\"},\"sameAs\":[\"https:\/\/www.instagram.com\/pwsfrenchwines\/\",\"https:\/\/www.linkedin.com\/company\/pws-export-vins\/?viewAsMember=true\"]}]}<\/script>\n<!-- \/ Yoast SEO plugin. -->","yoast_head_json":{"title":"Export - PWS","description":"PWS manages your wine exports, offering tailor-made selection, compliance, logistics and promotional support tailored to your markets.","robots":{"index":"index","follow":"follow","max-snippet":"max-snippet:-1","max-image-preview":"max-image-preview:large","max-video-preview":"max-video-preview:-1"},"canonical":"https:\/\/pws-export.com\/de\/export\/","og_locale":"de_DE","og_type":"article","og_title":"Export - PWS","og_description":"PWS manages your wine exports, offering tailor-made selection, compliance, logistics and promotional support tailored to your markets.","og_url":"https:\/\/pws-export.com\/de\/export\/","og_site_name":"PWS","article_modified_time":"2024-09-26T07:18:54+00:00","twitter_card":"summary_large_image","twitter_misc":{"Gesch\u00e4tzte Lesezeit":"1\u00a0Minute"},"schema":{"@context":"https:\/\/schema.org","@graph":[{"@type":"WebPage","@id":"https:\/\/pws-export.com\/export\/","url":"https:\/\/pws-export.com\/export\/","name":"Export - PWS","isPartOf":{"@id":"https:\/\/pws-export.com\/#website"},"datePublished":"2020-08-28T08:39:30+00:00","dateModified":"2024-09-26T07:18:54+00:00","description":"PWS manages your wine exports, offering tailor-made selection, compliance, logistics and promotional support tailored to your markets.","breadcrumb":{"@id":"https:\/\/pws-export.com\/export\/#breadcrumb"},"inLanguage":"de","potentialAction":[{"@type":"ReadAction","target":["https:\/\/pws-export.com\/export\/"]}]},{"@type":"BreadcrumbList","@id":"https:\/\/pws-export.com\/export\/#breadcrumb","itemListElement":[{"@type":"ListItem","position":1,"name":"Home","item":"https:\/\/pws-export.com\/fr\/"},{"@type":"ListItem","position":2,"name":"Export"}]},{"@type":"WebSite","@id":"https:\/\/pws-export.com\/#website","url":"https:\/\/pws-export.com\/","name":"PWS","description":"Producers Wines Selection - Export","publisher":{"@id":"https:\/\/pws-export.com\/#organization"},"potentialAction":[{"@type":"SearchAction","target":{"@type":"EntryPoint","urlTemplate":"https:\/\/pws-export.com\/?s={search_term_string}"},"query-input":{"@type":"PropertyValueSpecification","valueRequired":true,"valueName":"search_term_string"}}],"inLanguage":"de"},{"@type":"Organization","@id":"https:\/\/pws-export.com\/#organization","name":"PWS","url":"https:\/\/pws-export.com\/","logo":{"@type":"ImageObject","inLanguage":"de","@id":"https:\/\/pws-export.com\/#\/schema\/logo\/image\/","url":"https:\/\/pws-export.com\/wp-content\/uploads\/2024\/06\/logo-PWS.jpeg","contentUrl":"https:\/\/pws-export.com\/wp-content\/uploads\/2024\/06\/logo-PWS.jpeg","width":1406,"height":876,"caption":"PWS"},"image":{"@id":"https:\/\/pws-export.com\/#\/schema\/logo\/image\/"},"sameAs":["https:\/\/www.instagram.com\/pwsfrenchwines\/","https:\/\/www.linkedin.com\/company\/pws-export-vins\/?viewAsMember=true"]}]}},"_links":{"self":[{"href":"https:\/\/pws-export.com\/de\/wp-json\/wp\/v2\/pages\/42"}],"collection":[{"href":"https:\/\/pws-export.com\/de\/wp-json\/wp\/v2\/pages"}],"about":[{"href":"https:\/\/pws-export.com\/de\/wp-json\/wp\/v2\/types\/page"}],"author":[{"embeddable":true,"href":"https:\/\/pws-export.com\/de\/wp-json\/wp\/v2\/users\/1"}],"replies":[{"embeddable":true,"href":"https:\/\/pws-export.com\/de\/wp-json\/wp\/v2\/comments?post=42"}],"version-history":[{"count":10,"href":"https:\/\/pws-export.com\/de\/wp-json\/wp\/v2\/pages\/42\/revisions"}],"predecessor-version":[{"id":832,"href":"https:\/\/pws-export.com\/de\/wp-json\/wp\/v2\/pages\/42\/revisions\/832"}],"wp:attachment":[{"href":"https:\/\/pws-export.com\/de\/wp-json\/wp\/v2\/media?parent=42"}],"curies":[{"name":"wp","href":"https:\/\/api.w.org\/{rel}","templated":true}]}}