{"id":44,"date":"2020-08-28T08:40:08","date_gmt":"2020-08-28T08:40:08","guid":{"rendered":"https:\/\/pws-export.com\/?page_id=44"},"modified":"2024-09-26T07:13:31","modified_gmt":"2024-09-26T07:13:31","slug":"tailor-made-2","status":"publish","type":"page","link":"https:\/\/pws-export.com\/de\/tailor-made-2\/","title":{"rendered":"Ma\u00dfgeschneidert"},"content":{"rendered":"[et_pb_section fb_built= \"1\u2033 _builder_version= \"4.6.0\u2033 _module_preset= \"default \" custom_padding= \"0px||0px||false|false \" locked= \"off\" global_colors_info= \"{} \"][et_pb_row column_structure= \"1_2,1_2\u2033 use_custom_gutter= \"on \" gutter_width= \"1\u2033 make_equal= \"on \" _builder_version= \"4.6.0\u2033 _module_preset= \"default \" width= \"100% \" max_width= \"100% \" min_height= \"100vh\" min_height_tablet= \" \" min_height_phone= \" \" min_height_last_edited= \"on|desktop \" max_height= \"100vh\" max_height_tablet= \" \" max_height_phone= \" \" max_height_last_edited= \"on|desktop \" overflow-.x= \"hidden \" overflow-y= \"hidden \" custom_padding= \"0px||0px||false|false \" hover_enabled= \"0\u2033 global_colors_info= \"{} \" sticky_enabled= \"0\u2033][et_pb_column type= \"1_2\u2033 _builder_version= \"4.14.2\u2033 _module_preset= \"default \" use_background_color_gradient= \"on\" background_gradient_start= \"rgba(0,0,0) \" background_color_gradient_end= \"rgba(0,0,0,0.25) \" background_color_gradient_overlays_image= \"on\" background_image= \"https:\/\/pws-export.com\/wp-content\/uploads\/2021\/12\/Screenshot-2021-12-23-\u00e0-15.13.28.png \" hover_enabled= \"0\u2033 global_colors_info= \"{} \" title_text= \"Screenshot 2021-12-23 um 15.13.28\u2033 background_size= \"contain\" sticky_enabled= \"0\u2033][\/et_pb_column][et_pb_column type= \"1_2\u2033 _builder_version= \"4.6.0\u2033 _module_preset= \"default \" custom_padding= \"8%|8%|8%|8%|false|false \" global_colors_info= \"{} \"][et_pb_text _builder_version= \"4.6.1\u2033 _module_preset= \"default \" text_text_color= \"#000000\u2033 header_line_height= \"2em \" global_colors_info= \"{} \"]<h1>Ma\u00dfgeschneidert<\/h1>\n<p>PWS stellt seine Ressourcen zur Verf\u00fcgung, um eine einzigartige Produktreihe nach Ihrem Bild zu erstellen.<\/p>\n<p>Dank dieses Dienstes haben Sie die M\u00f6glichkeit :<\/p>\n<p>- W\u00e4hlen Sie Ihren Wein, Ihre AOC und Ihr Profil aus<br \/>- Ihre Mindestmengen im Hinblick auf Budgets optimieren<br \/>- Entscheiden Sie \u00fcber die Marke in ihrem Marketingaspekt und unter Beachtung der Legalit\u00e4t.<br \/>- Ein Etikett nach Ihren Bed\u00fcrfnissen gestalten<br \/>- Ihre Verpackungen (Flaschen, Kartons usw.) an die Zielpositionierung anpassen<br \/>- Follow-up zu einem exklusiven Produkt erhalten<br \/>- Sich von der Masse abheben, indem Sie ein eigenes Marketinguniversum f\u00fcr Ihr Projekt schaffen<br \/>- Erleichterungen: Lieferung von T\u00fcr zu T\u00fcr, wenn n\u00f6tig<\/p>[\/et_pb_text][\/et_pb_column][\/et_pb_row][\/et_pb_section]","protected":false},"excerpt":{"rendered":"<p>Ma\u00dfgeschneidert PWS stellt seine Ressourcen zur Verf\u00fcgung, um ein einzigartiges Sortiment nach Ihrem Bild zu erstellen. Mit diesem Service haben Sie die M\u00f6glichkeit, : - W\u00e4hlen Sie Ihren Wein, Ihre AOC und Ihr Profil- Optimieren Sie Ihre Mindestmengen in Abh\u00e4ngigkeit von den Budgets- Entscheiden Sie \u00fcber die Marke in ihrem Marketingaspekt und in der Einhaltung der... <a class=\"continue\" href=\"https:\/\/pws-export.com\/de\/tailor-made-2\/\">Continue Reading<span> Ma\u00dfgeschneidert<\/span><\/a><\/p>","protected":false},"author":1,"featured_media":0,"parent":0,"menu_order":0,"comment_status":"closed","ping_status":"closed","template":"","meta":{"_seopress_robots_primary_cat":"","_seopress_titles_title":"Tailor-made - PWS French Wines","_seopress_titles_desc":"Explore our tailored solutions to meet your unique needs. PWS creates personalized experiences that make a difference.","_seopress_robots_index":"","_et_pb_use_builder":"on","_et_pb_old_content":"<!-- wp:divi\/placeholder \/-->","_et_gb_content_width":"","footnotes":""},"yoast_head":"<!-- This site is optimized with the Yoast SEO plugin v23.5 - https:\/\/yoast.com\/wordpress\/plugins\/seo\/ -->\n<title>Sur-mesure - PWS<\/title>\n<meta name=\"description\" content=\"Explore our tailored solutions to meet your unique needs. PWS creates personalized experiences that make a difference.\" \/>\n<meta name=\"robots\" content=\"index, follow, max-snippet:-1, max-image-preview:large, max-video-preview:-1\" \/>\n<link rel=\"canonical\" href=\"https:\/\/pws-export.com\/de\/tailor-made-2\/\" \/>\n<meta property=\"og:locale\" content=\"de_DE\" \/>\n<meta property=\"og:type\" content=\"article\" \/>\n<meta property=\"og:title\" content=\"Sur-mesure - PWS\" \/>\n<meta property=\"og:description\" content=\"Explore our tailored solutions to meet your unique needs. PWS creates personalized experiences that make a difference.\" \/>\n<meta property=\"og:url\" content=\"https:\/\/pws-export.com\/de\/tailor-made-2\/\" \/>\n<meta property=\"og:site_name\" content=\"PWS\" \/>\n<meta property=\"article:modified_time\" content=\"2024-09-26T07:13:31+00:00\" \/>\n<meta name=\"twitter:card\" content=\"summary_large_image\" \/>\n<meta name=\"twitter:label1\" content=\"Gesch\u00e4tzte Lesezeit\" \/>\n\t<meta name=\"twitter:data1\" content=\"1\u00a0Minute\" \/>\n<script type=\"application\/ld+json\" class=\"yoast-schema-graph\">{\"@context\":\"https:\/\/schema.org\",\"@graph\":[{\"@type\":\"WebPage\",\"@id\":\"https:\/\/pws-export.com\/tailor-made-2\/\",\"url\":\"https:\/\/pws-export.com\/tailor-made-2\/\",\"name\":\"Sur-mesure - PWS\",\"isPartOf\":{\"@id\":\"https:\/\/pws-export.com\/#website\"},\"datePublished\":\"2020-08-28T08:40:08+00:00\",\"dateModified\":\"2024-09-26T07:13:31+00:00\",\"description\":\"Explore our tailored solutions to meet your unique needs. PWS creates personalized experiences that make a difference.\",\"breadcrumb\":{\"@id\":\"https:\/\/pws-export.com\/tailor-made-2\/#breadcrumb\"},\"inLanguage\":\"de\",\"potentialAction\":[{\"@type\":\"ReadAction\",\"target\":[\"https:\/\/pws-export.com\/tailor-made-2\/\"]}]},{\"@type\":\"BreadcrumbList\",\"@id\":\"https:\/\/pws-export.com\/tailor-made-2\/#breadcrumb\",\"itemListElement\":[{\"@type\":\"ListItem\",\"position\":1,\"name\":\"Home\",\"item\":\"https:\/\/pws-export.com\/fr\/\"},{\"@type\":\"ListItem\",\"position\":2,\"name\":\"Sur-mesure\"}]},{\"@type\":\"WebSite\",\"@id\":\"https:\/\/pws-export.com\/#website\",\"url\":\"https:\/\/pws-export.com\/\",\"name\":\"PWS\",\"description\":\"Producers Wines Selection - Export\",\"publisher\":{\"@id\":\"https:\/\/pws-export.com\/#organization\"},\"potentialAction\":[{\"@type\":\"SearchAction\",\"target\":{\"@type\":\"EntryPoint\",\"urlTemplate\":\"https:\/\/pws-export.com\/?s={search_term_string}\"},\"query-input\":{\"@type\":\"PropertyValueSpecification\",\"valueRequired\":true,\"valueName\":\"search_term_string\"}}],\"inLanguage\":\"de\"},{\"@type\":\"Organization\",\"@id\":\"https:\/\/pws-export.com\/#organization\",\"name\":\"PWS\",\"url\":\"https:\/\/pws-export.com\/\",\"logo\":{\"@type\":\"ImageObject\",\"inLanguage\":\"de\",\"@id\":\"https:\/\/pws-export.com\/#\/schema\/logo\/image\/\",\"url\":\"https:\/\/pws-export.com\/wp-content\/uploads\/2024\/06\/logo-PWS.jpeg\",\"contentUrl\":\"https:\/\/pws-export.com\/wp-content\/uploads\/2024\/06\/logo-PWS.jpeg\",\"width\":1406,\"height\":876,\"caption\":\"PWS\"},\"image\":{\"@id\":\"https:\/\/pws-export.com\/#\/schema\/logo\/image\/\"},\"sameAs\":[\"https:\/\/www.instagram.com\/pwsfrenchwines\/\",\"https:\/\/www.linkedin.com\/company\/pws-export-vins\/?viewAsMember=true\"]}]}<\/script>\n<!-- \/ Yoast SEO plugin. -->","yoast_head_json":{"title":"Sur-mesure - PWS","description":"Explore our tailored solutions to meet your unique needs. PWS creates personalized experiences that make a difference.","robots":{"index":"index","follow":"follow","max-snippet":"max-snippet:-1","max-image-preview":"max-image-preview:large","max-video-preview":"max-video-preview:-1"},"canonical":"https:\/\/pws-export.com\/de\/tailor-made-2\/","og_locale":"de_DE","og_type":"article","og_title":"Sur-mesure - PWS","og_description":"Explore our tailored solutions to meet your unique needs. PWS creates personalized experiences that make a difference.","og_url":"https:\/\/pws-export.com\/de\/tailor-made-2\/","og_site_name":"PWS","article_modified_time":"2024-09-26T07:13:31+00:00","twitter_card":"summary_large_image","twitter_misc":{"Gesch\u00e4tzte Lesezeit":"1\u00a0Minute"},"schema":{"@context":"https:\/\/schema.org","@graph":[{"@type":"WebPage","@id":"https:\/\/pws-export.com\/tailor-made-2\/","url":"https:\/\/pws-export.com\/tailor-made-2\/","name":"Sur-mesure - PWS","isPartOf":{"@id":"https:\/\/pws-export.com\/#website"},"datePublished":"2020-08-28T08:40:08+00:00","dateModified":"2024-09-26T07:13:31+00:00","description":"Explore our tailored solutions to meet your unique needs. PWS creates personalized experiences that make a difference.","breadcrumb":{"@id":"https:\/\/pws-export.com\/tailor-made-2\/#breadcrumb"},"inLanguage":"de","potentialAction":[{"@type":"ReadAction","target":["https:\/\/pws-export.com\/tailor-made-2\/"]}]},{"@type":"BreadcrumbList","@id":"https:\/\/pws-export.com\/tailor-made-2\/#breadcrumb","itemListElement":[{"@type":"ListItem","position":1,"name":"Home","item":"https:\/\/pws-export.com\/fr\/"},{"@type":"ListItem","position":2,"name":"Sur-mesure"}]},{"@type":"WebSite","@id":"https:\/\/pws-export.com\/#website","url":"https:\/\/pws-export.com\/","name":"PWS","description":"Producers Wines Selection - Export","publisher":{"@id":"https:\/\/pws-export.com\/#organization"},"potentialAction":[{"@type":"SearchAction","target":{"@type":"EntryPoint","urlTemplate":"https:\/\/pws-export.com\/?s={search_term_string}"},"query-input":{"@type":"PropertyValueSpecification","valueRequired":true,"valueName":"search_term_string"}}],"inLanguage":"de"},{"@type":"Organization","@id":"https:\/\/pws-export.com\/#organization","name":"PWS","url":"https:\/\/pws-export.com\/","logo":{"@type":"ImageObject","inLanguage":"de","@id":"https:\/\/pws-export.com\/#\/schema\/logo\/image\/","url":"https:\/\/pws-export.com\/wp-content\/uploads\/2024\/06\/logo-PWS.jpeg","contentUrl":"https:\/\/pws-export.com\/wp-content\/uploads\/2024\/06\/logo-PWS.jpeg","width":1406,"height":876,"caption":"PWS"},"image":{"@id":"https:\/\/pws-export.com\/#\/schema\/logo\/image\/"},"sameAs":["https:\/\/www.instagram.com\/pwsfrenchwines\/","https:\/\/www.linkedin.com\/company\/pws-export-vins\/?viewAsMember=true"]}]}},"_links":{"self":[{"href":"https:\/\/pws-export.com\/de\/wp-json\/wp\/v2\/pages\/44"}],"collection":[{"href":"https:\/\/pws-export.com\/de\/wp-json\/wp\/v2\/pages"}],"about":[{"href":"https:\/\/pws-export.com\/de\/wp-json\/wp\/v2\/types\/page"}],"author":[{"embeddable":true,"href":"https:\/\/pws-export.com\/de\/wp-json\/wp\/v2\/users\/1"}],"replies":[{"embeddable":true,"href":"https:\/\/pws-export.com\/de\/wp-json\/wp\/v2\/comments?post=44"}],"version-history":[{"count":15,"href":"https:\/\/pws-export.com\/de\/wp-json\/wp\/v2\/pages\/44\/revisions"}],"predecessor-version":[{"id":853,"href":"https:\/\/pws-export.com\/de\/wp-json\/wp\/v2\/pages\/44\/revisions\/853"}],"wp:attachment":[{"href":"https:\/\/pws-export.com\/de\/wp-json\/wp\/v2\/media?parent=44"}],"curies":[{"name":"wp","href":"https:\/\/api.w.org\/{rel}","templated":true}]}}