{"id":12,"date":"2020-08-28T08:31:26","date_gmt":"2020-08-28T08:31:26","guid":{"rendered":"https:\/\/pws-export.com\/?page_id=12"},"modified":"2024-09-26T06:24:12","modified_gmt":"2024-09-26T06:24:12","slug":"about","status":"publish","type":"page","link":"https:\/\/pws-export.com\/en\/about\/","title":{"rendered":"About us"},"content":{"rendered":"[et_pb_section fb_built=\"1\u2033 module_id=\"history\" module_class=\"history\" _builder_version=\"4.6.1\u2033 _module_preset=\"default \" global_colors_info=\"{} \"][et_pb_row column_structure=\"1_2,1_2\u2033 _builder_version=\"4.6.1\u2033 _module_preset=\"default \" global_colors_info=\"{} \"][et_pb_column type=\"1_2\u2033 _builder_version=\"4.6.0\u2033 _module_preset=\"default \" global_colors_info=\"{} \"][et_pb_text _builder_version=\"4.14.2\u2033 _module_preset=\"b88466f2-ad11-41c7-940a-9585eb31fd5a \" header_line_height=\"2em \" global_colors_info=\"{} \"]<h1>History<\/h1>\n<p>[BORDEAUX ROOTS]<\/p>\n<p><strong>Domaine du Tireberey<\/strong><\/p>\n<p><span>Domaine du Tireberey, owned by Christian Pujol, is a vineyard located on the hills near the commune of Arbis, in the heart of the Bordeaux-Haut-B\u00e9nauge appellation area, one of the highest quality in the region.<\/span><\/p>\n<p><span>The family estate dates back to the 1900s, Christian having acquired it from his own mother in the 1960s, with just a few plots in the middle of a dense forest at the time. After years of hard work, Christian created 6 hectares of rich, vigorous vines, which are still in production today. <\/span><\/p>\n<p><span>Its mission has always been in keeping with this unique terroir: to produce exceptional wines and share them with as many people as possible.<\/span><\/p>\n<p>&nbsp;<\/p>\n<p><strong>Ch\u00e2teau Merlin Frontenac<\/strong><\/p>\n<p><span>Ch\u00e2teau Merlin Frontenac, owned by Yannick GARRAS and his wife Christianne Pujol, is located in the commune of Frontenac in the Bordeaux entre-deux-mers region.<\/span><\/p>\n<p><span>A family vineyard for over a century, owned by Yannick GARRAS's great-grandfather in the 1900s, it was initially a mixed farming operation with cereals, vines and livestock. <\/span><\/p>\n<p><span>Yannick took over the running of the estate in 1974 when he was just 20 years old. Despite his youth, he still passed his diploma in viticulture and oenology at La Tour Blanche in Bordeaux. Over the years, this practical experience has enabled him to improve his technique, both in his 18 hectares of vines and in the cellar, to produce an exceptional wine today.<\/span><\/p>\n<p><span>The ch\u00e2teau is renowned in the region for its quality - the terroir is wedged between two rivers (Engranne and Gourmeron), on a hillside divided between clay-limestone slopes with boulb\u00e8nes on the upper slopes, resulting in a supple, aromatic wine with shared values.<\/span><\/p>\n<p><strong>PWS EXPORT-WINES<\/strong><\/p>\n<p><span>Grandson of Christian and nephew of Christianne and Yannick, Pierre Olivier Rives' origins lie in the world of wine. A graduate of the Mast\u00e8re Sp\u00e9cialis\u00e9 Vins &amp; Spiritueux Facult\u00e9 d'Oenologie de Bordeaux (KEDGE programme) and WSET3, with a passion for wine and travel, it was driven by the family vision that he turned to the export market, to share the fruit of secrets handed down from generation to generation. <\/span><\/p>\n<p><span>In 2018, PWS (Producers - Wines - Selection) was created in Bordeaux. A French trading company specialising in wine exports, its mission is to share the wines and culture of France's terroirs, and to become \"the voice of winegrowers internationally\", whether they work in cooperative or independent wineries, or are organic or conventional. As demand for other wines has grown, PWS has been able to expand its product portfolio, now representing over a hundred winegrowers throughout France. <\/span><\/p>\n<p>In 2020, the first representative office will be opened.<span>\u00e9<\/span>presentation is open <span>\u00e0<\/span> l'<span>\u00e9<\/span>(Shanghai, China), today located in<span>Located in the heart of Shanghai, the office is set for growth with the recruitment of a marketing and sales team.<\/span><span><\/span><\/p>\n<p><span>In 2022, PWS will continue its development in search of partners in new markets.<\/span><\/p>[\/et_pb_text][\/et_pb_column][et_pb_column type=\"1_2\u2033 _builder_version=\"4.6.1\u2033 _module_preset=\"default \" sticky_position=\"top \" sticky_limit_bottom=\"section \" sticky_position_tablet=\"none \" sticky_position_phone=\"none \" sticky_position_last_edited=\"on|phone \" global_colors_info=\"{} \"][et_pb_image src= \"https:\/\/pws-export.com\/wp-content\/uploads\/2020\/09\/PO-scaled.jpg \" title_text=\"PO \" _builder_version=\"4.6.0\u2033 _module_preset=\"default \" custom_padding=\"10%||||false|false \" sticky_limit_bottom=\"section \" global_colors_info=\"{} \"][\/et_pb_image][\/et_pb_column][\/et_pb_row][\/et_pb_section][et_pb_section fb_built=\"1\u2033 module_id=\"values\" module_class=\"values\" _builder_version=\"4.6.1\u2033 _module_preset=\"default \" custom_padding=\"5vw||||false|false \" global_colors_info=\"{} \"][et_pb_row column_structure=\"1_2,1_2\u2033 _builder_version=\"4.6.1\u2033 _module_preset=\"default \" global_colors_info=\"{} \"][et_pb_column type=\"1_2\u2033 _builder_version=\"4.6.1\u2033 _module_preset=\"default \" sticky_position=\"top \" sticky_limit_bottom=\"section \" sticky_position_tablet=\"none \" sticky_position_phone=\"none \" sticky_position_last_edited=\"on|tablet \" global_colors_info=\"{}\"][et_pb_image src= \"https:\/\/pws-export.com\/wp-content\/uploads\/2020\/09\/maja-petric-vGQ49l9I4EE-unsplash-scaled.jpg \" title_text=\"maja-petric-vGQ49l9I4EE-unsplash\" _builder_version=\"4.6.0\u2033 _module_preset=\"default \" custom_padding=\"10%||||false|false \" global_colors_info=\"{}\"][\/et_pb_image][\/et_pb_column][et_pb_column type=\"1_2\u2033 _builder_version=\"4.6.0\u2033 _module_preset=\"default \" global_colors_info=\"{} \"][et_pb_text _builder_version=\"4.6.5\u2033 _module_preset=\"b88466f2-ad11-41c7-940a-9585eb31fd5a \" header_line_height=\"2em \" header_2_font_size=\"22px \" global_colors_info=\"{} \"]<h1>Values<\/h1>\n<p>We help promote French winegrowers and terroirs on the export market.<\/p>\n<h2>Our standards are responsiveness, service and quality.<\/h2>\n<p>In this age of excessive consumption, PWS's mission is to offer you a portfolio of quality products. We believe that wine is much more than an alcoholic beverage. It is an art of living and consuming that is unique to each culture. That's why we strive to find quality wines with added value while respecting and meeting your needs.<\/p>\n<h2>We share more than just wine: the values of sharing, listening to markets and reliability.<\/h2>\n<p>Wine also represents sharing and the joy of getting together with others, whether during the harvest or the tasting. At PWS, we share this warm-hearted work ethic while tailoring our range to your needs: a selection that is both reliable and comprehensive.<\/p>\n<h2>We work to the highest standards of precision and can provide you with extensive expertise in the field of major exports.<\/h2>\n<p>Exporting requires precise knowledge of French and foreign standards, as well as of production and logistical conditions. We provide you with serious support while retaining maximum flexibility (choice of packaging, product groupings, payment terms, product portfolio and wine profiles).<\/p>[\/et_pb_text][\/et_pb_column][\/et_pb_row][\/et_pb_section][et_pb_section fb_built=\"1\u2033 module_id=\"positioning\" module_class=\"positioning\" _builder_version=\"4.6.1\u2033 _module_preset=\"default \" custom_padding=\"5vw||||false|false \" global_colors_info=\"{} \"][et_pb_row column_structure=\"1_2,1_2\u2033 _builder_version=\"4.6.0\u2033 _module_preset=\"default \" global_colors_info=\"{} \"][et_pb_column type=\"1_2\u2033 _builder_version=\"4.6.0\u2033 _module_preset=\"default \" global_colors_info=\"{} \"][et_pb_text _builder_version=\"4.6.0\u2033 _module_preset=\"b88466f2-ad11-41c7-940a-9585eb31fd5a \" header_line_height=\"2em \" global_colors_info=\"{} \"]<h1>Positioning<\/h1>\n<p>In a highly competitive sector, PWS's mission is to market and promote French wine internationally: the voice of French winegrowers on the international stage.<\/p>\n<p>Coming from a family of winegrowers, the founder of PWS is naturally close to the family estates. The watchword is irreproachable product quality, and PWS guarantees this through the meticulous choice of its partners.<\/p>\n<p>We value quality terroirs and have a mission to promote local producers around the world. PWS brings over 10 years' experience in the wine sector to offer a unique, made-to-measure service by offering flexibility, notably through the possibility of brand customisation or tailor-made projects.<\/p>[\/et_pb_text][\/et_pb_column][et_pb_column type=\"1_2\u2033 _builder_version=\"4.6.0\u2033 _module_preset=\"default \" global_colors_info=\"{} \"][et_pb_image src= \"https:\/\/pws-export.com\/wp-content\/uploads\/2020\/09\/Positionnement.jpg \" title_text=\"Positioning\" _builder_version=\"4.6.0\u2033 _module_preset=\"default \" custom_padding=\"10%||||false|false \" global_colors_info=\"{} \"][\/et_pb_image][\/et_pb_column][\/et_pb_row][\/et_pb_section]","protected":false},"excerpt":{"rendered":"<p>History [DES RACINES BORDELAISES] Domaine du Tireberey The Domaine du Tireberey, owned by Christian Pujol, is a vineyard situated in the hills near the commune of Arbis, in the heart of the Bordeaux-Haut-B\u00e9nauge appellation area, one of the highest quality in the region. The family estate dates back to the 1900s, Christian having acquired it from his own mother in... <a class=\"continue\" href=\"https:\/\/pws-export.com\/en\/about\/\">Continue Reading<span> About us<\/span><\/a><\/p>","protected":false},"author":1,"featured_media":0,"parent":0,"menu_order":0,"comment_status":"closed","ping_status":"closed","template":"","meta":{"_seopress_robots_primary_cat":"","_seopress_titles_title":"About - PWS French Wines","_seopress_titles_desc":"Discover PWS, a French trading structure specialized in wine export, which aims to share wines from the French terroirs.","_seopress_robots_index":"","_et_pb_use_builder":"on","_et_pb_old_content":"<!-- wp:divi\/placeholder \/-->","_et_gb_content_width":"","footnotes":""},"yoast_head":"<!-- This site is optimized with the Yoast SEO plugin v23.5 - https:\/\/yoast.com\/wordpress\/plugins\/seo\/ -->\n<title>A propos - PWS<\/title>\n<meta name=\"description\" content=\"Discover PWS, a French trading structure specialized in wine export, which aims to share wines from the French terroirs.\" \/>\n<meta name=\"robots\" content=\"index, follow, max-snippet:-1, max-image-preview:large, max-video-preview:-1\" \/>\n<link rel=\"canonical\" href=\"https:\/\/pws-export.com\/en\/about\/\" \/>\n<meta property=\"og:locale\" content=\"en_GB\" \/>\n<meta property=\"og:type\" content=\"article\" \/>\n<meta property=\"og:title\" content=\"A propos - PWS\" \/>\n<meta property=\"og:description\" content=\"Discover PWS, a French trading structure specialized in wine export, which aims to share wines from the French terroirs.\" \/>\n<meta property=\"og:url\" content=\"https:\/\/pws-export.com\/en\/about\/\" \/>\n<meta property=\"og:site_name\" content=\"PWS\" \/>\n<meta property=\"article:modified_time\" content=\"2024-09-26T06:24:12+00:00\" \/>\n<meta name=\"twitter:card\" content=\"summary_large_image\" \/>\n<meta name=\"twitter:label1\" content=\"Estimated reading time\" \/>\n\t<meta name=\"twitter:data1\" content=\"5 minutes\" \/>\n<script type=\"application\/ld+json\" class=\"yoast-schema-graph\">{\"@context\":\"https:\/\/schema.org\",\"@graph\":[{\"@type\":\"WebPage\",\"@id\":\"https:\/\/pws-export.com\/about\/\",\"url\":\"https:\/\/pws-export.com\/about\/\",\"name\":\"A propos - PWS\",\"isPartOf\":{\"@id\":\"https:\/\/pws-export.com\/#website\"},\"datePublished\":\"2020-08-28T08:31:26+00:00\",\"dateModified\":\"2024-09-26T06:24:12+00:00\",\"description\":\"Discover PWS, a French trading structure specialized in wine export, which aims to share wines from the French terroirs.\",\"breadcrumb\":{\"@id\":\"https:\/\/pws-export.com\/about\/#breadcrumb\"},\"inLanguage\":\"en-GB\",\"potentialAction\":[{\"@type\":\"ReadAction\",\"target\":[\"https:\/\/pws-export.com\/about\/\"]}]},{\"@type\":\"BreadcrumbList\",\"@id\":\"https:\/\/pws-export.com\/about\/#breadcrumb\",\"itemListElement\":[{\"@type\":\"ListItem\",\"position\":1,\"name\":\"Home\",\"item\":\"https:\/\/pws-export.com\/fr\/\"},{\"@type\":\"ListItem\",\"position\":2,\"name\":\"A propos\"}]},{\"@type\":\"WebSite\",\"@id\":\"https:\/\/pws-export.com\/#website\",\"url\":\"https:\/\/pws-export.com\/\",\"name\":\"PWS\",\"description\":\"Producers Wines Selection - Export\",\"publisher\":{\"@id\":\"https:\/\/pws-export.com\/#organization\"},\"potentialAction\":[{\"@type\":\"SearchAction\",\"target\":{\"@type\":\"EntryPoint\",\"urlTemplate\":\"https:\/\/pws-export.com\/?s={search_term_string}\"},\"query-input\":{\"@type\":\"PropertyValueSpecification\",\"valueRequired\":true,\"valueName\":\"search_term_string\"}}],\"inLanguage\":\"en-GB\"},{\"@type\":\"Organization\",\"@id\":\"https:\/\/pws-export.com\/#organization\",\"name\":\"PWS\",\"url\":\"https:\/\/pws-export.com\/\",\"logo\":{\"@type\":\"ImageObject\",\"inLanguage\":\"en-GB\",\"@id\":\"https:\/\/pws-export.com\/#\/schema\/logo\/image\/\",\"url\":\"https:\/\/pws-export.com\/wp-content\/uploads\/2024\/06\/logo-PWS.jpeg\",\"contentUrl\":\"https:\/\/pws-export.com\/wp-content\/uploads\/2024\/06\/logo-PWS.jpeg\",\"width\":1406,\"height\":876,\"caption\":\"PWS\"},\"image\":{\"@id\":\"https:\/\/pws-export.com\/#\/schema\/logo\/image\/\"},\"sameAs\":[\"https:\/\/www.instagram.com\/pwsfrenchwines\/\",\"https:\/\/www.linkedin.com\/company\/pws-export-vins\/?viewAsMember=true\"]}]}<\/script>\n<!-- \/ Yoast SEO plugin. -->","yoast_head_json":{"title":"A propos - PWS","description":"Discover PWS, a French trading structure specialized in wine export, which aims to share wines from the French terroirs.","robots":{"index":"index","follow":"follow","max-snippet":"max-snippet:-1","max-image-preview":"max-image-preview:large","max-video-preview":"max-video-preview:-1"},"canonical":"https:\/\/pws-export.com\/en\/about\/","og_locale":"en_GB","og_type":"article","og_title":"A propos - PWS","og_description":"Discover PWS, a French trading structure specialized in wine export, which aims to share wines from the French terroirs.","og_url":"https:\/\/pws-export.com\/en\/about\/","og_site_name":"PWS","article_modified_time":"2024-09-26T06:24:12+00:00","twitter_card":"summary_large_image","twitter_misc":{"Estimated reading time":"5 minutes"},"schema":{"@context":"https:\/\/schema.org","@graph":[{"@type":"WebPage","@id":"https:\/\/pws-export.com\/about\/","url":"https:\/\/pws-export.com\/about\/","name":"A propos - PWS","isPartOf":{"@id":"https:\/\/pws-export.com\/#website"},"datePublished":"2020-08-28T08:31:26+00:00","dateModified":"2024-09-26T06:24:12+00:00","description":"Discover PWS, a French trading structure specialized in wine export, which aims to share wines from the French terroirs.","breadcrumb":{"@id":"https:\/\/pws-export.com\/about\/#breadcrumb"},"inLanguage":"en-GB","potentialAction":[{"@type":"ReadAction","target":["https:\/\/pws-export.com\/about\/"]}]},{"@type":"BreadcrumbList","@id":"https:\/\/pws-export.com\/about\/#breadcrumb","itemListElement":[{"@type":"ListItem","position":1,"name":"Home","item":"https:\/\/pws-export.com\/fr\/"},{"@type":"ListItem","position":2,"name":"A propos"}]},{"@type":"WebSite","@id":"https:\/\/pws-export.com\/#website","url":"https:\/\/pws-export.com\/","name":"PWS","description":"Producers Wines Selection - Export","publisher":{"@id":"https:\/\/pws-export.com\/#organization"},"potentialAction":[{"@type":"SearchAction","target":{"@type":"EntryPoint","urlTemplate":"https:\/\/pws-export.com\/?s={search_term_string}"},"query-input":{"@type":"PropertyValueSpecification","valueRequired":true,"valueName":"search_term_string"}}],"inLanguage":"en-GB"},{"@type":"Organization","@id":"https:\/\/pws-export.com\/#organization","name":"PWS","url":"https:\/\/pws-export.com\/","logo":{"@type":"ImageObject","inLanguage":"en-GB","@id":"https:\/\/pws-export.com\/#\/schema\/logo\/image\/","url":"https:\/\/pws-export.com\/wp-content\/uploads\/2024\/06\/logo-PWS.jpeg","contentUrl":"https:\/\/pws-export.com\/wp-content\/uploads\/2024\/06\/logo-PWS.jpeg","width":1406,"height":876,"caption":"PWS"},"image":{"@id":"https:\/\/pws-export.com\/#\/schema\/logo\/image\/"},"sameAs":["https:\/\/www.instagram.com\/pwsfrenchwines\/","https:\/\/www.linkedin.com\/company\/pws-export-vins\/?viewAsMember=true"]}]}},"_links":{"self":[{"href":"https:\/\/pws-export.com\/en\/wp-json\/wp\/v2\/pages\/12"}],"collection":[{"href":"https:\/\/pws-export.com\/en\/wp-json\/wp\/v2\/pages"}],"about":[{"href":"https:\/\/pws-export.com\/en\/wp-json\/wp\/v2\/types\/page"}],"author":[{"embeddable":true,"href":"https:\/\/pws-export.com\/en\/wp-json\/wp\/v2\/users\/1"}],"replies":[{"embeddable":true,"href":"https:\/\/pws-export.com\/en\/wp-json\/wp\/v2\/comments?post=12"}],"version-history":[{"count":32,"href":"https:\/\/pws-export.com\/en\/wp-json\/wp\/v2\/pages\/12\/revisions"}],"predecessor-version":[{"id":842,"href":"https:\/\/pws-export.com\/en\/wp-json\/wp\/v2\/pages\/12\/revisions\/842"}],"wp:attachment":[{"href":"https:\/\/pws-export.com\/en\/wp-json\/wp\/v2\/media?parent=12"}],"curies":[{"name":"wp","href":"https:\/\/api.w.org\/{rel}","templated":true}]}}