{"id":38,"date":"2020-08-28T08:39:05","date_gmt":"2020-08-28T08:39:05","guid":{"rendered":"https:\/\/pws-export.com\/?page_id=38"},"modified":"2024-09-26T06:32:51","modified_gmt":"2024-09-26T06:32:51","slug":"independent-winemakers","status":"publish","type":"page","link":"https:\/\/pws-export.com\/en\/independent-winemakers\/","title":{"rendered":"Independent winegrowers"},"content":{"rendered":"[et_pb_section fb_built=\u00a0\u00bb1&Prime; _builder_version=\u00a0\u00bb4.16&Prime; _module_preset=\u00a0\u00bbdefault\u00a0\u00bb background_color=\u00a0\u00bb#f4f4f4&Prime; locked=\u00a0\u00bboff\u00a0\u00bb global_colors_info=\u00a0\u00bb{}\u00a0\u00bb][et_pb_row column_structure=\u00a0\u00bb1_2,1_2&Prime; _builder_version=\u00a0\u00bb4.16&Prime; _module_preset=\u00a0\u00bbdefault\u00a0\u00bb global_colors_info=\u00a0\u00bb{}\u00a0\u00bb][et_pb_column type=\u00a0\u00bb1_2&Prime; _builder_version=\u00a0\u00bb4.16&Prime; _module_preset=\u00a0\u00bbdefault\u00a0\u00bb global_colors_info=\u00a0\u00bb{}\u00a0\u00bb][et_pb_text _builder_version=\u00a0\u00bb4.16&Prime; _module_preset=\u00a0\u00bbdefault\u00a0\u00bb global_colors_info=\u00a0\u00bb{}\u00a0\u00bb]<h1>Independent Winegrowers<\/h1>[\/et_pb_text][et_pb_image src=\u00a0\u00bbhttps:\/\/pws-export.com\/wp-content\/uploads\/2020\/09\/Ch\u00e2teau-Pardaillan-2-scaled.jpg\u00a0\u00bb title_text=\u00a0\u00bbCh\u00e2teau Pardaillan \u00a0\u00bb _builder_version=\u00a0\u00bb4.25.0&Prime; _module_preset=\u00a0\u00bbdefault\u00a0\u00bb hover_enabled=\u00a0\u00bb0&Prime; global_colors_info=\u00a0\u00bb{}\u00a0\u00bb alt=\u00a0\u00bbCh\u00e2teau Pardaillan Red Wine \u00a0\u00bb sticky_enabled=\u00a0\u00bb0&Prime;][\/et_pb_image][\/et_pb_column][et_pb_column type=\u00a0\u00bb1_2&Prime; _builder_version=\u00a0\u00bb4.16&Prime; _module_preset=\u00a0\u00bbdefault\u00a0\u00bb global_colors_info=\u00a0\u00bb{}\u00a0\u00bb][et_pb_text _builder_version=\u00a0\u00bb4.16&Prime; _module_preset=\u00a0\u00bbb88466f2-ad11-41c7-940a-9585eb31fd5a\u00a0\u00bb custom_padding=\u00a0\u00bb3vw||||false|false\u00a0\u00bb global_colors_info=\u00a0\u00bb{}\u00a0\u00bb]<p> In order to perpetuate French wine production and share its know-how, PWS helps around a hundred local producers in France to go beyond their borders.\n\nThese producers are a source of diversity, as they control the production of the wine, from growing the grapes to making the wine.\n\nTheir choice to remain independent or not is justified by their desire to remain true to their values. The history of the family often goes beyond the product itself.  <\/p>[\/et_pb_text][\/et_pb_column][\/et_pb_row][\/et_pb_section][et_pb_section fb_built=\u00a0\u00bb1&Prime; _builder_version=\u00a0\u00bb4.16&Prime; _module_preset=\u00a0\u00bbdefault\u00a0\u00bb locked=\u00a0\u00bboff\u00a0\u00bb global_colors_info=\u00a0\u00bb{}\u00a0\u00bb][et_pb_row column_structure=\u00a0\u00bb1_2,1_2&Prime; _builder_version=\u00a0\u00bb4.16&Prime; _module_preset=\u00a0\u00bbdefault\u00a0\u00bb global_colors_info=\u00a0\u00bb{}\u00a0\u00bb][et_pb_column type=\u00a0\u00bb1_2&Prime; _builder_version=\u00a0\u00bb4.16&Prime; _module_preset=\u00a0\u00bbdefault\u00a0\u00bb global_colors_info=\u00a0\u00bb{}\u00a0\u00bb][et_pb_text _builder_version=\u00a0\u00bb4.16&Prime; _module_preset=\u00a0\u00bbdefault\u00a0\u00bb global_colors_info=\u00a0\u00bb{}\u00a0\u00bb]<h1>Example of an independent winegrower: Ch\u00e2teau Pardaillan<\/h1>[\/et_pb_text][et_pb_text _builder_version=\"4.16\u2033 _module_preset=\"b88466f2-ad11-41c7-940a-9585eb31fd5a \" global_colors_info=\"{} \"]<p>Ch\u00e2teau Pardaillan was built in the 15th century in the midst of the 100 Years' War. At a time when the British and the French were fighting over land. Ch\u00e2teau Pardaillan has managed to remain profoundly French.<\/p>\n<p>A few centuries later, famous personalities such as Montaigne came here to rest. The famous philosopher of the Enlightenment used to visit his niece, Sainte Jeanne de Lestonnac, who chose the superb ch\u00e2teau, steeped in history, as her home.<\/p>\n<p>In 1909, the Roquefeuil family took over ownership of the estate, which has remained in the family for 4 generations.<br \/>In the family, we say: \"It's an honour to take over and a duty of respect towards family history\".<\/p>\n<p>Ch\u00e2teau Pardaillan is a prestigious residence, with a noble-hearted owner, dear to PWS, courageous and humble, which you will find in the character of his nectar.<\/p>[\/et_pb_text][\/et_pb_column][et_pb_column type=\u00a0\u00bb1_2&Prime; _builder_version=\u00a0\u00bb4.16&Prime; _module_preset=\u00a0\u00bbdefault\u00a0\u00bb global_colors_info=\u00a0\u00bb{}\u00a0\u00bb][et_pb_image src=\u00a0\u00bbhttps:\/\/pws-export.com\/wp-content\/uploads\/2021\/12\/Capture-d\u00e9cran-2021-12-23-\u00e0-14.59.12.png\u00a0\u00bb title_text=\u00a0\u00bbCh\u00e2teau \u00a0\u00bb align=\u00a0\u00bbcenter\u00a0\u00bb _builder_version=\u00a0\u00bb4.25.0&Prime; _module_preset=\u00a0\u00bbdefault\u00a0\u00bb custom_margin=\u00a0\u00bb-3vw||||false|false\u00a0\u00bb custom_padding=\u00a0\u00bb||||false|false\u00a0\u00bb hover_enabled=\u00a0\u00bb0&Prime; global_colors_info=\u00a0\u00bb{}\u00a0\u00bb alt=\u00a0\u00bbCh\u00e2teau\u00a0\u00bb sticky_enabled=\u00a0\u00bb0&Prime;][\/et_pb_image][\/et_pb_column][\/et_pb_row][\/et_pb_section]","protected":false},"excerpt":{"rendered":"<p>Viticulteurs Ind\u00e9pendants Afin de perp\u00e9tuer la production du vin fran\u00e7ais et partager son savoir-faire, PWS aide une centaine de producteurs locaux en France, \u00e0 aller au-del\u00e0 des fronti\u00e8res. Ces producteurs sont sources de diversit\u00e9, puisqu\u2019ils contr\u00f4lent la production du vin, de la culture des raisins \u00e0 la vinification. Le choix de rester ind\u00e9pendant ou non&hellip; <a class=\"continue\" href=\"https:\/\/pws-export.com\/en\/independent-winemakers\/\">Continue Reading<span> Independent winegrowers<\/span><\/a><\/p>","protected":false},"author":1,"featured_media":0,"parent":0,"menu_order":0,"comment_status":"closed","ping_status":"closed","template":"","meta":{"_seopress_robots_primary_cat":"","_seopress_titles_title":"Independent Winemakers - PWS French Wines","_seopress_titles_desc":"Discover authentic wines created by passionate independent winemakers. At PWS, each bottle reflects a unique know-how.","_seopress_robots_index":"","_et_pb_use_builder":"on","_et_pb_old_content":"<!-- wp:divi\/placeholder \/-->","_et_gb_content_width":"","footnotes":""},"yoast_head":"<!-- This site is optimized with the Yoast SEO plugin v23.5 - https:\/\/yoast.com\/wordpress\/plugins\/seo\/ -->\n<title>Vignerons ind\u00e9pendants - PWS<\/title>\n<meta name=\"description\" content=\"Discover authentic wines created by passionate independent winemakers. At PWS, each bottle reflects a unique know-how.\" \/>\n<meta name=\"robots\" content=\"index, follow, max-snippet:-1, max-image-preview:large, max-video-preview:-1\" \/>\n<link rel=\"canonical\" href=\"https:\/\/pws-export.com\/en\/independent-winemakers\/\" \/>\n<meta property=\"og:locale\" content=\"en_GB\" \/>\n<meta property=\"og:type\" content=\"article\" \/>\n<meta property=\"og:title\" content=\"Vignerons ind\u00e9pendants - PWS\" \/>\n<meta property=\"og:description\" content=\"Discover authentic wines created by passionate independent winemakers. At PWS, each bottle reflects a unique know-how.\" \/>\n<meta property=\"og:url\" content=\"https:\/\/pws-export.com\/en\/independent-winemakers\/\" \/>\n<meta property=\"og:site_name\" content=\"PWS\" \/>\n<meta property=\"article:modified_time\" content=\"2024-09-26T06:32:51+00:00\" \/>\n<meta name=\"twitter:card\" content=\"summary_large_image\" \/>\n<meta name=\"twitter:label1\" content=\"Estimated reading time\" \/>\n\t<meta name=\"twitter:data1\" content=\"2 minutes\" \/>\n<script type=\"application\/ld+json\" class=\"yoast-schema-graph\">{\"@context\":\"https:\/\/schema.org\",\"@graph\":[{\"@type\":\"WebPage\",\"@id\":\"https:\/\/pws-export.com\/independent-winemakers\/\",\"url\":\"https:\/\/pws-export.com\/independent-winemakers\/\",\"name\":\"Vignerons ind\u00e9pendants - PWS\",\"isPartOf\":{\"@id\":\"https:\/\/pws-export.com\/#website\"},\"datePublished\":\"2020-08-28T08:39:05+00:00\",\"dateModified\":\"2024-09-26T06:32:51+00:00\",\"description\":\"Discover authentic wines created by passionate independent winemakers. At PWS, each bottle reflects a unique know-how.\",\"breadcrumb\":{\"@id\":\"https:\/\/pws-export.com\/independent-winemakers\/#breadcrumb\"},\"inLanguage\":\"en-GB\",\"potentialAction\":[{\"@type\":\"ReadAction\",\"target\":[\"https:\/\/pws-export.com\/independent-winemakers\/\"]}]},{\"@type\":\"BreadcrumbList\",\"@id\":\"https:\/\/pws-export.com\/independent-winemakers\/#breadcrumb\",\"itemListElement\":[{\"@type\":\"ListItem\",\"position\":1,\"name\":\"Home\",\"item\":\"https:\/\/pws-export.com\/fr\/\"},{\"@type\":\"ListItem\",\"position\":2,\"name\":\"Vignerons ind\u00e9pendants\"}]},{\"@type\":\"WebSite\",\"@id\":\"https:\/\/pws-export.com\/#website\",\"url\":\"https:\/\/pws-export.com\/\",\"name\":\"PWS\",\"description\":\"Producers Wines Selection - Export\",\"publisher\":{\"@id\":\"https:\/\/pws-export.com\/#organization\"},\"potentialAction\":[{\"@type\":\"SearchAction\",\"target\":{\"@type\":\"EntryPoint\",\"urlTemplate\":\"https:\/\/pws-export.com\/?s={search_term_string}\"},\"query-input\":{\"@type\":\"PropertyValueSpecification\",\"valueRequired\":true,\"valueName\":\"search_term_string\"}}],\"inLanguage\":\"en-GB\"},{\"@type\":\"Organization\",\"@id\":\"https:\/\/pws-export.com\/#organization\",\"name\":\"PWS\",\"url\":\"https:\/\/pws-export.com\/\",\"logo\":{\"@type\":\"ImageObject\",\"inLanguage\":\"en-GB\",\"@id\":\"https:\/\/pws-export.com\/#\/schema\/logo\/image\/\",\"url\":\"https:\/\/pws-export.com\/wp-content\/uploads\/2024\/06\/logo-PWS.jpeg\",\"contentUrl\":\"https:\/\/pws-export.com\/wp-content\/uploads\/2024\/06\/logo-PWS.jpeg\",\"width\":1406,\"height\":876,\"caption\":\"PWS\"},\"image\":{\"@id\":\"https:\/\/pws-export.com\/#\/schema\/logo\/image\/\"},\"sameAs\":[\"https:\/\/www.instagram.com\/pwsfrenchwines\/\",\"https:\/\/www.linkedin.com\/company\/pws-export-vins\/?viewAsMember=true\"]}]}<\/script>\n<!-- \/ Yoast SEO plugin. -->","yoast_head_json":{"title":"Vignerons ind\u00e9pendants - PWS","description":"Discover authentic wines created by passionate independent winemakers. At PWS, each bottle reflects a unique know-how.","robots":{"index":"index","follow":"follow","max-snippet":"max-snippet:-1","max-image-preview":"max-image-preview:large","max-video-preview":"max-video-preview:-1"},"canonical":"https:\/\/pws-export.com\/en\/independent-winemakers\/","og_locale":"en_GB","og_type":"article","og_title":"Vignerons ind\u00e9pendants - PWS","og_description":"Discover authentic wines created by passionate independent winemakers. At PWS, each bottle reflects a unique know-how.","og_url":"https:\/\/pws-export.com\/en\/independent-winemakers\/","og_site_name":"PWS","article_modified_time":"2024-09-26T06:32:51+00:00","twitter_card":"summary_large_image","twitter_misc":{"Estimated reading time":"2 minutes"},"schema":{"@context":"https:\/\/schema.org","@graph":[{"@type":"WebPage","@id":"https:\/\/pws-export.com\/independent-winemakers\/","url":"https:\/\/pws-export.com\/independent-winemakers\/","name":"Vignerons ind\u00e9pendants - PWS","isPartOf":{"@id":"https:\/\/pws-export.com\/#website"},"datePublished":"2020-08-28T08:39:05+00:00","dateModified":"2024-09-26T06:32:51+00:00","description":"Discover authentic wines created by passionate independent winemakers. At PWS, each bottle reflects a unique know-how.","breadcrumb":{"@id":"https:\/\/pws-export.com\/independent-winemakers\/#breadcrumb"},"inLanguage":"en-GB","potentialAction":[{"@type":"ReadAction","target":["https:\/\/pws-export.com\/independent-winemakers\/"]}]},{"@type":"BreadcrumbList","@id":"https:\/\/pws-export.com\/independent-winemakers\/#breadcrumb","itemListElement":[{"@type":"ListItem","position":1,"name":"Home","item":"https:\/\/pws-export.com\/fr\/"},{"@type":"ListItem","position":2,"name":"Vignerons ind\u00e9pendants"}]},{"@type":"WebSite","@id":"https:\/\/pws-export.com\/#website","url":"https:\/\/pws-export.com\/","name":"PWS","description":"Producers Wines Selection - Export","publisher":{"@id":"https:\/\/pws-export.com\/#organization"},"potentialAction":[{"@type":"SearchAction","target":{"@type":"EntryPoint","urlTemplate":"https:\/\/pws-export.com\/?s={search_term_string}"},"query-input":{"@type":"PropertyValueSpecification","valueRequired":true,"valueName":"search_term_string"}}],"inLanguage":"en-GB"},{"@type":"Organization","@id":"https:\/\/pws-export.com\/#organization","name":"PWS","url":"https:\/\/pws-export.com\/","logo":{"@type":"ImageObject","inLanguage":"en-GB","@id":"https:\/\/pws-export.com\/#\/schema\/logo\/image\/","url":"https:\/\/pws-export.com\/wp-content\/uploads\/2024\/06\/logo-PWS.jpeg","contentUrl":"https:\/\/pws-export.com\/wp-content\/uploads\/2024\/06\/logo-PWS.jpeg","width":1406,"height":876,"caption":"PWS"},"image":{"@id":"https:\/\/pws-export.com\/#\/schema\/logo\/image\/"},"sameAs":["https:\/\/www.instagram.com\/pwsfrenchwines\/","https:\/\/www.linkedin.com\/company\/pws-export-vins\/?viewAsMember=true"]}]}},"_links":{"self":[{"href":"https:\/\/pws-export.com\/en\/wp-json\/wp\/v2\/pages\/38"}],"collection":[{"href":"https:\/\/pws-export.com\/en\/wp-json\/wp\/v2\/pages"}],"about":[{"href":"https:\/\/pws-export.com\/en\/wp-json\/wp\/v2\/types\/page"}],"author":[{"embeddable":true,"href":"https:\/\/pws-export.com\/en\/wp-json\/wp\/v2\/users\/1"}],"replies":[{"embeddable":true,"href":"https:\/\/pws-export.com\/en\/wp-json\/wp\/v2\/comments?post=38"}],"version-history":[{"count":16,"href":"https:\/\/pws-export.com\/en\/wp-json\/wp\/v2\/pages\/38\/revisions"}],"predecessor-version":[{"id":846,"href":"https:\/\/pws-export.com\/en\/wp-json\/wp\/v2\/pages\/38\/revisions\/846"}],"wp:attachment":[{"href":"https:\/\/pws-export.com\/en\/wp-json\/wp\/v2\/media?parent=38"}],"curies":[{"name":"wp","href":"https:\/\/api.w.org\/{rel}","templated":true}]}}