{"id":10,"date":"2020-08-28T08:03:11","date_gmt":"2020-08-28T08:03:11","guid":{"rendered":"https:\/\/pws-export.com\/?page_id=10"},"modified":"2025-03-24T14:41:30","modified_gmt":"2025-03-24T14:41:30","slug":"welcome-page","status":"publish","type":"page","link":"https:\/\/pws-export.com\/es\/","title":{"rendered":"P\u00e1gina de bienvenida - PWS"},"content":{"rendered":"<p>[et_pb_section fb_built=\"1\u2033 fullwidth=\"on \" _builder_version=\"4.16\u2033 _module_preset=\"default \" global_colors_info=\"{} \"][et_pb_fullwidth_header title= \"PWS \" text_orientation=\"center \" header_fullscreen=\"on \" button_one_text=\"descubrir \" button_one_url=\"@ET-DC@eyJkeW5hbWljIjp0cnVlLCJjb250ZW50IjoicG9zdF9saW5rX3VybF9wYWdlIiwic2V0dGluZ3MiOnsicG9zdF9pZCI6IjEyIn19@ \" _builder_version=\"4.16\u2033 _dynamic_attributes=\"button_one_url \" _module_preset=\"default \" title_font=\"Sangbleu Sunrise Light|||||||| \" title_font_size=\"80px \" title_line_height=\"1.7em \" content_font= \"Sangbleu Sunrise Light|||||||| \" content_font_size=\"28px \" content_line_height=\"42px \" background_enable_color=\"off \" use_background_color_gradient=\"on \" background_color_gradient_stops=\"rgba(34,34,34,0.25) 0%|rgba(34,34,34,0.7) 100% \" background_color_gradient_overlays_image=\"on \" background_color_gradient_start=\"rgba(34,34,34,0.25) \" background_color_gradient_end=\"rgba(34,34,34,0.7) \" background_image=\"https:\/\/pws-export.com\/wp-content\/uploads\/2020\/08\/hermes-rivera-aK6WGqxyHFw-unsplash-scaled.jpg \" custom_button_one=\"on \" button_one_text_size=\"16px \" button_one_border_width=\"2px \" button_one_border_radius=\"100px \" button_one_font=\"Sackers Gothic Heavy|||||||| \" button_one_custom_margin=\"30px||||false|false \" button_one_custom_padding=\"||||false|false \" custom_margin=\"||-280px||| \" title_font_size_tablet= \" \" title_font_size_phone=\"50px \" title_font_size_last_edited=\"on|phone \" content_font_size_tablet= \" \" content_font_size_phone=\"17px \" content_font_size_last_edited=\"on|phone \" global_colors_info=\"{} \"]<\/p>\n<p>\"Productores - Vinos - Selecci\u00f3n\" es una empresa especializada en la exportaci\u00f3n de vino franc\u00e9s.<br \/>Nuestro papel es apoyarle no s\u00f3lo en las distintas etapas de la exportaci\u00f3n, sino tambi\u00e9n en el desarrollo de su gama, espec\u00edfica para el mercado de su elecci\u00f3n. La misi\u00f3n de PWS es ser \"La voz de los productores locales en la escena internacional\".<\/p>\n<p>[\/et_pb_fullwidth_header][\/et_pb_section][et_pb_section fb_built=\"1\u2033 _builder_version=\"4.25.0\u2033 _module_preset=\"default \" background_image=\"https:\/\/pws-export.com\/wp-content\/uploads\/2020\/08\/hermes-rivera-aK6WGqxyHFw-unsplash-scaled.jpg \" parallax=\"on \" background_blend=\"oscurecer \" background_enable_video_mp4=\"off \" background_video_pause_outside_viewport=\"off \" min_height=\"1074px \" custom_padding= \"372px||394px||| \" filter_brightness=\"117% \" filter_contrast=\"93% \" filter_opacity=\"42% \" global_colors_info=\"{} \"][et_pb_row _builder_version=\"4.25.0\u2033 _module_preset=\"default \"][et_pb_column _builder_version=\"4.25.0\u2033 _module_preset=\"default \" type=\"4_4\u2033][et_pb_code _builder_version=\"4.25.0\u2033 _module_preset=\"default \" hover_enabled=\"0\u2033 sticky_enabled=\"0\u2033]<iframe loading=\"lazy\" src=\"https:\/\/drive.google.com\/file\/d\/1R1lHY3eqiNkWrdV9e8TJJ002VQb2l3dI\/preview\" width=\"640\" height=\"480\" allow=\"autoplay\"><\/iframe>[\/et_pb_code][\/et_pb_column][\/et_pb_row][\/et_pb_section]<\/p>","protected":false},"excerpt":{"rendered":"<p>\"Producers - Wines - Selection\" es una empresa especializada en la exportaci\u00f3n de vino franc\u00e9s. Nuestro papel consiste en acompa\u00f1arle no s\u00f3lo en las distintas etapas de la exportaci\u00f3n, sino tambi\u00e9n en el desarrollo de su gama, espec\u00edfica para el mercado de su elecci\u00f3n. La misi\u00f3n de PWS es ser \"La voz de los productores locales en la escena internacional\".<\/p>","protected":false},"author":1,"featured_media":0,"parent":0,"menu_order":0,"comment_status":"closed","ping_status":"closed","template":"","meta":{"_seopress_robots_primary_cat":"","_seopress_titles_title":"Welcome - PWS French Wines","_seopress_titles_desc":"Discover PWS, a French trading structure specialized in wine export, which aims to share wines from the French terroirs.","_seopress_robots_index":"","_et_pb_use_builder":"on","_et_pb_old_content":"","_et_gb_content_width":"","footnotes":""},"yoast_head":"<!-- This site is optimized with the Yoast SEO plugin v23.5 - https:\/\/yoast.com\/wordpress\/plugins\/seo\/ -->\n<title>Welcome page - PWS - PWS<\/title>\n<meta name=\"description\" content=\"Discover PWS, a French trading structure specialized in wine export, which aims to share wines from the French terroirs.\" \/>\n<meta name=\"robots\" content=\"index, follow, max-snippet:-1, max-image-preview:large, max-video-preview:-1\" \/>\n<link rel=\"canonical\" href=\"https:\/\/pws-export.com\/es\/\" \/>\n<meta property=\"og:locale\" content=\"es_ES\" \/>\n<meta property=\"og:type\" content=\"article\" \/>\n<meta property=\"og:title\" content=\"Welcome page - PWS - PWS\" \/>\n<meta property=\"og:description\" content=\"Discover PWS, a French trading structure specialized in wine export, which aims to share wines from the French terroirs.\" \/>\n<meta property=\"og:url\" content=\"https:\/\/pws-export.com\/es\/\" \/>\n<meta property=\"og:site_name\" content=\"PWS\" \/>\n<meta property=\"article:modified_time\" content=\"2025-03-24T14:41:30+00:00\" \/>\n<meta name=\"twitter:card\" content=\"summary_large_image\" \/>\n<meta name=\"twitter:label1\" content=\"Tiempo de lectura\" \/>\n\t<meta name=\"twitter:data1\" content=\"1 minuto\" \/>\n<script type=\"application\/ld+json\" class=\"yoast-schema-graph\">{\"@context\":\"https:\/\/schema.org\",\"@graph\":[{\"@type\":\"WebPage\",\"@id\":\"https:\/\/pws-export.com\/fr\/\",\"url\":\"https:\/\/pws-export.com\/fr\/\",\"name\":\"Welcome page - PWS - PWS\",\"isPartOf\":{\"@id\":\"https:\/\/pws-export.com\/#website\"},\"datePublished\":\"2020-08-28T08:03:11+00:00\",\"dateModified\":\"2025-03-24T14:41:30+00:00\",\"description\":\"Discover PWS, a French trading structure specialized in wine export, which aims to share wines from the French terroirs.\",\"breadcrumb\":{\"@id\":\"https:\/\/pws-export.com\/fr\/#breadcrumb\"},\"inLanguage\":\"es\",\"potentialAction\":[{\"@type\":\"ReadAction\",\"target\":[\"https:\/\/pws-export.com\/fr\/\"]}]},{\"@type\":\"BreadcrumbList\",\"@id\":\"https:\/\/pws-export.com\/fr\/#breadcrumb\",\"itemListElement\":[{\"@type\":\"ListItem\",\"position\":1,\"name\":\"Home\",\"item\":\"https:\/\/pws-export.com\/fr\/\"},{\"@type\":\"ListItem\",\"position\":2,\"name\":\"Welcome page &#8211; PWS\"}]},{\"@type\":\"WebSite\",\"@id\":\"https:\/\/pws-export.com\/#website\",\"url\":\"https:\/\/pws-export.com\/\",\"name\":\"PWS\",\"description\":\"Producers Wines Selection - Export\",\"publisher\":{\"@id\":\"https:\/\/pws-export.com\/#organization\"},\"potentialAction\":[{\"@type\":\"SearchAction\",\"target\":{\"@type\":\"EntryPoint\",\"urlTemplate\":\"https:\/\/pws-export.com\/?s={search_term_string}\"},\"query-input\":{\"@type\":\"PropertyValueSpecification\",\"valueRequired\":true,\"valueName\":\"search_term_string\"}}],\"inLanguage\":\"es\"},{\"@type\":\"Organization\",\"@id\":\"https:\/\/pws-export.com\/#organization\",\"name\":\"PWS\",\"url\":\"https:\/\/pws-export.com\/\",\"logo\":{\"@type\":\"ImageObject\",\"inLanguage\":\"es\",\"@id\":\"https:\/\/pws-export.com\/#\/schema\/logo\/image\/\",\"url\":\"https:\/\/pws-export.com\/wp-content\/uploads\/2024\/06\/logo-PWS.jpeg\",\"contentUrl\":\"https:\/\/pws-export.com\/wp-content\/uploads\/2024\/06\/logo-PWS.jpeg\",\"width\":1406,\"height\":876,\"caption\":\"PWS\"},\"image\":{\"@id\":\"https:\/\/pws-export.com\/#\/schema\/logo\/image\/\"},\"sameAs\":[\"https:\/\/www.instagram.com\/pwsfrenchwines\/\",\"https:\/\/www.linkedin.com\/company\/pws-export-vins\/?viewAsMember=true\"]}]}<\/script>\n<!-- \/ Yoast SEO plugin. -->","yoast_head_json":{"title":"Welcome page - PWS - PWS","description":"Discover PWS, a French trading structure specialized in wine export, which aims to share wines from the French terroirs.","robots":{"index":"index","follow":"follow","max-snippet":"max-snippet:-1","max-image-preview":"max-image-preview:large","max-video-preview":"max-video-preview:-1"},"canonical":"https:\/\/pws-export.com\/es\/","og_locale":"es_ES","og_type":"article","og_title":"Welcome page - PWS - PWS","og_description":"Discover PWS, a French trading structure specialized in wine export, which aims to share wines from the French terroirs.","og_url":"https:\/\/pws-export.com\/es\/","og_site_name":"PWS","article_modified_time":"2025-03-24T14:41:30+00:00","twitter_card":"summary_large_image","twitter_misc":{"Tiempo de lectura":"1 minuto"},"schema":{"@context":"https:\/\/schema.org","@graph":[{"@type":"WebPage","@id":"https:\/\/pws-export.com\/fr\/","url":"https:\/\/pws-export.com\/fr\/","name":"Welcome page - PWS - PWS","isPartOf":{"@id":"https:\/\/pws-export.com\/#website"},"datePublished":"2020-08-28T08:03:11+00:00","dateModified":"2025-03-24T14:41:30+00:00","description":"Discover PWS, a French trading structure specialized in wine export, which aims to share wines from the French terroirs.","breadcrumb":{"@id":"https:\/\/pws-export.com\/fr\/#breadcrumb"},"inLanguage":"es","potentialAction":[{"@type":"ReadAction","target":["https:\/\/pws-export.com\/fr\/"]}]},{"@type":"BreadcrumbList","@id":"https:\/\/pws-export.com\/fr\/#breadcrumb","itemListElement":[{"@type":"ListItem","position":1,"name":"Home","item":"https:\/\/pws-export.com\/fr\/"},{"@type":"ListItem","position":2,"name":"Welcome page &#8211; PWS"}]},{"@type":"WebSite","@id":"https:\/\/pws-export.com\/#website","url":"https:\/\/pws-export.com\/","name":"PWS","description":"Producers Wines Selection - Export","publisher":{"@id":"https:\/\/pws-export.com\/#organization"},"potentialAction":[{"@type":"SearchAction","target":{"@type":"EntryPoint","urlTemplate":"https:\/\/pws-export.com\/?s={search_term_string}"},"query-input":{"@type":"PropertyValueSpecification","valueRequired":true,"valueName":"search_term_string"}}],"inLanguage":"es"},{"@type":"Organization","@id":"https:\/\/pws-export.com\/#organization","name":"PWS","url":"https:\/\/pws-export.com\/","logo":{"@type":"ImageObject","inLanguage":"es","@id":"https:\/\/pws-export.com\/#\/schema\/logo\/image\/","url":"https:\/\/pws-export.com\/wp-content\/uploads\/2024\/06\/logo-PWS.jpeg","contentUrl":"https:\/\/pws-export.com\/wp-content\/uploads\/2024\/06\/logo-PWS.jpeg","width":1406,"height":876,"caption":"PWS"},"image":{"@id":"https:\/\/pws-export.com\/#\/schema\/logo\/image\/"},"sameAs":["https:\/\/www.instagram.com\/pwsfrenchwines\/","https:\/\/www.linkedin.com\/company\/pws-export-vins\/?viewAsMember=true"]}]}},"_links":{"self":[{"href":"https:\/\/pws-export.com\/es\/wp-json\/wp\/v2\/pages\/10"}],"collection":[{"href":"https:\/\/pws-export.com\/es\/wp-json\/wp\/v2\/pages"}],"about":[{"href":"https:\/\/pws-export.com\/es\/wp-json\/wp\/v2\/types\/page"}],"author":[{"embeddable":true,"href":"https:\/\/pws-export.com\/es\/wp-json\/wp\/v2\/users\/1"}],"replies":[{"embeddable":true,"href":"https:\/\/pws-export.com\/es\/wp-json\/wp\/v2\/comments?post=10"}],"version-history":[{"count":41,"href":"https:\/\/pws-export.com\/es\/wp-json\/wp\/v2\/pages\/10\/revisions"}],"predecessor-version":[{"id":920,"href":"https:\/\/pws-export.com\/es\/wp-json\/wp\/v2\/pages\/10\/revisions\/920"}],"wp:attachment":[{"href":"https:\/\/pws-export.com\/es\/wp-json\/wp\/v2\/media?parent=10"}],"curies":[{"name":"wp","href":"https:\/\/api.w.org\/{rel}","templated":true}]}}