{"id":12,"date":"2020-08-28T08:31:26","date_gmt":"2020-08-28T08:31:26","guid":{"rendered":"https:\/\/pws-export.com\/?page_id=12"},"modified":"2024-09-26T06:24:12","modified_gmt":"2024-09-26T06:24:12","slug":"about","status":"publish","type":"page","link":"https:\/\/pws-export.com\/es\/acerca-de\/","title":{"rendered":"Qui\u00e9nes somos"},"content":{"rendered":"[et_pb_section fb_built=\u00a0\u00bb1&Prime; module_id=\u00a0\u00bbhistoire\u00a0\u00bb module_class=\u00a0\u00bbhistoire\u00a0\u00bb _builder_version=\u00a0\u00bb4.6.1&Prime; _module_preset=\u00a0\u00bbdefault\u00a0\u00bb global_colors_info=\u00a0\u00bb{}\u00a0\u00bb][et_pb_row column_structure=\u00a0\u00bb1_2,1_2&Prime; _builder_version=\u00a0\u00bb4.6.1&Prime; _module_preset=\u00a0\u00bbdefault\u00a0\u00bb global_colors_info=\u00a0\u00bb{}\u00a0\u00bb][et_pb_column type=\u00a0\u00bb1_2&Prime; _builder_version=\u00a0\u00bb4.6.0&Prime; _module_preset=\u00a0\u00bbdefault\u00a0\u00bb global_colors_info=\u00a0\u00bb{}\u00a0\u00bb][et_pb_text _builder_version=\u00a0\u00bb4.14.2&Prime; _module_preset=\u00a0\u00bbb88466f2-ad11-41c7-940a-9585eb31fd5a\u00a0\u00bb header_line_height=\u00a0\u00bb2em\u00a0\u00bb global_colors_info=\u00a0\u00bb{}\u00a0\u00bb]<h1>Historia<\/h1>\n<p>[RA\u00cdCES DE BURDEOS]<\/p>\n<p><strong>Domaine du Tireberey<\/strong><\/p>\n<p><span>El Domaine du Tireberey, propiedad de Christian Pujol, es un vi\u00f1edo situado en las colinas cercanas a la comuna de Arbis, en el coraz\u00f3n de la zona de denominaci\u00f3n Bordeaux-Haut-B\u00e9nauge, una de las de mayor calidad de la regi\u00f3n.<\/span><\/p>\n<p><span>La finca familiar se remonta a la d\u00e9cada de 1900, ya que Christian la adquiri\u00f3 de su propia madre en los a\u00f1os sesenta, contando entonces con s\u00f3lo unas pocas parcelas en medio de un denso bosque. Tras a\u00f1os de duro trabajo, Christian cre\u00f3 6 hect\u00e1reas de vides ricas y vigorosas, que a\u00fan hoy siguen en producci\u00f3n. <\/span><\/p>\n<p><span>Su misi\u00f3n siempre ha estado en consonancia con este terru\u00f1o \u00fanico: producir vinos excepcionales y compartirlos con el mayor n\u00famero de personas posible.<\/span><\/p>\n<p>&nbsp;<\/p>\n<p><strong>Castillo Merlin Frontenac<\/strong><\/p>\n<p><span>Ch\u00e2teau Merlin Frontenac, propiedad de Yannick GARRAS y su esposa Christianne Pujol, est\u00e1 situado en la comuna de Frontenac, en la regi\u00f3n de Bordeaux entre-deux-mers.<\/span><\/p>\n<p><span>Vi\u00f1edo familiar desde hace m\u00e1s de un siglo, propiedad del bisabuelo de Yannick GARRAS en los a\u00f1os 1900, fue inicialmente una explotaci\u00f3n agr\u00edcola mixta con cereales, vi\u00f1as y ganado. <\/span><\/p>\n<p><span>Yannick se hizo cargo de la explotaci\u00f3n en 1974, cuando s\u00f3lo ten\u00eda 20 a\u00f1os. A pesar de su juventud, se diplom\u00f3 en viticultura y enolog\u00eda en La Tour Blanche de Burdeos. A lo largo de los a\u00f1os, esta experiencia pr\u00e1ctica le ha permitido mejorar su t\u00e9cnica, tanto en sus 18 hect\u00e1reas de vi\u00f1edos como en la bodega, para producir hoy un vino excepcional.<\/span><\/p>\n<p><span>El ch\u00e2teau es famoso en la regi\u00f3n por su calidad: el terru\u00f1o est\u00e1 encajonado entre dos r\u00edos (Engranne y Gourmeron), en una ladera dividida entre pendientes arcillo-calc\u00e1reas con boulb\u00e8nes en las laderas superiores, lo que da lugar a un vino flexible y arom\u00e1tico con valores compartidos.<\/span><\/p>\n<p><strong>PWS EXPORT-WINES<\/strong><\/p>\n<p><span>Nieto de Christian y sobrino de Christianne y Yannick, Pierre Olivier Rives tiene sus or\u00edgenes en el mundo del vino. Diplomado de la Mast\u00e8re Sp\u00e9cialis\u00e9 Vins &amp; Spiritueux Facult\u00e9 d'Oenologie de Bordeaux (programa KEDGE) y WSET3, apasionado por el vino y los viajes, fue impulsado por la visi\u00f3n familiar que se orient\u00f3 hacia el mercado de la exportaci\u00f3n, para compartir el fruto de los secretos transmitidos de generaci\u00f3n en generaci\u00f3n. <\/span><\/p>\n<p><span>En 2018, se cre\u00f3 PWS (Producers - Wines - Selection) en Burdeos. Empresa comercial francesa especializada en la exportaci\u00f3n de vinos, su misi\u00f3n es compartir los vinos y la cultura de los terru\u00f1os de Francia, y convertirse en \"La voz de los viticultores a nivel internacional\", ya trabajen en bodegas cooperativas o independientes, o sean ecol\u00f3gicos o convencionales. A medida que ha ido creciendo la demanda de otros vinos, PWS ha podido ampliar su cartera de productos, representando ahora a m\u00e1s de cien viticultores de toda Francia. <\/span><\/p>\n<p>En 2020 se abrir\u00e1 la primera oficina de representaci\u00f3n.<span>\u00e9<\/span>presentaci\u00f3n abierta <span>\u00e0<\/span> l'<span>\u00e9<\/span>(Shanghai, China), hoy ubicada en<span>Situada en el coraz\u00f3n de Shanghai, la oficina est\u00e1 preparada para crecer con la contrataci\u00f3n de un equipo de marketing y ventas.<\/span><span><\/span><\/p>\n<p><span>En 2022, PWS continuar\u00e1 su desarrollo en busca de socios en nuevos mercados.<\/span><\/p>[\/et_pb_text][\/et_pb_column][et_pb_column type=\u00a0\u00bb1_2&Prime; _builder_version=\u00a0\u00bb4.6.1&Prime; _module_preset=\u00a0\u00bbdefault\u00a0\u00bb sticky_position=\u00a0\u00bbtop\u00a0\u00bb sticky_limit_bottom=\u00a0\u00bbsection\u00a0\u00bb sticky_position_tablet=\u00a0\u00bbnone\u00a0\u00bb sticky_position_phone=\u00a0\u00bbnone\u00a0\u00bb sticky_position_last_edited=\u00a0\u00bbon|phone\u00a0\u00bb global_colors_info=\u00a0\u00bb{}\u00a0\u00bb][et_pb_image src=\u00a0\u00bbhttps:\/\/pws-export.com\/wp-content\/uploads\/2020\/09\/PO-scaled.jpg\u00a0\u00bb title_text=\u00a0\u00bbPO\u00a0\u00bb _builder_version=\u00a0\u00bb4.6.0&Prime; _module_preset=\u00a0\u00bbdefault\u00a0\u00bb custom_padding=\u00a0\u00bb10%||||false|false\u00a0\u00bb sticky_limit_bottom=\u00a0\u00bbsection\u00a0\u00bb global_colors_info=\u00a0\u00bb{}\u00a0\u00bb][\/et_pb_image][\/et_pb_column][\/et_pb_row][\/et_pb_section][et_pb_section fb_built=\u00a0\u00bb1&Prime; module_id=\u00a0\u00bbvaleurs\u00a0\u00bb module_class=\u00a0\u00bbvaleurs\u00a0\u00bb _builder_version=\u00a0\u00bb4.6.1&Prime; _module_preset=\u00a0\u00bbdefault\u00a0\u00bb custom_padding=\u00a0\u00bb5vw||||false|false\u00a0\u00bb global_colors_info=\u00a0\u00bb{}\u00a0\u00bb][et_pb_row column_structure=\u00a0\u00bb1_2,1_2&Prime; _builder_version=\u00a0\u00bb4.6.1&Prime; _module_preset=\u00a0\u00bbdefault\u00a0\u00bb global_colors_info=\u00a0\u00bb{}\u00a0\u00bb][et_pb_column type=\u00a0\u00bb1_2&Prime; _builder_version=\u00a0\u00bb4.6.1&Prime; _module_preset=\u00a0\u00bbdefault\u00a0\u00bb sticky_position=\u00a0\u00bbtop\u00a0\u00bb sticky_limit_bottom=\u00a0\u00bbsection\u00a0\u00bb sticky_position_tablet=\u00a0\u00bbnone\u00a0\u00bb sticky_position_phone=\u00a0\u00bbnone\u00a0\u00bb sticky_position_last_edited=\u00a0\u00bbon|tablet\u00a0\u00bb global_colors_info=\u00a0\u00bb{}\u00a0\u00bb][et_pb_image src=\u00a0\u00bbhttps:\/\/pws-export.com\/wp-content\/uploads\/2020\/09\/maja-petric-vGQ49l9I4EE-unsplash-scaled.jpg\u00a0\u00bb title_text=\u00a0\u00bbmaja-petric-vGQ49l9I4EE-unsplash\u00a0\u00bb _builder_version=\u00a0\u00bb4.6.0&Prime; _module_preset=\u00a0\u00bbdefault\u00a0\u00bb custom_padding=\u00a0\u00bb10%||||false|false\u00a0\u00bb global_colors_info=\u00a0\u00bb{}\u00a0\u00bb][\/et_pb_image][\/et_pb_column][et_pb_column type=\u00a0\u00bb1_2&Prime; _builder_version=\u00a0\u00bb4.6.0&Prime; _module_preset=\u00a0\u00bbdefault\u00a0\u00bb global_colors_info=\u00a0\u00bb{}\u00a0\u00bb][et_pb_text _builder_version=\u00a0\u00bb4.6.5&Prime; _module_preset=\u00a0\u00bbb88466f2-ad11-41c7-940a-9585eb31fd5a\u00a0\u00bb header_line_height=\u00a0\u00bb2em\u00a0\u00bb header_2_font_size=\u00a0\u00bb22px\u00a0\u00bb global_colors_info=\u00a0\u00bb{}\u00a0\u00bb]<h1>Valores<\/h1>\n<p>Ayudamos a promocionar los viticultores y terru\u00f1os franceses en el mercado de exportaci\u00f3n.<\/p>\n<h2>Nuestras normas son la capacidad de respuesta, el servicio y la calidad.<\/h2>\n<p>En esta \u00e9poca de consumo excesivo, la misi\u00f3n de PWS es ofrecerle una cartera de productos de calidad. Creemos que el vino es mucho m\u00e1s que una bebida alcoh\u00f3lica. Es un arte de vivir y consumir propio de cada cultura. Por eso nos esforzamos en encontrar vinos de calidad con valor a\u00f1adido, respetando y satisfaciendo sus necesidades.<\/p>\n<h2>Compartimos algo m\u00e1s que el vino: los valores de compartir, escuchar a los mercados y la fiabilidad.<\/h2>\n<p>El vino tambi\u00e9n representa el compartir y la alegr\u00eda de reunirse con los dem\u00e1s, ya sea durante la vendimia o la degustaci\u00f3n. En PWS, compartimos esta \u00e9tica de trabajo cordial a la vez que adaptamos nuestra gama a sus necesidades: una selecci\u00f3n a la vez fiable y completa.<\/p>\n<h2>Trabajamos con la m\u00e1xima precisi\u00f3n y podemos ofrecerle una amplia experiencia en el \u00e1mbito de las grandes exportaciones.<\/h2>\n<p>La exportaci\u00f3n requiere un conocimiento preciso de las normas francesas y extranjeras, as\u00ed como de las condiciones de producci\u00f3n y log\u00edstica. Le ofrecemos un apoyo serio conservando al mismo tiempo la m\u00e1xima flexibilidad (elecci\u00f3n de envases, agrupaciones de productos, condiciones de pago, cartera de productos y perfiles de vinos).<\/p>[\/et_pb_text][\/et_pb_column][\/et_pb_row][\/et_pb_section][et_pb_section fb_built=\u00a0\u00bb1&Prime; module_id=\u00a0\u00bbpositionnement\u00a0\u00bb module_class=\u00a0\u00bbpositionnement\u00a0\u00bb _builder_version=\u00a0\u00bb4.6.1&Prime; _module_preset=\u00a0\u00bbdefault\u00a0\u00bb custom_padding=\u00a0\u00bb5vw||||false|false\u00a0\u00bb global_colors_info=\u00a0\u00bb{}\u00a0\u00bb][et_pb_row column_structure=\u00a0\u00bb1_2,1_2&Prime; _builder_version=\u00a0\u00bb4.6.0&Prime; _module_preset=\u00a0\u00bbdefault\u00a0\u00bb global_colors_info=\u00a0\u00bb{}\u00a0\u00bb][et_pb_column type=\u00a0\u00bb1_2&Prime; _builder_version=\u00a0\u00bb4.6.0&Prime; _module_preset=\u00a0\u00bbdefault\u00a0\u00bb global_colors_info=\u00a0\u00bb{}\u00a0\u00bb][et_pb_text _builder_version=\u00a0\u00bb4.6.0&Prime; _module_preset=\u00a0\u00bbb88466f2-ad11-41c7-940a-9585eb31fd5a\u00a0\u00bb header_line_height=\u00a0\u00bb2em\u00a0\u00bb global_colors_info=\u00a0\u00bb{}\u00a0\u00bb]<h1>Posicionamiento<\/h1>\n<p>En un sector altamente competitivo, la misi\u00f3n de PWS es comercializar y promover internacionalmente el vino franc\u00e9s: la voz de los viticultores franceses en la escena internacional.<\/p>\n<p>Procedente de una familia de viticultores, el fundador de PWS est\u00e1 naturalmente cerca de las fincas familiares. La consigna es la calidad irreprochable del producto, y PWS la garantiza mediante la meticulosa elecci\u00f3n de sus socios.<\/p>\n<p>Valoramos los terru\u00f1os de calidad y tenemos la misi\u00f3n de promover a los productores locales en todo el mundo. PWS aporta m\u00e1s de 10 a\u00f1os de experiencia en el sector vitivin\u00edcola para ofrecer un servicio \u00fanico, hecho a medida y con flexibilidad, incluida la posibilidad de personalizaci\u00f3n de marcas o proyectos a medida.<\/p>[\/et_pb_text][\/et_pb_column][et_pb_column type=\u00a0\u00bb1_2&Prime; _builder_version=\u00a0\u00bb4.6.0&Prime; _module_preset=\u00a0\u00bbdefault\u00a0\u00bb global_colors_info=\u00a0\u00bb{}\u00a0\u00bb][et_pb_image src=\u00a0\u00bbhttps:\/\/pws-export.com\/wp-content\/uploads\/2020\/09\/Positionnement.jpg\u00a0\u00bb title_text=\u00a0\u00bbPositionnement\u00a0\u00bb _builder_version=\u00a0\u00bb4.6.0&Prime; _module_preset=\u00a0\u00bbdefault\u00a0\u00bb custom_padding=\u00a0\u00bb10%||||false|false\u00a0\u00bb global_colors_info=\u00a0\u00bb{}\u00a0\u00bb][\/et_pb_image][\/et_pb_column][\/et_pb_row][\/et_pb_section]","protected":false},"excerpt":{"rendered":"<p>Histoire [DES RACINES BORDELAISES] Domaine du Tireberey Le domaine du Tireberey, propri\u00e9t\u00e9 de Christian Pujol, est un vignoble situ\u00e9 sur les hauteurs pr\u00e8s de la commune d&rsquo;Arbis, au coeur de l&rsquo;aire d\u2019Appellation Bordeaux-Haut-B\u00e9nauge, une des plus qualitatives de la r\u00e9gion. La propri\u00e9t\u00e9 familiale date des ann\u00e9es 1900, Christian l&rsquo;ayant acquise de sa propre m\u00e8re dans&hellip; <a class=\"continue\" href=\"https:\/\/pws-export.com\/es\/acerca-de\/\">Seguir leyendo<span> Qui\u00e9nes somos<\/span><\/a><\/p>","protected":false},"author":1,"featured_media":0,"parent":0,"menu_order":0,"comment_status":"closed","ping_status":"closed","template":"","meta":{"_seopress_robots_primary_cat":"","_seopress_titles_title":"About - PWS French Wines","_seopress_titles_desc":"Discover PWS, a French trading structure specialized in wine export, which aims to share wines from the French terroirs.","_seopress_robots_index":"","_et_pb_use_builder":"on","_et_pb_old_content":"<!-- wp:divi\/placeholder \/-->","_et_gb_content_width":"","footnotes":""},"yoast_head":"<!-- This site is optimized with the Yoast SEO plugin v23.5 - https:\/\/yoast.com\/wordpress\/plugins\/seo\/ -->\n<title>A propos - PWS<\/title>\n<meta name=\"description\" content=\"Discover PWS, a French trading structure specialized in wine export, which aims to share wines from the French terroirs.\" \/>\n<meta name=\"robots\" content=\"index, follow, max-snippet:-1, max-image-preview:large, max-video-preview:-1\" \/>\n<link rel=\"canonical\" href=\"https:\/\/pws-export.com\/es\/acerca-de\/\" \/>\n<meta property=\"og:locale\" content=\"es_ES\" \/>\n<meta property=\"og:type\" content=\"article\" \/>\n<meta property=\"og:title\" content=\"A propos - PWS\" \/>\n<meta property=\"og:description\" content=\"Discover PWS, a French trading structure specialized in wine export, which aims to share wines from the French terroirs.\" \/>\n<meta property=\"og:url\" content=\"https:\/\/pws-export.com\/es\/acerca-de\/\" \/>\n<meta property=\"og:site_name\" content=\"PWS\" \/>\n<meta property=\"article:modified_time\" content=\"2024-09-26T06:24:12+00:00\" \/>\n<meta name=\"twitter:card\" content=\"summary_large_image\" \/>\n<meta name=\"twitter:label1\" content=\"Tiempo de lectura\" \/>\n\t<meta name=\"twitter:data1\" content=\"5 minutos\" \/>\n<script type=\"application\/ld+json\" class=\"yoast-schema-graph\">{\"@context\":\"https:\/\/schema.org\",\"@graph\":[{\"@type\":\"WebPage\",\"@id\":\"https:\/\/pws-export.com\/about\/\",\"url\":\"https:\/\/pws-export.com\/about\/\",\"name\":\"A propos - PWS\",\"isPartOf\":{\"@id\":\"https:\/\/pws-export.com\/#website\"},\"datePublished\":\"2020-08-28T08:31:26+00:00\",\"dateModified\":\"2024-09-26T06:24:12+00:00\",\"description\":\"Discover PWS, a French trading structure specialized in wine export, which aims to share wines from the French terroirs.\",\"breadcrumb\":{\"@id\":\"https:\/\/pws-export.com\/about\/#breadcrumb\"},\"inLanguage\":\"es\",\"potentialAction\":[{\"@type\":\"ReadAction\",\"target\":[\"https:\/\/pws-export.com\/about\/\"]}]},{\"@type\":\"BreadcrumbList\",\"@id\":\"https:\/\/pws-export.com\/about\/#breadcrumb\",\"itemListElement\":[{\"@type\":\"ListItem\",\"position\":1,\"name\":\"Home\",\"item\":\"https:\/\/pws-export.com\/fr\/\"},{\"@type\":\"ListItem\",\"position\":2,\"name\":\"A propos\"}]},{\"@type\":\"WebSite\",\"@id\":\"https:\/\/pws-export.com\/#website\",\"url\":\"https:\/\/pws-export.com\/\",\"name\":\"PWS\",\"description\":\"Producers Wines Selection - Export\",\"publisher\":{\"@id\":\"https:\/\/pws-export.com\/#organization\"},\"potentialAction\":[{\"@type\":\"SearchAction\",\"target\":{\"@type\":\"EntryPoint\",\"urlTemplate\":\"https:\/\/pws-export.com\/?s={search_term_string}\"},\"query-input\":{\"@type\":\"PropertyValueSpecification\",\"valueRequired\":true,\"valueName\":\"search_term_string\"}}],\"inLanguage\":\"es\"},{\"@type\":\"Organization\",\"@id\":\"https:\/\/pws-export.com\/#organization\",\"name\":\"PWS\",\"url\":\"https:\/\/pws-export.com\/\",\"logo\":{\"@type\":\"ImageObject\",\"inLanguage\":\"es\",\"@id\":\"https:\/\/pws-export.com\/#\/schema\/logo\/image\/\",\"url\":\"https:\/\/pws-export.com\/wp-content\/uploads\/2024\/06\/logo-PWS.jpeg\",\"contentUrl\":\"https:\/\/pws-export.com\/wp-content\/uploads\/2024\/06\/logo-PWS.jpeg\",\"width\":1406,\"height\":876,\"caption\":\"PWS\"},\"image\":{\"@id\":\"https:\/\/pws-export.com\/#\/schema\/logo\/image\/\"},\"sameAs\":[\"https:\/\/www.instagram.com\/pwsfrenchwines\/\",\"https:\/\/www.linkedin.com\/company\/pws-export-vins\/?viewAsMember=true\"]}]}<\/script>\n<!-- \/ Yoast SEO plugin. -->","yoast_head_json":{"title":"A propos - PWS","description":"Discover PWS, a French trading structure specialized in wine export, which aims to share wines from the French terroirs.","robots":{"index":"index","follow":"follow","max-snippet":"max-snippet:-1","max-image-preview":"max-image-preview:large","max-video-preview":"max-video-preview:-1"},"canonical":"https:\/\/pws-export.com\/es\/acerca-de\/","og_locale":"es_ES","og_type":"article","og_title":"A propos - PWS","og_description":"Discover PWS, a French trading structure specialized in wine export, which aims to share wines from the French terroirs.","og_url":"https:\/\/pws-export.com\/es\/acerca-de\/","og_site_name":"PWS","article_modified_time":"2024-09-26T06:24:12+00:00","twitter_card":"summary_large_image","twitter_misc":{"Tiempo de lectura":"5 minutos"},"schema":{"@context":"https:\/\/schema.org","@graph":[{"@type":"WebPage","@id":"https:\/\/pws-export.com\/about\/","url":"https:\/\/pws-export.com\/about\/","name":"A propos - PWS","isPartOf":{"@id":"https:\/\/pws-export.com\/#website"},"datePublished":"2020-08-28T08:31:26+00:00","dateModified":"2024-09-26T06:24:12+00:00","description":"Discover PWS, a French trading structure specialized in wine export, which aims to share wines from the French terroirs.","breadcrumb":{"@id":"https:\/\/pws-export.com\/about\/#breadcrumb"},"inLanguage":"es","potentialAction":[{"@type":"ReadAction","target":["https:\/\/pws-export.com\/about\/"]}]},{"@type":"BreadcrumbList","@id":"https:\/\/pws-export.com\/about\/#breadcrumb","itemListElement":[{"@type":"ListItem","position":1,"name":"Home","item":"https:\/\/pws-export.com\/fr\/"},{"@type":"ListItem","position":2,"name":"A propos"}]},{"@type":"WebSite","@id":"https:\/\/pws-export.com\/#website","url":"https:\/\/pws-export.com\/","name":"PWS","description":"Producers Wines Selection - Export","publisher":{"@id":"https:\/\/pws-export.com\/#organization"},"potentialAction":[{"@type":"SearchAction","target":{"@type":"EntryPoint","urlTemplate":"https:\/\/pws-export.com\/?s={search_term_string}"},"query-input":{"@type":"PropertyValueSpecification","valueRequired":true,"valueName":"search_term_string"}}],"inLanguage":"es"},{"@type":"Organization","@id":"https:\/\/pws-export.com\/#organization","name":"PWS","url":"https:\/\/pws-export.com\/","logo":{"@type":"ImageObject","inLanguage":"es","@id":"https:\/\/pws-export.com\/#\/schema\/logo\/image\/","url":"https:\/\/pws-export.com\/wp-content\/uploads\/2024\/06\/logo-PWS.jpeg","contentUrl":"https:\/\/pws-export.com\/wp-content\/uploads\/2024\/06\/logo-PWS.jpeg","width":1406,"height":876,"caption":"PWS"},"image":{"@id":"https:\/\/pws-export.com\/#\/schema\/logo\/image\/"},"sameAs":["https:\/\/www.instagram.com\/pwsfrenchwines\/","https:\/\/www.linkedin.com\/company\/pws-export-vins\/?viewAsMember=true"]}]}},"_links":{"self":[{"href":"https:\/\/pws-export.com\/es\/wp-json\/wp\/v2\/pages\/12"}],"collection":[{"href":"https:\/\/pws-export.com\/es\/wp-json\/wp\/v2\/pages"}],"about":[{"href":"https:\/\/pws-export.com\/es\/wp-json\/wp\/v2\/types\/page"}],"author":[{"embeddable":true,"href":"https:\/\/pws-export.com\/es\/wp-json\/wp\/v2\/users\/1"}],"replies":[{"embeddable":true,"href":"https:\/\/pws-export.com\/es\/wp-json\/wp\/v2\/comments?post=12"}],"version-history":[{"count":32,"href":"https:\/\/pws-export.com\/es\/wp-json\/wp\/v2\/pages\/12\/revisions"}],"predecessor-version":[{"id":842,"href":"https:\/\/pws-export.com\/es\/wp-json\/wp\/v2\/pages\/12\/revisions\/842"}],"wp:attachment":[{"href":"https:\/\/pws-export.com\/es\/wp-json\/wp\/v2\/media?parent=12"}],"curies":[{"name":"wp","href":"https:\/\/api.w.org\/{rel}","templated":true}]}}