{"id":38,"date":"2020-08-28T08:39:05","date_gmt":"2020-08-28T08:39:05","guid":{"rendered":"https:\/\/pws-export.com\/?page_id=38"},"modified":"2024-09-26T06:32:51","modified_gmt":"2024-09-26T06:32:51","slug":"independent-winemakers","status":"publish","type":"page","link":"https:\/\/pws-export.com\/es\/viticultores-independientes\/","title":{"rendered":"Viticultores independientes"},"content":{"rendered":"[et_pb_section fb_built=\u00a0\u00bb1&Prime; _builder_version=\u00a0\u00bb4.16&Prime; _module_preset=\u00a0\u00bbdefault\u00a0\u00bb background_color=\u00a0\u00bb#f4f4f4&Prime; locked=\u00a0\u00bboff\u00a0\u00bb global_colors_info=\u00a0\u00bb{}\u00a0\u00bb][et_pb_row column_structure=\u00a0\u00bb1_2,1_2&Prime; _builder_version=\u00a0\u00bb4.16&Prime; _module_preset=\u00a0\u00bbdefault\u00a0\u00bb global_colors_info=\u00a0\u00bb{}\u00a0\u00bb][et_pb_column type=\u00a0\u00bb1_2&Prime; _builder_version=\u00a0\u00bb4.16&Prime; _module_preset=\u00a0\u00bbdefault\u00a0\u00bb global_colors_info=\u00a0\u00bb{}\u00a0\u00bb][et_pb_text _builder_version=\u00a0\u00bb4.16&Prime; _module_preset=\u00a0\u00bbdefault\u00a0\u00bb global_colors_info=\u00a0\u00bb{}\u00a0\u00bb]<h1>Viticultores independientes<\/h1>[\/et_pb_text][et_pb_image src=\u00a0\u00bbhttps:\/\/pws-export.com\/wp-content\/uploads\/2020\/09\/Ch\u00e2teau-Pardaillan-2-scaled.jpg\u00a0\u00bb title_text=\u00a0\u00bbCh\u00e2teau Pardaillan \u00a0\u00bb _builder_version=\u00a0\u00bb4.25.0&Prime; _module_preset=\u00a0\u00bbdefault\u00a0\u00bb hover_enabled=\u00a0\u00bb0&Prime; global_colors_info=\u00a0\u00bb{}\u00a0\u00bb alt=\u00a0\u00bbCh\u00e2teau Pardaillan Red Wine \u00a0\u00bb sticky_enabled=\u00a0\u00bb0&Prime;][\/et_pb_image][\/et_pb_column][et_pb_column type=\u00a0\u00bb1_2&Prime; _builder_version=\u00a0\u00bb4.16&Prime; _module_preset=\u00a0\u00bbdefault\u00a0\u00bb global_colors_info=\u00a0\u00bb{}\u00a0\u00bb][et_pb_text _builder_version=\u00a0\u00bb4.16&Prime; _module_preset=\u00a0\u00bbb88466f2-ad11-41c7-940a-9585eb31fd5a\u00a0\u00bb custom_padding=\u00a0\u00bb3vw||||false|false\u00a0\u00bb global_colors_info=\u00a0\u00bb{}\u00a0\u00bb]<p> Para perpetuar la producci\u00f3n vin\u00edcola francesa y compartir su saber hacer, PWS ayuda a un centenar de productores locales de Francia a traspasar sus fronteras.\n\nEstos productores son una fuente de diversidad, ya que controlan la producci\u00f3n del vino, desde el cultivo de la uva hasta la elaboraci\u00f3n del vino.\n\nSu decisi\u00f3n de seguir siendo independientes o no se justifica por su deseo de mantenerse fieles a sus valores. La historia de la familia a menudo va m\u00e1s all\u00e1 del propio producto.  <\/p>[\/et_pb_text][\/et_pb_column][\/et_pb_row][\/et_pb_section][et_pb_section fb_built=\u00a0\u00bb1&Prime; _builder_version=\u00a0\u00bb4.16&Prime; _module_preset=\u00a0\u00bbdefault\u00a0\u00bb locked=\u00a0\u00bboff\u00a0\u00bb global_colors_info=\u00a0\u00bb{}\u00a0\u00bb][et_pb_row column_structure=\u00a0\u00bb1_2,1_2&Prime; _builder_version=\u00a0\u00bb4.16&Prime; _module_preset=\u00a0\u00bbdefault\u00a0\u00bb global_colors_info=\u00a0\u00bb{}\u00a0\u00bb][et_pb_column type=\u00a0\u00bb1_2&Prime; _builder_version=\u00a0\u00bb4.16&Prime; _module_preset=\u00a0\u00bbdefault\u00a0\u00bb global_colors_info=\u00a0\u00bb{}\u00a0\u00bb][et_pb_text _builder_version=\u00a0\u00bb4.16&Prime; _module_preset=\u00a0\u00bbdefault\u00a0\u00bb global_colors_info=\u00a0\u00bb{}\u00a0\u00bb]<h1>Ejemplo de viticultor independiente: Ch\u00e2teau Pardaillan<\/h1>[\/et_pb_text][et_pb_text _builder_version=\"4.16\u2033 _module_preset=\"b88466f2-ad11-41c7-940a-9585eb31fd5a \" global_colors_info=\"{} \"]<p>El castillo de Pardaillan se construy\u00f3 en el siglo XV, en plena Guerra de los Cien A\u00f1os. En una \u00e9poca en la que brit\u00e1nicos y franceses se disputaban la tierra. El Ch\u00e2teau Pardaillan ha conseguido seguir siendo profundamente franc\u00e9s.<\/p>\n<p>Algunos siglos m\u00e1s tarde, c\u00e9lebres personalidades como Montaigne vinieron aqu\u00ed a descansar. El c\u00e9lebre fil\u00f3sofo de la Ilustraci\u00f3n sol\u00eda visitar a su sobrina, Sainte Jeanne de Lestonnac, que eligi\u00f3 como residencia este soberbio castillo cargado de historia.<\/p>\n<p>En 1909, la familia Roquefeuil asumi\u00f3 la propiedad de la finca, que ha permanecido en la familia durante 4 generaciones.<br \/>En la familia decimos: \"Es un honor tomar el relevo y un deber de respeto hacia la historia familiar\".<\/p>\n<p>Ch\u00e2teau Pardaillan es una residencia prestigiosa, con un propietario de coraz\u00f3n noble, querido por PWS, valiente y humilde, lo que encontrar\u00e1 en el car\u00e1cter de su n\u00e9ctar.<\/p>[\/et_pb_text][\/et_pb_column][et_pb_column type=\u00a0\u00bb1_2&Prime; _builder_version=\u00a0\u00bb4.16&Prime; _module_preset=\u00a0\u00bbdefault\u00a0\u00bb global_colors_info=\u00a0\u00bb{}\u00a0\u00bb][et_pb_image src=\u00a0\u00bbhttps:\/\/pws-export.com\/wp-content\/uploads\/2021\/12\/Capture-d\u00e9cran-2021-12-23-\u00e0-14.59.12.png\u00a0\u00bb title_text=\u00a0\u00bbCh\u00e2teau \u00a0\u00bb align=\u00a0\u00bbcenter\u00a0\u00bb _builder_version=\u00a0\u00bb4.25.0&Prime; _module_preset=\u00a0\u00bbdefault\u00a0\u00bb custom_margin=\u00a0\u00bb-3vw||||false|false\u00a0\u00bb custom_padding=\u00a0\u00bb||||false|false\u00a0\u00bb hover_enabled=\u00a0\u00bb0&Prime; global_colors_info=\u00a0\u00bb{}\u00a0\u00bb alt=\u00a0\u00bbCh\u00e2teau\u00a0\u00bb sticky_enabled=\u00a0\u00bb0&Prime;][\/et_pb_image][\/et_pb_column][\/et_pb_row][\/et_pb_section]","protected":false},"excerpt":{"rendered":"<p>Viticulteurs Ind\u00e9pendants Afin de perp\u00e9tuer la production du vin fran\u00e7ais et partager son savoir-faire, PWS aide une centaine de producteurs locaux en France, \u00e0 aller au-del\u00e0 des fronti\u00e8res. Ces producteurs sont sources de diversit\u00e9, puisqu\u2019ils contr\u00f4lent la production du vin, de la culture des raisins \u00e0 la vinification. Le choix de rester ind\u00e9pendant ou non&hellip; <a class=\"continue\" href=\"https:\/\/pws-export.com\/es\/viticultores-independientes\/\">Seguir leyendo<span> Viticultores independientes<\/span><\/a><\/p>","protected":false},"author":1,"featured_media":0,"parent":0,"menu_order":0,"comment_status":"closed","ping_status":"closed","template":"","meta":{"_seopress_robots_primary_cat":"","_seopress_titles_title":"Independent Winemakers - PWS French Wines","_seopress_titles_desc":"Discover authentic wines created by passionate independent winemakers. At PWS, each bottle reflects a unique know-how.","_seopress_robots_index":"","_et_pb_use_builder":"on","_et_pb_old_content":"<!-- wp:divi\/placeholder \/-->","_et_gb_content_width":"","footnotes":""},"yoast_head":"<!-- This site is optimized with the Yoast SEO plugin v23.5 - https:\/\/yoast.com\/wordpress\/plugins\/seo\/ -->\n<title>Vignerons ind\u00e9pendants - PWS<\/title>\n<meta name=\"description\" content=\"Discover authentic wines created by passionate independent winemakers. At PWS, each bottle reflects a unique know-how.\" \/>\n<meta name=\"robots\" content=\"index, follow, max-snippet:-1, max-image-preview:large, max-video-preview:-1\" \/>\n<link rel=\"canonical\" href=\"https:\/\/pws-export.com\/es\/viticultores-independientes\/\" \/>\n<meta property=\"og:locale\" content=\"es_ES\" \/>\n<meta property=\"og:type\" content=\"article\" \/>\n<meta property=\"og:title\" content=\"Vignerons ind\u00e9pendants - PWS\" \/>\n<meta property=\"og:description\" content=\"Discover authentic wines created by passionate independent winemakers. At PWS, each bottle reflects a unique know-how.\" \/>\n<meta property=\"og:url\" content=\"https:\/\/pws-export.com\/es\/viticultores-independientes\/\" \/>\n<meta property=\"og:site_name\" content=\"PWS\" \/>\n<meta property=\"article:modified_time\" content=\"2024-09-26T06:32:51+00:00\" \/>\n<meta name=\"twitter:card\" content=\"summary_large_image\" \/>\n<meta name=\"twitter:label1\" content=\"Tiempo de lectura\" \/>\n\t<meta name=\"twitter:data1\" content=\"2 minutos\" \/>\n<script type=\"application\/ld+json\" class=\"yoast-schema-graph\">{\"@context\":\"https:\/\/schema.org\",\"@graph\":[{\"@type\":\"WebPage\",\"@id\":\"https:\/\/pws-export.com\/independent-winemakers\/\",\"url\":\"https:\/\/pws-export.com\/independent-winemakers\/\",\"name\":\"Vignerons ind\u00e9pendants - PWS\",\"isPartOf\":{\"@id\":\"https:\/\/pws-export.com\/#website\"},\"datePublished\":\"2020-08-28T08:39:05+00:00\",\"dateModified\":\"2024-09-26T06:32:51+00:00\",\"description\":\"Discover authentic wines created by passionate independent winemakers. At PWS, each bottle reflects a unique know-how.\",\"breadcrumb\":{\"@id\":\"https:\/\/pws-export.com\/independent-winemakers\/#breadcrumb\"},\"inLanguage\":\"es\",\"potentialAction\":[{\"@type\":\"ReadAction\",\"target\":[\"https:\/\/pws-export.com\/independent-winemakers\/\"]}]},{\"@type\":\"BreadcrumbList\",\"@id\":\"https:\/\/pws-export.com\/independent-winemakers\/#breadcrumb\",\"itemListElement\":[{\"@type\":\"ListItem\",\"position\":1,\"name\":\"Home\",\"item\":\"https:\/\/pws-export.com\/fr\/\"},{\"@type\":\"ListItem\",\"position\":2,\"name\":\"Vignerons ind\u00e9pendants\"}]},{\"@type\":\"WebSite\",\"@id\":\"https:\/\/pws-export.com\/#website\",\"url\":\"https:\/\/pws-export.com\/\",\"name\":\"PWS\",\"description\":\"Producers Wines Selection - Export\",\"publisher\":{\"@id\":\"https:\/\/pws-export.com\/#organization\"},\"potentialAction\":[{\"@type\":\"SearchAction\",\"target\":{\"@type\":\"EntryPoint\",\"urlTemplate\":\"https:\/\/pws-export.com\/?s={search_term_string}\"},\"query-input\":{\"@type\":\"PropertyValueSpecification\",\"valueRequired\":true,\"valueName\":\"search_term_string\"}}],\"inLanguage\":\"es\"},{\"@type\":\"Organization\",\"@id\":\"https:\/\/pws-export.com\/#organization\",\"name\":\"PWS\",\"url\":\"https:\/\/pws-export.com\/\",\"logo\":{\"@type\":\"ImageObject\",\"inLanguage\":\"es\",\"@id\":\"https:\/\/pws-export.com\/#\/schema\/logo\/image\/\",\"url\":\"https:\/\/pws-export.com\/wp-content\/uploads\/2024\/06\/logo-PWS.jpeg\",\"contentUrl\":\"https:\/\/pws-export.com\/wp-content\/uploads\/2024\/06\/logo-PWS.jpeg\",\"width\":1406,\"height\":876,\"caption\":\"PWS\"},\"image\":{\"@id\":\"https:\/\/pws-export.com\/#\/schema\/logo\/image\/\"},\"sameAs\":[\"https:\/\/www.instagram.com\/pwsfrenchwines\/\",\"https:\/\/www.linkedin.com\/company\/pws-export-vins\/?viewAsMember=true\"]}]}<\/script>\n<!-- \/ Yoast SEO plugin. -->","yoast_head_json":{"title":"Vignerons ind\u00e9pendants - PWS","description":"Discover authentic wines created by passionate independent winemakers. At PWS, each bottle reflects a unique know-how.","robots":{"index":"index","follow":"follow","max-snippet":"max-snippet:-1","max-image-preview":"max-image-preview:large","max-video-preview":"max-video-preview:-1"},"canonical":"https:\/\/pws-export.com\/es\/viticultores-independientes\/","og_locale":"es_ES","og_type":"article","og_title":"Vignerons ind\u00e9pendants - PWS","og_description":"Discover authentic wines created by passionate independent winemakers. At PWS, each bottle reflects a unique know-how.","og_url":"https:\/\/pws-export.com\/es\/viticultores-independientes\/","og_site_name":"PWS","article_modified_time":"2024-09-26T06:32:51+00:00","twitter_card":"summary_large_image","twitter_misc":{"Tiempo de lectura":"2 minutos"},"schema":{"@context":"https:\/\/schema.org","@graph":[{"@type":"WebPage","@id":"https:\/\/pws-export.com\/independent-winemakers\/","url":"https:\/\/pws-export.com\/independent-winemakers\/","name":"Vignerons ind\u00e9pendants - PWS","isPartOf":{"@id":"https:\/\/pws-export.com\/#website"},"datePublished":"2020-08-28T08:39:05+00:00","dateModified":"2024-09-26T06:32:51+00:00","description":"Discover authentic wines created by passionate independent winemakers. At PWS, each bottle reflects a unique know-how.","breadcrumb":{"@id":"https:\/\/pws-export.com\/independent-winemakers\/#breadcrumb"},"inLanguage":"es","potentialAction":[{"@type":"ReadAction","target":["https:\/\/pws-export.com\/independent-winemakers\/"]}]},{"@type":"BreadcrumbList","@id":"https:\/\/pws-export.com\/independent-winemakers\/#breadcrumb","itemListElement":[{"@type":"ListItem","position":1,"name":"Home","item":"https:\/\/pws-export.com\/fr\/"},{"@type":"ListItem","position":2,"name":"Vignerons ind\u00e9pendants"}]},{"@type":"WebSite","@id":"https:\/\/pws-export.com\/#website","url":"https:\/\/pws-export.com\/","name":"PWS","description":"Producers Wines Selection - Export","publisher":{"@id":"https:\/\/pws-export.com\/#organization"},"potentialAction":[{"@type":"SearchAction","target":{"@type":"EntryPoint","urlTemplate":"https:\/\/pws-export.com\/?s={search_term_string}"},"query-input":{"@type":"PropertyValueSpecification","valueRequired":true,"valueName":"search_term_string"}}],"inLanguage":"es"},{"@type":"Organization","@id":"https:\/\/pws-export.com\/#organization","name":"PWS","url":"https:\/\/pws-export.com\/","logo":{"@type":"ImageObject","inLanguage":"es","@id":"https:\/\/pws-export.com\/#\/schema\/logo\/image\/","url":"https:\/\/pws-export.com\/wp-content\/uploads\/2024\/06\/logo-PWS.jpeg","contentUrl":"https:\/\/pws-export.com\/wp-content\/uploads\/2024\/06\/logo-PWS.jpeg","width":1406,"height":876,"caption":"PWS"},"image":{"@id":"https:\/\/pws-export.com\/#\/schema\/logo\/image\/"},"sameAs":["https:\/\/www.instagram.com\/pwsfrenchwines\/","https:\/\/www.linkedin.com\/company\/pws-export-vins\/?viewAsMember=true"]}]}},"_links":{"self":[{"href":"https:\/\/pws-export.com\/es\/wp-json\/wp\/v2\/pages\/38"}],"collection":[{"href":"https:\/\/pws-export.com\/es\/wp-json\/wp\/v2\/pages"}],"about":[{"href":"https:\/\/pws-export.com\/es\/wp-json\/wp\/v2\/types\/page"}],"author":[{"embeddable":true,"href":"https:\/\/pws-export.com\/es\/wp-json\/wp\/v2\/users\/1"}],"replies":[{"embeddable":true,"href":"https:\/\/pws-export.com\/es\/wp-json\/wp\/v2\/comments?post=38"}],"version-history":[{"count":16,"href":"https:\/\/pws-export.com\/es\/wp-json\/wp\/v2\/pages\/38\/revisions"}],"predecessor-version":[{"id":846,"href":"https:\/\/pws-export.com\/es\/wp-json\/wp\/v2\/pages\/38\/revisions\/846"}],"wp:attachment":[{"href":"https:\/\/pws-export.com\/es\/wp-json\/wp\/v2\/media?parent=38"}],"curies":[{"name":"wp","href":"https:\/\/api.w.org\/{rel}","templated":true}]}}