{"id":10,"date":"2020-08-28T08:03:11","date_gmt":"2020-08-28T08:03:11","guid":{"rendered":"https:\/\/pws-export.com\/?page_id=10"},"modified":"2025-03-24T14:41:30","modified_gmt":"2025-03-24T14:41:30","slug":"welcome-page","status":"publish","type":"page","link":"https:\/\/pws-export.com\/fr\/","title":{"rendered":"Welcome page &#8211; PWS"},"content":{"rendered":"<p>[et_pb_section fb_built=\u00a0\u00bb1&Prime; fullwidth=\u00a0\u00bbon\u00a0\u00bb _builder_version=\u00a0\u00bb4.16&Prime; _module_preset=\u00a0\u00bbdefault\u00a0\u00bb global_colors_info=\u00a0\u00bb{}\u00a0\u00bb][et_pb_fullwidth_header title=\u00a0\u00bbPWS\u00a0\u00bb text_orientation=\u00a0\u00bbcenter\u00a0\u00bb header_fullscreen=\u00a0\u00bbon\u00a0\u00bb button_one_text=\u00a0\u00bbd\u00e9couvrir\u00a0\u00bb button_one_url=\u00a0\u00bb@ET-DC@eyJkeW5hbWljIjp0cnVlLCJjb250ZW50IjoicG9zdF9saW5rX3VybF9wYWdlIiwic2V0dGluZ3MiOnsicG9zdF9pZCI6IjEyIn19@\u00a0\u00bb _builder_version=\u00a0\u00bb4.16&Prime; _dynamic_attributes=\u00a0\u00bbbutton_one_url\u00a0\u00bb _module_preset=\u00a0\u00bbdefault\u00a0\u00bb title_font=\u00a0\u00bbSangbleu Sunrise Light||||||||\u00a0\u00bb title_font_size=\u00a0\u00bb80px\u00a0\u00bb title_line_height=\u00a0\u00bb1.7em\u00a0\u00bb content_font=\u00a0\u00bbSangbleu Sunrise Light||||||||\u00a0\u00bb content_font_size=\u00a0\u00bb28px\u00a0\u00bb content_line_height=\u00a0\u00bb42px\u00a0\u00bb background_enable_color=\u00a0\u00bboff\u00a0\u00bb use_background_color_gradient=\u00a0\u00bbon\u00a0\u00bb background_color_gradient_stops=\u00a0\u00bbrgba(34,34,34,0.25) 0%|rgba(34,34,34,0.7) 100%\u00a0\u00bb background_color_gradient_overlays_image=\u00a0\u00bbon\u00a0\u00bb background_color_gradient_start=\u00a0\u00bbrgba(34,34,34,0.25)\u00a0\u00bb background_color_gradient_end=\u00a0\u00bbrgba(34,34,34,0.7)\u00a0\u00bb background_image=\u00a0\u00bbhttps:\/\/pws-export.com\/wp-content\/uploads\/2020\/08\/hermes-rivera-aK6WGqxyHFw-unsplash-scaled.jpg\u00a0\u00bb custom_button_one=\u00a0\u00bbon\u00a0\u00bb button_one_text_size=\u00a0\u00bb16px\u00a0\u00bb button_one_border_width=\u00a0\u00bb2px\u00a0\u00bb button_one_border_radius=\u00a0\u00bb100px\u00a0\u00bb button_one_font=\u00a0\u00bbSackers Gothic Heavy||||||||\u00a0\u00bb button_one_custom_margin=\u00a0\u00bb30px||||false|false\u00a0\u00bb button_one_custom_padding=\u00a0\u00bb||||false|false\u00a0\u00bb custom_margin=\u00a0\u00bb||-280px|||\u00a0\u00bb title_font_size_tablet=\u00a0\u00bb\u00a0\u00bb title_font_size_phone=\u00a0\u00bb50px\u00a0\u00bb title_font_size_last_edited=\u00a0\u00bbon|phone\u00a0\u00bb content_font_size_tablet=\u00a0\u00bb\u00a0\u00bb content_font_size_phone=\u00a0\u00bb17px\u00a0\u00bb content_font_size_last_edited=\u00a0\u00bbon|phone\u00a0\u00bb global_colors_info=\u00a0\u00bb{}\u00a0\u00bb]<\/p>\n<p>\u00abProducers &#8211; Wines &#8211; Selection\u00bb est une entreprise sp\u00e9cialis\u00e9e dans l\u2019export du vin fran\u00e7ais.<br \/>Notre r\u00f4le est de vous accompagner non seulement dans les diff\u00e9rentes \u00e9tapes de l\u2019export mais \u00e9galement dans le d\u00e9veloppement de votre gamme, sp\u00e9cifique au march\u00e9 de votre choix. La mission de PWS est d\u2019\u00eatre \u00ab\u00a0La voix des producteurs locaux \u00e0 l\u2019international\u00a0\u00bb<\/p>\n<p>[\/et_pb_fullwidth_header][\/et_pb_section][et_pb_section fb_built=\u00a0\u00bb1&Prime; _builder_version=\u00a0\u00bb4.25.0&Prime; _module_preset=\u00a0\u00bbdefault\u00a0\u00bb background_image=\u00a0\u00bbhttps:\/\/pws-export.com\/wp-content\/uploads\/2020\/08\/hermes-rivera-aK6WGqxyHFw-unsplash-scaled.jpg\u00a0\u00bb parallax=\u00a0\u00bbon\u00a0\u00bb background_blend=\u00a0\u00bbdarken\u00a0\u00bb background_enable_video_mp4=\u00a0\u00bboff\u00a0\u00bb background_video_pause_outside_viewport=\u00a0\u00bboff\u00a0\u00bb min_height=\u00a0\u00bb1074px\u00a0\u00bb custom_padding=\u00a0\u00bb372px||394px|||\u00a0\u00bb filter_brightness=\u00a0\u00bb117%\u00a0\u00bb filter_contrast=\u00a0\u00bb93%\u00a0\u00bb filter_opacity=\u00a0\u00bb42%\u00a0\u00bb global_colors_info=\u00a0\u00bb{}\u00a0\u00bb][et_pb_row _builder_version=\u00a0\u00bb4.25.0&Prime; _module_preset=\u00a0\u00bbdefault\u00a0\u00bb][et_pb_column _builder_version=\u00a0\u00bb4.25.0&Prime; _module_preset=\u00a0\u00bbdefault\u00a0\u00bb type=\u00a0\u00bb4_4&Prime;][et_pb_code _builder_version=\u00a0\u00bb4.25.0&Prime; _module_preset=\u00a0\u00bbdefault\u00a0\u00bb hover_enabled=\u00a0\u00bb0&Prime; sticky_enabled=\u00a0\u00bb0&Prime;]<iframe loading=\"lazy\" src=\"https:\/\/drive.google.com\/file\/d\/1R1lHY3eqiNkWrdV9e8TJJ002VQb2l3dI\/preview\" width=\"640\" height=\"480\" allow=\"autoplay\"><\/iframe>[\/et_pb_code][\/et_pb_column][\/et_pb_row][\/et_pb_section]<\/p>\n","protected":false},"excerpt":{"rendered":"<p>\u00abProducers &#8211; Wines &#8211; Selection\u00bb est une entreprise sp\u00e9cialis\u00e9e dans l\u2019export du vin fran\u00e7ais.Notre r\u00f4le est de vous accompagner non seulement dans les diff\u00e9rentes \u00e9tapes de l\u2019export mais \u00e9galement dans le d\u00e9veloppement de votre gamme, sp\u00e9cifique au march\u00e9 de votre choix. La mission de PWS est d\u2019\u00eatre \u00ab\u00a0La voix des producteurs locaux \u00e0 l\u2019international\u00a0\u00bb<\/p>\n","protected":false},"author":1,"featured_media":0,"parent":0,"menu_order":0,"comment_status":"closed","ping_status":"closed","template":"","meta":{"_seopress_robots_primary_cat":"","_seopress_titles_title":"Welcome - PWS French Wines","_seopress_titles_desc":"Discover PWS, a French trading structure specialized in wine export, which aims to share wines from the French terroirs.","_seopress_robots_index":"","_et_pb_use_builder":"on","_et_pb_old_content":"","_et_gb_content_width":"","footnotes":""},"yoast_head":"<!-- This site is optimized with the Yoast SEO plugin v23.5 - https:\/\/yoast.com\/wordpress\/plugins\/seo\/ -->\n<title>Welcome page - PWS - PWS<\/title>\n<meta name=\"description\" content=\"Discover PWS, a French trading structure specialized in wine export, which aims to share wines from the French terroirs.\" \/>\n<meta name=\"robots\" content=\"index, follow, max-snippet:-1, max-image-preview:large, max-video-preview:-1\" \/>\n<link rel=\"canonical\" href=\"https:\/\/pws-export.com\/fr\/\" \/>\n<meta property=\"og:locale\" content=\"fr_FR\" \/>\n<meta property=\"og:type\" content=\"article\" \/>\n<meta property=\"og:title\" content=\"Welcome page - PWS - PWS\" \/>\n<meta property=\"og:description\" content=\"Discover PWS, a French trading structure specialized in wine export, which aims to share wines from the French terroirs.\" \/>\n<meta property=\"og:url\" content=\"https:\/\/pws-export.com\/fr\/\" \/>\n<meta property=\"og:site_name\" content=\"PWS\" \/>\n<meta property=\"article:modified_time\" content=\"2025-03-24T14:41:30+00:00\" \/>\n<meta name=\"twitter:card\" content=\"summary_large_image\" \/>\n<meta name=\"twitter:label1\" content=\"Dur\u00e9e de lecture estim\u00e9e\" \/>\n\t<meta name=\"twitter:data1\" content=\"1 minute\" \/>\n<script type=\"application\/ld+json\" class=\"yoast-schema-graph\">{\"@context\":\"https:\/\/schema.org\",\"@graph\":[{\"@type\":\"WebPage\",\"@id\":\"https:\/\/pws-export.com\/fr\/\",\"url\":\"https:\/\/pws-export.com\/fr\/\",\"name\":\"Welcome page - PWS - PWS\",\"isPartOf\":{\"@id\":\"https:\/\/pws-export.com\/#website\"},\"datePublished\":\"2020-08-28T08:03:11+00:00\",\"dateModified\":\"2025-03-24T14:41:30+00:00\",\"description\":\"Discover PWS, a French trading structure specialized in wine export, which aims to share wines from the French terroirs.\",\"breadcrumb\":{\"@id\":\"https:\/\/pws-export.com\/fr\/#breadcrumb\"},\"inLanguage\":\"fr-FR\",\"potentialAction\":[{\"@type\":\"ReadAction\",\"target\":[\"https:\/\/pws-export.com\/fr\/\"]}]},{\"@type\":\"BreadcrumbList\",\"@id\":\"https:\/\/pws-export.com\/fr\/#breadcrumb\",\"itemListElement\":[{\"@type\":\"ListItem\",\"position\":1,\"name\":\"Home\",\"item\":\"https:\/\/pws-export.com\/fr\/\"},{\"@type\":\"ListItem\",\"position\":2,\"name\":\"Welcome page &#8211; PWS\"}]},{\"@type\":\"WebSite\",\"@id\":\"https:\/\/pws-export.com\/#website\",\"url\":\"https:\/\/pws-export.com\/\",\"name\":\"PWS\",\"description\":\"Producers Wines Selection - Export\",\"publisher\":{\"@id\":\"https:\/\/pws-export.com\/#organization\"},\"potentialAction\":[{\"@type\":\"SearchAction\",\"target\":{\"@type\":\"EntryPoint\",\"urlTemplate\":\"https:\/\/pws-export.com\/?s={search_term_string}\"},\"query-input\":{\"@type\":\"PropertyValueSpecification\",\"valueRequired\":true,\"valueName\":\"search_term_string\"}}],\"inLanguage\":\"fr-FR\"},{\"@type\":\"Organization\",\"@id\":\"https:\/\/pws-export.com\/#organization\",\"name\":\"PWS\",\"url\":\"https:\/\/pws-export.com\/\",\"logo\":{\"@type\":\"ImageObject\",\"inLanguage\":\"fr-FR\",\"@id\":\"https:\/\/pws-export.com\/#\/schema\/logo\/image\/\",\"url\":\"https:\/\/pws-export.com\/wp-content\/uploads\/2024\/06\/logo-PWS.jpeg\",\"contentUrl\":\"https:\/\/pws-export.com\/wp-content\/uploads\/2024\/06\/logo-PWS.jpeg\",\"width\":1406,\"height\":876,\"caption\":\"PWS\"},\"image\":{\"@id\":\"https:\/\/pws-export.com\/#\/schema\/logo\/image\/\"},\"sameAs\":[\"https:\/\/www.instagram.com\/pwsfrenchwines\/\",\"https:\/\/www.linkedin.com\/company\/pws-export-vins\/?viewAsMember=true\"]}]}<\/script>\n<!-- \/ Yoast SEO plugin. -->","yoast_head_json":{"title":"Welcome page - PWS - PWS","description":"Discover PWS, a French trading structure specialized in wine export, which aims to share wines from the French terroirs.","robots":{"index":"index","follow":"follow","max-snippet":"max-snippet:-1","max-image-preview":"max-image-preview:large","max-video-preview":"max-video-preview:-1"},"canonical":"https:\/\/pws-export.com\/fr\/","og_locale":"fr_FR","og_type":"article","og_title":"Welcome page - PWS - PWS","og_description":"Discover PWS, a French trading structure specialized in wine export, which aims to share wines from the French terroirs.","og_url":"https:\/\/pws-export.com\/fr\/","og_site_name":"PWS","article_modified_time":"2025-03-24T14:41:30+00:00","twitter_card":"summary_large_image","twitter_misc":{"Dur\u00e9e de lecture estim\u00e9e":"1 minute"},"schema":{"@context":"https:\/\/schema.org","@graph":[{"@type":"WebPage","@id":"https:\/\/pws-export.com\/fr\/","url":"https:\/\/pws-export.com\/fr\/","name":"Welcome page - PWS - PWS","isPartOf":{"@id":"https:\/\/pws-export.com\/#website"},"datePublished":"2020-08-28T08:03:11+00:00","dateModified":"2025-03-24T14:41:30+00:00","description":"Discover PWS, a French trading structure specialized in wine export, which aims to share wines from the French terroirs.","breadcrumb":{"@id":"https:\/\/pws-export.com\/fr\/#breadcrumb"},"inLanguage":"fr-FR","potentialAction":[{"@type":"ReadAction","target":["https:\/\/pws-export.com\/fr\/"]}]},{"@type":"BreadcrumbList","@id":"https:\/\/pws-export.com\/fr\/#breadcrumb","itemListElement":[{"@type":"ListItem","position":1,"name":"Home","item":"https:\/\/pws-export.com\/fr\/"},{"@type":"ListItem","position":2,"name":"Welcome page &#8211; PWS"}]},{"@type":"WebSite","@id":"https:\/\/pws-export.com\/#website","url":"https:\/\/pws-export.com\/","name":"PWS","description":"Producers Wines Selection - Export","publisher":{"@id":"https:\/\/pws-export.com\/#organization"},"potentialAction":[{"@type":"SearchAction","target":{"@type":"EntryPoint","urlTemplate":"https:\/\/pws-export.com\/?s={search_term_string}"},"query-input":{"@type":"PropertyValueSpecification","valueRequired":true,"valueName":"search_term_string"}}],"inLanguage":"fr-FR"},{"@type":"Organization","@id":"https:\/\/pws-export.com\/#organization","name":"PWS","url":"https:\/\/pws-export.com\/","logo":{"@type":"ImageObject","inLanguage":"fr-FR","@id":"https:\/\/pws-export.com\/#\/schema\/logo\/image\/","url":"https:\/\/pws-export.com\/wp-content\/uploads\/2024\/06\/logo-PWS.jpeg","contentUrl":"https:\/\/pws-export.com\/wp-content\/uploads\/2024\/06\/logo-PWS.jpeg","width":1406,"height":876,"caption":"PWS"},"image":{"@id":"https:\/\/pws-export.com\/#\/schema\/logo\/image\/"},"sameAs":["https:\/\/www.instagram.com\/pwsfrenchwines\/","https:\/\/www.linkedin.com\/company\/pws-export-vins\/?viewAsMember=true"]}]}},"_links":{"self":[{"href":"https:\/\/pws-export.com\/fr\/wp-json\/wp\/v2\/pages\/10"}],"collection":[{"href":"https:\/\/pws-export.com\/fr\/wp-json\/wp\/v2\/pages"}],"about":[{"href":"https:\/\/pws-export.com\/fr\/wp-json\/wp\/v2\/types\/page"}],"author":[{"embeddable":true,"href":"https:\/\/pws-export.com\/fr\/wp-json\/wp\/v2\/users\/1"}],"replies":[{"embeddable":true,"href":"https:\/\/pws-export.com\/fr\/wp-json\/wp\/v2\/comments?post=10"}],"version-history":[{"count":41,"href":"https:\/\/pws-export.com\/fr\/wp-json\/wp\/v2\/pages\/10\/revisions"}],"predecessor-version":[{"id":920,"href":"https:\/\/pws-export.com\/fr\/wp-json\/wp\/v2\/pages\/10\/revisions\/920"}],"wp:attachment":[{"href":"https:\/\/pws-export.com\/fr\/wp-json\/wp\/v2\/media?parent=10"}],"curies":[{"name":"wp","href":"https:\/\/api.w.org\/{rel}","templated":true}]}}