{"id":12,"date":"2020-08-28T08:31:26","date_gmt":"2020-08-28T08:31:26","guid":{"rendered":"https:\/\/pws-export.com\/?page_id=12"},"modified":"2024-09-26T06:24:12","modified_gmt":"2024-09-26T06:24:12","slug":"about","status":"publish","type":"page","link":"https:\/\/pws-export.com\/fr\/about\/","title":{"rendered":"A propos"},"content":{"rendered":"\n[et_pb_section fb_built=\u00a0\u00bb1&Prime; module_id=\u00a0\u00bbhistoire\u00a0\u00bb module_class=\u00a0\u00bbhistoire\u00a0\u00bb _builder_version=\u00a0\u00bb4.6.1&Prime; _module_preset=\u00a0\u00bbdefault\u00a0\u00bb global_colors_info=\u00a0\u00bb{}\u00a0\u00bb][et_pb_row column_structure=\u00a0\u00bb1_2,1_2&Prime; _builder_version=\u00a0\u00bb4.6.1&Prime; _module_preset=\u00a0\u00bbdefault\u00a0\u00bb global_colors_info=\u00a0\u00bb{}\u00a0\u00bb][et_pb_column type=\u00a0\u00bb1_2&Prime; _builder_version=\u00a0\u00bb4.6.0&Prime; _module_preset=\u00a0\u00bbdefault\u00a0\u00bb global_colors_info=\u00a0\u00bb{}\u00a0\u00bb][et_pb_text _builder_version=\u00a0\u00bb4.14.2&Prime; _module_preset=\u00a0\u00bbb88466f2-ad11-41c7-940a-9585eb31fd5a\u00a0\u00bb header_line_height=\u00a0\u00bb2em\u00a0\u00bb global_colors_info=\u00a0\u00bb{}\u00a0\u00bb]<h1>Histoire<\/h1>\n<p>[DES RACINES BORDELAISES]<\/p>\n<p><strong>Domaine du Tireberey<\/strong><\/p>\n<p><span>Le domaine du Tireberey, propri\u00e9t\u00e9 de Christian Pujol, est un vignoble situ\u00e9 sur les hauteurs pr\u00e8s de la commune d&rsquo;Arbis, au coeur de l&rsquo;aire d\u2019Appellation Bordeaux-Haut-B\u00e9nauge, une des plus qualitatives de la r\u00e9gion.<\/span><\/p>\n<p><span>La propri\u00e9t\u00e9 familiale date des ann\u00e9es 1900, Christian l&rsquo;ayant acquise de sa propre m\u00e8re dans les ann\u00e9es 60, avec \u00e0 l&rsquo;\u00e9poque seulement quelques parcelles au milieu d&rsquo;une for\u00eat dense. C&rsquo;est apr\u00e8s des ann\u00e9es de labeur, que Christian a fait na\u00eetre 6 hectares de vignes riches et vigoureuses, aujourd&rsquo;hui encore en activit\u00e9. <\/span><\/p>\n<p><span>Sa mission a toujours \u00e9t\u00e9 dans la continuit\u00e9 de ce terroir unique : produire des vins d&rsquo;exception et les partager avec le plus grand monde possible.<\/span><\/p>\n<p>&nbsp;<\/p>\n<p><strong>Ch\u00e2teau Merlin Frontenac<\/strong><\/p>\n<p><span>Le Ch\u00e2teau Merlin Frontenac, propri\u00e9t\u00e9 de Yannick GARRAS et sa femme Christianne Pujol, se situe sur la commune de Frontenac dans l&rsquo;entre-deux-mers bordelais.<\/span><\/p>\n<p><span>Vignoble familial depuis plus d&rsquo;un si\u00e8cle d\u00e9tenu par l&rsquo;arri\u00e8re-grand-p\u00e8re de Yannick GARRAS dans les ann\u00e9es 1900, il s&rsquo;agissait au d\u00e9part de polyculture avec la culture de c\u00e9r\u00e9ales, de vignes et de l&rsquo;\u00e9levage. <\/span><\/p>\n<p><span>En 1974 Yannick a repris la t\u00eate de l&rsquo;exploitation alors qu&rsquo;il n&rsquo;avait que 20 ans. Malgr\u00e9 sa jeunesse il a tout de m\u00eame r\u00e9ussi son dipl\u00f4me de viticulture oenologie \u00e0 La Tour Blanche \u00e0 Bordeaux. C&rsquo;est la pratique, qui au fil des ann\u00e9es, lui a permit d&rsquo;am\u00e9liorer sa technique tant dans ses 18ha de vignes qu&rsquo;au chai, pour en faire aujourd&rsquo;hui un vin d&rsquo;exception.<\/span><\/p>\n<p><span>Le ch\u00e2teau est en effet reconnu dans la region pour sa qualit\u00e9 &#8211; le terroir \u00e9tant enclav\u00e9 entre deux cours d&rsquo;eau (Engranne et Gourmeron), sur une colline partag\u00e9e entre des coteaux\u00a0argilo-calcaires pourvus de boulb\u00e8nes sur les hauteurs, r\u00e9sultant d&rsquo;un vin souple et ar\u00f4matique, dans les valeurs du partage.<\/span><\/p>\n<p><strong>PWS EXPORT-VINS<\/strong><\/p>\n<p><span>Petit-fils de Christian, neveu de Christianne et Yannick, c&rsquo;est dans un univers viticole que Pierre Olivier RIVES a pu trouver ses origines. Dipl\u00f4m\u00e9 de Mast\u00e8re Sp\u00e9cialis\u00e9 Vins &amp; Spiritueux Facult\u00e9 d&rsquo;Oenologie de Bordeaux (programme de la KEDGE) et WSET3, passionn\u00e9 de vins et de voyages, c&rsquo;est port\u00e9 par la vision familiale qu&rsquo;il s&rsquo;oriente vers le Grand Export, pour partager le fruit des secrets transmis de g\u00e9n\u00e9ration en g\u00e9n\u00e9ration. <\/span><\/p>\n<p><span>En 2018, la soci\u00e9t\u00e9 PWS (Producers &#8211; Wines &#8211; Selection) voit jour \u00e0 Bordeaux. Structure de n\u00e9goce fran\u00e7aise sp\u00e9cialis\u00e9e dans l&rsquo;export du vin, la vocation est de partager les vins et la culture des terroirs Fran\u00e7ais, devenir \u00ab La voix des vignerons \u00e0 l\u2019international \u00bb, qu&rsquo;ils soient en cave coop\u00e9rative ou ind\u00e9pendants, bio ou conventionnel. Au fur et \u00e0 mesure que les demandes d&rsquo;autres vins augmentent, PWS a su \u00e9largir son portefeuille de produits, repr\u00e9sentant aujourd&rsquo;hui plus d&rsquo;une centaine de vignerons partout en France. <\/span><\/p>\n<p>En 2020, un premier bureau de repr<span>\u00e9<\/span>sentation est ouvert <span>\u00e0<\/span> l&rsquo;<span>\u00e9<\/span>tranger ( Shanghai, Chine), aujourd&rsquo;hui situ<span>\u00e9 dans le coeur de Shanghai, le bureau a vocation de croissance avec l&#8217;embauche d&rsquo;une \u00e9quipe marketing et commerciale.<\/span><span><\/span><\/p>\n<p><span>En 2022, PWS continue son d\u00e9veloppement \u00e0 la recherche de partenaires sur de nouveaux march\u00e9s.<\/span><\/p>[\/et_pb_text][\/et_pb_column][et_pb_column type=\u00a0\u00bb1_2&Prime; _builder_version=\u00a0\u00bb4.6.1&Prime; _module_preset=\u00a0\u00bbdefault\u00a0\u00bb sticky_position=\u00a0\u00bbtop\u00a0\u00bb sticky_limit_bottom=\u00a0\u00bbsection\u00a0\u00bb sticky_position_tablet=\u00a0\u00bbnone\u00a0\u00bb sticky_position_phone=\u00a0\u00bbnone\u00a0\u00bb sticky_position_last_edited=\u00a0\u00bbon|phone\u00a0\u00bb global_colors_info=\u00a0\u00bb{}\u00a0\u00bb][et_pb_image src=\u00a0\u00bbhttps:\/\/pws-export.com\/wp-content\/uploads\/2020\/09\/PO-scaled.jpg\u00a0\u00bb title_text=\u00a0\u00bbPO\u00a0\u00bb _builder_version=\u00a0\u00bb4.6.0&Prime; _module_preset=\u00a0\u00bbdefault\u00a0\u00bb custom_padding=\u00a0\u00bb10%||||false|false\u00a0\u00bb sticky_limit_bottom=\u00a0\u00bbsection\u00a0\u00bb global_colors_info=\u00a0\u00bb{}\u00a0\u00bb][\/et_pb_image][\/et_pb_column][\/et_pb_row][\/et_pb_section][et_pb_section fb_built=\u00a0\u00bb1&Prime; module_id=\u00a0\u00bbvaleurs\u00a0\u00bb module_class=\u00a0\u00bbvaleurs\u00a0\u00bb _builder_version=\u00a0\u00bb4.6.1&Prime; _module_preset=\u00a0\u00bbdefault\u00a0\u00bb custom_padding=\u00a0\u00bb5vw||||false|false\u00a0\u00bb global_colors_info=\u00a0\u00bb{}\u00a0\u00bb][et_pb_row column_structure=\u00a0\u00bb1_2,1_2&Prime; _builder_version=\u00a0\u00bb4.6.1&Prime; _module_preset=\u00a0\u00bbdefault\u00a0\u00bb global_colors_info=\u00a0\u00bb{}\u00a0\u00bb][et_pb_column type=\u00a0\u00bb1_2&Prime; _builder_version=\u00a0\u00bb4.6.1&Prime; _module_preset=\u00a0\u00bbdefault\u00a0\u00bb sticky_position=\u00a0\u00bbtop\u00a0\u00bb sticky_limit_bottom=\u00a0\u00bbsection\u00a0\u00bb sticky_position_tablet=\u00a0\u00bbnone\u00a0\u00bb sticky_position_phone=\u00a0\u00bbnone\u00a0\u00bb sticky_position_last_edited=\u00a0\u00bbon|tablet\u00a0\u00bb global_colors_info=\u00a0\u00bb{}\u00a0\u00bb][et_pb_image src=\u00a0\u00bbhttps:\/\/pws-export.com\/wp-content\/uploads\/2020\/09\/maja-petric-vGQ49l9I4EE-unsplash-scaled.jpg\u00a0\u00bb title_text=\u00a0\u00bbmaja-petric-vGQ49l9I4EE-unsplash\u00a0\u00bb _builder_version=\u00a0\u00bb4.6.0&Prime; _module_preset=\u00a0\u00bbdefault\u00a0\u00bb custom_padding=\u00a0\u00bb10%||||false|false\u00a0\u00bb global_colors_info=\u00a0\u00bb{}\u00a0\u00bb][\/et_pb_image][\/et_pb_column][et_pb_column type=\u00a0\u00bb1_2&Prime; _builder_version=\u00a0\u00bb4.6.0&Prime; _module_preset=\u00a0\u00bbdefault\u00a0\u00bb global_colors_info=\u00a0\u00bb{}\u00a0\u00bb][et_pb_text _builder_version=\u00a0\u00bb4.6.5&Prime; _module_preset=\u00a0\u00bbb88466f2-ad11-41c7-940a-9585eb31fd5a\u00a0\u00bb header_line_height=\u00a0\u00bb2em\u00a0\u00bb header_2_font_size=\u00a0\u00bb22px\u00a0\u00bb global_colors_info=\u00a0\u00bb{}\u00a0\u00bb]<h1>Valeurs<\/h1>\n<p>Nous accompagnons la promotion des vignerons et terroirs Fran\u00e7ais \u00e0 l\u2019export.<\/p>\n<h2>Nos exigences sont dans la r\u00e9activit\u00e9, le service et la qualit\u00e9.<\/h2>\n<p>Dans l\u2019\u00e8re de la consommation \u00e0 outrance, PWS a pour mission de vous proposer un portefeuille produits de qualit\u00e9. Nous consid\u00e9rons que le vin est bien plus qu\u2019une boisson alcoolis\u00e9e. Il s\u2019agit d\u2019un art de vivre, de consommer propre \u00e0 chaque culture. C\u2019est pourquoi nous nous effor\u00e7ons de trouver les vins de qualit\u00e9 et de valeurs ajout\u00e9es tout en respectant et r\u00e9pondant \u00e0 vos besoins.<\/p>\n<h2>Nous partageons plus que du vin : des valeurs du partage, l\u2019\u00e9coute des march\u00e9s et la fiabilit\u00e9.<\/h2>\n<p>Le vin repr\u00e9sente en outre, le partage et la joie de se retrouver avec les autres que cela soit durant la p\u00e9riode de r\u00e9colte ou bien durant la d\u00e9gustation. Chez PWS, nous partageons cette valeur chaleureuse de travail tout en orientant notre gamme selon les besoins : une s\u00e9lection qui se veut fiable et compl\u00e8te.<\/p>\n<h2>Nous travaillons dans la pr\u00e9cision et mettons \u00e0 votre disposition une expertise pouss\u00e9e du Grand Export.<\/h2>\n<p>L\u2019export n\u00e9cessite une connaissance pr\u00e9cise des normes Fran\u00e7aises et \u00e9trang\u00e8res, des conditions de production tant bien que logistiques, nous vous accompagnons de fa\u00e7on s\u00e9rieuse tout en gardant un maximum de flexibilit\u00e9 (choix du packaging, groupages des produits, termes de paiements, portefeuille produit et profils des vins).<\/p>[\/et_pb_text][\/et_pb_column][\/et_pb_row][\/et_pb_section][et_pb_section fb_built=\u00a0\u00bb1&Prime; module_id=\u00a0\u00bbpositionnement\u00a0\u00bb module_class=\u00a0\u00bbpositionnement\u00a0\u00bb _builder_version=\u00a0\u00bb4.6.1&Prime; _module_preset=\u00a0\u00bbdefault\u00a0\u00bb custom_padding=\u00a0\u00bb5vw||||false|false\u00a0\u00bb global_colors_info=\u00a0\u00bb{}\u00a0\u00bb][et_pb_row column_structure=\u00a0\u00bb1_2,1_2&Prime; _builder_version=\u00a0\u00bb4.6.0&Prime; _module_preset=\u00a0\u00bbdefault\u00a0\u00bb global_colors_info=\u00a0\u00bb{}\u00a0\u00bb][et_pb_column type=\u00a0\u00bb1_2&Prime; _builder_version=\u00a0\u00bb4.6.0&Prime; _module_preset=\u00a0\u00bbdefault\u00a0\u00bb global_colors_info=\u00a0\u00bb{}\u00a0\u00bb][et_pb_text _builder_version=\u00a0\u00bb4.6.0&Prime; _module_preset=\u00a0\u00bbb88466f2-ad11-41c7-940a-9585eb31fd5a\u00a0\u00bb header_line_height=\u00a0\u00bb2em\u00a0\u00bb global_colors_info=\u00a0\u00bb{}\u00a0\u00bb]<h1>Positionnement<\/h1>\n<p>Dans un secteur tr\u00e8s concurrentiel, PWS a pour mission de commercialiser et promouvoir le vin fran\u00e7ais \u00e0 l\u2019\u00e9chelle internationale : la voix des viticulteurs Fran\u00e7ais \u00e0 l\u2019international.<\/p>\n<p>Issu d\u2019une famille de viticulteurs, le fondateur de PWS est naturellement proche des propri\u00e9t\u00e9s familiales. Le mot d\u2019ordre \u00e9tant la qualit\u00e9 irr\u00e9prochable des produits, PWS est garant de son suivi via le choix m\u00e9ticuleux de ses partenaires.<\/p>\n<p>Nous valorisons les terroirs de qualit\u00e9 et avons pour mission de promouvoir les producteurs locaux partout dans le monde. PWS met \u00e0 disposition plus de 10 ans d\u2019exp\u00e9rience dans le secteur du vin afin d\u2019offrir un service unique et sur-mesure en offrant une flexibilit\u00e9, notamment par la possibilit\u00e9 de personnalisation de marque ou bien de projets Tailor-Made.<\/p>[\/et_pb_text][\/et_pb_column][et_pb_column type=\u00a0\u00bb1_2&Prime; _builder_version=\u00a0\u00bb4.6.0&Prime; _module_preset=\u00a0\u00bbdefault\u00a0\u00bb global_colors_info=\u00a0\u00bb{}\u00a0\u00bb][et_pb_image src=\u00a0\u00bbhttps:\/\/pws-export.com\/wp-content\/uploads\/2020\/09\/Positionnement.jpg\u00a0\u00bb title_text=\u00a0\u00bbPositionnement\u00a0\u00bb _builder_version=\u00a0\u00bb4.6.0&Prime; _module_preset=\u00a0\u00bbdefault\u00a0\u00bb custom_padding=\u00a0\u00bb10%||||false|false\u00a0\u00bb global_colors_info=\u00a0\u00bb{}\u00a0\u00bb][\/et_pb_image][\/et_pb_column][\/et_pb_row][\/et_pb_section]\n","protected":false},"excerpt":{"rendered":"<p>Histoire [DES RACINES BORDELAISES] Domaine du Tireberey Le domaine du Tireberey, propri\u00e9t\u00e9 de Christian Pujol, est un vignoble situ\u00e9 sur les hauteurs pr\u00e8s de la commune d&rsquo;Arbis, au coeur de l&rsquo;aire d\u2019Appellation Bordeaux-Haut-B\u00e9nauge, une des plus qualitatives de la r\u00e9gion. La propri\u00e9t\u00e9 familiale date des ann\u00e9es 1900, Christian l&rsquo;ayant acquise de sa propre m\u00e8re dans&hellip; <a class=\"continue\" href=\"https:\/\/pws-export.com\/fr\/about\/\">Continue Reading<span> A propos<\/span><\/a><\/p>\n","protected":false},"author":1,"featured_media":0,"parent":0,"menu_order":0,"comment_status":"closed","ping_status":"closed","template":"","meta":{"_seopress_robots_primary_cat":"","_seopress_titles_title":"About - PWS French Wines","_seopress_titles_desc":"Discover PWS, a French trading structure specialized in wine export, which aims to share wines from the French terroirs.","_seopress_robots_index":"","_et_pb_use_builder":"on","_et_pb_old_content":"<!-- wp:divi\/placeholder \/-->","_et_gb_content_width":"","footnotes":""},"yoast_head":"<!-- This site is optimized with the Yoast SEO plugin v23.5 - https:\/\/yoast.com\/wordpress\/plugins\/seo\/ -->\n<title>A propos - PWS<\/title>\n<meta name=\"description\" content=\"Discover PWS, a French trading structure specialized in wine export, which aims to share wines from the French terroirs.\" \/>\n<meta name=\"robots\" content=\"index, follow, max-snippet:-1, max-image-preview:large, max-video-preview:-1\" \/>\n<link rel=\"canonical\" href=\"https:\/\/pws-export.com\/fr\/about\/\" \/>\n<meta property=\"og:locale\" content=\"fr_FR\" \/>\n<meta property=\"og:type\" content=\"article\" \/>\n<meta property=\"og:title\" content=\"A propos - PWS\" \/>\n<meta property=\"og:description\" content=\"Discover PWS, a French trading structure specialized in wine export, which aims to share wines from the French terroirs.\" \/>\n<meta property=\"og:url\" content=\"https:\/\/pws-export.com\/fr\/about\/\" \/>\n<meta property=\"og:site_name\" content=\"PWS\" \/>\n<meta property=\"article:modified_time\" content=\"2024-09-26T06:24:12+00:00\" \/>\n<meta name=\"twitter:card\" content=\"summary_large_image\" \/>\n<meta name=\"twitter:label1\" content=\"Dur\u00e9e de lecture estim\u00e9e\" \/>\n\t<meta name=\"twitter:data1\" content=\"5 minutes\" \/>\n<script type=\"application\/ld+json\" class=\"yoast-schema-graph\">{\"@context\":\"https:\/\/schema.org\",\"@graph\":[{\"@type\":\"WebPage\",\"@id\":\"https:\/\/pws-export.com\/about\/\",\"url\":\"https:\/\/pws-export.com\/about\/\",\"name\":\"A propos - PWS\",\"isPartOf\":{\"@id\":\"https:\/\/pws-export.com\/#website\"},\"datePublished\":\"2020-08-28T08:31:26+00:00\",\"dateModified\":\"2024-09-26T06:24:12+00:00\",\"description\":\"Discover PWS, a French trading structure specialized in wine export, which aims to share wines from the French terroirs.\",\"breadcrumb\":{\"@id\":\"https:\/\/pws-export.com\/about\/#breadcrumb\"},\"inLanguage\":\"fr-FR\",\"potentialAction\":[{\"@type\":\"ReadAction\",\"target\":[\"https:\/\/pws-export.com\/about\/\"]}]},{\"@type\":\"BreadcrumbList\",\"@id\":\"https:\/\/pws-export.com\/about\/#breadcrumb\",\"itemListElement\":[{\"@type\":\"ListItem\",\"position\":1,\"name\":\"Home\",\"item\":\"https:\/\/pws-export.com\/fr\/\"},{\"@type\":\"ListItem\",\"position\":2,\"name\":\"A propos\"}]},{\"@type\":\"WebSite\",\"@id\":\"https:\/\/pws-export.com\/#website\",\"url\":\"https:\/\/pws-export.com\/\",\"name\":\"PWS\",\"description\":\"Producers Wines Selection - Export\",\"publisher\":{\"@id\":\"https:\/\/pws-export.com\/#organization\"},\"potentialAction\":[{\"@type\":\"SearchAction\",\"target\":{\"@type\":\"EntryPoint\",\"urlTemplate\":\"https:\/\/pws-export.com\/?s={search_term_string}\"},\"query-input\":{\"@type\":\"PropertyValueSpecification\",\"valueRequired\":true,\"valueName\":\"search_term_string\"}}],\"inLanguage\":\"fr-FR\"},{\"@type\":\"Organization\",\"@id\":\"https:\/\/pws-export.com\/#organization\",\"name\":\"PWS\",\"url\":\"https:\/\/pws-export.com\/\",\"logo\":{\"@type\":\"ImageObject\",\"inLanguage\":\"fr-FR\",\"@id\":\"https:\/\/pws-export.com\/#\/schema\/logo\/image\/\",\"url\":\"https:\/\/pws-export.com\/wp-content\/uploads\/2024\/06\/logo-PWS.jpeg\",\"contentUrl\":\"https:\/\/pws-export.com\/wp-content\/uploads\/2024\/06\/logo-PWS.jpeg\",\"width\":1406,\"height\":876,\"caption\":\"PWS\"},\"image\":{\"@id\":\"https:\/\/pws-export.com\/#\/schema\/logo\/image\/\"},\"sameAs\":[\"https:\/\/www.instagram.com\/pwsfrenchwines\/\",\"https:\/\/www.linkedin.com\/company\/pws-export-vins\/?viewAsMember=true\"]}]}<\/script>\n<!-- \/ Yoast SEO plugin. -->","yoast_head_json":{"title":"A propos - PWS","description":"Discover PWS, a French trading structure specialized in wine export, which aims to share wines from the French terroirs.","robots":{"index":"index","follow":"follow","max-snippet":"max-snippet:-1","max-image-preview":"max-image-preview:large","max-video-preview":"max-video-preview:-1"},"canonical":"https:\/\/pws-export.com\/fr\/about\/","og_locale":"fr_FR","og_type":"article","og_title":"A propos - PWS","og_description":"Discover PWS, a French trading structure specialized in wine export, which aims to share wines from the French terroirs.","og_url":"https:\/\/pws-export.com\/fr\/about\/","og_site_name":"PWS","article_modified_time":"2024-09-26T06:24:12+00:00","twitter_card":"summary_large_image","twitter_misc":{"Dur\u00e9e de lecture estim\u00e9e":"5 minutes"},"schema":{"@context":"https:\/\/schema.org","@graph":[{"@type":"WebPage","@id":"https:\/\/pws-export.com\/about\/","url":"https:\/\/pws-export.com\/about\/","name":"A propos - PWS","isPartOf":{"@id":"https:\/\/pws-export.com\/#website"},"datePublished":"2020-08-28T08:31:26+00:00","dateModified":"2024-09-26T06:24:12+00:00","description":"Discover PWS, a French trading structure specialized in wine export, which aims to share wines from the French terroirs.","breadcrumb":{"@id":"https:\/\/pws-export.com\/about\/#breadcrumb"},"inLanguage":"fr-FR","potentialAction":[{"@type":"ReadAction","target":["https:\/\/pws-export.com\/about\/"]}]},{"@type":"BreadcrumbList","@id":"https:\/\/pws-export.com\/about\/#breadcrumb","itemListElement":[{"@type":"ListItem","position":1,"name":"Home","item":"https:\/\/pws-export.com\/fr\/"},{"@type":"ListItem","position":2,"name":"A propos"}]},{"@type":"WebSite","@id":"https:\/\/pws-export.com\/#website","url":"https:\/\/pws-export.com\/","name":"PWS","description":"Producers Wines Selection - Export","publisher":{"@id":"https:\/\/pws-export.com\/#organization"},"potentialAction":[{"@type":"SearchAction","target":{"@type":"EntryPoint","urlTemplate":"https:\/\/pws-export.com\/?s={search_term_string}"},"query-input":{"@type":"PropertyValueSpecification","valueRequired":true,"valueName":"search_term_string"}}],"inLanguage":"fr-FR"},{"@type":"Organization","@id":"https:\/\/pws-export.com\/#organization","name":"PWS","url":"https:\/\/pws-export.com\/","logo":{"@type":"ImageObject","inLanguage":"fr-FR","@id":"https:\/\/pws-export.com\/#\/schema\/logo\/image\/","url":"https:\/\/pws-export.com\/wp-content\/uploads\/2024\/06\/logo-PWS.jpeg","contentUrl":"https:\/\/pws-export.com\/wp-content\/uploads\/2024\/06\/logo-PWS.jpeg","width":1406,"height":876,"caption":"PWS"},"image":{"@id":"https:\/\/pws-export.com\/#\/schema\/logo\/image\/"},"sameAs":["https:\/\/www.instagram.com\/pwsfrenchwines\/","https:\/\/www.linkedin.com\/company\/pws-export-vins\/?viewAsMember=true"]}]}},"_links":{"self":[{"href":"https:\/\/pws-export.com\/fr\/wp-json\/wp\/v2\/pages\/12"}],"collection":[{"href":"https:\/\/pws-export.com\/fr\/wp-json\/wp\/v2\/pages"}],"about":[{"href":"https:\/\/pws-export.com\/fr\/wp-json\/wp\/v2\/types\/page"}],"author":[{"embeddable":true,"href":"https:\/\/pws-export.com\/fr\/wp-json\/wp\/v2\/users\/1"}],"replies":[{"embeddable":true,"href":"https:\/\/pws-export.com\/fr\/wp-json\/wp\/v2\/comments?post=12"}],"version-history":[{"count":32,"href":"https:\/\/pws-export.com\/fr\/wp-json\/wp\/v2\/pages\/12\/revisions"}],"predecessor-version":[{"id":842,"href":"https:\/\/pws-export.com\/fr\/wp-json\/wp\/v2\/pages\/12\/revisions\/842"}],"wp:attachment":[{"href":"https:\/\/pws-export.com\/fr\/wp-json\/wp\/v2\/media?parent=12"}],"curies":[{"name":"wp","href":"https:\/\/api.w.org\/{rel}","templated":true}]}}