{"id":12,"date":"2020-08-28T08:31:26","date_gmt":"2020-08-28T08:31:26","guid":{"rendered":"https:\/\/pws-export.com\/?page_id=12"},"modified":"2024-09-26T06:24:12","modified_gmt":"2024-09-26T06:24:12","slug":"about","status":"publish","type":"page","link":"https:\/\/pws-export.com\/ja\/\u306b\u3064\u3044\u3066\/","title":{"rendered":"\u4f1a\u793e\u6982\u8981"},"content":{"rendered":"[et_pb_section fb_built=\u00a0\u00bb1&Prime; module_id=\u00a0\u00bbhistoire\u00a0\u00bb module_class=\u00a0\u00bbhistoire\u00a0\u00bb _builder_version=\u00a0\u00bb4.6.1&Prime; _module_preset=\u00a0\u00bbdefault\u00a0\u00bb global_colors_info=\u00a0\u00bb{}\u00a0\u00bb][et_pb_row column_structure=\u00a0\u00bb1_2,1_2&Prime; _builder_version=\u00a0\u00bb4.6.1&Prime; _module_preset=\u00a0\u00bbdefault\u00a0\u00bb global_colors_info=\u00a0\u00bb{}\u00a0\u00bb][et_pb_column type=\u00a0\u00bb1_2&Prime; _builder_version=\u00a0\u00bb4.6.0&Prime; _module_preset=\u00a0\u00bbdefault\u00a0\u00bb global_colors_info=\u00a0\u00bb{}\u00a0\u00bb][et_pb_text _builder_version=\u00a0\u00bb4.14.2&Prime; _module_preset=\u00a0\u00bbb88466f2-ad11-41c7-940a-9585eb31fd5a\u00a0\u00bb header_line_height=\u00a0\u00bb2em\u00a0\u00bb global_colors_info=\u00a0\u00bb{}\u00a0\u00bb]<h1>\u6b74\u53f2<\/h1>\n<p>[\u30dc\u30eb\u30c9\u30fc\u306e\u30eb\u30fc\u30c4\uff3d<\/p>\n<p><strong>\u30c9\u30e1\u30fc\u30cc\u30fb\u30c7\u30e5\u30fb\u30c6\u30a3\u30eb\u30d6\u30ec<\/strong><\/p>\n<p><span>\u30af\u30ea\u30b9\u30c1\u30e3\u30f3\u30fb\u30d7\u30b8\u30e7\u30eb\u304c\u6240\u6709\u3059\u308b\u30c9\u30e1\u30fc\u30cc\u30fb\u30c7\u30e5\u30fb\u30c6\u30a3\u30ec\u30d9\u30ec\u30a4\u306f\u3001\u30dc\u30eb\u30c9\u30fc\u30fb\u30aa\u30fc\u30fb\u30d9\u30cc\u30fc\u30b8\u30e5\u306e\u4e2d\u5fc3\u90e8\u3001\u30a2\u30eb\u30d3\u30b9\u5e02\u8fd1\u90ca\u306e\u4e18\u9675\u5730\u5e2f\u306b\u4f4d\u7f6e\u3059\u308b\u30d6\u30c9\u30a6\u7551\u3067\u3001\u3053\u306e\u5730\u57df\u3067\u3082\u6700\u9ad8\u7d1a\u306e\u54c1\u8cea\u3092\u8a87\u308b\u3002<\/span><\/p>\n<p><span>\u30af\u30ea\u30b9\u30c1\u30e3\u30f3\u304c\u5b9f\u6bcd\u304b\u3089\u30c9\u30e1\u30fc\u30cc\u3092\u8b72\u308a\u53d7\u3051\u305f\u306e\u306f1900\u5e74\u4ee3\u306e\u3053\u3068\u3067\u3001\u5f53\u6642\u306f\u9b31\u84bc\u3068\u3057\u305f\u68ee\u306e\u4e2d\u306b\u6570\u533a\u753b\u304c\u3042\u308b\u3060\u3051\u3060\u3063\u305f\u3002\u9577\u5e74\u306e\u52aa\u529b\u306e\u672b\u3001\u30af\u30ea\u30b9\u30c1\u30e3\u30f3\u306f6\u30d8\u30af\u30bf\u30fc\u30eb\u306e\u8c4a\u304b\u3067\u529b\u5f37\u3044\u30d6\u30c9\u30a6\u7551\u3092\u4f5c\u308a\u4e0a\u3052\u3001\u73fe\u5728\u3082\u751f\u7523\u304c\u7d9a\u3051\u3089\u308c\u3066\u3044\u308b\u3002 <\/span><\/p>\n<p><span>\u305d\u306e\u4f7f\u547d\u306f\u3001\u5e38\u306b\u3053\u306e\u30e6\u30cb\u30fc\u30af\u306a\u30c6\u30ed\u30ef\u30fc\u30eb\u306b\u6cbf\u3063\u305f\u3082\u306e\u3067\u3042\u308b\u3002\u5353\u8d8a\u3057\u305f\u30ef\u30a4\u30f3\u3092\u751f\u7523\u3057\u3001\u305d\u308c\u3092\u3067\u304d\u308b\u3060\u3051\u591a\u304f\u306e\u4eba\u3005\u3068\u5206\u304b\u3061\u5408\u3046\u3053\u3068\u3067\u3042\u308b\u3002<\/span><\/p>\n<p>&nbsp;<\/p>\n<p><strong>\u30b7\u30e3\u30c8\u30fc\u30fb\u30e1\u30eb\u30e9\u30f3\u30fb\u30d5\u30ed\u30f3\u30c6\u30ca\u30c3\u30af<\/strong><\/p>\n<p><span>\u30e4\u30cb\u30c3\u30af\u30fb\u30ac\u30e9\u30b9\u3068\u305d\u306e\u59bb\u30af\u30ea\u30b9\u30c1\u30e3\u30f3\u30cc\u30fb\u30d7\u30b8\u30e7\u30eb\u304c\u6240\u6709\u3059\u308b\u30b7\u30e3\u30c8\u30fc\u30fb\u30e1\u30eb\u30e9\u30f3\u30fb\u30d5\u30ed\u30f3\u30c6\u30ca\u30c3\u30af\u306f\u3001\u30dc\u30eb\u30c9\u30fc\u30fb\u30a2\u30f3\u30c8\u30eb\u30fb\u30c9\u30a5\u30fb\u30e1\u30fc\u30eb\u5730\u533a\u306e\u30d5\u30ed\u30f3\u30c6\u30ca\u30c3\u30af\u30fb\u30b3\u30df\u30e5\u30fc\u30f3\u306b\u4f4d\u7f6e\u3059\u308b\u3002<\/span><\/p>\n<p><span>\u30e4\u30cb\u30c3\u30af\u30fb\u30ac\u30e9\u30b9\u306e\u66fd\u7956\u7236\u304c1900\u5e74\u4ee3\u306b\u6240\u6709\u3057\u305f\u30011\u4e16\u7d00\u4ee5\u4e0a\u7d9a\u304f\u5bb6\u65cf\u7d4c\u55b6\u306e\u30d6\u30c9\u30a6\u7551\u3067\u3001\u5f53\u521d\u306f\u7a40\u7269\u3001\u30d6\u30c9\u30a6\u306e\u6728\u3001\u5bb6\u755c\u306e\u6df7\u5408\u8fb2\u696d\u3060\u3063\u305f\u3002 <\/span><\/p>\n<p><span>\u30e4\u30cb\u30c3\u30af\u304c\u30c9\u30e1\u30fc\u30cc\u306e\u7d4c\u55b6\u3092\u5f15\u304d\u7d99\u3044\u3060\u306e\u306f1974\u5e74\u3001\u308f\u305a\u304b20\u6b73\u306e\u6642\u3060\u3063\u305f\u3002\u305d\u306e\u82e5\u3055\u306b\u3082\u304b\u304b\u308f\u3089\u305a\u3001\u5f7c\u306f\u30dc\u30eb\u30c9\u30fc\u306e\u30e9\u30fb\u30c8\u30a5\u30fc\u30eb\u30fb\u30d6\u30e9\u30f3\u30b7\u30e5\u3067\u30d6\u30c9\u30a6\u683d\u57f9\u3068\u91b8\u9020\u5b66\u306e\u30c7\u30a3\u30d7\u30ed\u30e0\u3092\u53d6\u5f97\u3057\u305f\u3002\u9577\u5e74\u306b\u308f\u305f\u308b\u3053\u306e\u5b9f\u8df5\u7684\u306a\u7d4c\u9a13\u306b\u3088\u308a\u3001\u5f7c\u306f18\u30d8\u30af\u30bf\u30fc\u30eb\u306e\u30d6\u30c9\u30a6\u7551\u3068\u30bb\u30e9\u30fc\u306e\u4e21\u65b9\u3067\u6280\u8853\u3092\u5411\u4e0a\u3055\u305b\u3001\u4eca\u65e5\u3001\u5353\u8d8a\u3057\u305f\u30ef\u30a4\u30f3\u3092\u751f\u307f\u51fa\u3057\u3066\u3044\u308b\u3002<\/span><\/p>\n<p><span>\u3053\u306e\u30b7\u30e3\u30c8\u30fc\u306f\u3001\u305d\u306e\u54c1\u8cea\u306e\u9ad8\u3055\u3067\u3053\u306e\u5730\u65b9\u3067\u6709\u540d\u3067\u3042\u308b\u3002\u30c6\u30ed\u30ef\u30fc\u30eb\u306f\u30012\u3064\u306e\u5ddd\uff08\u30a8\u30f3\u30b0\u30e9\u30f3\u30cc\u5ddd\u3068\u30b0\u30eb\u30e1\u30ed\u30f3\u5ddd\uff09\u306b\u631f\u307e\u308c\u3001\u7c98\u571f\u77f3\u7070\u8cea\u306e\u659c\u9762\u306b\u5206\u304b\u308c\u305f\u4e18\u306e\u4e2d\u8179\u306b\u3042\u308a\u3001\u659c\u9762\u4e0a\u90e8\u306b\u306f\u30d6\u30fc\u30eb\u30d9\u30fc\u30cc\u304c\u3042\u308b\u3002<\/span><\/p>\n<p><strong>PWS\u8f38\u51fa\u30ef\u30a4\u30f3<\/strong><\/p>\n<p><span>\u30af\u30ea\u30b9\u30c1\u30e3\u30f3\u306e\u5b6b\u3067\u3042\u308a\u3001\u30af\u30ea\u30b9\u30c1\u30e3\u30f3\u30cc\u3068\u30e4\u30cb\u30c3\u30af\u306e\u7525\u3067\u3082\u3042\u308b\u30d4\u30a8\u30fc\u30eb\u30fb\u30aa\u30ea\u30f4\u30a3\u30a8\u30fb\u30ea\u30fc\u30d6\u30b9\u306e\u539f\u70b9\u306f\u30ef\u30a4\u30f3\u306e\u4e16\u754c\u306b\u3042\u308b\u3002\u30dc\u30eb\u30c9\u30fc\u30ef\u30a4\u30f3\u91b8\u9020\u5c02\u9580\u5b66\u6821\uff08KEDGE\u30d7\u30ed\u30b0\u30e9\u30e0\uff09\u3068WSET3\u3092\u5352\u696d\u3057\u3001\u30ef\u30a4\u30f3\u3068\u65c5\u884c\u3078\u306e\u60c5\u71b1\u3092\u6301\u3064\u5f7c\u304c\u8f38\u51fa\u5e02\u5834\u306b\u76ee\u3092\u5411\u3051\u305f\u306e\u306f\u3001\u4ee3\u3005\u53d7\u3051\u7d99\u304c\u308c\u3066\u304d\u305f\u79d8\u5bc6\u306e\u679c\u5b9f\u3092\u5206\u304b\u3061\u5408\u3046\u3068\u3044\u3046\u5bb6\u65cf\u306e\u30d3\u30b8\u30e7\u30f3\u306b\u7a81\u304d\u52d5\u304b\u3055\u308c\u3066\u306e\u3053\u3068\u3060\u3063\u305f\u3002 <\/span><\/p>\n<p><span>2018\u5e74\u3001\u30dc\u30eb\u30c9\u30fc\u306bPWS\uff08Producers - Wines - Selection\uff09\u304c\u8a95\u751f\u3057\u305f\u3002\u30ef\u30a4\u30f3\u306e\u8f38\u51fa\u3092\u5c02\u9580\u3068\u3059\u308b\u30d5\u30e9\u30f3\u30b9\u306e\u5546\u793e\u3067\u3042\u308bPWS\u306e\u4f7f\u547d\u306f\u3001\u30d5\u30e9\u30f3\u30b9\u306e\u30c6\u30ed\u30ef\u30fc\u30eb\u306e\u30ef\u30a4\u30f3\u3068\u6587\u5316\u3092\u5171\u6709\u3057\u3001\u5354\u540c\u7d44\u5408\u3084\u72ec\u7acb\u7cfb\u30ef\u30a4\u30ca\u30ea\u30fc\u3001\u6709\u6a5f\u683d\u57f9\u3084\u6163\u884c\u683d\u57f9\u3092\u554f\u308f\u305a\u3001\u300c\u56fd\u969b\u7684\u306a\u30ef\u30a4\u30f3\u751f\u7523\u8005\u306e\u4ee3\u5f01\u8005\u300d\u3068\u306a\u308b\u3053\u3068\u3067\u3042\u308b\u3002\u4ed6\u306e\u30ef\u30a4\u30f3\u3078\u306e\u9700\u8981\u304c\u9ad8\u307e\u308b\u306b\u3064\u308c\u3001PWS\u306f\u305d\u306e\u88fd\u54c1\u30dd\u30fc\u30c8\u30d5\u30a9\u30ea\u30aa\u3092\u62e1\u5927\u3057\u3001\u73fe\u5728\u3067\u306f\u30d5\u30e9\u30f3\u30b9\u5168\u571f\u306e100\u4ee5\u4e0a\u306e\u30ef\u30a4\u30f3\u751f\u7523\u8005\u3092\u4ee3\u8868\u3057\u3066\u3044\u308b\u3002 <\/span><\/p>\n<p>2020\u5e74\u306b\u306f\u6700\u521d\u306e\u99d0\u5728\u54e1\u4e8b\u52d9\u6240\u304c\u958b\u8a2d\u3055\u308c\u308b\u3002<span>\u00e9<\/span>\u30d7\u30ec\u30bc\u30f3\u30c6\u30fc\u30b7\u30e7\u30f3\u3092\u516c\u958b <span>\u00e0<\/span> l'<span>\u00e9<\/span>(\u4e2d\u56fd\u30fb\u4e0a\u6d77\uff09\u306b\u79fb\u8ee2\u3057\u305f\u3002<span>\u4e0a\u6d77\u306e\u4e2d\u5fc3\u90e8\u306b\u4f4d\u7f6e\u3059\u308b\u3053\u306e\u30aa\u30d5\u30a3\u30b9\u306f\u3001\u30de\u30fc\u30b1\u30c6\u30a3\u30f3\u30b0\u3068\u30bb\u30fc\u30eb\u30b9\u30c1\u30fc\u30e0\u306e\u63a1\u7528\u306b\u3088\u3063\u3066\u6210\u9577\u3092\u9042\u3052\u3088\u3046\u3068\u3057\u3066\u3044\u308b\u3002<\/span><span><\/span><\/p>\n<p><span>2022\u5e74\u3001PWS\u306f\u65b0\u5e02\u5834\u3067\u306e\u30d1\u30fc\u30c8\u30ca\u30fc\u63a2\u3057\u306e\u305f\u3081\u306b\u958b\u767a\u3092\u7d9a\u3051\u308b\u3002<\/span><\/p>[\/et_pb_text][\/et_pb_column][et_pb_column type=\u00a0\u00bb1_2&Prime; _builder_version=\u00a0\u00bb4.6.1&Prime; _module_preset=\u00a0\u00bbdefault\u00a0\u00bb sticky_position=\u00a0\u00bbtop\u00a0\u00bb sticky_limit_bottom=\u00a0\u00bbsection\u00a0\u00bb sticky_position_tablet=\u00a0\u00bbnone\u00a0\u00bb sticky_position_phone=\u00a0\u00bbnone\u00a0\u00bb sticky_position_last_edited=\u00a0\u00bbon|phone\u00a0\u00bb global_colors_info=\u00a0\u00bb{}\u00a0\u00bb][et_pb_image src=\u00a0\u00bbhttps:\/\/pws-export.com\/wp-content\/uploads\/2020\/09\/PO-scaled.jpg\u00a0\u00bb title_text=\u00a0\u00bbPO\u00a0\u00bb _builder_version=\u00a0\u00bb4.6.0&Prime; _module_preset=\u00a0\u00bbdefault\u00a0\u00bb custom_padding=\u00a0\u00bb10%||||false|false\u00a0\u00bb sticky_limit_bottom=\u00a0\u00bbsection\u00a0\u00bb global_colors_info=\u00a0\u00bb{}\u00a0\u00bb][\/et_pb_image][\/et_pb_column][\/et_pb_row][\/et_pb_section][et_pb_section fb_built=\u00a0\u00bb1&Prime; module_id=\u00a0\u00bbvaleurs\u00a0\u00bb module_class=\u00a0\u00bbvaleurs\u00a0\u00bb _builder_version=\u00a0\u00bb4.6.1&Prime; _module_preset=\u00a0\u00bbdefault\u00a0\u00bb custom_padding=\u00a0\u00bb5vw||||false|false\u00a0\u00bb global_colors_info=\u00a0\u00bb{}\u00a0\u00bb][et_pb_row column_structure=\u00a0\u00bb1_2,1_2&Prime; _builder_version=\u00a0\u00bb4.6.1&Prime; _module_preset=\u00a0\u00bbdefault\u00a0\u00bb global_colors_info=\u00a0\u00bb{}\u00a0\u00bb][et_pb_column type=\u00a0\u00bb1_2&Prime; _builder_version=\u00a0\u00bb4.6.1&Prime; _module_preset=\u00a0\u00bbdefault\u00a0\u00bb sticky_position=\u00a0\u00bbtop\u00a0\u00bb sticky_limit_bottom=\u00a0\u00bbsection\u00a0\u00bb sticky_position_tablet=\u00a0\u00bbnone\u00a0\u00bb sticky_position_phone=\u00a0\u00bbnone\u00a0\u00bb sticky_position_last_edited=\u00a0\u00bbon|tablet\u00a0\u00bb global_colors_info=\u00a0\u00bb{}\u00a0\u00bb][et_pb_image src=\u00a0\u00bbhttps:\/\/pws-export.com\/wp-content\/uploads\/2020\/09\/maja-petric-vGQ49l9I4EE-unsplash-scaled.jpg\u00a0\u00bb title_text=\u00a0\u00bbmaja-petric-vGQ49l9I4EE-unsplash\u00a0\u00bb _builder_version=\u00a0\u00bb4.6.0&Prime; _module_preset=\u00a0\u00bbdefault\u00a0\u00bb custom_padding=\u00a0\u00bb10%||||false|false\u00a0\u00bb global_colors_info=\u00a0\u00bb{}\u00a0\u00bb][\/et_pb_image][\/et_pb_column][et_pb_column type=\u00a0\u00bb1_2&Prime; _builder_version=\u00a0\u00bb4.6.0&Prime; _module_preset=\u00a0\u00bbdefault\u00a0\u00bb global_colors_info=\u00a0\u00bb{}\u00a0\u00bb][et_pb_text _builder_version=\u00a0\u00bb4.6.5&Prime; _module_preset=\u00a0\u00bbb88466f2-ad11-41c7-940a-9585eb31fd5a\u00a0\u00bb header_line_height=\u00a0\u00bb2em\u00a0\u00bb header_2_font_size=\u00a0\u00bb22px\u00a0\u00bb global_colors_info=\u00a0\u00bb{}\u00a0\u00bb]<h1>\u4fa1\u5024\u89b3<\/h1>\n<p>\u30d5\u30e9\u30f3\u30b9\u306e\u30ef\u30a4\u30f3\u751f\u7523\u8005\u3068\u30c6\u30ed\u30ef\u30fc\u30eb\u3092\u8f38\u51fa\u5e02\u5834\u306b\u5e83\u3081\u308b\u304a\u624b\u4f1d\u3044\u3092\u3057\u3066\u3044\u307e\u3059\u3002<\/p>\n<h2>\u79c1\u305f\u3061\u306e\u57fa\u6e96\u306f\u3001\u5bfe\u5fdc\u3001\u30b5\u30fc\u30d3\u30b9\u3001\u54c1\u8cea\u3067\u3059\u3002<\/h2>\n<p>\u3053\u306e\u904e\u5270\u6d88\u8cbb\u306e\u6642\u4ee3\u306b\u304a\u3044\u3066\u3001PWS\u306e\u4f7f\u547d\u306f\u3001\u9ad8\u54c1\u8cea\u306e\u88fd\u54c1\u30dd\u30fc\u30c8\u30d5\u30a9\u30ea\u30aa\u3092\u304a\u5ba2\u69d8\u306b\u63d0\u4f9b\u3059\u308b\u3053\u3068\u3067\u3059\u3002\u30ef\u30a4\u30f3\u306f\u5358\u306a\u308b\u30a2\u30eb\u30b3\u30fc\u30eb\u98f2\u6599\u3067\u306f\u3042\u308a\u307e\u305b\u3093\u3002\u30ef\u30a4\u30f3\u306f\u305d\u308c\u305e\u308c\u306e\u6587\u5316\u306b\u56fa\u6709\u306e\u3001\u751f\u6d3b\u3068\u6d88\u8cbb\u306e\u82b8\u8853\u306a\u306e\u3067\u3059\u3002\u3060\u304b\u3089\u3053\u305d\u79c1\u305f\u3061\u306f\u3001\u304a\u5ba2\u69d8\u306e\u30cb\u30fc\u30ba\u3092\u5c0a\u91cd\u3057\u3001\u305d\u308c\u306b\u304a\u5fdc\u3048\u3057\u306a\u304c\u3089\u3001\u4ed8\u52a0\u4fa1\u5024\u306e\u3042\u308b\u9ad8\u54c1\u8cea\u306e\u30ef\u30a4\u30f3\u3092\u898b\u3064\u3051\u308b\u52aa\u529b\u3092\u3057\u3066\u3044\u308b\u306e\u3067\u3059\u3002<\/p>\n<h2>\u79c1\u305f\u3061\u304c\u5171\u6709\u3057\u3066\u3044\u308b\u306e\u306f\u30ef\u30a4\u30f3\u3060\u3051\u3067\u306f\u3042\u308a\u307e\u305b\u3093\u3002\u5171\u6709\u3059\u308b\u3053\u3068\u3001\u5e02\u5834\u306e\u58f0\u306b\u8033\u3092\u50be\u3051\u308b\u3053\u3068\u3001\u305d\u3057\u3066\u4fe1\u983c\u6027\u3067\u3059\u3002<\/h2>\n<p>\u30ef\u30a4\u30f3\u306f\u307e\u305f\u3001\u53ce\u7a6b\u6642\u3067\u3042\u308c\u8a66\u98f2\u6642\u3067\u3042\u308c\u3001\u5206\u304b\u3061\u5408\u3044\u3001\u4eba\u3068\u96c6\u3046\u559c\u3073\u306e\u8c61\u5fb4\u3067\u3082\u3042\u308a\u307e\u3059\u3002PWS\u3067\u306f\u3001\u3053\u306e\u5fc3\u6e29\u307e\u308b\u52b4\u50cd\u502b\u7406\u3092\u5171\u6709\u3057\u306a\u304c\u3089\u3001\u304a\u5ba2\u69d8\u306e\u30cb\u30fc\u30ba\u306b\u5408\u308f\u305b\u305f\u54c1\u63c3\u3048\u3001\u3064\u307e\u308a\u4fe1\u983c\u6027\u3068\u5305\u62ec\u6027\u3092\u517c\u306d\u5099\u3048\u305f\u30bb\u30ec\u30af\u30b7\u30e7\u30f3\u3092\u63d0\u4f9b\u3057\u3066\u3044\u307e\u3059\u3002<\/p>\n<h2>\u79c1\u305f\u3061\u306f\u6700\u9ad8\u6c34\u6e96\u306e\u7cbe\u5ea6\u3067\u4f5c\u696d\u3057\u3001\u4e3b\u8981\u8f38\u51fa\u54c1\u306e\u5206\u91ce\u306b\u304a\u3051\u308b\u6df1\u3044\u5c02\u9580\u77e5\u8b58\u3092\u304a\u5ba2\u69d8\u306b\u63d0\u4f9b\u3057\u307e\u3059\u3002<\/h2>\n<p>\u8f38\u51fa\u306b\u306f\u3001\u30d5\u30e9\u30f3\u30b9\u3068\u5916\u56fd\u306e\u57fa\u6e96\u3001\u751f\u7523\u3068\u7269\u6d41\u306e\u6761\u4ef6\u306b\u3064\u3044\u3066\u306e\u6b63\u78ba\u306a\u77e5\u8b58\u304c\u5fc5\u8981\u3067\u3059\u3002 \u79c1\u305f\u3061\u306f\u3001\u6700\u5927\u9650\u306e\u67d4\u8edf\u6027\uff08\u30d1\u30c3\u30b1\u30fc\u30b8\u306e\u9078\u629e\u3001\u88fd\u54c1\u30b0\u30eb\u30fc\u30d7\u5206\u3051\u3001\u652f\u6255\u6761\u4ef6\u3001\u88fd\u54c1\u30dd\u30fc\u30c8\u30d5\u30a9\u30ea\u30aa\u3001\u30ef\u30a4\u30f3\u30d7\u30ed\u30d5\u30a1\u30a4\u30eb\uff09\u3092\u4fdd\u3061\u306a\u304c\u3089\u3001\u672c\u683c\u7684\u306a\u30b5\u30dd\u30fc\u30c8\u3092\u63d0\u4f9b\u3057\u307e\u3059\u3002<\/p>[\/et_pb_text][\/et_pb_column][\/et_pb_row][\/et_pb_section][et_pb_section fb_built=\u00a0\u00bb1&Prime; module_id=\u00a0\u00bbpositionnement\u00a0\u00bb module_class=\u00a0\u00bbpositionnement\u00a0\u00bb _builder_version=\u00a0\u00bb4.6.1&Prime; _module_preset=\u00a0\u00bbdefault\u00a0\u00bb custom_padding=\u00a0\u00bb5vw||||false|false\u00a0\u00bb global_colors_info=\u00a0\u00bb{}\u00a0\u00bb][et_pb_row column_structure=\u00a0\u00bb1_2,1_2&Prime; _builder_version=\u00a0\u00bb4.6.0&Prime; _module_preset=\u00a0\u00bbdefault\u00a0\u00bb global_colors_info=\u00a0\u00bb{}\u00a0\u00bb][et_pb_column type=\u00a0\u00bb1_2&Prime; _builder_version=\u00a0\u00bb4.6.0&Prime; _module_preset=\u00a0\u00bbdefault\u00a0\u00bb global_colors_info=\u00a0\u00bb{}\u00a0\u00bb][et_pb_text _builder_version=\u00a0\u00bb4.6.0&Prime; _module_preset=\u00a0\u00bbb88466f2-ad11-41c7-940a-9585eb31fd5a\u00a0\u00bb header_line_height=\u00a0\u00bb2em\u00a0\u00bb global_colors_info=\u00a0\u00bb{}\u00a0\u00bb]<h1>\u30dd\u30b8\u30b7\u30e7\u30cb\u30f3\u30b0<\/h1>\n<p>\u7af6\u4e89\u306e\u6fc0\u3057\u3044\u3053\u306e\u5206\u91ce\u306b\u304a\u3044\u3066\u3001PWS\u306e\u4f7f\u547d\u306f\u30d5\u30e9\u30f3\u30b9\u30ef\u30a4\u30f3\u306e\u56fd\u969b\u7684\u306a\u30de\u30fc\u30b1\u30c6\u30a3\u30f3\u30b0\u3068\u30d7\u30ed\u30e2\u30fc\u30b7\u30e7\u30f3\u3067\u3042\u308a\u3001\u56fd\u969b\u821e\u53f0\u306b\u304a\u3051\u308b\u30d5\u30e9\u30f3\u30b9\u30ef\u30a4\u30f3\u751f\u7523\u8005\u306e\u4ee3\u5f01\u8005\u3067\u3042\u308b\u3002<\/p>\n<p>\u30ef\u30a4\u30f3\u751f\u7523\u8005\u306e\u5bb6\u7cfb\u306b\u751f\u307e\u308c\u305fPWS\u306e\u5275\u696d\u8005\u306f\u3001\u5f53\u7136\u306a\u304c\u3089\u5bb6\u65cf\u7d4c\u55b6\u306e\u30a8\u30b9\u30c6\u30fc\u30c8\u306b\u8fd1\u3044\u3002PWS\u306e\u5408\u8a00\u8449\u306f\u6587\u53e5\u306e\u3064\u3051\u3088\u3046\u304c\u306a\u3044\u88fd\u54c1\u54c1\u8cea\u3067\u3042\u308a\u3001PWS\u306f\u30d1\u30fc\u30c8\u30ca\u30fc\u306e\u7dbf\u5bc6\u306a\u9078\u629e\u306b\u3088\u3063\u3066\u3053\u308c\u3092\u4fdd\u8a3c\u3057\u3066\u3044\u308b\u3002<\/p>\n<p>\u8cea\u306e\u9ad8\u3044\u30c6\u30ed\u30ef\u30fc\u30eb\u3092\u5927\u5207\u306b\u3057\u3001\u5730\u5143\u306e\u751f\u7523\u8005\u3092\u4e16\u754c\u4e2d\u306b\u5e83\u3081\u308b\u3053\u3068\u3092\u4f7f\u547d\u3068\u3057\u3066\u3044\u307e\u3059\u3002PWS\u306f\u3001\u30ef\u30a4\u30f3\u90e8\u9580\u306b\u304a\u3051\u308b10\u5e74\u4ee5\u4e0a\u306e\u7d4c\u9a13\u3092\u751f\u304b\u3057\u3001\u30d6\u30e9\u30f3\u30c9\u306e\u30ab\u30b9\u30bf\u30de\u30a4\u30ba\u3084\u30aa\u30fc\u30c0\u30fc\u30e1\u30a4\u30c9\u30fb\u30d7\u30ed\u30b8\u30a7\u30af\u30c8\u306e\u53ef\u80fd\u6027\u306a\u3069\u3001\u67d4\u8edf\u6027\u3092\u5099\u3048\u305f\u72ec\u81ea\u306e\u30aa\u30fc\u30c0\u30fc\u30e1\u30a4\u30c9\u30fb\u30b5\u30fc\u30d3\u30b9\u3092\u63d0\u4f9b\u3057\u3066\u3044\u307e\u3059\u3002<\/p>[\/et_pb_text][\/et_pb_column][et_pb_column type=\u00a0\u00bb1_2&Prime; _builder_version=\u00a0\u00bb4.6.0&Prime; _module_preset=\u00a0\u00bbdefault\u00a0\u00bb global_colors_info=\u00a0\u00bb{}\u00a0\u00bb][et_pb_image src=\u00a0\u00bbhttps:\/\/pws-export.com\/wp-content\/uploads\/2020\/09\/Positionnement.jpg\u00a0\u00bb title_text=\u00a0\u00bbPositionnement\u00a0\u00bb _builder_version=\u00a0\u00bb4.6.0&Prime; _module_preset=\u00a0\u00bbdefault\u00a0\u00bb custom_padding=\u00a0\u00bb10%||||false|false\u00a0\u00bb global_colors_info=\u00a0\u00bb{}\u00a0\u00bb][\/et_pb_image][\/et_pb_column][\/et_pb_row][\/et_pb_section]","protected":false},"excerpt":{"rendered":"<p>Histoire [DES RACINES BORDELAISES] Domaine du Tireberey Le domaine du Tireberey, propri\u00e9t\u00e9 de Christian Pujol, est un vignoble situ\u00e9 sur les hauteurs pr\u00e8s de la commune d&rsquo;Arbis, au coeur de l&rsquo;aire d\u2019Appellation Bordeaux-Haut-B\u00e9nauge, une des plus qualitatives de la r\u00e9gion. La propri\u00e9t\u00e9 familiale date des ann\u00e9es 1900, Christian l&rsquo;ayant acquise de sa propre m\u00e8re dans&hellip; <a class=\"continue\" href=\"https:\/\/pws-export.com\/ja\/\u306b\u3064\u3044\u3066\/\">\u7d9a\u304d\u3092\u8aad\u3080<span> \u4f1a\u793e\u6982\u8981<\/span><\/a><\/p>","protected":false},"author":1,"featured_media":0,"parent":0,"menu_order":0,"comment_status":"closed","ping_status":"closed","template":"","meta":{"_seopress_robots_primary_cat":"","_seopress_titles_title":"About - PWS French Wines","_seopress_titles_desc":"Discover PWS, a French trading structure specialized in wine export, which aims to share wines from the French terroirs.","_seopress_robots_index":"","_et_pb_use_builder":"on","_et_pb_old_content":"<!-- wp:divi\/placeholder \/-->","_et_gb_content_width":"","footnotes":""},"yoast_head":"<!-- This site is optimized with the Yoast SEO plugin v23.5 - https:\/\/yoast.com\/wordpress\/plugins\/seo\/ -->\n<title>A propos - PWS<\/title>\n<meta name=\"description\" content=\"Discover PWS, a French trading structure specialized in wine export, which aims to share wines from the French terroirs.\" \/>\n<meta name=\"robots\" content=\"index, follow, max-snippet:-1, max-image-preview:large, max-video-preview:-1\" \/>\n<link rel=\"canonical\" href=\"https:\/\/pws-export.com\/ja\/\u306b\u3064\u3044\u3066\/\" \/>\n<meta property=\"og:locale\" content=\"ja_JP\" \/>\n<meta property=\"og:type\" content=\"article\" \/>\n<meta property=\"og:title\" content=\"A propos - PWS\" \/>\n<meta property=\"og:description\" content=\"Discover PWS, a French trading structure specialized in wine export, which aims to share wines from the French terroirs.\" \/>\n<meta property=\"og:url\" content=\"https:\/\/pws-export.com\/ja\/\u306b\u3064\u3044\u3066\/\" \/>\n<meta property=\"og:site_name\" content=\"PWS\" \/>\n<meta property=\"article:modified_time\" content=\"2024-09-26T06:24:12+00:00\" \/>\n<meta name=\"twitter:card\" content=\"summary_large_image\" \/>\n<meta name=\"twitter:label1\" content=\"\u63a8\u5b9a\u8aad\u307f\u53d6\u308a\u6642\u9593\" \/>\n\t<meta name=\"twitter:data1\" content=\"5\u5206\" \/>\n<script type=\"application\/ld+json\" class=\"yoast-schema-graph\">{\"@context\":\"https:\/\/schema.org\",\"@graph\":[{\"@type\":\"WebPage\",\"@id\":\"https:\/\/pws-export.com\/about\/\",\"url\":\"https:\/\/pws-export.com\/about\/\",\"name\":\"A propos - PWS\",\"isPartOf\":{\"@id\":\"https:\/\/pws-export.com\/#website\"},\"datePublished\":\"2020-08-28T08:31:26+00:00\",\"dateModified\":\"2024-09-26T06:24:12+00:00\",\"description\":\"Discover PWS, a French trading structure specialized in wine export, which aims to share wines from the French terroirs.\",\"breadcrumb\":{\"@id\":\"https:\/\/pws-export.com\/about\/#breadcrumb\"},\"inLanguage\":\"ja\",\"potentialAction\":[{\"@type\":\"ReadAction\",\"target\":[\"https:\/\/pws-export.com\/about\/\"]}]},{\"@type\":\"BreadcrumbList\",\"@id\":\"https:\/\/pws-export.com\/about\/#breadcrumb\",\"itemListElement\":[{\"@type\":\"ListItem\",\"position\":1,\"name\":\"Home\",\"item\":\"https:\/\/pws-export.com\/fr\/\"},{\"@type\":\"ListItem\",\"position\":2,\"name\":\"A propos\"}]},{\"@type\":\"WebSite\",\"@id\":\"https:\/\/pws-export.com\/#website\",\"url\":\"https:\/\/pws-export.com\/\",\"name\":\"PWS\",\"description\":\"Producers Wines Selection - Export\",\"publisher\":{\"@id\":\"https:\/\/pws-export.com\/#organization\"},\"potentialAction\":[{\"@type\":\"SearchAction\",\"target\":{\"@type\":\"EntryPoint\",\"urlTemplate\":\"https:\/\/pws-export.com\/?s={search_term_string}\"},\"query-input\":{\"@type\":\"PropertyValueSpecification\",\"valueRequired\":true,\"valueName\":\"search_term_string\"}}],\"inLanguage\":\"ja\"},{\"@type\":\"Organization\",\"@id\":\"https:\/\/pws-export.com\/#organization\",\"name\":\"PWS\",\"url\":\"https:\/\/pws-export.com\/\",\"logo\":{\"@type\":\"ImageObject\",\"inLanguage\":\"ja\",\"@id\":\"https:\/\/pws-export.com\/#\/schema\/logo\/image\/\",\"url\":\"https:\/\/pws-export.com\/wp-content\/uploads\/2024\/06\/logo-PWS.jpeg\",\"contentUrl\":\"https:\/\/pws-export.com\/wp-content\/uploads\/2024\/06\/logo-PWS.jpeg\",\"width\":1406,\"height\":876,\"caption\":\"PWS\"},\"image\":{\"@id\":\"https:\/\/pws-export.com\/#\/schema\/logo\/image\/\"},\"sameAs\":[\"https:\/\/www.instagram.com\/pwsfrenchwines\/\",\"https:\/\/www.linkedin.com\/company\/pws-export-vins\/?viewAsMember=true\"]}]}<\/script>\n<!-- \/ Yoast SEO plugin. -->","yoast_head_json":{"title":"A propos - PWS","description":"Discover PWS, a French trading structure specialized in wine export, which aims to share wines from the French terroirs.","robots":{"index":"index","follow":"follow","max-snippet":"max-snippet:-1","max-image-preview":"max-image-preview:large","max-video-preview":"max-video-preview:-1"},"canonical":"https:\/\/pws-export.com\/ja\/\u306b\u3064\u3044\u3066\/","og_locale":"ja_JP","og_type":"article","og_title":"A propos - PWS","og_description":"Discover PWS, a French trading structure specialized in wine export, which aims to share wines from the French terroirs.","og_url":"https:\/\/pws-export.com\/ja\/\u306b\u3064\u3044\u3066\/","og_site_name":"PWS","article_modified_time":"2024-09-26T06:24:12+00:00","twitter_card":"summary_large_image","twitter_misc":{"\u63a8\u5b9a\u8aad\u307f\u53d6\u308a\u6642\u9593":"5\u5206"},"schema":{"@context":"https:\/\/schema.org","@graph":[{"@type":"WebPage","@id":"https:\/\/pws-export.com\/about\/","url":"https:\/\/pws-export.com\/about\/","name":"A propos - PWS","isPartOf":{"@id":"https:\/\/pws-export.com\/#website"},"datePublished":"2020-08-28T08:31:26+00:00","dateModified":"2024-09-26T06:24:12+00:00","description":"Discover PWS, a French trading structure specialized in wine export, which aims to share wines from the French terroirs.","breadcrumb":{"@id":"https:\/\/pws-export.com\/about\/#breadcrumb"},"inLanguage":"ja","potentialAction":[{"@type":"ReadAction","target":["https:\/\/pws-export.com\/about\/"]}]},{"@type":"BreadcrumbList","@id":"https:\/\/pws-export.com\/about\/#breadcrumb","itemListElement":[{"@type":"ListItem","position":1,"name":"Home","item":"https:\/\/pws-export.com\/fr\/"},{"@type":"ListItem","position":2,"name":"A propos"}]},{"@type":"WebSite","@id":"https:\/\/pws-export.com\/#website","url":"https:\/\/pws-export.com\/","name":"PWS","description":"Producers Wines Selection - Export","publisher":{"@id":"https:\/\/pws-export.com\/#organization"},"potentialAction":[{"@type":"SearchAction","target":{"@type":"EntryPoint","urlTemplate":"https:\/\/pws-export.com\/?s={search_term_string}"},"query-input":{"@type":"PropertyValueSpecification","valueRequired":true,"valueName":"search_term_string"}}],"inLanguage":"ja"},{"@type":"Organization","@id":"https:\/\/pws-export.com\/#organization","name":"PWS","url":"https:\/\/pws-export.com\/","logo":{"@type":"ImageObject","inLanguage":"ja","@id":"https:\/\/pws-export.com\/#\/schema\/logo\/image\/","url":"https:\/\/pws-export.com\/wp-content\/uploads\/2024\/06\/logo-PWS.jpeg","contentUrl":"https:\/\/pws-export.com\/wp-content\/uploads\/2024\/06\/logo-PWS.jpeg","width":1406,"height":876,"caption":"PWS"},"image":{"@id":"https:\/\/pws-export.com\/#\/schema\/logo\/image\/"},"sameAs":["https:\/\/www.instagram.com\/pwsfrenchwines\/","https:\/\/www.linkedin.com\/company\/pws-export-vins\/?viewAsMember=true"]}]}},"_links":{"self":[{"href":"https:\/\/pws-export.com\/ja\/wp-json\/wp\/v2\/pages\/12"}],"collection":[{"href":"https:\/\/pws-export.com\/ja\/wp-json\/wp\/v2\/pages"}],"about":[{"href":"https:\/\/pws-export.com\/ja\/wp-json\/wp\/v2\/types\/page"}],"author":[{"embeddable":true,"href":"https:\/\/pws-export.com\/ja\/wp-json\/wp\/v2\/users\/1"}],"replies":[{"embeddable":true,"href":"https:\/\/pws-export.com\/ja\/wp-json\/wp\/v2\/comments?post=12"}],"version-history":[{"count":32,"href":"https:\/\/pws-export.com\/ja\/wp-json\/wp\/v2\/pages\/12\/revisions"}],"predecessor-version":[{"id":842,"href":"https:\/\/pws-export.com\/ja\/wp-json\/wp\/v2\/pages\/12\/revisions\/842"}],"wp:attachment":[{"href":"https:\/\/pws-export.com\/ja\/wp-json\/wp\/v2\/media?parent=12"}],"curies":[{"name":"wp","href":"https:\/\/api.w.org\/{rel}","templated":true}]}}