{"id":36,"date":"2020-08-28T08:38:45","date_gmt":"2020-08-28T08:38:45","guid":{"rendered":"https:\/\/pws-export.com\/?page_id=36"},"modified":"2024-09-26T06:31:19","modified_gmt":"2024-09-26T06:31:19","slug":"cooperative-wineries","status":"publish","type":"page","link":"https:\/\/pws-export.com\/ja\/\u5354\u540c\u7d44\u5408\u30ef\u30a4\u30ca\u30ea\u30fc\/","title":{"rendered":"\u30ab\u30fc\u30d6\u30b9\u30fb\u30b3\u30fc\u30d7"},"content":{"rendered":"[et_pb_section fb_built=\u00a0\u00bb1&Prime; _builder_version=\u00a0\u00bb4.16&Prime; _module_preset=\u00a0\u00bbdefault\u00a0\u00bb background_color=\u00a0\u00bb#f4f4f4&Prime; locked=\u00a0\u00bboff\u00a0\u00bb global_colors_info=\u00a0\u00bb{}\u00a0\u00bb][et_pb_row column_structure=\u00a0\u00bb1_2,1_2&Prime; _builder_version=\u00a0\u00bb4.16&Prime; _module_preset=\u00a0\u00bbdefault\u00a0\u00bb global_colors_info=\u00a0\u00bb{}\u00a0\u00bb][et_pb_column type=\u00a0\u00bb1_2&Prime; _builder_version=\u00a0\u00bb4.16&Prime; _module_preset=\u00a0\u00bbdefault\u00a0\u00bb global_colors_info=\u00a0\u00bb{}\u00a0\u00bb][et_pb_text _builder_version=\u00a0\u00bb4.16&Prime; _module_preset=\u00a0\u00bbdefault\u00a0\u00bb global_colors_info=\u00a0\u00bb{}\u00a0\u00bb]<h1>\u30ab\u30fc\u30d6\u30b9\u30fb\u30b3\u30fc\u30d7<\/h1>[\/et_pb_text][et_pb_image src=\u00a0\u00bbhttps:\/\/pws-export.com\/wp-content\/uploads\/2020\/09\/Coop-1.jpg\u00a0\u00bb title_text=\u00a0\u00bbCooperative wineries\u00a0\u00bb _builder_version=\u00a0\u00bb4.25.0&Prime; _module_preset=\u00a0\u00bbdefault\u00a0\u00bb hover_enabled=\u00a0\u00bb0&Prime; global_colors_info=\u00a0\u00bb{}\u00a0\u00bb alt=\u00a0\u00bbcooperative wineries\u00a0\u00bb sticky_enabled=\u00a0\u00bb0&Prime;][\/et_pb_image][\/et_pb_column][et_pb_column type=\u00a0\u00bb1_2&Prime; _builder_version=\u00a0\u00bb4.16&Prime; _module_preset=\u00a0\u00bbdefault\u00a0\u00bb global_colors_info=\u00a0\u00bb{}\u00a0\u00bb][et_pb_text _builder_version=\u00a0\u00bb4.16&Prime; _module_preset=\u00a0\u00bbb88466f2-ad11-41c7-940a-9585eb31fd5a\u00a0\u00bb custom_padding=\u00a0\u00bb3vw||||false|false\u00a0\u00bb global_colors_info=\u00a0\u00bb{}\u00a0\u00bb]<p>PWS\u3067\u306f\u3001\u5354\u540c\u7d44\u5408\u306e\u30ef\u30a4\u30ca\u30ea\u30fc\u3068\u30d1\u30fc\u30c8\u30ca\u30fc\u30b7\u30c3\u30d7\u3092\u7d44\u3093\u3067\u3044\u308b\u3002\u3053\u306e\u3088\u3046\u306a\u5354\u540c\u7d44\u5408\u306f\u3001\u591a\u6570\u306e\u30ef\u30a4\u30f3\u751f\u7523\u8005\u9593\u306e\u5354\u529b\u3068\u3044\u3046\u6839\u5f37\u3044\u4fa1\u5024\u89b3\u3092\u63d0\u4f9b\u3059\u308b\u3060\u3051\u3067\u306a\u304f\u3001\u305d\u306e\u898f\u6a21\u306e\u5927\u304d\u3055\u306b\u3088\u308b\u8ca1\u653f\u7684\u306a\u5229\u70b9\u3082\u3042\u308a\u3001\u3057\u3070\u3057\u3070\u7d44\u5408\u54e1\u3067\u3042\u308b\u30ef\u30a4\u30f3\u751f\u7523\u8005\u306e\u53ce\u7a6b\u7269\u3092\u91b8\u9020\u3059\u308b\u305f\u3081\u306e\u6700\u5148\u7aef\u6280\u8853\u3092\u7372\u5f97\u3059\u308b\u3053\u3068\u3092\u53ef\u80fd\u306b\u3057\u3066\u3044\u308b\u3002<\/p>\n<p>\u79c1\u305f\u3061\u306e\u30d1\u30fc\u30c8\u30ca\u30fc\u3067\u3042\u308b\u5354\u540c\u7d44\u5408\u30ef\u30a4\u30ca\u30ea\u30fc\u306f\u3059\u3079\u3066\u3001\u305d\u306e\u88fd\u54c1\u3068\u30b5\u30fc\u30d3\u30b9\u306e\u5b8c\u74a7\u306a\u54c1\u8cea\u3092\u4fdd\u8a3c\u3057\u3066\u304a\u308a\u3001\u305d\u308c\u304c\u6700\u5927\u306e\u76ee\u7684\u3067\u3059\u3002<\/p>\n<p>\u54c1\u8cea\u306f\uff1a<\/p>\n<p>- \u30c8\u30ec\u30fc\u30b5\u30d3\u30ea\u30c6\u30a3<br \/>- \u5404\u30c6\u30ed\u30ef\u30fc\u30eb\u306b\u7279\u5316\u3057\u305f\u4ed5\u69d8\u306e\u5c0e\u5165<br \/>- \u8a8d\u8a3c\u30dc\u30c8\u30ea\u30f3\u30b0\uff08IFS BRC - ISO 9001\uff09<br \/>- \u4e00\u8cab\u3057\u305f\u54c1\u8cea\u3001\u76e3\u8996\u3001\u5831\u916c<\/p>[\/et_pb_text][\/et_pb_column][\/et_pb_row][\/et_pb_section][et_pb_section fb_built=\u00a0\u00bb1&Prime; _builder_version=\u00a0\u00bb4.16&Prime; _module_preset=\u00a0\u00bbdefault\u00a0\u00bb locked=\u00a0\u00bboff\u00a0\u00bb global_colors_info=\u00a0\u00bb{}\u00a0\u00bb][et_pb_row column_structure=\u00a0\u00bb1_2,1_2&Prime; _builder_version=\u00a0\u00bb4.16&Prime; _module_preset=\u00a0\u00bbdefault\u00a0\u00bb global_colors_info=\u00a0\u00bb{}\u00a0\u00bb][et_pb_column type=\u00a0\u00bb1_2&Prime; _builder_version=\u00a0\u00bb4.16&Prime; _module_preset=\u00a0\u00bbdefault\u00a0\u00bb global_colors_info=\u00a0\u00bb{}\u00a0\u00bb][et_pb_text _builder_version=\u00a0\u00bb4.16&Prime; _module_preset=\u00a0\u00bbdefault\u00a0\u00bb global_colors_info=\u00a0\u00bb{}\u00a0\u00bb]<h1>\u30b3\u30fc\u30d7\u30ef\u30a4\u30f3\u306e\u4f8b\uff1a\u30b7\u30e3\u30c8\u30fc\u30fb\u30c6\u30e5\u30a4\u30eb\u30ea\u30fc\u30fb\u30da\u30fc\u30b8<\/h1>[\/et_pb_text][et_pb_text _builder_version=\u00a0\u00bb4.16&Prime; _module_preset=\u00a0\u00bbb88466f2-ad11-41c7-940a-9585eb31fd5a\u00a0\u00bb global_colors_info=\u00a0\u00bb{}\u00a0\u00bb]<p>\u30b7\u30e3\u30c8\u30fc\u30fb\u30c6\u30e5\u30a4\u30eb\u30ea\u30fc\u30fb\u30d1\u30fc\u30b8\u30e5\u306f\u3001\u4f55\u4e16\u4ee3\u306b\u3082\u308f\u305f\u3063\u3066\u30d6\u30c9\u30a6\u683d\u57f9\u3068\u725b\u306e\u98fc\u80b2\u3092\u55b6\u3093\u3067\u304d\u305f\u30b8\u30e5\u30bd\u30fc\u30e0\u5bb6\u304c\u6240\u6709\u3057\u3066\u3044\u308b\u3002\u3053\u306e\u30b7\u30e3\u30c8\u30fc\u306e\u6b74\u53f2\u306f1936\u5e74\u307e\u3067\u9061\u308b\u3002<\/p>\n<p>\u30ef\u30a4\u30f3\u30e1\u30fc\u30ab\u30fc\u306e\u30e4\u30cb\u30c3\u30af\u306f\u3001\u60c5\u71b1\u3068\u611b\u60c5\u3092\u6301\u3063\u3066\u30c9\u30e1\u30fc\u30cc\u3092\u80b2\u3066\u3066\u304a\u308a\u3001\u305d\u308c\u306f\u5f7c\u306e\u30ef\u30a4\u30f3\u3092\u5473\u308f\u3048\u3070\u611f\u3058\u3089\u308c\u308b\u3002\u30b7\u30e3\u30c8\u30fc\u30fb\u30c6\u30e5\u30a4\u30eb\u30ea\u30fc\u30fb\u30d1\u30fc\u30b8\u30e5\u306f\u6bce\u5e74\u3044\u304f\u3064\u3082\u306e\u30e1\u30c0\u30eb\u3092\u7372\u5f97\u3057\u3066\u304a\u308a\u3001\u3053\u308c\u306f\u30ef\u30a4\u30f3\u30e1\u30fc\u30ab\u30fc\u3001\u30bb\u30e9\u30fc\u30de\u30b9\u30bf\u30fc\u3001\u305d\u3057\u3066\u30ab\u30fc\u30f4\u5354\u540c\u7d44\u5408\u306e\u8ca9\u58f2\u90e8\u9580\u306e\u732e\u8eab\u7684\u306a\u52aa\u529b\u306e\u8cdc\u7269\u3067\u3042\u308b\u3002<\/p>[\/et_pb_text][\/et_pb_column][et_pb_column type=\u00a0\u00bb1_2&Prime; _builder_version=\u00a0\u00bb4.16&Prime; _module_preset=\u00a0\u00bbdefault\u00a0\u00bb global_colors_info=\u00a0\u00bb{}\u00a0\u00bb][et_pb_image src=\u00a0\u00bbhttps:\/\/pws-export.com\/wp-content\/uploads\/2021\/12\/Capture-d\u00e9cran-2021-12-23-\u00e0-12.12.52.png\u00a0\u00bb title_text=\u00a0\u00bbch\u00e2teau tuilerie pag\u00e8s\u00a0\u00bb align=\u00a0\u00bbcenter\u00a0\u00bb _builder_version=\u00a0\u00bb4.25.0&Prime; _module_preset=\u00a0\u00bbdefault\u00a0\u00bb hover_enabled=\u00a0\u00bb0&Prime; global_colors_info=\u00a0\u00bb{}\u00a0\u00bb alt=\u00a0\u00bbch\u00e2teau tuilerie pag\u00e8s\u00a0\u00bb sticky_enabled=\u00a0\u00bb0&Prime;][\/et_pb_image][\/et_pb_column][\/et_pb_row][\/et_pb_section]","protected":false},"excerpt":{"rendered":"<p>Caves CoopChez PWS, nous travaillons en partenariat avec des caves coop\u00e9ratives. Ces derni\u00e8res pr\u00e9sentent des valeurs profondes de coop\u00e9ration entre de tr\u00e8s nombreux viticulteurs, offrant aussi des avantages financiers par la taille, permettant souvent l\u2019acquisition de technologie de pointe pour la vinification des r\u00e9coltes des viticulteurs adh\u00e9rents. Nos caves coop\u00e9ratives partenaires sont toutes garantes de&hellip; <a class=\"continue\" href=\"https:\/\/pws-export.com\/ja\/\u5354\u540c\u7d44\u5408\u30ef\u30a4\u30ca\u30ea\u30fc\/\">\u7d9a\u304d\u3092\u8aad\u3080<span> \u30ab\u30fc\u30d6\u30b9\u30fb\u30b3\u30fc\u30d7<\/span><\/a><\/p>","protected":false},"author":1,"featured_media":0,"parent":0,"menu_order":0,"comment_status":"closed","ping_status":"closed","template":"","meta":{"_seopress_robots_primary_cat":"","_seopress_titles_title":"Cooperative Wineries - PWS French Wines","_seopress_titles_desc":"PWS works with cooperative wineries to ensure quality wine making. Discover our partner, Ch\u00e2teau Tuilerie Pages.","_seopress_robots_index":"","_et_pb_use_builder":"on","_et_pb_old_content":"<!-- wp:divi\/placeholder \/-->","_et_gb_content_width":"","footnotes":""},"yoast_head":"<!-- This site is optimized with the Yoast SEO plugin v23.5 - https:\/\/yoast.com\/wordpress\/plugins\/seo\/ -->\n<title>Caves Coop - PWS<\/title>\n<meta name=\"description\" content=\"PWS works with cooperative wineries to ensure quality wine making. Discover our partner, Ch\u00e2teau Tuilerie Pages.\" \/>\n<meta name=\"robots\" content=\"index, follow, max-snippet:-1, max-image-preview:large, max-video-preview:-1\" \/>\n<link rel=\"canonical\" href=\"https:\/\/pws-export.com\/ja\/\u5354\u540c\u7d44\u5408\u30ef\u30a4\u30ca\u30ea\u30fc\/\" \/>\n<meta property=\"og:locale\" content=\"ja_JP\" \/>\n<meta property=\"og:type\" content=\"article\" \/>\n<meta property=\"og:title\" content=\"Caves Coop - PWS\" \/>\n<meta property=\"og:description\" content=\"PWS works with cooperative wineries to ensure quality wine making. Discover our partner, Ch\u00e2teau Tuilerie Pages.\" \/>\n<meta property=\"og:url\" content=\"https:\/\/pws-export.com\/ja\/\u5354\u540c\u7d44\u5408\u30ef\u30a4\u30ca\u30ea\u30fc\/\" \/>\n<meta property=\"og:site_name\" content=\"PWS\" \/>\n<meta property=\"article:modified_time\" content=\"2024-09-26T06:31:19+00:00\" \/>\n<meta name=\"twitter:card\" content=\"summary_large_image\" \/>\n<meta name=\"twitter:label1\" content=\"\u63a8\u5b9a\u8aad\u307f\u53d6\u308a\u6642\u9593\" \/>\n\t<meta name=\"twitter:data1\" content=\"2\u5206\" \/>\n<script type=\"application\/ld+json\" class=\"yoast-schema-graph\">{\"@context\":\"https:\/\/schema.org\",\"@graph\":[{\"@type\":\"WebPage\",\"@id\":\"https:\/\/pws-export.com\/cooperative-wineries\/\",\"url\":\"https:\/\/pws-export.com\/cooperative-wineries\/\",\"name\":\"Caves Coop - PWS\",\"isPartOf\":{\"@id\":\"https:\/\/pws-export.com\/#website\"},\"datePublished\":\"2020-08-28T08:38:45+00:00\",\"dateModified\":\"2024-09-26T06:31:19+00:00\",\"description\":\"PWS works with cooperative wineries to ensure quality wine making. Discover our partner, Ch\u00e2teau Tuilerie Pages.\",\"breadcrumb\":{\"@id\":\"https:\/\/pws-export.com\/cooperative-wineries\/#breadcrumb\"},\"inLanguage\":\"ja\",\"potentialAction\":[{\"@type\":\"ReadAction\",\"target\":[\"https:\/\/pws-export.com\/cooperative-wineries\/\"]}]},{\"@type\":\"BreadcrumbList\",\"@id\":\"https:\/\/pws-export.com\/cooperative-wineries\/#breadcrumb\",\"itemListElement\":[{\"@type\":\"ListItem\",\"position\":1,\"name\":\"Home\",\"item\":\"https:\/\/pws-export.com\/fr\/\"},{\"@type\":\"ListItem\",\"position\":2,\"name\":\"Caves Coop\"}]},{\"@type\":\"WebSite\",\"@id\":\"https:\/\/pws-export.com\/#website\",\"url\":\"https:\/\/pws-export.com\/\",\"name\":\"PWS\",\"description\":\"Producers Wines Selection - Export\",\"publisher\":{\"@id\":\"https:\/\/pws-export.com\/#organization\"},\"potentialAction\":[{\"@type\":\"SearchAction\",\"target\":{\"@type\":\"EntryPoint\",\"urlTemplate\":\"https:\/\/pws-export.com\/?s={search_term_string}\"},\"query-input\":{\"@type\":\"PropertyValueSpecification\",\"valueRequired\":true,\"valueName\":\"search_term_string\"}}],\"inLanguage\":\"ja\"},{\"@type\":\"Organization\",\"@id\":\"https:\/\/pws-export.com\/#organization\",\"name\":\"PWS\",\"url\":\"https:\/\/pws-export.com\/\",\"logo\":{\"@type\":\"ImageObject\",\"inLanguage\":\"ja\",\"@id\":\"https:\/\/pws-export.com\/#\/schema\/logo\/image\/\",\"url\":\"https:\/\/pws-export.com\/wp-content\/uploads\/2024\/06\/logo-PWS.jpeg\",\"contentUrl\":\"https:\/\/pws-export.com\/wp-content\/uploads\/2024\/06\/logo-PWS.jpeg\",\"width\":1406,\"height\":876,\"caption\":\"PWS\"},\"image\":{\"@id\":\"https:\/\/pws-export.com\/#\/schema\/logo\/image\/\"},\"sameAs\":[\"https:\/\/www.instagram.com\/pwsfrenchwines\/\",\"https:\/\/www.linkedin.com\/company\/pws-export-vins\/?viewAsMember=true\"]}]}<\/script>\n<!-- \/ Yoast SEO plugin. -->","yoast_head_json":{"title":"Caves Coop - PWS","description":"PWS works with cooperative wineries to ensure quality wine making. Discover our partner, Ch\u00e2teau Tuilerie Pages.","robots":{"index":"index","follow":"follow","max-snippet":"max-snippet:-1","max-image-preview":"max-image-preview:large","max-video-preview":"max-video-preview:-1"},"canonical":"https:\/\/pws-export.com\/ja\/\u5354\u540c\u7d44\u5408\u30ef\u30a4\u30ca\u30ea\u30fc\/","og_locale":"ja_JP","og_type":"article","og_title":"Caves Coop - PWS","og_description":"PWS works with cooperative wineries to ensure quality wine making. Discover our partner, Ch\u00e2teau Tuilerie Pages.","og_url":"https:\/\/pws-export.com\/ja\/\u5354\u540c\u7d44\u5408\u30ef\u30a4\u30ca\u30ea\u30fc\/","og_site_name":"PWS","article_modified_time":"2024-09-26T06:31:19+00:00","twitter_card":"summary_large_image","twitter_misc":{"\u63a8\u5b9a\u8aad\u307f\u53d6\u308a\u6642\u9593":"2\u5206"},"schema":{"@context":"https:\/\/schema.org","@graph":[{"@type":"WebPage","@id":"https:\/\/pws-export.com\/cooperative-wineries\/","url":"https:\/\/pws-export.com\/cooperative-wineries\/","name":"Caves Coop - PWS","isPartOf":{"@id":"https:\/\/pws-export.com\/#website"},"datePublished":"2020-08-28T08:38:45+00:00","dateModified":"2024-09-26T06:31:19+00:00","description":"PWS works with cooperative wineries to ensure quality wine making. Discover our partner, Ch\u00e2teau Tuilerie Pages.","breadcrumb":{"@id":"https:\/\/pws-export.com\/cooperative-wineries\/#breadcrumb"},"inLanguage":"ja","potentialAction":[{"@type":"ReadAction","target":["https:\/\/pws-export.com\/cooperative-wineries\/"]}]},{"@type":"BreadcrumbList","@id":"https:\/\/pws-export.com\/cooperative-wineries\/#breadcrumb","itemListElement":[{"@type":"ListItem","position":1,"name":"Home","item":"https:\/\/pws-export.com\/fr\/"},{"@type":"ListItem","position":2,"name":"Caves Coop"}]},{"@type":"WebSite","@id":"https:\/\/pws-export.com\/#website","url":"https:\/\/pws-export.com\/","name":"PWS","description":"Producers Wines Selection - Export","publisher":{"@id":"https:\/\/pws-export.com\/#organization"},"potentialAction":[{"@type":"SearchAction","target":{"@type":"EntryPoint","urlTemplate":"https:\/\/pws-export.com\/?s={search_term_string}"},"query-input":{"@type":"PropertyValueSpecification","valueRequired":true,"valueName":"search_term_string"}}],"inLanguage":"ja"},{"@type":"Organization","@id":"https:\/\/pws-export.com\/#organization","name":"PWS","url":"https:\/\/pws-export.com\/","logo":{"@type":"ImageObject","inLanguage":"ja","@id":"https:\/\/pws-export.com\/#\/schema\/logo\/image\/","url":"https:\/\/pws-export.com\/wp-content\/uploads\/2024\/06\/logo-PWS.jpeg","contentUrl":"https:\/\/pws-export.com\/wp-content\/uploads\/2024\/06\/logo-PWS.jpeg","width":1406,"height":876,"caption":"PWS"},"image":{"@id":"https:\/\/pws-export.com\/#\/schema\/logo\/image\/"},"sameAs":["https:\/\/www.instagram.com\/pwsfrenchwines\/","https:\/\/www.linkedin.com\/company\/pws-export-vins\/?viewAsMember=true"]}]}},"_links":{"self":[{"href":"https:\/\/pws-export.com\/ja\/wp-json\/wp\/v2\/pages\/36"}],"collection":[{"href":"https:\/\/pws-export.com\/ja\/wp-json\/wp\/v2\/pages"}],"about":[{"href":"https:\/\/pws-export.com\/ja\/wp-json\/wp\/v2\/types\/page"}],"author":[{"embeddable":true,"href":"https:\/\/pws-export.com\/ja\/wp-json\/wp\/v2\/users\/1"}],"replies":[{"embeddable":true,"href":"https:\/\/pws-export.com\/ja\/wp-json\/wp\/v2\/comments?post=36"}],"version-history":[{"count":15,"href":"https:\/\/pws-export.com\/ja\/wp-json\/wp\/v2\/pages\/36\/revisions"}],"predecessor-version":[{"id":845,"href":"https:\/\/pws-export.com\/ja\/wp-json\/wp\/v2\/pages\/36\/revisions\/845"}],"wp:attachment":[{"href":"https:\/\/pws-export.com\/ja\/wp-json\/wp\/v2\/media?parent=36"}],"curies":[{"name":"wp","href":"https:\/\/api.w.org\/{rel}","templated":true}]}}