{"id":38,"date":"2020-08-28T08:39:05","date_gmt":"2020-08-28T08:39:05","guid":{"rendered":"https:\/\/pws-export.com\/?page_id=38"},"modified":"2024-09-26T06:32:51","modified_gmt":"2024-09-26T06:32:51","slug":"independent-winemakers","status":"publish","type":"page","link":"https:\/\/pws-export.com\/ja\/\u72ec\u7acb\u7cfb\u30ef\u30a4\u30f3\u30e1\u30fc\u30ab\u30fc\/","title":{"rendered":"\u72ec\u7acb\u7cfb\u30ef\u30a4\u30f3\u751f\u7523\u8005"},"content":{"rendered":"[et_pb_section fb_built=\u00a0\u00bb1&Prime; _builder_version=\u00a0\u00bb4.16&Prime; _module_preset=\u00a0\u00bbdefault\u00a0\u00bb background_color=\u00a0\u00bb#f4f4f4&Prime; locked=\u00a0\u00bboff\u00a0\u00bb global_colors_info=\u00a0\u00bb{}\u00a0\u00bb][et_pb_row column_structure=\u00a0\u00bb1_2,1_2&Prime; _builder_version=\u00a0\u00bb4.16&Prime; _module_preset=\u00a0\u00bbdefault\u00a0\u00bb global_colors_info=\u00a0\u00bb{}\u00a0\u00bb][et_pb_column type=\u00a0\u00bb1_2&Prime; _builder_version=\u00a0\u00bb4.16&Prime; _module_preset=\u00a0\u00bbdefault\u00a0\u00bb global_colors_info=\u00a0\u00bb{}\u00a0\u00bb][et_pb_text _builder_version=\u00a0\u00bb4.16&Prime; _module_preset=\u00a0\u00bbdefault\u00a0\u00bb global_colors_info=\u00a0\u00bb{}\u00a0\u00bb]<h1>\u72ec\u7acb\u7cfb\u30ef\u30a4\u30f3\u751f\u7523\u8005<\/h1>[\/et_pb_text][et_pb_image src=\u00a0\u00bbhttps:\/\/pws-export.com\/wp-content\/uploads\/2020\/09\/Ch\u00e2teau-Pardaillan-2-scaled.jpg\u00a0\u00bb title_text=\u00a0\u00bbCh\u00e2teau Pardaillan \u00a0\u00bb _builder_version=\u00a0\u00bb4.25.0&Prime; _module_preset=\u00a0\u00bbdefault\u00a0\u00bb hover_enabled=\u00a0\u00bb0&Prime; global_colors_info=\u00a0\u00bb{}\u00a0\u00bb alt=\u00a0\u00bbCh\u00e2teau Pardaillan Red Wine \u00a0\u00bb sticky_enabled=\u00a0\u00bb0&Prime;][\/et_pb_image][\/et_pb_column][et_pb_column type=\u00a0\u00bb1_2&Prime; _builder_version=\u00a0\u00bb4.16&Prime; _module_preset=\u00a0\u00bbdefault\u00a0\u00bb global_colors_info=\u00a0\u00bb{}\u00a0\u00bb][et_pb_text _builder_version=\u00a0\u00bb4.16&Prime; _module_preset=\u00a0\u00bbb88466f2-ad11-41c7-940a-9585eb31fd5a\u00a0\u00bb custom_padding=\u00a0\u00bb3vw||||false|false\u00a0\u00bb global_colors_info=\u00a0\u00bb{}\u00a0\u00bb]<p> \u30d5\u30e9\u30f3\u30b9\u306e\u30ef\u30a4\u30f3\u751f\u7523\u3092\u6c38\u7d9a\u3055\u305b\u3001\u305d\u306e\u30ce\u30a6\u30cf\u30a6\u3092\u5171\u6709\u3059\u308b\u305f\u3081\u306b\u3001PWS\u306f\u30d5\u30e9\u30f3\u30b9\u56fd\u5185\u306e\u7d04100\u306e\u751f\u7523\u8005\u304c\u56fd\u5883\u3092\u8d8a\u3048\u3066\u6d3b\u52d5\u3067\u304d\u308b\u3088\u3046\u652f\u63f4\u3057\u3066\u3044\u308b\u3002\n\n\u3053\u308c\u3089\u306e\u751f\u7523\u8005\u306f\u3001\u30d6\u30c9\u30a6\u306e\u683d\u57f9\u304b\u3089\u30ef\u30a4\u30f3\u306e\u91b8\u9020\u307e\u3067\u3001\u30ef\u30a4\u30f3\u306e\u751f\u7523\u3092\u7ba1\u7406\u3057\u3066\u3044\u308b\u305f\u3081\u3001\u591a\u69d8\u6027\u306e\u6e90\u3068\u306a\u3063\u3066\u3044\u308b\u3002\n\n\u5f7c\u3089\u304c\u72ec\u7acb\u3092\u7dad\u6301\u3059\u308b\u304b\u5426\u304b\u306e\u9078\u629e\u306f\u3001\u81ea\u5206\u305f\u3061\u306e\u4fa1\u5024\u89b3\u306b\u5fe0\u5b9f\u3067\u3042\u308a\u7d9a\u3051\u305f\u3044\u3068\u3044\u3046\u9858\u671b\u306b\u3088\u3063\u3066\u6b63\u5f53\u5316\u3055\u308c\u308b\u3002\u4e00\u65cf\u306e\u6b74\u53f2\u306f\u3001\u3057\u3070\u3057\u3070\u88fd\u54c1\u305d\u306e\u3082\u306e\u306b\u3068\u3069\u307e\u3089\u306a\u3044\u3002  <\/p>[\/et_pb_text][\/et_pb_column][\/et_pb_row][\/et_pb_section][et_pb_section fb_built=\u00a0\u00bb1&Prime; _builder_version=\u00a0\u00bb4.16&Prime; _module_preset=\u00a0\u00bbdefault\u00a0\u00bb locked=\u00a0\u00bboff\u00a0\u00bb global_colors_info=\u00a0\u00bb{}\u00a0\u00bb][et_pb_row column_structure=\u00a0\u00bb1_2,1_2&Prime; _builder_version=\u00a0\u00bb4.16&Prime; _module_preset=\u00a0\u00bbdefault\u00a0\u00bb global_colors_info=\u00a0\u00bb{}\u00a0\u00bb][et_pb_column type=\u00a0\u00bb1_2&Prime; _builder_version=\u00a0\u00bb4.16&Prime; _module_preset=\u00a0\u00bbdefault\u00a0\u00bb global_colors_info=\u00a0\u00bb{}\u00a0\u00bb][et_pb_text _builder_version=\u00a0\u00bb4.16&Prime; _module_preset=\u00a0\u00bbdefault\u00a0\u00bb global_colors_info=\u00a0\u00bb{}\u00a0\u00bb]<h1>\u72ec\u7acb\u3057\u305f\u30ef\u30a4\u30f3\u751f\u7523\u8005\u306e\u4f8b\u30b7\u30e3\u30c8\u30fc\u30fb\u30d1\u30eb\u30c0\u30a4\u30e9\u30f3<\/h1>[\/et_pb_text][et_pb_text _builder_version=\u00a0\u00bb4.16&Prime; _module_preset=\u00a0\u00bbb88466f2-ad11-41c7-940a-9585eb31fd5a\u00a0\u00bb global_colors_info=\u00a0\u00bb{}\u00a0\u00bb]<p>\u30b7\u30e3\u30c8\u30fc\u30fb\u30d1\u30eb\u30c0\u30a4\u30e4\u30f3\u306f15\u4e16\u7d00\u3001\u767e\u5e74\u6226\u4e89\u306e\u3055\u306a\u304b\u306b\u5efa\u3066\u3089\u308c\u305f\u3002\u30a4\u30ae\u30ea\u30b9\u3068\u30d5\u30e9\u30f3\u30b9\u304c\u571f\u5730\u3092\u3081\u3050\u3063\u3066\u4e89\u3063\u3066\u3044\u305f\u6642\u4ee3\u3067\u3042\u308b\u3002\u30b7\u30e3\u30c8\u30fc\u30fb\u30d1\u30eb\u30c0\u30a4\u30e9\u30f3\u306f\u3001\u30d5\u30e9\u30f3\u30b9\u3089\u3057\u3055\u3092\u6b8b\u3059\u3053\u3068\u306b\u6210\u529f\u3057\u305f\u3002<\/p>\n<p>\u6570\u4e16\u7d00\u5f8c\u3001\u30e2\u30f3\u30c6\u30fc\u30cb\u30e5\u306e\u3088\u3046\u306a\u6709\u540d\u306a\u4eba\u7269\u304c\u3053\u3053\u3067\u4f11\u606f\u3092\u3068\u3063\u305f\u3002\u5553\u8499\u601d\u60f3\u306e\u54f2\u5b66\u8005\u3068\u3057\u3066\u6709\u540d\u306a\u30e2\u30f3\u30c6\u30fc\u30cb\u30e5\u306f\u3001\u59ea\u306e\u30b5\u30f3\u30c8\u30fb\u30b8\u30e3\u30f3\u30cc\u30fb\u30c9\u30fb\u30ec\u30b9\u30c8\u30ca\u30c3\u30af\u3092\u8a2a\u308c\u3066\u304a\u308a\u3001\u5f7c\u5973\u306f\u6b74\u53f2\u306b\u5f69\u3089\u308c\u305f\u3053\u306e\u7d20\u6674\u3089\u3057\u3044\u30b7\u30e3\u30c8\u30fc\u3092\u81ea\u5b85\u3068\u3057\u3066\u9078\u3093\u3060\u3002<\/p>\n<p>1909\u5e74\u3001\u30ed\u30c3\u30af\u30d5\u30a4\u30e6\u5bb6\u304c\u30c9\u30e1\u30fc\u30cc\u306e\u6240\u6709\u6a29\u3092\u5f15\u304d\u7d99\u304e\u3001\u73fe\u5728\u306b\u81f3\u308b\u307e\u30674\u4e16\u4ee3\u306b\u308f\u305f\u3063\u3066\u4e00\u65cf\u304c\u6240\u6709\u3057\u3066\u3044\u308b\u3002<br \/>\u4e00\u65cf\u3067\u306f\u3001\u300c\u5f15\u304d\u7d99\u3050\u3053\u3068\u306f\u540d\u8a89\u3067\u3042\u308a\u3001\u5bb6\u65cf\u306e\u6b74\u53f2\u306b\u5bfe\u3059\u308b\u656c\u610f\u306e\u7fa9\u52d9\u3060\u300d\u3068\u8a00\u3046\u3002<\/p>\n<p>\u30b7\u30e3\u30c8\u30fc\u30fb\u30d1\u30eb\u30c0\u30a4\u30e9\u30f3\u306f\u3001PWS\u306b\u89aa\u3057\u307f\u3001\u52c7\u6c17\u304c\u3042\u308a\u8b19\u865a\u306a\u3001\u9ad8\u8cb4\u306a\u5fc3\u306e\u6301\u3061\u4e3b\u3092\u6301\u3064\u3001\u683c\u8abf\u9ad8\u3044\u90b8\u5b85\u3067\u3042\u308b\u3002<\/p>[\/et_pb_text][\/et_pb_column][et_pb_column type=\u00a0\u00bb1_2&Prime; _builder_version=\u00a0\u00bb4.16&Prime; _module_preset=\u00a0\u00bbdefault\u00a0\u00bb global_colors_info=\u00a0\u00bb{}\u00a0\u00bb][et_pb_image src=\u00a0\u00bbhttps:\/\/pws-export.com\/wp-content\/uploads\/2021\/12\/Capture-d\u00e9cran-2021-12-23-\u00e0-14.59.12.png\u00a0\u00bb title_text=\u00a0\u00bbCh\u00e2teau \u00a0\u00bb align=\u00a0\u00bbcenter\u00a0\u00bb _builder_version=\u00a0\u00bb4.25.0&Prime; _module_preset=\u00a0\u00bbdefault\u00a0\u00bb custom_margin=\u00a0\u00bb-3vw||||false|false\u00a0\u00bb custom_padding=\u00a0\u00bb||||false|false\u00a0\u00bb hover_enabled=\u00a0\u00bb0&Prime; global_colors_info=\u00a0\u00bb{}\u00a0\u00bb alt=\u00a0\u00bbCh\u00e2teau\u00a0\u00bb sticky_enabled=\u00a0\u00bb0&Prime;][\/et_pb_image][\/et_pb_column][\/et_pb_row][\/et_pb_section]","protected":false},"excerpt":{"rendered":"<p>Viticulteurs Ind\u00e9pendants Afin de perp\u00e9tuer la production du vin fran\u00e7ais et partager son savoir-faire, PWS aide une centaine de producteurs locaux en France, \u00e0 aller au-del\u00e0 des fronti\u00e8res. Ces producteurs sont sources de diversit\u00e9, puisqu\u2019ils contr\u00f4lent la production du vin, de la culture des raisins \u00e0 la vinification. Le choix de rester ind\u00e9pendant ou non&hellip; <a class=\"continue\" href=\"https:\/\/pws-export.com\/ja\/\u72ec\u7acb\u7cfb\u30ef\u30a4\u30f3\u30e1\u30fc\u30ab\u30fc\/\">\u7d9a\u304d\u3092\u8aad\u3080<span> \u72ec\u7acb\u7cfb\u30ef\u30a4\u30f3\u751f\u7523\u8005<\/span><\/a><\/p>","protected":false},"author":1,"featured_media":0,"parent":0,"menu_order":0,"comment_status":"closed","ping_status":"closed","template":"","meta":{"_seopress_robots_primary_cat":"","_seopress_titles_title":"Independent Winemakers - PWS French Wines","_seopress_titles_desc":"Discover authentic wines created by passionate independent winemakers. At PWS, each bottle reflects a unique know-how.","_seopress_robots_index":"","_et_pb_use_builder":"on","_et_pb_old_content":"<!-- wp:divi\/placeholder \/-->","_et_gb_content_width":"","footnotes":""},"yoast_head":"<!-- This site is optimized with the Yoast SEO plugin v23.5 - https:\/\/yoast.com\/wordpress\/plugins\/seo\/ -->\n<title>Vignerons ind\u00e9pendants - PWS<\/title>\n<meta name=\"description\" content=\"Discover authentic wines created by passionate independent winemakers. At PWS, each bottle reflects a unique know-how.\" \/>\n<meta name=\"robots\" content=\"index, follow, max-snippet:-1, max-image-preview:large, max-video-preview:-1\" \/>\n<link rel=\"canonical\" href=\"https:\/\/pws-export.com\/ja\/\u72ec\u7acb\u7cfb\u30ef\u30a4\u30f3\u30e1\u30fc\u30ab\u30fc\/\" \/>\n<meta property=\"og:locale\" content=\"ja_JP\" \/>\n<meta property=\"og:type\" content=\"article\" \/>\n<meta property=\"og:title\" content=\"Vignerons ind\u00e9pendants - PWS\" \/>\n<meta property=\"og:description\" content=\"Discover authentic wines created by passionate independent winemakers. At PWS, each bottle reflects a unique know-how.\" \/>\n<meta property=\"og:url\" content=\"https:\/\/pws-export.com\/ja\/\u72ec\u7acb\u7cfb\u30ef\u30a4\u30f3\u30e1\u30fc\u30ab\u30fc\/\" \/>\n<meta property=\"og:site_name\" content=\"PWS\" \/>\n<meta property=\"article:modified_time\" content=\"2024-09-26T06:32:51+00:00\" \/>\n<meta name=\"twitter:card\" content=\"summary_large_image\" \/>\n<meta name=\"twitter:label1\" content=\"\u63a8\u5b9a\u8aad\u307f\u53d6\u308a\u6642\u9593\" \/>\n\t<meta name=\"twitter:data1\" content=\"2\u5206\" \/>\n<script type=\"application\/ld+json\" class=\"yoast-schema-graph\">{\"@context\":\"https:\/\/schema.org\",\"@graph\":[{\"@type\":\"WebPage\",\"@id\":\"https:\/\/pws-export.com\/independent-winemakers\/\",\"url\":\"https:\/\/pws-export.com\/independent-winemakers\/\",\"name\":\"Vignerons ind\u00e9pendants - PWS\",\"isPartOf\":{\"@id\":\"https:\/\/pws-export.com\/#website\"},\"datePublished\":\"2020-08-28T08:39:05+00:00\",\"dateModified\":\"2024-09-26T06:32:51+00:00\",\"description\":\"Discover authentic wines created by passionate independent winemakers. At PWS, each bottle reflects a unique know-how.\",\"breadcrumb\":{\"@id\":\"https:\/\/pws-export.com\/independent-winemakers\/#breadcrumb\"},\"inLanguage\":\"ja\",\"potentialAction\":[{\"@type\":\"ReadAction\",\"target\":[\"https:\/\/pws-export.com\/independent-winemakers\/\"]}]},{\"@type\":\"BreadcrumbList\",\"@id\":\"https:\/\/pws-export.com\/independent-winemakers\/#breadcrumb\",\"itemListElement\":[{\"@type\":\"ListItem\",\"position\":1,\"name\":\"Home\",\"item\":\"https:\/\/pws-export.com\/fr\/\"},{\"@type\":\"ListItem\",\"position\":2,\"name\":\"Vignerons ind\u00e9pendants\"}]},{\"@type\":\"WebSite\",\"@id\":\"https:\/\/pws-export.com\/#website\",\"url\":\"https:\/\/pws-export.com\/\",\"name\":\"PWS\",\"description\":\"Producers Wines Selection - Export\",\"publisher\":{\"@id\":\"https:\/\/pws-export.com\/#organization\"},\"potentialAction\":[{\"@type\":\"SearchAction\",\"target\":{\"@type\":\"EntryPoint\",\"urlTemplate\":\"https:\/\/pws-export.com\/?s={search_term_string}\"},\"query-input\":{\"@type\":\"PropertyValueSpecification\",\"valueRequired\":true,\"valueName\":\"search_term_string\"}}],\"inLanguage\":\"ja\"},{\"@type\":\"Organization\",\"@id\":\"https:\/\/pws-export.com\/#organization\",\"name\":\"PWS\",\"url\":\"https:\/\/pws-export.com\/\",\"logo\":{\"@type\":\"ImageObject\",\"inLanguage\":\"ja\",\"@id\":\"https:\/\/pws-export.com\/#\/schema\/logo\/image\/\",\"url\":\"https:\/\/pws-export.com\/wp-content\/uploads\/2024\/06\/logo-PWS.jpeg\",\"contentUrl\":\"https:\/\/pws-export.com\/wp-content\/uploads\/2024\/06\/logo-PWS.jpeg\",\"width\":1406,\"height\":876,\"caption\":\"PWS\"},\"image\":{\"@id\":\"https:\/\/pws-export.com\/#\/schema\/logo\/image\/\"},\"sameAs\":[\"https:\/\/www.instagram.com\/pwsfrenchwines\/\",\"https:\/\/www.linkedin.com\/company\/pws-export-vins\/?viewAsMember=true\"]}]}<\/script>\n<!-- \/ Yoast SEO plugin. -->","yoast_head_json":{"title":"Vignerons ind\u00e9pendants - PWS","description":"Discover authentic wines created by passionate independent winemakers. At PWS, each bottle reflects a unique know-how.","robots":{"index":"index","follow":"follow","max-snippet":"max-snippet:-1","max-image-preview":"max-image-preview:large","max-video-preview":"max-video-preview:-1"},"canonical":"https:\/\/pws-export.com\/ja\/\u72ec\u7acb\u7cfb\u30ef\u30a4\u30f3\u30e1\u30fc\u30ab\u30fc\/","og_locale":"ja_JP","og_type":"article","og_title":"Vignerons ind\u00e9pendants - PWS","og_description":"Discover authentic wines created by passionate independent winemakers. At PWS, each bottle reflects a unique know-how.","og_url":"https:\/\/pws-export.com\/ja\/\u72ec\u7acb\u7cfb\u30ef\u30a4\u30f3\u30e1\u30fc\u30ab\u30fc\/","og_site_name":"PWS","article_modified_time":"2024-09-26T06:32:51+00:00","twitter_card":"summary_large_image","twitter_misc":{"\u63a8\u5b9a\u8aad\u307f\u53d6\u308a\u6642\u9593":"2\u5206"},"schema":{"@context":"https:\/\/schema.org","@graph":[{"@type":"WebPage","@id":"https:\/\/pws-export.com\/independent-winemakers\/","url":"https:\/\/pws-export.com\/independent-winemakers\/","name":"Vignerons ind\u00e9pendants - PWS","isPartOf":{"@id":"https:\/\/pws-export.com\/#website"},"datePublished":"2020-08-28T08:39:05+00:00","dateModified":"2024-09-26T06:32:51+00:00","description":"Discover authentic wines created by passionate independent winemakers. At PWS, each bottle reflects a unique know-how.","breadcrumb":{"@id":"https:\/\/pws-export.com\/independent-winemakers\/#breadcrumb"},"inLanguage":"ja","potentialAction":[{"@type":"ReadAction","target":["https:\/\/pws-export.com\/independent-winemakers\/"]}]},{"@type":"BreadcrumbList","@id":"https:\/\/pws-export.com\/independent-winemakers\/#breadcrumb","itemListElement":[{"@type":"ListItem","position":1,"name":"Home","item":"https:\/\/pws-export.com\/fr\/"},{"@type":"ListItem","position":2,"name":"Vignerons ind\u00e9pendants"}]},{"@type":"WebSite","@id":"https:\/\/pws-export.com\/#website","url":"https:\/\/pws-export.com\/","name":"PWS","description":"Producers Wines Selection - Export","publisher":{"@id":"https:\/\/pws-export.com\/#organization"},"potentialAction":[{"@type":"SearchAction","target":{"@type":"EntryPoint","urlTemplate":"https:\/\/pws-export.com\/?s={search_term_string}"},"query-input":{"@type":"PropertyValueSpecification","valueRequired":true,"valueName":"search_term_string"}}],"inLanguage":"ja"},{"@type":"Organization","@id":"https:\/\/pws-export.com\/#organization","name":"PWS","url":"https:\/\/pws-export.com\/","logo":{"@type":"ImageObject","inLanguage":"ja","@id":"https:\/\/pws-export.com\/#\/schema\/logo\/image\/","url":"https:\/\/pws-export.com\/wp-content\/uploads\/2024\/06\/logo-PWS.jpeg","contentUrl":"https:\/\/pws-export.com\/wp-content\/uploads\/2024\/06\/logo-PWS.jpeg","width":1406,"height":876,"caption":"PWS"},"image":{"@id":"https:\/\/pws-export.com\/#\/schema\/logo\/image\/"},"sameAs":["https:\/\/www.instagram.com\/pwsfrenchwines\/","https:\/\/www.linkedin.com\/company\/pws-export-vins\/?viewAsMember=true"]}]}},"_links":{"self":[{"href":"https:\/\/pws-export.com\/ja\/wp-json\/wp\/v2\/pages\/38"}],"collection":[{"href":"https:\/\/pws-export.com\/ja\/wp-json\/wp\/v2\/pages"}],"about":[{"href":"https:\/\/pws-export.com\/ja\/wp-json\/wp\/v2\/types\/page"}],"author":[{"embeddable":true,"href":"https:\/\/pws-export.com\/ja\/wp-json\/wp\/v2\/users\/1"}],"replies":[{"embeddable":true,"href":"https:\/\/pws-export.com\/ja\/wp-json\/wp\/v2\/comments?post=38"}],"version-history":[{"count":16,"href":"https:\/\/pws-export.com\/ja\/wp-json\/wp\/v2\/pages\/38\/revisions"}],"predecessor-version":[{"id":846,"href":"https:\/\/pws-export.com\/ja\/wp-json\/wp\/v2\/pages\/38\/revisions\/846"}],"wp:attachment":[{"href":"https:\/\/pws-export.com\/ja\/wp-json\/wp\/v2\/media?parent=38"}],"curies":[{"name":"wp","href":"https:\/\/api.w.org\/{rel}","templated":true}]}}