{"id":44,"date":"2020-08-28T08:40:08","date_gmt":"2020-08-28T08:40:08","guid":{"rendered":"https:\/\/pws-export.com\/?page_id=44"},"modified":"2024-09-26T07:13:31","modified_gmt":"2024-09-26T07:13:31","slug":"tailor-made-2","status":"publish","type":"page","link":"https:\/\/pws-export.com\/ja\/\u30c6\u30fc\u30e9\u30fc\u30e1\u30a4\u30c92\/","title":{"rendered":"\u30aa\u30fc\u30c0\u30fc\u30e1\u30a4\u30c9"},"content":{"rendered":"[et_pb_section fb_built=\u00a0\u00bb1&Prime; _builder_version=\u00a0\u00bb4.6.0&Prime; _module_preset=\u00a0\u00bbdefault\u00a0\u00bb custom_padding=\u00a0\u00bb0px||0px||false|false\u00a0\u00bb locked=\u00a0\u00bboff\u00a0\u00bb global_colors_info=\u00a0\u00bb{}\u00a0\u00bb][et_pb_row column_structure=\u00a0\u00bb1_2,1_2&Prime; use_custom_gutter=\u00a0\u00bbon\u00a0\u00bb gutter_width=\u00a0\u00bb1&Prime; make_equal=\u00a0\u00bbon\u00a0\u00bb _builder_version=\u00a0\u00bb4.6.0&Prime; _module_preset=\u00a0\u00bbdefault\u00a0\u00bb width=\u00a0\u00bb100%\u00a0\u00bb max_width=\u00a0\u00bb100%\u00a0\u00bb min_height=\u00a0\u00bb100vh\u00a0\u00bb min_height_tablet=\u00a0\u00bb\u00a0\u00bb min_height_phone=\u00a0\u00bb\u00a0\u00bb min_height_last_edited=\u00a0\u00bbon|desktop\u00a0\u00bb max_height=\u00a0\u00bb100vh\u00a0\u00bb max_height_tablet=\u00a0\u00bb\u00a0\u00bb max_height_phone=\u00a0\u00bb\u00a0\u00bb max_height_last_edited=\u00a0\u00bbon|desktop\u00a0\u00bb overflow-x=\u00a0\u00bbhidden\u00a0\u00bb overflow-y=\u00a0\u00bbhidden\u00a0\u00bb custom_padding=\u00a0\u00bb0px||0px||false|false\u00a0\u00bb hover_enabled=\u00a0\u00bb0&Prime; global_colors_info=\u00a0\u00bb{}\u00a0\u00bb sticky_enabled=\u00a0\u00bb0&Prime;][et_pb_column type=\u00a0\u00bb1_2&Prime; _builder_version=\u00a0\u00bb4.14.2&Prime; _module_preset=\u00a0\u00bbdefault\u00a0\u00bb use_background_color_gradient=\u00a0\u00bbon\u00a0\u00bb background_color_gradient_start=\u00a0\u00bbrgba(0,0,0,0)\u00a0\u00bb background_color_gradient_end=\u00a0\u00bbrgba(0,0,0,0.25)\u00a0\u00bb background_color_gradient_overlays_image=\u00a0\u00bbon\u00a0\u00bb background_image=\u00a0\u00bbhttps:\/\/pws-export.com\/wp-content\/uploads\/2021\/12\/Capture-d\u00e9cran-2021-12-23-\u00e0-15.13.28.png\u00a0\u00bb hover_enabled=\u00a0\u00bb0&Prime; global_colors_info=\u00a0\u00bb{}\u00a0\u00bb title_text=\u00a0\u00bbCapture d\u2019\u00e9cran 2021-12-23 \u00e0 15.13.28&Prime; background_size=\u00a0\u00bbcontain\u00a0\u00bb sticky_enabled=\u00a0\u00bb0&Prime;][\/et_pb_column][et_pb_column type=\u00a0\u00bb1_2&Prime; _builder_version=\u00a0\u00bb4.6.0&Prime; _module_preset=\u00a0\u00bbdefault\u00a0\u00bb custom_padding=\u00a0\u00bb8%|8%|8%|8%|false|false\u00a0\u00bb global_colors_info=\u00a0\u00bb{}\u00a0\u00bb][et_pb_text _builder_version=\u00a0\u00bb4.6.1&Prime; _module_preset=\u00a0\u00bbdefault\u00a0\u00bb text_text_color=\u00a0\u00bb#000000&Prime; header_line_height=\u00a0\u00bb2em\u00a0\u00bb global_colors_info=\u00a0\u00bb{}\u00a0\u00bb]<h1>\u30aa\u30fc\u30c0\u30fc\u30e1\u30a4\u30c9<\/h1>\n<p>PWS\u306f\u3001\u304a\u5ba2\u69d8\u306e\u30a4\u30e1\u30fc\u30b8\u306b\u5408\u3063\u305f\u88fd\u54c1\u30ec\u30f3\u30b8\u3092\u4f5c\u308b\u305f\u3081\u306b\u3001\u305d\u306e\u30ea\u30bd\u30fc\u30b9\u3092\u60dc\u3057\u307f\u306a\u304f\u63d0\u4f9b\u3057\u307e\u3059\u3002<\/p>\n<p>\u3053\u306e\u30b5\u30fc\u30d3\u30b9\u3067\u306f\u3001\u4ee5\u4e0b\u306e\u3053\u3068\u304c\u53ef\u80fd\u3067\u3059\uff1a<\/p>\n<p>- \u30ef\u30a4\u30f3\u3001AOC\u3001\u30d7\u30ed\u30d5\u30a3\u30fc\u30eb\u3092\u9078\u3076<br \/>- \u4e88\u7b97\u306b\u5fdc\u3058\u3066\u6700\u5c0f\u6570\u91cf\u3092\u6700\u9069\u5316\u3059\u308b<br \/>- \u30d6\u30e9\u30f3\u30c9\u306e\u30de\u30fc\u30b1\u30c6\u30a3\u30f3\u30b0\u3068\u6cd5\u7684\u5074\u9762\u3092\u6c7a\u3081\u308b<br \/>- \u30cb\u30fc\u30ba\u306b\u5408\u308f\u305b\u3066\u30e9\u30d9\u30eb\u3092\u30c7\u30b6\u30a4\u30f3<br \/>- \u30d1\u30c3\u30b1\u30fc\u30b8\uff08\u30dc\u30c8\u30eb\u3001\u30ab\u30fc\u30c8\u30f3\u306a\u3069\uff09\u3092\u30bf\u30fc\u30b2\u30c3\u30c8\u5e02\u5834\u306b\u5408\u308f\u305b\u308b\u3002<br \/>- \u72ec\u5360\u5546\u54c1\u306e\u30d5\u30a9\u30ed\u30fc\u30a2\u30c3\u30d7<br \/>- \u30d7\u30ed\u30b8\u30a7\u30af\u30c8\u306b\u7279\u5316\u3057\u305f\u30de\u30fc\u30b1\u30c6\u30a3\u30f3\u30b0\u30e6\u30cb\u30d0\u30fc\u30b9\u3092\u4f5c\u308b\u3053\u3068\u3067\u5dee\u5225\u5316\u3092\u56f3\u308b<br \/>- \u7269\u4e8b\u3092\u3088\u308a\u7c21\u5358\u306b\u3059\u308b\uff1a\u5fc5\u8981\u306b\u5fdc\u3058\u3066\u30c9\u30a2\u30c4\u30fc\u30c9\u30a2\u306e\u914d\u9054<\/p>[\/et_pb_text][\/et_pb_column][\/et_pb_row][\/et_pb_section]","protected":false},"excerpt":{"rendered":"<p>Sur-mesure PWS met \u00e0 disposition ses resources pour cr\u00e9er une gamme unique \u00e0 votre image. Gr\u00e2ce \u00e0 ce service vous avez la possibilit\u00e9 de\u00a0: &#8211; Choisir votre vin, votre AOC et votre profil- Optimiser vos minimums de quantit\u00e9s en fonction des budgets- D\u00e9cider de la marque dans son aspect marketing et dans le respect de&hellip; <a class=\"continue\" href=\"https:\/\/pws-export.com\/ja\/\u30c6\u30fc\u30e9\u30fc\u30e1\u30a4\u30c92\/\">\u7d9a\u304d\u3092\u8aad\u3080<span> \u30aa\u30fc\u30c0\u30fc\u30e1\u30a4\u30c9<\/span><\/a><\/p>","protected":false},"author":1,"featured_media":0,"parent":0,"menu_order":0,"comment_status":"closed","ping_status":"closed","template":"","meta":{"_seopress_robots_primary_cat":"","_seopress_titles_title":"Tailor-made - PWS French Wines","_seopress_titles_desc":"Explore our tailored solutions to meet your unique needs. PWS creates personalized experiences that make a difference.","_seopress_robots_index":"","_et_pb_use_builder":"on","_et_pb_old_content":"<!-- wp:divi\/placeholder \/-->","_et_gb_content_width":"","footnotes":""},"yoast_head":"<!-- This site is optimized with the Yoast SEO plugin v23.5 - https:\/\/yoast.com\/wordpress\/plugins\/seo\/ -->\n<title>Sur-mesure - PWS<\/title>\n<meta name=\"description\" content=\"Explore our tailored solutions to meet your unique needs. PWS creates personalized experiences that make a difference.\" \/>\n<meta name=\"robots\" content=\"index, follow, max-snippet:-1, max-image-preview:large, max-video-preview:-1\" \/>\n<link rel=\"canonical\" href=\"https:\/\/pws-export.com\/ja\/\u30c6\u30fc\u30e9\u30fc\u30e1\u30a4\u30c92\/\" \/>\n<meta property=\"og:locale\" content=\"ja_JP\" \/>\n<meta property=\"og:type\" content=\"article\" \/>\n<meta property=\"og:title\" content=\"Sur-mesure - PWS\" \/>\n<meta property=\"og:description\" content=\"Explore our tailored solutions to meet your unique needs. PWS creates personalized experiences that make a difference.\" \/>\n<meta property=\"og:url\" content=\"https:\/\/pws-export.com\/ja\/\u30c6\u30fc\u30e9\u30fc\u30e1\u30a4\u30c92\/\" \/>\n<meta property=\"og:site_name\" content=\"PWS\" \/>\n<meta property=\"article:modified_time\" content=\"2024-09-26T07:13:31+00:00\" \/>\n<meta name=\"twitter:card\" content=\"summary_large_image\" \/>\n<meta name=\"twitter:label1\" content=\"\u63a8\u5b9a\u8aad\u307f\u53d6\u308a\u6642\u9593\" \/>\n\t<meta name=\"twitter:data1\" content=\"1\u5206\" \/>\n<script type=\"application\/ld+json\" class=\"yoast-schema-graph\">{\"@context\":\"https:\/\/schema.org\",\"@graph\":[{\"@type\":\"WebPage\",\"@id\":\"https:\/\/pws-export.com\/tailor-made-2\/\",\"url\":\"https:\/\/pws-export.com\/tailor-made-2\/\",\"name\":\"Sur-mesure - PWS\",\"isPartOf\":{\"@id\":\"https:\/\/pws-export.com\/#website\"},\"datePublished\":\"2020-08-28T08:40:08+00:00\",\"dateModified\":\"2024-09-26T07:13:31+00:00\",\"description\":\"Explore our tailored solutions to meet your unique needs. PWS creates personalized experiences that make a difference.\",\"breadcrumb\":{\"@id\":\"https:\/\/pws-export.com\/tailor-made-2\/#breadcrumb\"},\"inLanguage\":\"ja\",\"potentialAction\":[{\"@type\":\"ReadAction\",\"target\":[\"https:\/\/pws-export.com\/tailor-made-2\/\"]}]},{\"@type\":\"BreadcrumbList\",\"@id\":\"https:\/\/pws-export.com\/tailor-made-2\/#breadcrumb\",\"itemListElement\":[{\"@type\":\"ListItem\",\"position\":1,\"name\":\"Home\",\"item\":\"https:\/\/pws-export.com\/fr\/\"},{\"@type\":\"ListItem\",\"position\":2,\"name\":\"Sur-mesure\"}]},{\"@type\":\"WebSite\",\"@id\":\"https:\/\/pws-export.com\/#website\",\"url\":\"https:\/\/pws-export.com\/\",\"name\":\"PWS\",\"description\":\"Producers Wines Selection - Export\",\"publisher\":{\"@id\":\"https:\/\/pws-export.com\/#organization\"},\"potentialAction\":[{\"@type\":\"SearchAction\",\"target\":{\"@type\":\"EntryPoint\",\"urlTemplate\":\"https:\/\/pws-export.com\/?s={search_term_string}\"},\"query-input\":{\"@type\":\"PropertyValueSpecification\",\"valueRequired\":true,\"valueName\":\"search_term_string\"}}],\"inLanguage\":\"ja\"},{\"@type\":\"Organization\",\"@id\":\"https:\/\/pws-export.com\/#organization\",\"name\":\"PWS\",\"url\":\"https:\/\/pws-export.com\/\",\"logo\":{\"@type\":\"ImageObject\",\"inLanguage\":\"ja\",\"@id\":\"https:\/\/pws-export.com\/#\/schema\/logo\/image\/\",\"url\":\"https:\/\/pws-export.com\/wp-content\/uploads\/2024\/06\/logo-PWS.jpeg\",\"contentUrl\":\"https:\/\/pws-export.com\/wp-content\/uploads\/2024\/06\/logo-PWS.jpeg\",\"width\":1406,\"height\":876,\"caption\":\"PWS\"},\"image\":{\"@id\":\"https:\/\/pws-export.com\/#\/schema\/logo\/image\/\"},\"sameAs\":[\"https:\/\/www.instagram.com\/pwsfrenchwines\/\",\"https:\/\/www.linkedin.com\/company\/pws-export-vins\/?viewAsMember=true\"]}]}<\/script>\n<!-- \/ Yoast SEO plugin. -->","yoast_head_json":{"title":"Sur-mesure - PWS","description":"Explore our tailored solutions to meet your unique needs. PWS creates personalized experiences that make a difference.","robots":{"index":"index","follow":"follow","max-snippet":"max-snippet:-1","max-image-preview":"max-image-preview:large","max-video-preview":"max-video-preview:-1"},"canonical":"https:\/\/pws-export.com\/ja\/\u30c6\u30fc\u30e9\u30fc\u30e1\u30a4\u30c92\/","og_locale":"ja_JP","og_type":"article","og_title":"Sur-mesure - PWS","og_description":"Explore our tailored solutions to meet your unique needs. PWS creates personalized experiences that make a difference.","og_url":"https:\/\/pws-export.com\/ja\/\u30c6\u30fc\u30e9\u30fc\u30e1\u30a4\u30c92\/","og_site_name":"PWS","article_modified_time":"2024-09-26T07:13:31+00:00","twitter_card":"summary_large_image","twitter_misc":{"\u63a8\u5b9a\u8aad\u307f\u53d6\u308a\u6642\u9593":"1\u5206"},"schema":{"@context":"https:\/\/schema.org","@graph":[{"@type":"WebPage","@id":"https:\/\/pws-export.com\/tailor-made-2\/","url":"https:\/\/pws-export.com\/tailor-made-2\/","name":"Sur-mesure - PWS","isPartOf":{"@id":"https:\/\/pws-export.com\/#website"},"datePublished":"2020-08-28T08:40:08+00:00","dateModified":"2024-09-26T07:13:31+00:00","description":"Explore our tailored solutions to meet your unique needs. PWS creates personalized experiences that make a difference.","breadcrumb":{"@id":"https:\/\/pws-export.com\/tailor-made-2\/#breadcrumb"},"inLanguage":"ja","potentialAction":[{"@type":"ReadAction","target":["https:\/\/pws-export.com\/tailor-made-2\/"]}]},{"@type":"BreadcrumbList","@id":"https:\/\/pws-export.com\/tailor-made-2\/#breadcrumb","itemListElement":[{"@type":"ListItem","position":1,"name":"Home","item":"https:\/\/pws-export.com\/fr\/"},{"@type":"ListItem","position":2,"name":"Sur-mesure"}]},{"@type":"WebSite","@id":"https:\/\/pws-export.com\/#website","url":"https:\/\/pws-export.com\/","name":"PWS","description":"Producers Wines Selection - Export","publisher":{"@id":"https:\/\/pws-export.com\/#organization"},"potentialAction":[{"@type":"SearchAction","target":{"@type":"EntryPoint","urlTemplate":"https:\/\/pws-export.com\/?s={search_term_string}"},"query-input":{"@type":"PropertyValueSpecification","valueRequired":true,"valueName":"search_term_string"}}],"inLanguage":"ja"},{"@type":"Organization","@id":"https:\/\/pws-export.com\/#organization","name":"PWS","url":"https:\/\/pws-export.com\/","logo":{"@type":"ImageObject","inLanguage":"ja","@id":"https:\/\/pws-export.com\/#\/schema\/logo\/image\/","url":"https:\/\/pws-export.com\/wp-content\/uploads\/2024\/06\/logo-PWS.jpeg","contentUrl":"https:\/\/pws-export.com\/wp-content\/uploads\/2024\/06\/logo-PWS.jpeg","width":1406,"height":876,"caption":"PWS"},"image":{"@id":"https:\/\/pws-export.com\/#\/schema\/logo\/image\/"},"sameAs":["https:\/\/www.instagram.com\/pwsfrenchwines\/","https:\/\/www.linkedin.com\/company\/pws-export-vins\/?viewAsMember=true"]}]}},"_links":{"self":[{"href":"https:\/\/pws-export.com\/ja\/wp-json\/wp\/v2\/pages\/44"}],"collection":[{"href":"https:\/\/pws-export.com\/ja\/wp-json\/wp\/v2\/pages"}],"about":[{"href":"https:\/\/pws-export.com\/ja\/wp-json\/wp\/v2\/types\/page"}],"author":[{"embeddable":true,"href":"https:\/\/pws-export.com\/ja\/wp-json\/wp\/v2\/users\/1"}],"replies":[{"embeddable":true,"href":"https:\/\/pws-export.com\/ja\/wp-json\/wp\/v2\/comments?post=44"}],"version-history":[{"count":15,"href":"https:\/\/pws-export.com\/ja\/wp-json\/wp\/v2\/pages\/44\/revisions"}],"predecessor-version":[{"id":853,"href":"https:\/\/pws-export.com\/ja\/wp-json\/wp\/v2\/pages\/44\/revisions\/853"}],"wp:attachment":[{"href":"https:\/\/pws-export.com\/ja\/wp-json\/wp\/v2\/media?parent=44"}],"curies":[{"name":"wp","href":"https:\/\/api.w.org\/{rel}","templated":true}]}}