{"id":12,"date":"2020-08-28T08:31:26","date_gmt":"2020-08-28T08:31:26","guid":{"rendered":"https:\/\/pws-export.com\/?page_id=12"},"modified":"2024-09-26T06:24:12","modified_gmt":"2024-09-26T06:24:12","slug":"about","status":"publish","type":"page","link":"https:\/\/pws-export.com\/ko\/\uc57d\/","title":{"rendered":"\ud68c\uc0ac \uc18c\uac1c"},"content":{"rendered":"[et_pb_section fb_built=\u00a0\u00bb1&Prime; module_id=\u00a0\u00bbhistoire\u00a0\u00bb module_class=\u00a0\u00bbhistoire\u00a0\u00bb _builder_version=\u00a0\u00bb4.6.1&Prime; _module_preset=\u00a0\u00bbdefault\u00a0\u00bb global_colors_info=\u00a0\u00bb{}\u00a0\u00bb][et_pb_row column_structure=\u00a0\u00bb1_2,1_2&Prime; _builder_version=\u00a0\u00bb4.6.1&Prime; _module_preset=\u00a0\u00bbdefault\u00a0\u00bb global_colors_info=\u00a0\u00bb{}\u00a0\u00bb][et_pb_column type=\u00a0\u00bb1_2&Prime; _builder_version=\u00a0\u00bb4.6.0&Prime; _module_preset=\u00a0\u00bbdefault\u00a0\u00bb global_colors_info=\u00a0\u00bb{}\u00a0\u00bb][et_pb_text _builder_version=\u00a0\u00bb4.14.2&Prime; _module_preset=\u00a0\u00bbb88466f2-ad11-41c7-940a-9585eb31fd5a\u00a0\u00bb header_line_height=\u00a0\u00bb2em\u00a0\u00bb global_colors_info=\u00a0\u00bb{}\u00a0\u00bb]<h1>\uc5ed\uc0ac<\/h1>\n<p>[\ubcf4\ub974\ub3c4 \ubfcc\ub9ac]<\/p>\n<p><strong>\ub3c4\uba58 \ub4a4 \ud2f0\ub808\ubca0\ub808\uc774<\/strong><\/p>\n<p><span>\ud06c\ub9ac\uc2a4\ucc2c \ud478\uc878\uc774 \uc18c\uc720\ud55c \ub3c4\uba58 \ub4a4 \ud2f0\ub808\ubca0\ub9ac\ub294 \ubcf4\ub974\ub3c4 \uc624\ubca0\ub258\uc8fc \uc544\ud3a0\ub77c\uc2dc\uc639 \uc9c0\uc5ed \uc911\uc2ec\ubd80\uc758 \uc544\ub974\ube44\uc2a4 \ucf54\ubb8c \uc778\uadfc \uc5b8\ub355\uc5d0 \uc704\uce58\ud55c \ud3ec\ub3c4\ubc2d\uc73c\ub85c, \uc774 \uc9c0\uc5ed\uc5d0\uc11c \uac00\uc7a5 \ud488\uc9c8\uc774 \uc88b\uc740 \uc640\uc778\uc73c\ub85c \uc190\uaf3d\ud788\ub294 \uacf3 \uc911 \ud558\ub098\uc785\ub2c8\ub2e4.<\/span><\/p>\n<p><span>\uc774 \uac00\uc871 \uc18c\uc720\uc9c0\ub294 1900\ub144\ub300\ub85c \uac70\uc2ac\ub7ec \uc62c\ub77c\uac00\ub294\ub370, \ud06c\ub9ac\uc2a4\ud2f0\uc559\uc740 1960\ub144\ub300\uc5d0 \uc5b4\uba38\ub2c8\ub85c\ubd80\ud130 \uc774 \ub545\uc744 \ubb3c\ub824\ubc1b\uc558\uc73c\uba70 \ub2f9\uc2dc\uc5d0\ub294 \uc6b8\ucc3d\ud55c \uc232 \ud55c\uac00\uc6b4\ub370\uc5d0 \uba87 \ud3c9\uc758 \ub545\ub9cc \uc788\uc5c8\uc2b5\ub2c8\ub2e4. \ud06c\ub9ac\uc2a4\ucc2c\uc740 \uc218\ub144\uac04\uc758 \ub178\ub825 \ub05d\uc5d0 6\ud5e5\ud0c0\ub974\uc758 \ud48d\uc131\ud558\uace0 \ud65c\uae30\ucc2c \ud3ec\ub3c4\ubc2d\uc744 \uc870\uc131\ud588\uc73c\uba70, \uc9c0\uae08\ub3c4 \uc5ec\uc804\ud788 \uc0dd\uc0b0 \uc911\uc785\ub2c8\ub2e4. <\/span><\/p>\n<p><span>\uc774 \ub3c5\ud2b9\ud55c \ud14c\ub8e8\uc544\uc5d0 \uac78\ub9de\uac8c \ub6f0\uc5b4\ub09c \uc640\uc778\uc744 \uc0dd\uc0b0\ud558\uc5ec \uac00\ub2a5\ud55c \ub9ce\uc740 \uc0ac\ub78c\ub4e4\uacfc \uacf5\uc720\ud55c\ub2e4\ub294 \uc0ac\uba85\uc744 \ud56d\uc0c1 \uc9c0\ucf1c\uc654\uc2b5\ub2c8\ub2e4.<\/span><\/p>\n<p>&nbsp;<\/p>\n<p><strong>\uc0e4\ud1a0 \uba40\ub9b0 \ud504\ub860\ud14c\ub099<\/strong><\/p>\n<p><span>\uc57c\ub2c9 \uac00\ub77c\uc2a4\uc640 \uadf8\uc758 \uc544\ub0b4 \ud06c\ub9ac\uc2a4\ud2f0\uc548\ub290 \ud478\uc878\uc774 \uc18c\uc720\ud55c \uc0e4\ud1a0 \uba40\ub9b0 \ud504\ub871\ud2b8\ub099\uc740 \ubcf4\ub974\ub3c4 \uc559\ud2b8\ub974\ub4a4\uba54\ub974 \uc9c0\uc5ed\uc758 \ud504\ub871\ud2b8\ub099 \ucf54\ubb8c\uc5d0 \uc704\uce58\ud574 \uc788\uc2b5\ub2c8\ub2e4.<\/span><\/p>\n<p><span>1900\ub144\ub300 \uc57c\ub2c9 \uac00\ub77c\uc2a4\uc758 \uc99d\uc870\ubd80\uac00 \ud55c \uc138\uae30 \uc774\uc0c1 \uc18c\uc720\ud55c \uac00\uc871 \ud3ec\ub3c4\ubc2d\uc73c\ub85c, \ucc98\uc74c\uc5d0\ub294 \uace1\ubb3c, \ud3ec\ub3c4\ub098\ubb34, \uac00\ucd95\uc744 \uae30\ub974\ub294 \ud63c\ud569 \ub18d\uc7a5\uc774\uc5c8\uc2b5\ub2c8\ub2e4. <\/span><\/p>\n<p><span>\uc57c\ub2c9\uc740 1974\ub144 20\uc0b4\uc758 \ub098\uc774\uc5d0 \uc640\uc774\ub108\ub9ac \uc6b4\uc601\uc744 \ub9e1\uc558\uc2b5\ub2c8\ub2e4. \uc5b4\ub9b0 \ub098\uc774\uc5d0\ub3c4 \ubd88\uad6c\ud558\uace0 \uadf8\ub294 \ubcf4\ub974\ub3c4\uc758 \ub77c \ud22c\ub974 \ube14\ub791\uc26c\uc5d0\uc11c \ud3ec\ub3c4 \uc7ac\ubc30 \ubc0f \uc591\uc870\ud559 \ud559\uc704\ub97c \ucde8\ub4dd\ud588\uc2b5\ub2c8\ub2e4. \uc218\ub144\uc5d0 \uac78\uccd0 \uc774\ub7ec\ud55c \uc2e4\ubb34 \uacbd\ud5d8\uc744 \ubc14\ud0d5\uc73c\ub85c 18\ud5e5\ud0c0\ub974\uc758 \ud3ec\ub3c4\ubc2d\uacfc \uc140\ub7ec\uc5d0\uc11c \uae30\uc220\uc744 \ud5a5\uc0c1\uc2dc\ucf1c \uc624\ub298\ub0a0 \ub6f0\uc5b4\ub09c \uc640\uc778\uc744 \uc0dd\uc0b0\ud560 \uc218 \uc788\uac8c \ub418\uc5c8\uc2b5\ub2c8\ub2e4.<\/span><\/p>\n<p><span>\uc774 \uc0e4\ub610\ub294 \uc774 \uc9c0\uc5ed\uc5d0\uc11c \ud488\uc9c8\ub85c \uc720\uba85\ud55c\ub370, \ub450 \uac1c\uc758 \uac15(\uc5e5\uadf8\ub791\ub290 \uac15\uacfc \uad6c\uba54\ub860 \uac15) \uc0ac\uc774\uc5d0 \uc790\ub9ac \uc7a1\uc740 \ud14c\ub8e8\uc544\ub294 \uc810\ud1a0 \uc11d\ud68c\uc554 \uacbd\uc0ac\uba74\uacfc \uc0c1\ubd80 \uacbd\uc0ac\uba74\uc758 \ubd88\ubca0\ub124\ub85c \ub098\ub25c \uc5b8\ub355\uc5d0 \uc790\ub9ac \uc7a1\uace0 \uc788\uc5b4 \uc720\uc5f0\ud558\uace0 \ud5a5\uae0b\ud55c \uc640\uc778\uc744 \ub9cc\ub4e4\uc5b4\ub0c5\ub2c8\ub2e4.<\/span><\/p>\n<p><strong>PWS \uc218\ucd9c \uc640\uc778<\/strong><\/p>\n<p><span>\ud06c\ub9ac\uc2a4\ud2f0\uc559\uc758 \uc190\uc790\uc774\uc790 \ud06c\ub9ac\uc2a4\ud2f0\uc559\ub290\uc640 \uc57c\ub2c9\uc758 \uc870\uce74\uc778 \ud53c\uc5d0\ub974 \uc62c\ub9ac\ube44\uc5d0 \ub9ac\ube0c\uc2a4\ub294 \uc640\uc778\uc758 \uc138\uacc4\uc5d0\uc11c \uc2dc\uc791\ub418\uc5c8\uc2b5\ub2c8\ub2e4. \uc640\uc778\uacfc \uc5ec\ud589\uc5d0 \ub300\ud55c \uc5f4\uc815\uc744 \uac00\uc9c0\uace0 \ubcf4\ub974\ub3c4 \uace0\ub4f1 \uc591\uc870\ud559\uad50(Mast\u00e8re Sp\u00e9cialis\u00e9 Vins &amp; Spiritueux Facult\u00e9 d'Oenologie de Bordeaux)\uc640 WSET3\ub97c \uc878\uc5c5\ud55c \uadf8\ub294 \ub300\ub300\ub85c \ub0b4\ub824\uc624\ub294 \ube44\ubc00\uc758 \uc5f4\ub9e4\ub97c \uacf5\uc720\ud558\uae30 \uc704\ud574 \uc218\ucd9c \uc2dc\uc7a5\uc73c\ub85c \ub208\uc744 \ub3cc\ub9ac\uac8c \ub418\uc5c8\uc2b5\ub2c8\ub2e4. <\/span><\/p>\n<p><span>2018\ub144, \ubcf4\ub974\ub3c4\uc5d0\uc11c PWS(Producers - Wines - Selection)\uac00 \uc124\ub9bd\ub418\uc5c8\uc2b5\ub2c8\ub2e4. \uc640\uc778 \uc218\ucd9c\uc744 \uc804\ubb38\uc73c\ub85c \ud558\ub294 \ud504\ub791\uc2a4 \ubb34\uc5ed \ud68c\uc0ac\ub85c, \ud504\ub791\uc2a4 \ud14c\ub8e8\uc544\uc758 \uc640\uc778\uacfc \ubb38\ud654\ub97c \uacf5\uc720\ud558\uace0 \ud611\ub3d9\uc870\ud569 \ub610\ub294 \ub3c5\ub9bd \uc640\uc774\ub108\ub9ac, \uc720\uae30\ub18d \ub610\ub294 \uc77c\ubc18 \uc640\uc774\ub108\ub9ac \ub4f1 \"\uc804 \uc138\uacc4 \uc640\uc778 \uc7ac\ubc30\uc790\ub4e4\uc758 \ubaa9\uc18c\ub9ac\"\uac00 \ub418\ub294 \uac83\uc744 \uc0ac\uba85\uc73c\ub85c \uc0bc\uace0 \uc788\uc2b5\ub2c8\ub2e4. \ub2e4\ub978 \uc640\uc778\uc5d0 \ub300\ud55c \uc218\uc694\uac00 \uc99d\uac00\ud568\uc5d0 \ub530\ub77c PWS\ub294 \uc81c\ud488 \ud3ec\ud2b8\ud3f4\ub9ac\uc624\ub97c \ud655\uc7a5\ud558\uc5ec \ud604\uc7ac \ud504\ub791\uc2a4 \uc804\uc5ed\uc758 100\uac1c \uc774\uc0c1\uc758 \uc640\uc778 \uc0dd\uc0b0\uc790\ub97c \ub300\ud45c\ud560 \uc218 \uc788\uac8c \ub418\uc5c8\uc2b5\ub2c8\ub2e4. <\/span><\/p>\n<p>2020\ub144\uc5d0\ub294 \uccab \ubc88\uc9f8 \ub300\ud45c \uc0ac\ubb34\uc18c\uac00 \uac1c\uc124\ub420 \uc608\uc815\uc785\ub2c8\ub2e4.<span>\u00e9<\/span>\ud504\ub808\uc820\ud14c\uc774\uc158\uc774 \uc5f4\ub824 \uc788\uc2b5\ub2c8\ub2e4. <span>\u00e0<\/span> l'<span>\u00e9<\/span>(\uc911\uad6d \uc0c1\ud558\uc774)\uc5d0 \uc704\uce58\ud55c<span>\uc0c1\ud558\uc774 \uc911\uc2ec\ubd80\uc5d0 \uc704\uce58\ud55c \uc774 \uc0ac\ubb34\uc2e4\uc740 \ub9c8\ucf00\ud305 \ubc0f \uc601\uc5c5\ud300\uc744 \uc601\uc785\ud558\uc5ec \uc131\uc7a5\uc744 \uc704\ud55c \uc900\ube44\ub97c \ub9c8\ucce4\uc2b5\ub2c8\ub2e4.<\/span><span><\/span><\/p>\n<p><span>2022\ub144\uc5d0\ub3c4 PWS\ub294 \uc0c8\ub85c\uc6b4 \uc2dc\uc7a5\uc5d0\uc11c \ud30c\ud2b8\ub108\ub97c \ucc3e\uae30 \uc704\ud574 \uacc4\uc18d \ubc1c\uc804\ud574 \ub098\uac08 \uac83\uc785\ub2c8\ub2e4.<\/span><\/p>[\/et_pb_text][\/et_pb_column][et_pb_column type=\u00a0\u00bb1_2&Prime; _builder_version=\u00a0\u00bb4.6.1&Prime; _module_preset=\u00a0\u00bbdefault\u00a0\u00bb sticky_position=\u00a0\u00bbtop\u00a0\u00bb sticky_limit_bottom=\u00a0\u00bbsection\u00a0\u00bb sticky_position_tablet=\u00a0\u00bbnone\u00a0\u00bb sticky_position_phone=\u00a0\u00bbnone\u00a0\u00bb sticky_position_last_edited=\u00a0\u00bbon|phone\u00a0\u00bb global_colors_info=\u00a0\u00bb{}\u00a0\u00bb][et_pb_image src=\u00a0\u00bbhttps:\/\/pws-export.com\/wp-content\/uploads\/2020\/09\/PO-scaled.jpg\u00a0\u00bb title_text=\u00a0\u00bbPO\u00a0\u00bb _builder_version=\u00a0\u00bb4.6.0&Prime; _module_preset=\u00a0\u00bbdefault\u00a0\u00bb custom_padding=\u00a0\u00bb10%||||false|false\u00a0\u00bb sticky_limit_bottom=\u00a0\u00bbsection\u00a0\u00bb global_colors_info=\u00a0\u00bb{}\u00a0\u00bb][\/et_pb_image][\/et_pb_column][\/et_pb_row][\/et_pb_section][et_pb_section fb_built=\u00a0\u00bb1&Prime; module_id=\u00a0\u00bbvaleurs\u00a0\u00bb module_class=\u00a0\u00bbvaleurs\u00a0\u00bb _builder_version=\u00a0\u00bb4.6.1&Prime; _module_preset=\u00a0\u00bbdefault\u00a0\u00bb custom_padding=\u00a0\u00bb5vw||||false|false\u00a0\u00bb global_colors_info=\u00a0\u00bb{}\u00a0\u00bb][et_pb_row column_structure=\u00a0\u00bb1_2,1_2&Prime; _builder_version=\u00a0\u00bb4.6.1&Prime; _module_preset=\u00a0\u00bbdefault\u00a0\u00bb global_colors_info=\u00a0\u00bb{}\u00a0\u00bb][et_pb_column type=\u00a0\u00bb1_2&Prime; _builder_version=\u00a0\u00bb4.6.1&Prime; _module_preset=\u00a0\u00bbdefault\u00a0\u00bb sticky_position=\u00a0\u00bbtop\u00a0\u00bb sticky_limit_bottom=\u00a0\u00bbsection\u00a0\u00bb sticky_position_tablet=\u00a0\u00bbnone\u00a0\u00bb sticky_position_phone=\u00a0\u00bbnone\u00a0\u00bb sticky_position_last_edited=\u00a0\u00bbon|tablet\u00a0\u00bb global_colors_info=\u00a0\u00bb{}\u00a0\u00bb][et_pb_image src=\u00a0\u00bbhttps:\/\/pws-export.com\/wp-content\/uploads\/2020\/09\/maja-petric-vGQ49l9I4EE-unsplash-scaled.jpg\u00a0\u00bb title_text=\u00a0\u00bbmaja-petric-vGQ49l9I4EE-unsplash\u00a0\u00bb _builder_version=\u00a0\u00bb4.6.0&Prime; _module_preset=\u00a0\u00bbdefault\u00a0\u00bb custom_padding=\u00a0\u00bb10%||||false|false\u00a0\u00bb global_colors_info=\u00a0\u00bb{}\u00a0\u00bb][\/et_pb_image][\/et_pb_column][et_pb_column type=\u00a0\u00bb1_2&Prime; _builder_version=\u00a0\u00bb4.6.0&Prime; _module_preset=\u00a0\u00bbdefault\u00a0\u00bb global_colors_info=\u00a0\u00bb{}\u00a0\u00bb][et_pb_text _builder_version=\u00a0\u00bb4.6.5&Prime; _module_preset=\u00a0\u00bbb88466f2-ad11-41c7-940a-9585eb31fd5a\u00a0\u00bb header_line_height=\u00a0\u00bb2em\u00a0\u00bb header_2_font_size=\u00a0\u00bb22px\u00a0\u00bb global_colors_info=\u00a0\u00bb{}\u00a0\u00bb]<h1>\uac12<\/h1>\n<p>\uc218\ucd9c \uc2dc\uc7a5\uc5d0\uc11c \ud504\ub791\uc2a4 \uc640\uc778 \uc0dd\uc0b0\uc790\uc640 \ub5bc\ub8e8\uc544\ub97c \ud64d\ubcf4\ud558\ub294 \ub370 \ub3c4\uc6c0\uc744 \uc8fc\uace0 \uc788\uc2b5\ub2c8\ub2e4.<\/p>\n<h2>\ub2f9\uc0ac\uc758 \uae30\uc900\uc740 \uc751\ub2f5\uc131, \uc11c\ube44\uc2a4, \ud488\uc9c8\uc785\ub2c8\ub2e4.<\/h2>\n<p>\uacfc\ub3c4\ud55c \uc18c\ube44\uc758 \uc2dc\ub300\uc5d0 PWS\uc758 \uc0ac\uba85\uc740 \uc591\uc9c8\uc758 \uc81c\ud488 \ud3ec\ud2b8\ud3f4\ub9ac\uc624\ub97c \uc81c\uacf5\ud558\ub294 \uac83\uc785\ub2c8\ub2e4. \uc6b0\ub9ac\ub294 \uc640\uc778\uc774 \ub2e8\uc21c\ud55c \uc54c\ucf54\uc62c \uc74c\ub8cc \uadf8 \uc774\uc0c1\uc774\ub77c\uace0 \ubbff\uc2b5\ub2c8\ub2e4. \uc640\uc778\uc740 \uac01 \ubb38\ud654\uc5d0 \uace0\uc720\ud55c \uc0dd\ud65c\uacfc \uc18c\ube44\uc758 \uc608\uc220\uc785\ub2c8\ub2e4. \uadf8\ub807\uae30 \ub54c\ubb38\uc5d0 \uace0\uac1d\uc758 \uc694\uad6c\ub97c \uc874\uc911\ud558\uace0 \ucda9\uc871\uc2dc\ud0a4\uba74\uc11c \ubd80\uac00\uac00\uce58\uac00 \uc788\ub294 \uace0\ud488\uc9c8 \uc640\uc778\uc744 \ucc3e\uae30 \uc704\ud574 \ub178\ub825\ud569\ub2c8\ub2e4.<\/p>\n<h2>\uc6b0\ub9ac\ub294 \uc640\uc778 \uadf8 \uc774\uc0c1\uc758 \uac00\uce58, \uc989 \uacf5\uc720\uc758 \uac00\uce58, \uc2dc\uc7a5\uc758 \ubaa9\uc18c\ub9ac\uc5d0 \uadc0 \uae30\uc6b8\uc774\ub294 \uac00\uce58, \uc2e0\ub8b0\uc131\uc744 \uacf5\uc720\ud569\ub2c8\ub2e4.<\/h2>\n<p>\uc640\uc778\uc740 \uc218\ud655\ud560 \ub54c\ub098 \uc2dc\uc74c\ud560 \ub54c\ub098 \ub2e4\ub978 \uc0ac\ub78c\ub4e4\uacfc \ud568\uaed8 \ub098\ub204\ub294 \uae30\uc068\uc744 \uc0c1\uc9d5\ud558\uae30\ub3c4 \ud569\ub2c8\ub2e4. PWS\ub294 \uc774\ub7ec\ud55c \ub530\ub73b\ud55c \ub9c8\uc74c\uc744 \ub2f4\uc740 \uc5c5\ubb34 \uc724\ub9ac\ub97c \uacf5\uc720\ud558\uba74\uc11c \uace0\uac1d\uc758 \ub2c8\uc988\uc5d0 \ub9de\ucdb0 \uc2e0\ub8b0\ud560 \uc218 \uc788\uace0 \ud3ec\uad04\uc801\uc778 \uc81c\ud488\uad70\uc744 \uc81c\uacf5\ud569\ub2c8\ub2e4.<\/p>\n<h2>\ub2f9\uc0ac\ub294 \ucd5c\uace0 \uc218\uc900\uc758 \uc815\ubc00\ub3c4\uc5d0 \ub9de\ucdb0 \uc791\uc5c5\ud558\uba70 \uc8fc\uc694 \uc218\ucd9c \ubd84\uc57c\uc5d0 \ub300\ud55c \uad11\ubc94\uc704\ud55c \uc804\ubb38 \uc9c0\uc2dd\uc744 \uc81c\uacf5\ud560 \uc218 \uc788\uc2b5\ub2c8\ub2e4.<\/h2>\n<p>\uc218\ucd9c\uc744 \uc704\ud574\uc11c\ub294 \ud504\ub791\uc2a4 \ubc0f \ud574\uc678 \ud45c\uc900\uacfc \uc0dd\uc0b0 \ubc0f \ubb3c\ub958 \uc870\uac74\uc5d0 \ub300\ud55c \uc815\ud655\ud55c \uc9c0\uc2dd\uc774 \ud544\uc694\ud569\ub2c8\ub2e4. \ub2f9\uc0ac\ub294 \ucd5c\ub300\ud55c\uc758 \uc720\uc5f0\uc131(\ud3ec\uc7a5, \uc81c\ud488 \uadf8\ub8f9, \uacb0\uc81c \uc870\uac74, \uc81c\ud488 \ud3ec\ud2b8\ud3f4\ub9ac\uc624 \ubc0f \uc640\uc778 \ud504\ub85c\ud544 \uc120\ud0dd)\uc744 \uc720\uc9c0\ud558\uba74\uc11c \uc138\uc2ec\ud55c \uc9c0\uc6d0\uc744 \uc81c\uacf5\ud569\ub2c8\ub2e4.<\/p>[\/et_pb_text][\/et_pb_column][\/et_pb_row][\/et_pb_section][et_pb_section fb_built=\u00a0\u00bb1&Prime; module_id=\u00a0\u00bbpositionnement\u00a0\u00bb module_class=\u00a0\u00bbpositionnement\u00a0\u00bb _builder_version=\u00a0\u00bb4.6.1&Prime; _module_preset=\u00a0\u00bbdefault\u00a0\u00bb custom_padding=\u00a0\u00bb5vw||||false|false\u00a0\u00bb global_colors_info=\u00a0\u00bb{}\u00a0\u00bb][et_pb_row column_structure=\u00a0\u00bb1_2,1_2&Prime; _builder_version=\u00a0\u00bb4.6.0&Prime; _module_preset=\u00a0\u00bbdefault\u00a0\u00bb global_colors_info=\u00a0\u00bb{}\u00a0\u00bb][et_pb_column type=\u00a0\u00bb1_2&Prime; _builder_version=\u00a0\u00bb4.6.0&Prime; _module_preset=\u00a0\u00bbdefault\u00a0\u00bb global_colors_info=\u00a0\u00bb{}\u00a0\u00bb][et_pb_text _builder_version=\u00a0\u00bb4.6.0&Prime; _module_preset=\u00a0\u00bbb88466f2-ad11-41c7-940a-9585eb31fd5a\u00a0\u00bb header_line_height=\u00a0\u00bb2em\u00a0\u00bb global_colors_info=\u00a0\u00bb{}\u00a0\u00bb]<h1>\ud3ec\uc9c0\uc154\ub2dd<\/h1>\n<p>\uacbd\uc7c1\uc774 \uce58\uc5f4\ud55c \uc774 \ubd84\uc57c\uc5d0\uc11c PWS\uc758 \uc0ac\uba85\uc740 \ud504\ub791\uc2a4 \uc640\uc778\uc744 \uad6d\uc81c\uc801\uc73c\ub85c \ub9c8\ucf00\ud305\ud558\uace0 \ud64d\ubcf4\ud558\ub294 \uac83, \uc989 \uad6d\uc81c \ubb34\ub300\uc5d0\uc11c \ud504\ub791\uc2a4 \uc640\uc778 \uc0dd\uc0b0\uc790\ub4e4\uc758 \ubaa9\uc18c\ub9ac\ub97c \ub300\ubcc0\ud558\ub294 \uac83\uc785\ub2c8\ub2e4.<\/p>\n<p>\uc640\uc778 \uc7ac\ubc30\uc790 \uc9d1\uc548 \ucd9c\uc2e0\uc778 PWS\uc758 \ucc3d\ub9bd\uc790\ub294 \uc790\uc5f0\uc2a4\ub808 \uac00\ubb38\uacfc \uac00\uae4c\uc6cc\uc84c\uc2b5\ub2c8\ub2e4. PWS\uc758 \ud45c\uc5b4\ub294 \ube44\ub09c\ud560 \uc218 \uc5c6\ub294 \uc81c\ud488 \ud488\uc9c8\uc774\uba70, \uc138\uc2ec\ud55c \ud30c\ud2b8\ub108 \uc120\ud0dd\uc744 \ud1b5\ud574 \uc774\ub97c \ubcf4\uc7a5\ud569\ub2c8\ub2e4.<\/p>\n<p>\uc800\ud76c\ub294 \uc591\uc9c8\uc758 \ub5bc\ub8e8\uc544\ub97c \uc18c\uc911\ud788 \uc5ec\uae30\uba70 \uc804 \uc138\uacc4 \ud604\uc9c0 \uc0dd\uc0b0\uc790\ub97c \ud64d\ubcf4\ud558\ub294 \uc0ac\uba85\uc744 \uac00\uc9c0\uace0 \uc788\uc2b5\ub2c8\ub2e4. PWS\ub294 \uc640\uc778 \ubd84\uc57c\uc5d0\uc11c 10\ub144 \uc774\uc0c1\uc758 \uacbd\ud5d8\uc744 \ubc14\ud0d5\uc73c\ub85c \ube0c\ub79c\ub4dc \ub9de\ucda4\ud654 \ub610\ub294 \ub9de\ucda4\ud615 \ud504\ub85c\uc81d\ud2b8 \ub4f1 \uc720\uc5f0\uc131\uc744 \uac16\ucd98 \uace0\uc720\ud55c \ub9de\ucda4\ud615 \uc11c\ube44\uc2a4\ub97c \uc81c\uacf5\ud569\ub2c8\ub2e4.<\/p>[\/et_pb_text][\/et_pb_column][et_pb_column type=\u00a0\u00bb1_2&Prime; _builder_version=\u00a0\u00bb4.6.0&Prime; _module_preset=\u00a0\u00bbdefault\u00a0\u00bb global_colors_info=\u00a0\u00bb{}\u00a0\u00bb][et_pb_image src=\u00a0\u00bbhttps:\/\/pws-export.com\/wp-content\/uploads\/2020\/09\/Positionnement.jpg\u00a0\u00bb title_text=\u00a0\u00bbPositionnement\u00a0\u00bb _builder_version=\u00a0\u00bb4.6.0&Prime; _module_preset=\u00a0\u00bbdefault\u00a0\u00bb custom_padding=\u00a0\u00bb10%||||false|false\u00a0\u00bb global_colors_info=\u00a0\u00bb{}\u00a0\u00bb][\/et_pb_image][\/et_pb_column][\/et_pb_row][\/et_pb_section]","protected":false},"excerpt":{"rendered":"<p>Histoire [DES RACINES BORDELAISES] Domaine du Tireberey Le domaine du Tireberey, propri\u00e9t\u00e9 de Christian Pujol, est un vignoble situ\u00e9 sur les hauteurs pr\u00e8s de la commune d&rsquo;Arbis, au coeur de l&rsquo;aire d\u2019Appellation Bordeaux-Haut-B\u00e9nauge, une des plus qualitatives de la r\u00e9gion. La propri\u00e9t\u00e9 familiale date des ann\u00e9es 1900, Christian l&rsquo;ayant acquise de sa propre m\u00e8re dans&hellip; <a class=\"continue\" href=\"https:\/\/pws-export.com\/ko\/\uc57d\/\">\uacc4\uc18d \uc77d\uae30<span> \ud68c\uc0ac \uc18c\uac1c<\/span><\/a><\/p>","protected":false},"author":1,"featured_media":0,"parent":0,"menu_order":0,"comment_status":"closed","ping_status":"closed","template":"","meta":{"_seopress_robots_primary_cat":"","_seopress_titles_title":"About - PWS French Wines","_seopress_titles_desc":"Discover PWS, a French trading structure specialized in wine export, which aims to share wines from the French terroirs.","_seopress_robots_index":"","_et_pb_use_builder":"on","_et_pb_old_content":"<!-- wp:divi\/placeholder \/-->","_et_gb_content_width":"","footnotes":""},"yoast_head":"<!-- This site is optimized with the Yoast SEO plugin v23.5 - https:\/\/yoast.com\/wordpress\/plugins\/seo\/ -->\n<title>A propos - PWS<\/title>\n<meta name=\"description\" content=\"Discover PWS, a French trading structure specialized in wine export, which aims to share wines from the French terroirs.\" \/>\n<meta name=\"robots\" content=\"index, follow, max-snippet:-1, max-image-preview:large, max-video-preview:-1\" \/>\n<link rel=\"canonical\" href=\"https:\/\/pws-export.com\/ko\/\uc57d\/\" \/>\n<meta property=\"og:locale\" content=\"ko_KR\" \/>\n<meta property=\"og:type\" content=\"article\" \/>\n<meta property=\"og:title\" content=\"A propos - PWS\" \/>\n<meta property=\"og:description\" content=\"Discover PWS, a French trading structure specialized in wine export, which aims to share wines from the French terroirs.\" \/>\n<meta property=\"og:url\" content=\"https:\/\/pws-export.com\/ko\/\uc57d\/\" \/>\n<meta property=\"og:site_name\" content=\"PWS\" \/>\n<meta property=\"article:modified_time\" content=\"2024-09-26T06:24:12+00:00\" \/>\n<meta name=\"twitter:card\" content=\"summary_large_image\" \/>\n<meta name=\"twitter:label1\" content=\"\uc608\uc0c1 \ub418\ub294 \ud310\ub3c5 \uc2dc\uac04\" \/>\n\t<meta name=\"twitter:data1\" content=\"5\ubd84\" \/>\n<script type=\"application\/ld+json\" class=\"yoast-schema-graph\">{\"@context\":\"https:\/\/schema.org\",\"@graph\":[{\"@type\":\"WebPage\",\"@id\":\"https:\/\/pws-export.com\/about\/\",\"url\":\"https:\/\/pws-export.com\/about\/\",\"name\":\"A propos - PWS\",\"isPartOf\":{\"@id\":\"https:\/\/pws-export.com\/#website\"},\"datePublished\":\"2020-08-28T08:31:26+00:00\",\"dateModified\":\"2024-09-26T06:24:12+00:00\",\"description\":\"Discover PWS, a French trading structure specialized in wine export, which aims to share wines from the French terroirs.\",\"breadcrumb\":{\"@id\":\"https:\/\/pws-export.com\/about\/#breadcrumb\"},\"inLanguage\":\"ko-KR\",\"potentialAction\":[{\"@type\":\"ReadAction\",\"target\":[\"https:\/\/pws-export.com\/about\/\"]}]},{\"@type\":\"BreadcrumbList\",\"@id\":\"https:\/\/pws-export.com\/about\/#breadcrumb\",\"itemListElement\":[{\"@type\":\"ListItem\",\"position\":1,\"name\":\"Home\",\"item\":\"https:\/\/pws-export.com\/fr\/\"},{\"@type\":\"ListItem\",\"position\":2,\"name\":\"A propos\"}]},{\"@type\":\"WebSite\",\"@id\":\"https:\/\/pws-export.com\/#website\",\"url\":\"https:\/\/pws-export.com\/\",\"name\":\"PWS\",\"description\":\"Producers Wines Selection - Export\",\"publisher\":{\"@id\":\"https:\/\/pws-export.com\/#organization\"},\"potentialAction\":[{\"@type\":\"SearchAction\",\"target\":{\"@type\":\"EntryPoint\",\"urlTemplate\":\"https:\/\/pws-export.com\/?s={search_term_string}\"},\"query-input\":{\"@type\":\"PropertyValueSpecification\",\"valueRequired\":true,\"valueName\":\"search_term_string\"}}],\"inLanguage\":\"ko-KR\"},{\"@type\":\"Organization\",\"@id\":\"https:\/\/pws-export.com\/#organization\",\"name\":\"PWS\",\"url\":\"https:\/\/pws-export.com\/\",\"logo\":{\"@type\":\"ImageObject\",\"inLanguage\":\"ko-KR\",\"@id\":\"https:\/\/pws-export.com\/#\/schema\/logo\/image\/\",\"url\":\"https:\/\/pws-export.com\/wp-content\/uploads\/2024\/06\/logo-PWS.jpeg\",\"contentUrl\":\"https:\/\/pws-export.com\/wp-content\/uploads\/2024\/06\/logo-PWS.jpeg\",\"width\":1406,\"height\":876,\"caption\":\"PWS\"},\"image\":{\"@id\":\"https:\/\/pws-export.com\/#\/schema\/logo\/image\/\"},\"sameAs\":[\"https:\/\/www.instagram.com\/pwsfrenchwines\/\",\"https:\/\/www.linkedin.com\/company\/pws-export-vins\/?viewAsMember=true\"]}]}<\/script>\n<!-- \/ Yoast SEO plugin. -->","yoast_head_json":{"title":"A propos - PWS","description":"Discover PWS, a French trading structure specialized in wine export, which aims to share wines from the French terroirs.","robots":{"index":"index","follow":"follow","max-snippet":"max-snippet:-1","max-image-preview":"max-image-preview:large","max-video-preview":"max-video-preview:-1"},"canonical":"https:\/\/pws-export.com\/ko\/\uc57d\/","og_locale":"ko_KR","og_type":"article","og_title":"A propos - PWS","og_description":"Discover PWS, a French trading structure specialized in wine export, which aims to share wines from the French terroirs.","og_url":"https:\/\/pws-export.com\/ko\/\uc57d\/","og_site_name":"PWS","article_modified_time":"2024-09-26T06:24:12+00:00","twitter_card":"summary_large_image","twitter_misc":{"\uc608\uc0c1 \ub418\ub294 \ud310\ub3c5 \uc2dc\uac04":"5\ubd84"},"schema":{"@context":"https:\/\/schema.org","@graph":[{"@type":"WebPage","@id":"https:\/\/pws-export.com\/about\/","url":"https:\/\/pws-export.com\/about\/","name":"A propos - PWS","isPartOf":{"@id":"https:\/\/pws-export.com\/#website"},"datePublished":"2020-08-28T08:31:26+00:00","dateModified":"2024-09-26T06:24:12+00:00","description":"Discover PWS, a French trading structure specialized in wine export, which aims to share wines from the French terroirs.","breadcrumb":{"@id":"https:\/\/pws-export.com\/about\/#breadcrumb"},"inLanguage":"ko-KR","potentialAction":[{"@type":"ReadAction","target":["https:\/\/pws-export.com\/about\/"]}]},{"@type":"BreadcrumbList","@id":"https:\/\/pws-export.com\/about\/#breadcrumb","itemListElement":[{"@type":"ListItem","position":1,"name":"Home","item":"https:\/\/pws-export.com\/fr\/"},{"@type":"ListItem","position":2,"name":"A propos"}]},{"@type":"WebSite","@id":"https:\/\/pws-export.com\/#website","url":"https:\/\/pws-export.com\/","name":"PWS","description":"Producers Wines Selection - Export","publisher":{"@id":"https:\/\/pws-export.com\/#organization"},"potentialAction":[{"@type":"SearchAction","target":{"@type":"EntryPoint","urlTemplate":"https:\/\/pws-export.com\/?s={search_term_string}"},"query-input":{"@type":"PropertyValueSpecification","valueRequired":true,"valueName":"search_term_string"}}],"inLanguage":"ko-KR"},{"@type":"Organization","@id":"https:\/\/pws-export.com\/#organization","name":"PWS","url":"https:\/\/pws-export.com\/","logo":{"@type":"ImageObject","inLanguage":"ko-KR","@id":"https:\/\/pws-export.com\/#\/schema\/logo\/image\/","url":"https:\/\/pws-export.com\/wp-content\/uploads\/2024\/06\/logo-PWS.jpeg","contentUrl":"https:\/\/pws-export.com\/wp-content\/uploads\/2024\/06\/logo-PWS.jpeg","width":1406,"height":876,"caption":"PWS"},"image":{"@id":"https:\/\/pws-export.com\/#\/schema\/logo\/image\/"},"sameAs":["https:\/\/www.instagram.com\/pwsfrenchwines\/","https:\/\/www.linkedin.com\/company\/pws-export-vins\/?viewAsMember=true"]}]}},"_links":{"self":[{"href":"https:\/\/pws-export.com\/ko\/wp-json\/wp\/v2\/pages\/12"}],"collection":[{"href":"https:\/\/pws-export.com\/ko\/wp-json\/wp\/v2\/pages"}],"about":[{"href":"https:\/\/pws-export.com\/ko\/wp-json\/wp\/v2\/types\/page"}],"author":[{"embeddable":true,"href":"https:\/\/pws-export.com\/ko\/wp-json\/wp\/v2\/users\/1"}],"replies":[{"embeddable":true,"href":"https:\/\/pws-export.com\/ko\/wp-json\/wp\/v2\/comments?post=12"}],"version-history":[{"count":32,"href":"https:\/\/pws-export.com\/ko\/wp-json\/wp\/v2\/pages\/12\/revisions"}],"predecessor-version":[{"id":842,"href":"https:\/\/pws-export.com\/ko\/wp-json\/wp\/v2\/pages\/12\/revisions\/842"}],"wp:attachment":[{"href":"https:\/\/pws-export.com\/ko\/wp-json\/wp\/v2\/media?parent=12"}],"curies":[{"name":"wp","href":"https:\/\/api.w.org\/{rel}","templated":true}]}}