{"id":36,"date":"2020-08-28T08:38:45","date_gmt":"2020-08-28T08:38:45","guid":{"rendered":"https:\/\/pws-export.com\/?page_id=36"},"modified":"2024-09-26T06:31:19","modified_gmt":"2024-09-26T06:31:19","slug":"cooperative-wineries","status":"publish","type":"page","link":"https:\/\/pws-export.com\/pt\/adegas-cooperativas\/","title":{"rendered":"Caves Coop"},"content":{"rendered":"[et_pb_section fb_built=\u00a0\u00bb1\u2033 _builder_version=\u00a0\u00bb4.16\u2033 _module_preset=\u00a0\u00bbdefault\u00a0\u00bb background_color=\u00a0\u00bb#f4f4f4\u2033 locked=\u00a0\u00bboff\u00a0\u00bb global_colors_info=\u00a0\u00bb{}\u00a0\u00bb][et_pb_row column_structure=\u00a0\u00bb1_2,1_2\u2033 _builder_version=\u00a0\u00bb4.16\u2033 _module_preset=\u00a0\u00bbdefault\u00a0\u00bb global_colors_info=\u00a0\u00bb{}\u00a0\u00bb][et_pb_column type=\u00a0\u00bb1_2\u2033 _builder_version=\u00a0\u00bb4.16\u2033 _module_preset=\u00a0\u00bbdefault\u00a0\u00bb global_colors_info=\u00a0\u00bb{}\u00a0\u00bb][et_pb_text _builder_version=\u00a0\u00bb4.16\u2033 _module_preset=\u00a0\u00bbdefault\u00a0\u00bb global_colors_info=\u00a0\u00bb{}\u00a0\u00bb]<h1>Caves Coop<\/h1>[\/et_pb_text][et_pb_image src=\u00a0\u00bbhttps:\/\/pws-export.com\/wp-content\/uploads\/2020\/09\/Coop-1.jpg\u00a0\u00bb title_text=\u00a0\u00bbCooperative wineries\u00a0\u00bb _builder_version=\u00a0\u00bb4.25.0&Prime; _module_preset=\u00a0\u00bbdefault\u00a0\u00bb hover_enabled=\u00a0\u00bb0&Prime; global_colors_info=\u00a0\u00bb{}\u00a0\u00bb alt=\u00a0\u00bbcooperative wineries\u00a0\u00bb sticky_enabled=\u00a0\u00bb0&Prime;][\/et_pb_image][\/et_pb_column][et_pb_column type=\u00a0\u00bb1_2&Prime; _builder_version=\u00a0\u00bb4.16&Prime; _module_preset=\u00a0\u00bbdefault\u00a0\u00bb global_colors_info=\u00a0\u00bb{}\u00a0\u00bb][et_pb_text _builder_version=\u00a0\u00bb4.16&Prime; _module_preset=\u00a0\u00bbb88466f2-ad11-41c7-940a-9585eb31fd5a\u00a0\u00bb custom_padding=\u00a0\u00bb3vw||||false|false\u00a0\u00bb global_colors_info=\u00a0\u00bb{}\u00a0\u00bb]<p>Na PWS, trabalhamos em parceria com adegas cooperativas. Estas cooperativas oferecem os valores enraizados da coopera\u00e7\u00e3o entre um grande n\u00famero de viticultores, bem como vantagens financeiras devido \u00e0 sua dimens\u00e3o, permitindo-lhes muitas vezes adquirir tecnologia de ponta para vinificar as colheitas dos seus viticultores membros.<\/p>\n<p>Todas as adegas cooperativas nossas parceiras garantem a qualidade irrepreens\u00edvel dos seus produtos e servi\u00e7os, que \u00e9 o seu objetivo principal.<\/p>\n<p>A qualidade \u00e9 garantida por :<\/p>\n<p>- Rastreabilidade<br \/>- A introdu\u00e7\u00e3o de especifica\u00e7\u00f5es pr\u00f3prias de cada terroir<br \/>- Engarrafamento certificado (IFS BRC - ISO 9001)<br \/>- Qualidade consistente, controlada e recompensada<\/p>[\/et_pb_text][\/et_pb_column][\/et_pb_row][\/et_pb_section][et_pb_section fb_built=\u00a0\u00bb1\u2033 _builder_version=\u00a0\u00bb4.16\u2033 _module_preset=\u00a0\u00bbdefault\u00a0\u00bb locked=\u00a0\u00bboff\u00a0\u00bb global_colors_info=\u00a0\u00bb{}\u00a0\u00bb][et_pb_row column_structure=\u00a0\u00bb1_2,1_2\u2033 _builder_version=\u00a0\u00bb4.16\u2033 _module_preset=\u00a0\u00bbdefault\u00a0\u00bb global_colors_info=\u00a0\u00bb{}\u00a0\u00bb][et_pb_column type=\u00a0\u00bb1_2\u2033 _builder_version=\u00a0\u00bb4.16\u2033 _module_preset=\u00a0\u00bbdefault\u00a0\u00bb global_colors_info=\u00a0\u00bb{}\u00a0\u00bb][et_pb_text _builder_version=\u00a0\u00bb4.16\u2033 _module_preset=\u00a0\u00bbdefault\u00a0\u00bb global_colors_info=\u00a0\u00bb{}\u00a0\u00bb]<h1>Exemplo de um vinho Coop: Ch\u00e2teau Tuilerie Pages<\/h1>[\/et_pb_text][et_pb_text _builder_version=\"4.16\u2033 _module_preset=\"b88466f2-ad11-41c7-940a-9585eb31fd5a \" global_colors_info=\"{} \"]<p>O Ch\u00e2teau Tuilerie Pages \u00e9 propriedade da fam\u00edlia Jousseaume, que trabalha as suas vinhas e cria vacas h\u00e1 v\u00e1rias gera\u00e7\u00f5es. A propriedade data de 1936.<\/p>\n<p>Yannick, o en\u00f3logo, cultiva a sua propriedade com paix\u00e3o e amor, o que se pode sentir quando se prova o seu vinho. O Ch\u00e2teau Tuilerie Pages tem ganho v\u00e1rias medalhas todos os anos, testemunhando o trabalho de qualidade do en\u00f3logo, do mestre de adega e a dedica\u00e7\u00e3o do departamento de vendas da Cave Cooperative.<\/p>[\/et_pb_text][\/et_pb_column][et_pb_column type=\u00a0\u00bb1_2&Prime; _builder_version=\u00a0\u00bb4.16&Prime; _module_preset=\u00a0\u00bbdefault\u00a0\u00bb global_colors_info=\u00a0\u00bb{}\u00a0\u00bb][et_pb_image src=\u00a0\u00bbhttps:\/\/pws-export.com\/wp-content\/uploads\/2021\/12\/Capture-d\u00e9cran-2021-12-23-\u00e0-12.12.52.png\u00a0\u00bb title_text=\u00a0\u00bbch\u00e2teau tuilerie pag\u00e8s\u00a0\u00bb align=\u00a0\u00bbcenter\u00a0\u00bb _builder_version=\u00a0\u00bb4.25.0&Prime; _module_preset=\u00a0\u00bbdefault\u00a0\u00bb hover_enabled=\u00a0\u00bb0&Prime; global_colors_info=\u00a0\u00bb{}\u00a0\u00bb alt=\u00a0\u00bbch\u00e2teau tuilerie pag\u00e8s\u00a0\u00bb sticky_enabled=\u00a0\u00bb0&Prime;][\/et_pb_image][\/et_pb_column][\/et_pb_row][\/et_pb_section]","protected":false},"excerpt":{"rendered":"<p>Caves CoopChez PWS, nous travaillons en partenariat avec des caves coop\u00e9ratives. Ces derni\u00e8res pr\u00e9sentent des valeurs profondes de coop\u00e9ration entre de tr\u00e8s nombreux viticulteurs, offrant aussi des avantages financiers par la taille, permettant souvent l\u2019acquisition de technologie de pointe pour la vinification des r\u00e9coltes des viticulteurs adh\u00e9rents. Nos caves coop\u00e9ratives partenaires sont toutes garantes de&hellip; <a class=\"continue\" href=\"https:\/\/pws-export.com\/pt\/adegas-cooperativas\/\">Continuar a ler<span> Caves Coop<\/span><\/a><\/p>","protected":false},"author":1,"featured_media":0,"parent":0,"menu_order":0,"comment_status":"closed","ping_status":"closed","template":"","meta":{"_seopress_robots_primary_cat":"","_seopress_titles_title":"Cooperative Wineries - PWS French Wines","_seopress_titles_desc":"PWS works with cooperative wineries to ensure quality wine making. Discover our partner, Ch\u00e2teau Tuilerie Pages.","_seopress_robots_index":"","_et_pb_use_builder":"on","_et_pb_old_content":"<!-- wp:divi\/placeholder \/-->","_et_gb_content_width":"","footnotes":""},"yoast_head":"<!-- This site is optimized with the Yoast SEO plugin v23.5 - https:\/\/yoast.com\/wordpress\/plugins\/seo\/ -->\n<title>Caves Coop - PWS<\/title>\n<meta name=\"description\" content=\"PWS works with cooperative wineries to ensure quality wine making. Discover our partner, Ch\u00e2teau Tuilerie Pages.\" \/>\n<meta name=\"robots\" content=\"index, follow, max-snippet:-1, max-image-preview:large, max-video-preview:-1\" \/>\n<link rel=\"canonical\" href=\"https:\/\/pws-export.com\/pt\/adegas-cooperativas\/\" \/>\n<meta property=\"og:locale\" content=\"pt_PT\" \/>\n<meta property=\"og:type\" content=\"article\" \/>\n<meta property=\"og:title\" content=\"Caves Coop - PWS\" \/>\n<meta property=\"og:description\" content=\"PWS works with cooperative wineries to ensure quality wine making. Discover our partner, Ch\u00e2teau Tuilerie Pages.\" \/>\n<meta property=\"og:url\" content=\"https:\/\/pws-export.com\/pt\/adegas-cooperativas\/\" \/>\n<meta property=\"og:site_name\" content=\"PWS\" \/>\n<meta property=\"article:modified_time\" content=\"2024-09-26T06:31:19+00:00\" \/>\n<meta name=\"twitter:card\" content=\"summary_large_image\" \/>\n<meta name=\"twitter:label1\" content=\"Tempo estimado de leitura\" \/>\n\t<meta name=\"twitter:data1\" content=\"2 minutos\" \/>\n<script type=\"application\/ld+json\" class=\"yoast-schema-graph\">{\"@context\":\"https:\/\/schema.org\",\"@graph\":[{\"@type\":\"WebPage\",\"@id\":\"https:\/\/pws-export.com\/cooperative-wineries\/\",\"url\":\"https:\/\/pws-export.com\/cooperative-wineries\/\",\"name\":\"Caves Coop - PWS\",\"isPartOf\":{\"@id\":\"https:\/\/pws-export.com\/#website\"},\"datePublished\":\"2020-08-28T08:38:45+00:00\",\"dateModified\":\"2024-09-26T06:31:19+00:00\",\"description\":\"PWS works with cooperative wineries to ensure quality wine making. Discover our partner, Ch\u00e2teau Tuilerie Pages.\",\"breadcrumb\":{\"@id\":\"https:\/\/pws-export.com\/cooperative-wineries\/#breadcrumb\"},\"inLanguage\":\"pt-PT\",\"potentialAction\":[{\"@type\":\"ReadAction\",\"target\":[\"https:\/\/pws-export.com\/cooperative-wineries\/\"]}]},{\"@type\":\"BreadcrumbList\",\"@id\":\"https:\/\/pws-export.com\/cooperative-wineries\/#breadcrumb\",\"itemListElement\":[{\"@type\":\"ListItem\",\"position\":1,\"name\":\"Home\",\"item\":\"https:\/\/pws-export.com\/fr\/\"},{\"@type\":\"ListItem\",\"position\":2,\"name\":\"Caves Coop\"}]},{\"@type\":\"WebSite\",\"@id\":\"https:\/\/pws-export.com\/#website\",\"url\":\"https:\/\/pws-export.com\/\",\"name\":\"PWS\",\"description\":\"Producers Wines Selection - Export\",\"publisher\":{\"@id\":\"https:\/\/pws-export.com\/#organization\"},\"potentialAction\":[{\"@type\":\"SearchAction\",\"target\":{\"@type\":\"EntryPoint\",\"urlTemplate\":\"https:\/\/pws-export.com\/?s={search_term_string}\"},\"query-input\":{\"@type\":\"PropertyValueSpecification\",\"valueRequired\":true,\"valueName\":\"search_term_string\"}}],\"inLanguage\":\"pt-PT\"},{\"@type\":\"Organization\",\"@id\":\"https:\/\/pws-export.com\/#organization\",\"name\":\"PWS\",\"url\":\"https:\/\/pws-export.com\/\",\"logo\":{\"@type\":\"ImageObject\",\"inLanguage\":\"pt-PT\",\"@id\":\"https:\/\/pws-export.com\/#\/schema\/logo\/image\/\",\"url\":\"https:\/\/pws-export.com\/wp-content\/uploads\/2024\/06\/logo-PWS.jpeg\",\"contentUrl\":\"https:\/\/pws-export.com\/wp-content\/uploads\/2024\/06\/logo-PWS.jpeg\",\"width\":1406,\"height\":876,\"caption\":\"PWS\"},\"image\":{\"@id\":\"https:\/\/pws-export.com\/#\/schema\/logo\/image\/\"},\"sameAs\":[\"https:\/\/www.instagram.com\/pwsfrenchwines\/\",\"https:\/\/www.linkedin.com\/company\/pws-export-vins\/?viewAsMember=true\"]}]}<\/script>\n<!-- \/ Yoast SEO plugin. -->","yoast_head_json":{"title":"Caves Coop - PWS","description":"PWS works with cooperative wineries to ensure quality wine making. Discover our partner, Ch\u00e2teau Tuilerie Pages.","robots":{"index":"index","follow":"follow","max-snippet":"max-snippet:-1","max-image-preview":"max-image-preview:large","max-video-preview":"max-video-preview:-1"},"canonical":"https:\/\/pws-export.com\/pt\/adegas-cooperativas\/","og_locale":"pt_PT","og_type":"article","og_title":"Caves Coop - PWS","og_description":"PWS works with cooperative wineries to ensure quality wine making. Discover our partner, Ch\u00e2teau Tuilerie Pages.","og_url":"https:\/\/pws-export.com\/pt\/adegas-cooperativas\/","og_site_name":"PWS","article_modified_time":"2024-09-26T06:31:19+00:00","twitter_card":"summary_large_image","twitter_misc":{"Tempo estimado de leitura":"2 minutos"},"schema":{"@context":"https:\/\/schema.org","@graph":[{"@type":"WebPage","@id":"https:\/\/pws-export.com\/cooperative-wineries\/","url":"https:\/\/pws-export.com\/cooperative-wineries\/","name":"Caves Coop - PWS","isPartOf":{"@id":"https:\/\/pws-export.com\/#website"},"datePublished":"2020-08-28T08:38:45+00:00","dateModified":"2024-09-26T06:31:19+00:00","description":"PWS works with cooperative wineries to ensure quality wine making. Discover our partner, Ch\u00e2teau Tuilerie Pages.","breadcrumb":{"@id":"https:\/\/pws-export.com\/cooperative-wineries\/#breadcrumb"},"inLanguage":"pt-PT","potentialAction":[{"@type":"ReadAction","target":["https:\/\/pws-export.com\/cooperative-wineries\/"]}]},{"@type":"BreadcrumbList","@id":"https:\/\/pws-export.com\/cooperative-wineries\/#breadcrumb","itemListElement":[{"@type":"ListItem","position":1,"name":"Home","item":"https:\/\/pws-export.com\/fr\/"},{"@type":"ListItem","position":2,"name":"Caves Coop"}]},{"@type":"WebSite","@id":"https:\/\/pws-export.com\/#website","url":"https:\/\/pws-export.com\/","name":"PWS","description":"Producers Wines Selection - Export","publisher":{"@id":"https:\/\/pws-export.com\/#organization"},"potentialAction":[{"@type":"SearchAction","target":{"@type":"EntryPoint","urlTemplate":"https:\/\/pws-export.com\/?s={search_term_string}"},"query-input":{"@type":"PropertyValueSpecification","valueRequired":true,"valueName":"search_term_string"}}],"inLanguage":"pt-PT"},{"@type":"Organization","@id":"https:\/\/pws-export.com\/#organization","name":"PWS","url":"https:\/\/pws-export.com\/","logo":{"@type":"ImageObject","inLanguage":"pt-PT","@id":"https:\/\/pws-export.com\/#\/schema\/logo\/image\/","url":"https:\/\/pws-export.com\/wp-content\/uploads\/2024\/06\/logo-PWS.jpeg","contentUrl":"https:\/\/pws-export.com\/wp-content\/uploads\/2024\/06\/logo-PWS.jpeg","width":1406,"height":876,"caption":"PWS"},"image":{"@id":"https:\/\/pws-export.com\/#\/schema\/logo\/image\/"},"sameAs":["https:\/\/www.instagram.com\/pwsfrenchwines\/","https:\/\/www.linkedin.com\/company\/pws-export-vins\/?viewAsMember=true"]}]}},"_links":{"self":[{"href":"https:\/\/pws-export.com\/pt\/wp-json\/wp\/v2\/pages\/36"}],"collection":[{"href":"https:\/\/pws-export.com\/pt\/wp-json\/wp\/v2\/pages"}],"about":[{"href":"https:\/\/pws-export.com\/pt\/wp-json\/wp\/v2\/types\/page"}],"author":[{"embeddable":true,"href":"https:\/\/pws-export.com\/pt\/wp-json\/wp\/v2\/users\/1"}],"replies":[{"embeddable":true,"href":"https:\/\/pws-export.com\/pt\/wp-json\/wp\/v2\/comments?post=36"}],"version-history":[{"count":15,"href":"https:\/\/pws-export.com\/pt\/wp-json\/wp\/v2\/pages\/36\/revisions"}],"predecessor-version":[{"id":845,"href":"https:\/\/pws-export.com\/pt\/wp-json\/wp\/v2\/pages\/36\/revisions\/845"}],"wp:attachment":[{"href":"https:\/\/pws-export.com\/pt\/wp-json\/wp\/v2\/media?parent=36"}],"curies":[{"name":"wp","href":"https:\/\/api.w.org\/{rel}","templated":true}]}}