{"id":38,"date":"2020-08-28T08:39:05","date_gmt":"2020-08-28T08:39:05","guid":{"rendered":"https:\/\/pws-export.com\/?page_id=38"},"modified":"2024-09-26T06:32:51","modified_gmt":"2024-09-26T06:32:51","slug":"independent-winemakers","status":"publish","type":"page","link":"https:\/\/pws-export.com\/pt\/produtores-de-vinho-independentes\/","title":{"rendered":"Viticultores independentes"},"content":{"rendered":"[et_pb_section fb_built=\u00a0\u00bb1\u2033 _builder_version=\u00a0\u00bb4.16\u2033 _module_preset=\u00a0\u00bbdefault\u00a0\u00bb background_color=\u00a0\u00bb#f4f4f4\u2033 locked=\u00a0\u00bboff\u00a0\u00bb global_colors_info=\u00a0\u00bb{}\u00a0\u00bb][et_pb_row column_structure=\u00a0\u00bb1_2,1_2\u2033 _builder_version=\u00a0\u00bb4.16\u2033 _module_preset=\u00a0\u00bbdefault\u00a0\u00bb global_colors_info=\u00a0\u00bb{}\u00a0\u00bb][et_pb_column type=\u00a0\u00bb1_2\u2033 _builder_version=\u00a0\u00bb4.16\u2033 _module_preset=\u00a0\u00bbdefault\u00a0\u00bb global_colors_info=\u00a0\u00bb{}\u00a0\u00bb][et_pb_text _builder_version=\u00a0\u00bb4.16\u2033 _module_preset=\u00a0\u00bbdefault\u00a0\u00bb global_colors_info=\u00a0\u00bb{}\u00a0\u00bb]<h1>Viticultores independentes<\/h1>[\/et_pb_text][et_pb_image src=\u00a0\u00bbhttps:\/\/pws-export.com\/wp-content\/uploads\/2020\/09\/Ch\u00e2teau-Pardaillan-2-scaled.jpg\u00a0\u00bb title_text=\u00a0\u00bbCh\u00e2teau Pardaillan \u00a0\u00bb _builder_version=\u00a0\u00bb4.25.0\u2033 _module_preset=\u00a0\u00bbdefault\u00a0\u00bb hover_enabled=\u00a0\u00bb0\u2033 global_colors_info=\u00a0\u00bb{}\u00a0\u00bb alt=\u00a0\u00bbCh\u00e2teau Pardaillan Red Wine \u00a0\u00bb sticky_enabled=\u00a0\u00bb0\u2033][\/et_pb_image][\/et_pb_column][et_pb_column type=\u00a0\u00bb1_2\u2033 _builder_version=\u00a0\u00bb4.16\u2033 _module_preset=\u00a0\u00bbdefault\u00a0\u00bb global_colors_info=\u00a0\u00bb{}\u00a0\u00bb][et_pb_text _builder_version=\u00a0\u00bb4.16\u2033 _module_preset=\u00a0\u00bbb88466f2-ad11-41c7-940a-9585eb31fd5a\u00a0\u00bb custom_padding=\u00a0\u00bb3vw||||false|false\u00a0\u00bb global_colors_info=\u00a0\u00bb{}\u00a0\u00bb]<p> Para perpetuar a produ\u00e7\u00e3o vin\u00edcola francesa e partilhar o seu saber-fazer, a PWS ajuda uma centena de produtores locais em Fran\u00e7a a ultrapassarem as suas fronteiras.\n\nEstes produtores s\u00e3o uma fonte de diversidade, uma vez que controlam a produ\u00e7\u00e3o do vinho, desde o cultivo das uvas at\u00e9 ao fabrico do vinho.\n\nA sua escolha de se manterem independentes ou n\u00e3o \u00e9 justificada pelo seu desejo de permanecerem fi\u00e9is aos seus valores. A hist\u00f3ria da fam\u00edlia ultrapassa muitas vezes o pr\u00f3prio produto.  <\/p>[\/et_pb_text][\/et_pb_column][\/et_pb_row][\/et_pb_section][et_pb_section fb_built=\u00a0\u00bb1\u2033 _builder_version=\u00a0\u00bb4.16\u2033 _module_preset=\u00a0\u00bbdefault\u00a0\u00bb locked=\u00a0\u00bboff\u00a0\u00bb global_colors_info=\u00a0\u00bb{}\u00a0\u00bb][et_pb_row column_structure=\u00a0\u00bb1_2,1_2\u2033 _builder_version=\u00a0\u00bb4.16\u2033 _module_preset=\u00a0\u00bbdefault\u00a0\u00bb global_colors_info=\u00a0\u00bb{}\u00a0\u00bb][et_pb_column type=\u00a0\u00bb1_2\u2033 _builder_version=\u00a0\u00bb4.16\u2033 _module_preset=\u00a0\u00bbdefault\u00a0\u00bb global_colors_info=\u00a0\u00bb{}\u00a0\u00bb][et_pb_text _builder_version=\u00a0\u00bb4.16\u2033 _module_preset=\u00a0\u00bbdefault\u00a0\u00bb global_colors_info=\u00a0\u00bb{}\u00a0\u00bb]<h1>Exemplo de um viticultor independente: Ch\u00e2teau Pardaillan<\/h1>[\/et_pb_text][et_pb_text _builder_version=\"4.16\u2033 _module_preset=\"b88466f2-ad11-41c7-940a-9585eb31fd5a \" global_colors_info=\"{} \"]<p>O Ch\u00e2teau Pardaillan foi constru\u00eddo no s\u00e9culo XV, em plena Guerra dos Cem Anos. Numa altura em que os brit\u00e2nicos e os franceses lutavam por terras. O Ch\u00e2teau Pardaillan conseguiu manter-se profundamente franc\u00eas.<\/p>\n<p>Alguns s\u00e9culos mais tarde, personalidades famosas, como Montaigne, vieram aqui descansar. O c\u00e9lebre fil\u00f3sofo do Iluminismo costumava visitar a sua sobrinha, Sainte Jeanne de Lestonnac, que escolheu este magn\u00edfico castelo, repleto de hist\u00f3ria, para sua casa.<\/p>\n<p>Em 1909, a fam\u00edlia Roquefeuil assumiu a propriedade da propriedade, que se manteve na fam\u00edlia durante 4 gera\u00e7\u00f5es.<br \/>Na fam\u00edlia, dizemos: \"\u00c9 uma honra assumir o controlo e um dever de respeito para com a hist\u00f3ria da fam\u00edlia\".<\/p>\n<p>O Ch\u00e2teau Pardaillan \u00e9 uma resid\u00eancia de prest\u00edgio, com um propriet\u00e1rio de cora\u00e7\u00e3o nobre, querido por PWS, corajoso e humilde, o que se encontra no car\u00e1cter do seu n\u00e9ctar.<\/p>[\/et_pb_text][\/et_pb_column][et_pb_column type=\u00a0\u00bb1_2\u2033 _builder_version=\u00a0\u00bb4.16\u2033 _module_preset=\u00a0\u00bbdefault\u00a0\u00bb global_colors_info=\u00a0\u00bb{}\u00a0\u00bb][et_pb_image src=\u00a0\u00bbhttps:\/\/pws-export.com\/wp-content\/uploads\/2021\/12\/Capture-d\u00e9cran-2021-12-23-\u00e0-14.59.12.png\u00a0\u00bb title_text=\u00a0\u00bbCh\u00e2teau \u00a0\u00bb align=\u00a0\u00bbcenter\u00a0\u00bb _builder_version=\u00a0\u00bb4.25.0\u2033 _module_preset=\u00a0\u00bbdefault\u00a0\u00bb custom_margin=\u00a0\u00bb-3vw||||false|false\u00a0\u00bb custom_padding=\u00a0\u00bb||||false|false\u00a0\u00bb hover_enabled=\u00a0\u00bb0\u2033 global_colors_info=\u00a0\u00bb{}\u00a0\u00bb alt=\u00a0\u00bbCh\u00e2teau\u00a0\u00bb sticky_enabled=\u00a0\u00bb0\u2033][\/et_pb_image][\/et_pb_column][\/et_pb_row][\/et_pb_section]","protected":false},"excerpt":{"rendered":"<p>Viticulteurs Ind\u00e9pendants Para perpetuar a produ\u00e7\u00e3o vin\u00edcola francesa e partilhar o seu know-how, a PWS ajuda uma centena de produtores locais em Fran\u00e7a a ultrapassar as suas fronteiras. Estes produtores s\u00e3o uma fonte de diversidade, uma vez que controlam a produ\u00e7\u00e3o do vinho, desde o cultivo das uvas at\u00e9 ao fabrico do vinho. A escolha de se manterem ou n\u00e3o independentes... <a class=\"continue\" href=\"https:\/\/pws-export.com\/pt\/produtores-de-vinho-independentes\/\">Continuar a ler<span> Viticultores independentes<\/span><\/a><\/p>","protected":false},"author":1,"featured_media":0,"parent":0,"menu_order":0,"comment_status":"closed","ping_status":"closed","template":"","meta":{"_seopress_robots_primary_cat":"","_seopress_titles_title":"Independent Winemakers - PWS French Wines","_seopress_titles_desc":"Discover authentic wines created by passionate independent winemakers. At PWS, each bottle reflects a unique know-how.","_seopress_robots_index":"","_et_pb_use_builder":"on","_et_pb_old_content":"<!-- wp:divi\/placeholder \/-->","_et_gb_content_width":"","footnotes":""},"yoast_head":"<!-- This site is optimized with the Yoast SEO plugin v23.5 - https:\/\/yoast.com\/wordpress\/plugins\/seo\/ -->\n<title>Vignerons ind\u00e9pendants - PWS<\/title>\n<meta name=\"description\" content=\"Discover authentic wines created by passionate independent winemakers. At PWS, each bottle reflects a unique know-how.\" \/>\n<meta name=\"robots\" content=\"index, follow, max-snippet:-1, max-image-preview:large, max-video-preview:-1\" \/>\n<link rel=\"canonical\" href=\"https:\/\/pws-export.com\/pt\/produtores-de-vinho-independentes\/\" \/>\n<meta property=\"og:locale\" content=\"pt_PT\" \/>\n<meta property=\"og:type\" content=\"article\" \/>\n<meta property=\"og:title\" content=\"Vignerons ind\u00e9pendants - PWS\" \/>\n<meta property=\"og:description\" content=\"Discover authentic wines created by passionate independent winemakers. At PWS, each bottle reflects a unique know-how.\" \/>\n<meta property=\"og:url\" content=\"https:\/\/pws-export.com\/pt\/produtores-de-vinho-independentes\/\" \/>\n<meta property=\"og:site_name\" content=\"PWS\" \/>\n<meta property=\"article:modified_time\" content=\"2024-09-26T06:32:51+00:00\" \/>\n<meta name=\"twitter:card\" content=\"summary_large_image\" \/>\n<meta name=\"twitter:label1\" content=\"Tempo estimado de leitura\" \/>\n\t<meta name=\"twitter:data1\" content=\"2 minutos\" \/>\n<script type=\"application\/ld+json\" class=\"yoast-schema-graph\">{\"@context\":\"https:\/\/schema.org\",\"@graph\":[{\"@type\":\"WebPage\",\"@id\":\"https:\/\/pws-export.com\/independent-winemakers\/\",\"url\":\"https:\/\/pws-export.com\/independent-winemakers\/\",\"name\":\"Vignerons ind\u00e9pendants - PWS\",\"isPartOf\":{\"@id\":\"https:\/\/pws-export.com\/#website\"},\"datePublished\":\"2020-08-28T08:39:05+00:00\",\"dateModified\":\"2024-09-26T06:32:51+00:00\",\"description\":\"Discover authentic wines created by passionate independent winemakers. At PWS, each bottle reflects a unique know-how.\",\"breadcrumb\":{\"@id\":\"https:\/\/pws-export.com\/independent-winemakers\/#breadcrumb\"},\"inLanguage\":\"pt-PT\",\"potentialAction\":[{\"@type\":\"ReadAction\",\"target\":[\"https:\/\/pws-export.com\/independent-winemakers\/\"]}]},{\"@type\":\"BreadcrumbList\",\"@id\":\"https:\/\/pws-export.com\/independent-winemakers\/#breadcrumb\",\"itemListElement\":[{\"@type\":\"ListItem\",\"position\":1,\"name\":\"Home\",\"item\":\"https:\/\/pws-export.com\/fr\/\"},{\"@type\":\"ListItem\",\"position\":2,\"name\":\"Vignerons ind\u00e9pendants\"}]},{\"@type\":\"WebSite\",\"@id\":\"https:\/\/pws-export.com\/#website\",\"url\":\"https:\/\/pws-export.com\/\",\"name\":\"PWS\",\"description\":\"Producers Wines Selection - Export\",\"publisher\":{\"@id\":\"https:\/\/pws-export.com\/#organization\"},\"potentialAction\":[{\"@type\":\"SearchAction\",\"target\":{\"@type\":\"EntryPoint\",\"urlTemplate\":\"https:\/\/pws-export.com\/?s={search_term_string}\"},\"query-input\":{\"@type\":\"PropertyValueSpecification\",\"valueRequired\":true,\"valueName\":\"search_term_string\"}}],\"inLanguage\":\"pt-PT\"},{\"@type\":\"Organization\",\"@id\":\"https:\/\/pws-export.com\/#organization\",\"name\":\"PWS\",\"url\":\"https:\/\/pws-export.com\/\",\"logo\":{\"@type\":\"ImageObject\",\"inLanguage\":\"pt-PT\",\"@id\":\"https:\/\/pws-export.com\/#\/schema\/logo\/image\/\",\"url\":\"https:\/\/pws-export.com\/wp-content\/uploads\/2024\/06\/logo-PWS.jpeg\",\"contentUrl\":\"https:\/\/pws-export.com\/wp-content\/uploads\/2024\/06\/logo-PWS.jpeg\",\"width\":1406,\"height\":876,\"caption\":\"PWS\"},\"image\":{\"@id\":\"https:\/\/pws-export.com\/#\/schema\/logo\/image\/\"},\"sameAs\":[\"https:\/\/www.instagram.com\/pwsfrenchwines\/\",\"https:\/\/www.linkedin.com\/company\/pws-export-vins\/?viewAsMember=true\"]}]}<\/script>\n<!-- \/ Yoast SEO plugin. -->","yoast_head_json":{"title":"Vignerons ind\u00e9pendants - PWS","description":"Discover authentic wines created by passionate independent winemakers. At PWS, each bottle reflects a unique know-how.","robots":{"index":"index","follow":"follow","max-snippet":"max-snippet:-1","max-image-preview":"max-image-preview:large","max-video-preview":"max-video-preview:-1"},"canonical":"https:\/\/pws-export.com\/pt\/produtores-de-vinho-independentes\/","og_locale":"pt_PT","og_type":"article","og_title":"Vignerons ind\u00e9pendants - PWS","og_description":"Discover authentic wines created by passionate independent winemakers. At PWS, each bottle reflects a unique know-how.","og_url":"https:\/\/pws-export.com\/pt\/produtores-de-vinho-independentes\/","og_site_name":"PWS","article_modified_time":"2024-09-26T06:32:51+00:00","twitter_card":"summary_large_image","twitter_misc":{"Tempo estimado de leitura":"2 minutos"},"schema":{"@context":"https:\/\/schema.org","@graph":[{"@type":"WebPage","@id":"https:\/\/pws-export.com\/independent-winemakers\/","url":"https:\/\/pws-export.com\/independent-winemakers\/","name":"Vignerons ind\u00e9pendants - PWS","isPartOf":{"@id":"https:\/\/pws-export.com\/#website"},"datePublished":"2020-08-28T08:39:05+00:00","dateModified":"2024-09-26T06:32:51+00:00","description":"Discover authentic wines created by passionate independent winemakers. At PWS, each bottle reflects a unique know-how.","breadcrumb":{"@id":"https:\/\/pws-export.com\/independent-winemakers\/#breadcrumb"},"inLanguage":"pt-PT","potentialAction":[{"@type":"ReadAction","target":["https:\/\/pws-export.com\/independent-winemakers\/"]}]},{"@type":"BreadcrumbList","@id":"https:\/\/pws-export.com\/independent-winemakers\/#breadcrumb","itemListElement":[{"@type":"ListItem","position":1,"name":"Home","item":"https:\/\/pws-export.com\/fr\/"},{"@type":"ListItem","position":2,"name":"Vignerons ind\u00e9pendants"}]},{"@type":"WebSite","@id":"https:\/\/pws-export.com\/#website","url":"https:\/\/pws-export.com\/","name":"PWS","description":"Producers Wines Selection - Export","publisher":{"@id":"https:\/\/pws-export.com\/#organization"},"potentialAction":[{"@type":"SearchAction","target":{"@type":"EntryPoint","urlTemplate":"https:\/\/pws-export.com\/?s={search_term_string}"},"query-input":{"@type":"PropertyValueSpecification","valueRequired":true,"valueName":"search_term_string"}}],"inLanguage":"pt-PT"},{"@type":"Organization","@id":"https:\/\/pws-export.com\/#organization","name":"PWS","url":"https:\/\/pws-export.com\/","logo":{"@type":"ImageObject","inLanguage":"pt-PT","@id":"https:\/\/pws-export.com\/#\/schema\/logo\/image\/","url":"https:\/\/pws-export.com\/wp-content\/uploads\/2024\/06\/logo-PWS.jpeg","contentUrl":"https:\/\/pws-export.com\/wp-content\/uploads\/2024\/06\/logo-PWS.jpeg","width":1406,"height":876,"caption":"PWS"},"image":{"@id":"https:\/\/pws-export.com\/#\/schema\/logo\/image\/"},"sameAs":["https:\/\/www.instagram.com\/pwsfrenchwines\/","https:\/\/www.linkedin.com\/company\/pws-export-vins\/?viewAsMember=true"]}]}},"_links":{"self":[{"href":"https:\/\/pws-export.com\/pt\/wp-json\/wp\/v2\/pages\/38"}],"collection":[{"href":"https:\/\/pws-export.com\/pt\/wp-json\/wp\/v2\/pages"}],"about":[{"href":"https:\/\/pws-export.com\/pt\/wp-json\/wp\/v2\/types\/page"}],"author":[{"embeddable":true,"href":"https:\/\/pws-export.com\/pt\/wp-json\/wp\/v2\/users\/1"}],"replies":[{"embeddable":true,"href":"https:\/\/pws-export.com\/pt\/wp-json\/wp\/v2\/comments?post=38"}],"version-history":[{"count":16,"href":"https:\/\/pws-export.com\/pt\/wp-json\/wp\/v2\/pages\/38\/revisions"}],"predecessor-version":[{"id":846,"href":"https:\/\/pws-export.com\/pt\/wp-json\/wp\/v2\/pages\/38\/revisions\/846"}],"wp:attachment":[{"href":"https:\/\/pws-export.com\/pt\/wp-json\/wp\/v2\/media?parent=38"}],"curies":[{"name":"wp","href":"https:\/\/api.w.org\/{rel}","templated":true}]}}