{"id":40,"date":"2020-08-28T08:39:24","date_gmt":"2020-08-28T08:39:24","guid":{"rendered":"https:\/\/pws-export.com\/?page_id=40"},"modified":"2024-09-26T06:27:38","modified_gmt":"2024-09-26T06:27:38","slug":"advice","status":"publish","type":"page","link":"https:\/\/pws-export.com\/pt\/aconselhamento\/","title":{"rendered":"Conselho"},"content":{"rendered":"[et_pb_section fb_built=\"1\u2033 _builder_version=\"4.6.0\u2033 _module_preset=\"default \" custom_padding=\"0px||0px||false|false \" global_colors_info=\"{} \"][et_pb_row column_structure=\"1_2,1_2\u2033 use_custom_gutter=\"on \" gutter_width=\"1\u2033 make_equal=\"on \" _builder_version=\"4.14.2\u2033 _module_preset=\"default \" width=\"100% \" max_width=\"100% \" min_height=\"85vh \" min_height_tablet=\" \" min_height_phone=\" \" min_height_last_edited=\"on|desktop \" max_height=\"85vh \" max_height_tablet=\" \" max_height_phone=\" \" max_height_last_edited=\"on|desktop \" overflow-x=\"hidden \" overflow-y=\"hidden \" custom_padding=\"0px||0px||false|false \" hover_enabled=\"0\u2033 global_colors_info=\"{} \" sticky_enabled=\"0\u2033][et_pb_column type=\"1_2\u2033 _builder_version=\"4.14.2\u2033 _module_preset=\"default \" use_background_color_gradient=\"on \" background_color_gradient_start=\"rgba(0,0,0,0) \" background_color_gradient_end=\"rgba(0,0,0,0.25) \" background_color_gradient_overlays_image=\"on \" background_image=\"https:\/\/pws-export.com\/wp-content\/uploads\/2021\/12\/Capture-d\u00e9cran-2021-12-23-\u00e0-15.33.42.png \" hover_enabled=\"0\u2033 global_colors_info=\"{} \" title_text=\"Captura de ecr\u00e3 2021-12-23 \u00e0s 15.33.42\u2033 background_size=\"initial \" sticky_enabled=\"0\u2033][\/et_pb_column][et_pb_column type=\"1_2\u2033 _builder_version=\"4.6.0\u2033 _module_preset=\"default \" custom_padding=\"8%|8%|8%|8%|8%|false|false \" global_colors_info=\"{} \"][et_pb_text _builder_version=\"4.6.0\u2033 _module_preset=\"default \" text_text_color=\"#000000\u2033 header_line_height=\"2em \" global_colors_info=\"{} \"]<h1>Conselho<\/h1>\n<p>Como especialista em exporta\u00e7\u00e3o, a PWS ajuda os viticultores a desenvolver uma estrat\u00e9gia de marketing para otimizar a sua entrada em novos mercados.<\/p>\n<p>A PWS pode ajud\u00e1-lo com :<\/p>\n<p>- Conselhos sobre a gama<br \/>- Estudos de mercado qualitativos e quantitativos<br \/>- Conhecimento das normas e procedimentos<br \/>- Identifica\u00e7\u00e3o dos objectivos de prospe\u00e7\u00e3o e comunica\u00e7\u00e3o com os importadores<br \/>- Negocia\u00e7\u00f5es de pre\u00e7o, volume e exclusividade<br \/>- Universo do marketing e da marca<\/p>\n<p>&nbsp;<\/p>[\/et_pb_text][\/et_pb_column][\/et_pb_row][\/et_pb_section]","protected":false},"excerpt":{"rendered":"<p>Aconselhamento Como especialista em exporta\u00e7\u00e3o, a PWS ajuda os viticultores a desenvolver uma estrat\u00e9gia de marketing para otimizar a sua entrada em novos mercados. A PWS pode ajud\u00e1-lo com: - Aconselhamento sobre a sua gama - Pesquisa de mercado qualitativa e quantitativa - Conhecimento de normas e procedimentos - Identifica\u00e7\u00e3o de alvos para prospe\u00e7\u00e3o e comunica\u00e7\u00e3o... <a class=\"continue\" href=\"https:\/\/pws-export.com\/pt\/aconselhamento\/\">Continuar a ler<span> Conselho<\/span><\/a><\/p>","protected":false},"author":1,"featured_media":0,"parent":0,"menu_order":0,"comment_status":"closed","ping_status":"closed","template":"","meta":{"_seopress_robots_primary_cat":"","_seopress_titles_title":"Advice - PWS French Wines","_seopress_titles_desc":"PWS guides winegrowers in their export strategy, offering advice, market research and negotiations as well.","_seopress_robots_index":"","_et_pb_use_builder":"on","_et_pb_old_content":"<!-- wp:divi\/placeholder \/-->","_et_gb_content_width":"","footnotes":""},"yoast_head":"<!-- This site is optimized with the Yoast SEO plugin v23.5 - https:\/\/yoast.com\/wordpress\/plugins\/seo\/ -->\n<title>Conseil - PWS<\/title>\n<meta name=\"description\" content=\"PWS guides winegrowers in their export strategy, offering advice, market research and negotiations as well.\" \/>\n<meta name=\"robots\" content=\"index, follow, max-snippet:-1, max-image-preview:large, max-video-preview:-1\" \/>\n<link rel=\"canonical\" href=\"https:\/\/pws-export.com\/pt\/aconselhamento\/\" \/>\n<meta property=\"og:locale\" content=\"pt_PT\" \/>\n<meta property=\"og:type\" content=\"article\" \/>\n<meta property=\"og:title\" content=\"Conseil - PWS\" \/>\n<meta property=\"og:description\" content=\"PWS guides winegrowers in their export strategy, offering advice, market research and negotiations as well.\" \/>\n<meta property=\"og:url\" content=\"https:\/\/pws-export.com\/pt\/aconselhamento\/\" \/>\n<meta property=\"og:site_name\" content=\"PWS\" \/>\n<meta property=\"article:modified_time\" content=\"2024-09-26T06:27:38+00:00\" \/>\n<meta name=\"twitter:card\" content=\"summary_large_image\" \/>\n<meta name=\"twitter:label1\" content=\"Tempo estimado de leitura\" \/>\n\t<meta name=\"twitter:data1\" content=\"1 minuto\" \/>\n<script type=\"application\/ld+json\" class=\"yoast-schema-graph\">{\"@context\":\"https:\/\/schema.org\",\"@graph\":[{\"@type\":\"WebPage\",\"@id\":\"https:\/\/pws-export.com\/advice\/\",\"url\":\"https:\/\/pws-export.com\/advice\/\",\"name\":\"Conseil - PWS\",\"isPartOf\":{\"@id\":\"https:\/\/pws-export.com\/#website\"},\"datePublished\":\"2020-08-28T08:39:24+00:00\",\"dateModified\":\"2024-09-26T06:27:38+00:00\",\"description\":\"PWS guides winegrowers in their export strategy, offering advice, market research and negotiations as well.\",\"breadcrumb\":{\"@id\":\"https:\/\/pws-export.com\/advice\/#breadcrumb\"},\"inLanguage\":\"pt-PT\",\"potentialAction\":[{\"@type\":\"ReadAction\",\"target\":[\"https:\/\/pws-export.com\/advice\/\"]}]},{\"@type\":\"BreadcrumbList\",\"@id\":\"https:\/\/pws-export.com\/advice\/#breadcrumb\",\"itemListElement\":[{\"@type\":\"ListItem\",\"position\":1,\"name\":\"Home\",\"item\":\"https:\/\/pws-export.com\/fr\/\"},{\"@type\":\"ListItem\",\"position\":2,\"name\":\"Conseil\"}]},{\"@type\":\"WebSite\",\"@id\":\"https:\/\/pws-export.com\/#website\",\"url\":\"https:\/\/pws-export.com\/\",\"name\":\"PWS\",\"description\":\"Producers Wines Selection - Export\",\"publisher\":{\"@id\":\"https:\/\/pws-export.com\/#organization\"},\"potentialAction\":[{\"@type\":\"SearchAction\",\"target\":{\"@type\":\"EntryPoint\",\"urlTemplate\":\"https:\/\/pws-export.com\/?s={search_term_string}\"},\"query-input\":{\"@type\":\"PropertyValueSpecification\",\"valueRequired\":true,\"valueName\":\"search_term_string\"}}],\"inLanguage\":\"pt-PT\"},{\"@type\":\"Organization\",\"@id\":\"https:\/\/pws-export.com\/#organization\",\"name\":\"PWS\",\"url\":\"https:\/\/pws-export.com\/\",\"logo\":{\"@type\":\"ImageObject\",\"inLanguage\":\"pt-PT\",\"@id\":\"https:\/\/pws-export.com\/#\/schema\/logo\/image\/\",\"url\":\"https:\/\/pws-export.com\/wp-content\/uploads\/2024\/06\/logo-PWS.jpeg\",\"contentUrl\":\"https:\/\/pws-export.com\/wp-content\/uploads\/2024\/06\/logo-PWS.jpeg\",\"width\":1406,\"height\":876,\"caption\":\"PWS\"},\"image\":{\"@id\":\"https:\/\/pws-export.com\/#\/schema\/logo\/image\/\"},\"sameAs\":[\"https:\/\/www.instagram.com\/pwsfrenchwines\/\",\"https:\/\/www.linkedin.com\/company\/pws-export-vins\/?viewAsMember=true\"]}]}<\/script>\n<!-- \/ Yoast SEO plugin. -->","yoast_head_json":{"title":"Conseil - PWS","description":"PWS guides winegrowers in their export strategy, offering advice, market research and negotiations as well.","robots":{"index":"index","follow":"follow","max-snippet":"max-snippet:-1","max-image-preview":"max-image-preview:large","max-video-preview":"max-video-preview:-1"},"canonical":"https:\/\/pws-export.com\/pt\/aconselhamento\/","og_locale":"pt_PT","og_type":"article","og_title":"Conseil - PWS","og_description":"PWS guides winegrowers in their export strategy, offering advice, market research and negotiations as well.","og_url":"https:\/\/pws-export.com\/pt\/aconselhamento\/","og_site_name":"PWS","article_modified_time":"2024-09-26T06:27:38+00:00","twitter_card":"summary_large_image","twitter_misc":{"Tempo estimado de leitura":"1 minuto"},"schema":{"@context":"https:\/\/schema.org","@graph":[{"@type":"WebPage","@id":"https:\/\/pws-export.com\/advice\/","url":"https:\/\/pws-export.com\/advice\/","name":"Conseil - PWS","isPartOf":{"@id":"https:\/\/pws-export.com\/#website"},"datePublished":"2020-08-28T08:39:24+00:00","dateModified":"2024-09-26T06:27:38+00:00","description":"PWS guides winegrowers in their export strategy, offering advice, market research and negotiations as well.","breadcrumb":{"@id":"https:\/\/pws-export.com\/advice\/#breadcrumb"},"inLanguage":"pt-PT","potentialAction":[{"@type":"ReadAction","target":["https:\/\/pws-export.com\/advice\/"]}]},{"@type":"BreadcrumbList","@id":"https:\/\/pws-export.com\/advice\/#breadcrumb","itemListElement":[{"@type":"ListItem","position":1,"name":"Home","item":"https:\/\/pws-export.com\/fr\/"},{"@type":"ListItem","position":2,"name":"Conseil"}]},{"@type":"WebSite","@id":"https:\/\/pws-export.com\/#website","url":"https:\/\/pws-export.com\/","name":"PWS","description":"Producers Wines Selection - Export","publisher":{"@id":"https:\/\/pws-export.com\/#organization"},"potentialAction":[{"@type":"SearchAction","target":{"@type":"EntryPoint","urlTemplate":"https:\/\/pws-export.com\/?s={search_term_string}"},"query-input":{"@type":"PropertyValueSpecification","valueRequired":true,"valueName":"search_term_string"}}],"inLanguage":"pt-PT"},{"@type":"Organization","@id":"https:\/\/pws-export.com\/#organization","name":"PWS","url":"https:\/\/pws-export.com\/","logo":{"@type":"ImageObject","inLanguage":"pt-PT","@id":"https:\/\/pws-export.com\/#\/schema\/logo\/image\/","url":"https:\/\/pws-export.com\/wp-content\/uploads\/2024\/06\/logo-PWS.jpeg","contentUrl":"https:\/\/pws-export.com\/wp-content\/uploads\/2024\/06\/logo-PWS.jpeg","width":1406,"height":876,"caption":"PWS"},"image":{"@id":"https:\/\/pws-export.com\/#\/schema\/logo\/image\/"},"sameAs":["https:\/\/www.instagram.com\/pwsfrenchwines\/","https:\/\/www.linkedin.com\/company\/pws-export-vins\/?viewAsMember=true"]}]}},"_links":{"self":[{"href":"https:\/\/pws-export.com\/pt\/wp-json\/wp\/v2\/pages\/40"}],"collection":[{"href":"https:\/\/pws-export.com\/pt\/wp-json\/wp\/v2\/pages"}],"about":[{"href":"https:\/\/pws-export.com\/pt\/wp-json\/wp\/v2\/types\/page"}],"author":[{"embeddable":true,"href":"https:\/\/pws-export.com\/pt\/wp-json\/wp\/v2\/users\/1"}],"replies":[{"embeddable":true,"href":"https:\/\/pws-export.com\/pt\/wp-json\/wp\/v2\/comments?post=40"}],"version-history":[{"count":13,"href":"https:\/\/pws-export.com\/pt\/wp-json\/wp\/v2\/pages\/40\/revisions"}],"predecessor-version":[{"id":843,"href":"https:\/\/pws-export.com\/pt\/wp-json\/wp\/v2\/pages\/40\/revisions\/843"}],"wp:attachment":[{"href":"https:\/\/pws-export.com\/pt\/wp-json\/wp\/v2\/media?parent=40"}],"curies":[{"name":"wp","href":"https:\/\/api.w.org\/{rel}","templated":true}]}}