{"id":44,"date":"2020-08-28T08:40:08","date_gmt":"2020-08-28T08:40:08","guid":{"rendered":"https:\/\/pws-export.com\/?page_id=44"},"modified":"2024-09-26T07:13:31","modified_gmt":"2024-09-26T07:13:31","slug":"tailor-made-2","status":"publish","type":"page","link":"https:\/\/pws-export.com\/pt\/feito-a-medida-2\/","title":{"rendered":"Feito \u00e0 medida"},"content":{"rendered":"[et_pb_section fb_built=\"1\u2033 _builder_version=\"4.6.0\u2033 _module_preset=\"default \" custom_padding=\"0px||0px||false|false \" locked=\"off \" global_colors_info=\"{} \"][et_pb_row column_structure=\"1_2,1_2\u2033 use_custom_gutter=\"on \" gutter_width=\"1\u2033 make_equal=\"on \" _builder_version=\"4.6.0\u2033 _module_preset=\"default \" width=\"100% \" max_width=\"100% \" min_height=\"100vh \" min_height_tablet=\" \" min_height_phone=\" \" min_height_last_edited=\"on|desktop \" max_height=\"100vh \" max_height_tablet=\" \" max_height_phone=\" \" max_height_last_edited=\"on|desktop \" overflow-x=\"hidden \" overflow-y=\"hidden \" custom_padding=\"0px||0px||false|false \" hover_enabled=\"0\u2033 global_colors_info=\"{} \" sticky_enabled=\"0\u2033][et_pb_column type=\"1_2\u2033 _builder_version=\"4.14.2\u2033 _module_preset=\"default \" use_background_color_gradient=\"on \" background_color_gradient_start=\"rgba(0,0,0,0) \" background_color_gradient_end=\"rgba(0,0,0,0.25) \" background_color_gradient_overlays_image=\"on \" background_image=\"https:\/\/pws-export.com\/wp-content\/uploads\/2021\/12\/Capture-d\u00e9cran-2021-12-23-\u00e0-15.13.28.png \" hover_enabled=\"0\u2033 global_colors_info=\"{} \" title_text=\"Captura de ecr\u00e3 2021-12-23 \u00e0s 15.13.28\u2033 background_size=\"contain \" sticky_enabled=\"0\u2033][\/et_pb_column][et_pb_column type=\"1_2\u2033 _builder_version=\"4.6.0\u2033 _module_preset=\"default \" custom_padding=\"8%|8%|8%|8%|8%|false|false \" global_colors_info=\"{} \"][et_pb_text _builder_version=\"4.6.1\u2033 _module_preset=\"default \" text_text_color=\"#000000\u2033 header_line_height=\"2em \" global_colors_info=\"{} \"]<h1>Feito \u00e0 medida<\/h1>\n<p>A PWS coloca os seus recursos \u00e0 sua disposi\u00e7\u00e3o para criar uma gama \u00fanica \u00e0 sua imagem.<\/p>\n<p>Com este servi\u00e7o, pode :<\/p>\n<p>- Escolha o seu vinho, a sua AOC e o seu perfil<br \/>- Optimize as suas quantidades m\u00ednimas em fun\u00e7\u00e3o dos or\u00e7amentos<br \/>- Decidir sobre os aspectos de marketing e jur\u00eddicos da marca<br \/>- Conceber uma etiqueta \u00e0 medida das suas necessidades<br \/>- Adaptar as suas embalagens (garrafas, caixas de cart\u00e3o, etc.) ao seu mercado-alvo<br \/>- Acompanhamento de um produto exclusivo<br \/>- Diferenciar-se atrav\u00e9s da cria\u00e7\u00e3o de um universo de marketing espec\u00edfico para o seu projeto<br \/>- Facilitar as coisas: entrega porta-a-porta, se necess\u00e1rio<\/p>[\/et_pb_text][\/et_pb_column][\/et_pb_row][\/et_pb_section]","protected":false},"excerpt":{"rendered":"<p>Por medida, a PWS coloca os seus recursos \u00e0 sua disposi\u00e7\u00e3o para criar uma gama \u00fanica \u00e0 sua imagem. Gra\u00e7as a este servi\u00e7o, pode : - Escolher o seu vinho, a sua AOC e o seu perfil - Otimizar as suas quantidades m\u00ednimas em fun\u00e7\u00e3o dos seus or\u00e7amentos - Decidir o aspeto comercial da marca e respeitar as... <a class=\"continue\" href=\"https:\/\/pws-export.com\/pt\/feito-a-medida-2\/\">Continuar a ler<span> Feito \u00e0 medida<\/span><\/a><\/p>","protected":false},"author":1,"featured_media":0,"parent":0,"menu_order":0,"comment_status":"closed","ping_status":"closed","template":"","meta":{"_seopress_robots_primary_cat":"","_seopress_titles_title":"Tailor-made - PWS French Wines","_seopress_titles_desc":"Explore our tailored solutions to meet your unique needs. PWS creates personalized experiences that make a difference.","_seopress_robots_index":"","_et_pb_use_builder":"on","_et_pb_old_content":"<!-- wp:divi\/placeholder \/-->","_et_gb_content_width":"","footnotes":""},"yoast_head":"<!-- This site is optimized with the Yoast SEO plugin v23.5 - https:\/\/yoast.com\/wordpress\/plugins\/seo\/ -->\n<title>Sur-mesure - PWS<\/title>\n<meta name=\"description\" content=\"Explore our tailored solutions to meet your unique needs. PWS creates personalized experiences that make a difference.\" \/>\n<meta name=\"robots\" content=\"index, follow, max-snippet:-1, max-image-preview:large, max-video-preview:-1\" \/>\n<link rel=\"canonical\" href=\"https:\/\/pws-export.com\/pt\/feito-a-medida-2\/\" \/>\n<meta property=\"og:locale\" content=\"pt_PT\" \/>\n<meta property=\"og:type\" content=\"article\" \/>\n<meta property=\"og:title\" content=\"Sur-mesure - PWS\" \/>\n<meta property=\"og:description\" content=\"Explore our tailored solutions to meet your unique needs. PWS creates personalized experiences that make a difference.\" \/>\n<meta property=\"og:url\" content=\"https:\/\/pws-export.com\/pt\/feito-a-medida-2\/\" \/>\n<meta property=\"og:site_name\" content=\"PWS\" \/>\n<meta property=\"article:modified_time\" content=\"2024-09-26T07:13:31+00:00\" \/>\n<meta name=\"twitter:card\" content=\"summary_large_image\" \/>\n<meta name=\"twitter:label1\" content=\"Tempo estimado de leitura\" \/>\n\t<meta name=\"twitter:data1\" content=\"1 minuto\" \/>\n<script type=\"application\/ld+json\" class=\"yoast-schema-graph\">{\"@context\":\"https:\/\/schema.org\",\"@graph\":[{\"@type\":\"WebPage\",\"@id\":\"https:\/\/pws-export.com\/tailor-made-2\/\",\"url\":\"https:\/\/pws-export.com\/tailor-made-2\/\",\"name\":\"Sur-mesure - PWS\",\"isPartOf\":{\"@id\":\"https:\/\/pws-export.com\/#website\"},\"datePublished\":\"2020-08-28T08:40:08+00:00\",\"dateModified\":\"2024-09-26T07:13:31+00:00\",\"description\":\"Explore our tailored solutions to meet your unique needs. PWS creates personalized experiences that make a difference.\",\"breadcrumb\":{\"@id\":\"https:\/\/pws-export.com\/tailor-made-2\/#breadcrumb\"},\"inLanguage\":\"pt-PT\",\"potentialAction\":[{\"@type\":\"ReadAction\",\"target\":[\"https:\/\/pws-export.com\/tailor-made-2\/\"]}]},{\"@type\":\"BreadcrumbList\",\"@id\":\"https:\/\/pws-export.com\/tailor-made-2\/#breadcrumb\",\"itemListElement\":[{\"@type\":\"ListItem\",\"position\":1,\"name\":\"Home\",\"item\":\"https:\/\/pws-export.com\/fr\/\"},{\"@type\":\"ListItem\",\"position\":2,\"name\":\"Sur-mesure\"}]},{\"@type\":\"WebSite\",\"@id\":\"https:\/\/pws-export.com\/#website\",\"url\":\"https:\/\/pws-export.com\/\",\"name\":\"PWS\",\"description\":\"Producers Wines Selection - Export\",\"publisher\":{\"@id\":\"https:\/\/pws-export.com\/#organization\"},\"potentialAction\":[{\"@type\":\"SearchAction\",\"target\":{\"@type\":\"EntryPoint\",\"urlTemplate\":\"https:\/\/pws-export.com\/?s={search_term_string}\"},\"query-input\":{\"@type\":\"PropertyValueSpecification\",\"valueRequired\":true,\"valueName\":\"search_term_string\"}}],\"inLanguage\":\"pt-PT\"},{\"@type\":\"Organization\",\"@id\":\"https:\/\/pws-export.com\/#organization\",\"name\":\"PWS\",\"url\":\"https:\/\/pws-export.com\/\",\"logo\":{\"@type\":\"ImageObject\",\"inLanguage\":\"pt-PT\",\"@id\":\"https:\/\/pws-export.com\/#\/schema\/logo\/image\/\",\"url\":\"https:\/\/pws-export.com\/wp-content\/uploads\/2024\/06\/logo-PWS.jpeg\",\"contentUrl\":\"https:\/\/pws-export.com\/wp-content\/uploads\/2024\/06\/logo-PWS.jpeg\",\"width\":1406,\"height\":876,\"caption\":\"PWS\"},\"image\":{\"@id\":\"https:\/\/pws-export.com\/#\/schema\/logo\/image\/\"},\"sameAs\":[\"https:\/\/www.instagram.com\/pwsfrenchwines\/\",\"https:\/\/www.linkedin.com\/company\/pws-export-vins\/?viewAsMember=true\"]}]}<\/script>\n<!-- \/ Yoast SEO plugin. -->","yoast_head_json":{"title":"Sur-mesure - PWS","description":"Explore our tailored solutions to meet your unique needs. PWS creates personalized experiences that make a difference.","robots":{"index":"index","follow":"follow","max-snippet":"max-snippet:-1","max-image-preview":"max-image-preview:large","max-video-preview":"max-video-preview:-1"},"canonical":"https:\/\/pws-export.com\/pt\/feito-a-medida-2\/","og_locale":"pt_PT","og_type":"article","og_title":"Sur-mesure - PWS","og_description":"Explore our tailored solutions to meet your unique needs. PWS creates personalized experiences that make a difference.","og_url":"https:\/\/pws-export.com\/pt\/feito-a-medida-2\/","og_site_name":"PWS","article_modified_time":"2024-09-26T07:13:31+00:00","twitter_card":"summary_large_image","twitter_misc":{"Tempo estimado de leitura":"1 minuto"},"schema":{"@context":"https:\/\/schema.org","@graph":[{"@type":"WebPage","@id":"https:\/\/pws-export.com\/tailor-made-2\/","url":"https:\/\/pws-export.com\/tailor-made-2\/","name":"Sur-mesure - PWS","isPartOf":{"@id":"https:\/\/pws-export.com\/#website"},"datePublished":"2020-08-28T08:40:08+00:00","dateModified":"2024-09-26T07:13:31+00:00","description":"Explore our tailored solutions to meet your unique needs. PWS creates personalized experiences that make a difference.","breadcrumb":{"@id":"https:\/\/pws-export.com\/tailor-made-2\/#breadcrumb"},"inLanguage":"pt-PT","potentialAction":[{"@type":"ReadAction","target":["https:\/\/pws-export.com\/tailor-made-2\/"]}]},{"@type":"BreadcrumbList","@id":"https:\/\/pws-export.com\/tailor-made-2\/#breadcrumb","itemListElement":[{"@type":"ListItem","position":1,"name":"Home","item":"https:\/\/pws-export.com\/fr\/"},{"@type":"ListItem","position":2,"name":"Sur-mesure"}]},{"@type":"WebSite","@id":"https:\/\/pws-export.com\/#website","url":"https:\/\/pws-export.com\/","name":"PWS","description":"Producers Wines Selection - Export","publisher":{"@id":"https:\/\/pws-export.com\/#organization"},"potentialAction":[{"@type":"SearchAction","target":{"@type":"EntryPoint","urlTemplate":"https:\/\/pws-export.com\/?s={search_term_string}"},"query-input":{"@type":"PropertyValueSpecification","valueRequired":true,"valueName":"search_term_string"}}],"inLanguage":"pt-PT"},{"@type":"Organization","@id":"https:\/\/pws-export.com\/#organization","name":"PWS","url":"https:\/\/pws-export.com\/","logo":{"@type":"ImageObject","inLanguage":"pt-PT","@id":"https:\/\/pws-export.com\/#\/schema\/logo\/image\/","url":"https:\/\/pws-export.com\/wp-content\/uploads\/2024\/06\/logo-PWS.jpeg","contentUrl":"https:\/\/pws-export.com\/wp-content\/uploads\/2024\/06\/logo-PWS.jpeg","width":1406,"height":876,"caption":"PWS"},"image":{"@id":"https:\/\/pws-export.com\/#\/schema\/logo\/image\/"},"sameAs":["https:\/\/www.instagram.com\/pwsfrenchwines\/","https:\/\/www.linkedin.com\/company\/pws-export-vins\/?viewAsMember=true"]}]}},"_links":{"self":[{"href":"https:\/\/pws-export.com\/pt\/wp-json\/wp\/v2\/pages\/44"}],"collection":[{"href":"https:\/\/pws-export.com\/pt\/wp-json\/wp\/v2\/pages"}],"about":[{"href":"https:\/\/pws-export.com\/pt\/wp-json\/wp\/v2\/types\/page"}],"author":[{"embeddable":true,"href":"https:\/\/pws-export.com\/pt\/wp-json\/wp\/v2\/users\/1"}],"replies":[{"embeddable":true,"href":"https:\/\/pws-export.com\/pt\/wp-json\/wp\/v2\/comments?post=44"}],"version-history":[{"count":15,"href":"https:\/\/pws-export.com\/pt\/wp-json\/wp\/v2\/pages\/44\/revisions"}],"predecessor-version":[{"id":853,"href":"https:\/\/pws-export.com\/pt\/wp-json\/wp\/v2\/pages\/44\/revisions\/853"}],"wp:attachment":[{"href":"https:\/\/pws-export.com\/pt\/wp-json\/wp\/v2\/media?parent=44"}],"curies":[{"name":"wp","href":"https:\/\/api.w.org\/{rel}","templated":true}]}}