{"id":693,"date":"2024-09-13T13:12:11","date_gmt":"2024-09-13T13:12:11","guid":{"rendered":"https:\/\/pws-export.com\/?page_id=693"},"modified":"2024-09-25T13:33:20","modified_gmt":"2024-09-25T13:33:20","slug":"our-wines","status":"publish","type":"page","link":"https:\/\/pws-export.com\/pt\/os-nossos-vinhos\/","title":{"rendered":"Os nossos vinhos"},"content":{"rendered":"<p>[et_pb_section fb_built=\u00a0\u00bb1&Prime; _builder_version=\u00a0\u00bb4.25.0&Prime; _module_preset=\u00a0\u00bbdefault\u00a0\u00bb min_height=\u00a0\u00bb1428px\u00a0\u00bb custom_padding=\u00a0\u00bb||32px|||\u00a0\u00bb global_colors_info=\u00a0\u00bb{}\u00a0\u00bb][et_pb_row _builder_version=\u00a0\u00bb4.25.0&Prime; _module_preset=\u00a0\u00bbdefault\u00a0\u00bb global_colors_info=\u00a0\u00bb{}\u00a0\u00bb][et_pb_column type=\u00a0\u00bb4_4&Prime; _builder_version=\u00a0\u00bb4.25.0&Prime; _module_preset=\u00a0\u00bbdefault\u00a0\u00bb global_colors_info=\u00a0\u00bb{}\u00a0\u00bb][et_pb_heading title=\u00a0\u00bbNOS VINS\u00a0\u00bb _builder_version=\u00a0\u00bb4.25.0&Prime; _module_preset=\u00a0\u00bbdefault\u00a0\u00bb title_font=\u00a0\u00bb|700|||||||\u00a0\u00bb title_text_align=\u00a0\u00bbcenter\u00a0\u00bb global_colors_info=\u00a0\u00bb{}\u00a0\u00bb][\/et_pb_heading][\/et_pb_column][\/et_pb_row][et_pb_row column_structure=\u00a0\u00bb1_3,1_3,1_3&Prime; _builder_version=\u00a0\u00bb4.25.0&Prime; _module_preset=\u00a0\u00bbdefault\u00a0\u00bb global_colors_info=\u00a0\u00bb{}\u00a0\u00bb][et_pb_column type=\u00a0\u00bb1_3&Prime; _builder_version=\u00a0\u00bb4.25.0&Prime; _module_preset=\u00a0\u00bbdefault\u00a0\u00bb global_colors_info=\u00a0\u00bb{}\u00a0\u00bb][et_pb_image src=\u00a0\u00bbhttps:\/\/pws-export.com\/wp-content\/uploads\/2024\/09\/Screenshot-2024-09-20-at-10.02.36.png\u00a0\u00bb alt=\u00a0\u00bbP\u00e9pite d&rsquo;or is a red wine from AOC Corbi\u00e8res. It is made of Syrah, Carignan and Mourv\u00e8dre. The alcohol content is 14%. The vintage is 2023. \u00a0\u00bb title_text=\u00a0\u00bbP\u00e9pite d&rsquo;or Red Wine\u00a0\u00bb _builder_version=\u00a0\u00bb4.25.0&Prime; _module_preset=\u00a0\u00bbdefault\u00a0\u00bb min_height=\u00a0\u00bb816px\u00a0\u00bb global_colors_info=\u00a0\u00bb{}\u00a0\u00bb][\/et_pb_image][et_pb_text _builder_version=\u00a0\u00bb4.25.0&Prime; _module_preset=\u00a0\u00bbdefault\u00a0\u00bb global_colors_info=\u00a0\u00bb{}\u00a0\u00bb]<\/p>\n<h1>Pepita de Ouro<\/h1>\n<p><span style=\"color: #ff6600;\">AOC CORBI\u00c8RES<\/span><\/p>\n<p><span style=\"color: #000000;\">Syrah, Carignan, Mourv\u00e8dre<\/span><\/p>\n<p><span style=\"color: #000000;\">2023<\/span><\/p>\n<p><span style=\"color: #000000;\">14%<\/span><\/p>\n<p>[\/et_pb_text][\/et_pb_column][et_pb_column type=\u00a0\u00bb1_3&Prime; _builder_version=\u00a0\u00bb4.25.0&Prime; _module_preset=\u00a0\u00bbdefault\u00a0\u00bb global_colors_info=\u00a0\u00bb{}\u00a0\u00bb][et_pb_image src=\u00a0\u00bbhttps:\/\/pws-export.com\/wp-content\/uploads\/2024\/09\/Screenshot-2024-09-20-at-10.11.38.png\u00a0\u00bb alt=\u00a0\u00bbConfidences de Vignerons is a rd wine from IGP Pays d&rsquo;Oc. It is made from Syrah, Merlot, and Cabernet Sauvignon. The alcohol content is 16%. The vintage is 2022. \u00a0\u00bb title_text=\u00a0\u00bbConfidences de Vignerons Red Wine\u00a0\u00bb _builder_version=\u00a0\u00bb4.25.0&Prime; _module_preset=\u00a0\u00bbdefault\u00a0\u00bb min_height=\u00a0\u00bb851px\u00a0\u00bb custom_margin=\u00a0\u00bb||70px|||\u00a0\u00bb global_colors_info=\u00a0\u00bb{}\u00a0\u00bb][\/et_pb_image][et_pb_text _builder_version=\u00a0\u00bb4.25.0&Prime; _module_preset=\u00a0\u00bbdefault\u00a0\u00bb global_colors_info=\u00a0\u00bb{}\u00a0\u00bb]<\/p>\n<h1><span style=\"color: #000000;\">Confid\u00eancias de Vignerons<\/span><\/h1>\n<p><span style=\"color: #800000;\">IGP PAGA D'OC<\/span><\/p>\n<p><span style=\"color: #000000;\">Syrah, Merlot, Cabernet Sauvignon<\/span><\/p>\n<p><span style=\"color: #000000;\">2022<\/span><\/p>\n<p><span style=\"color: #000000;\">16%<\/span><\/p>\n<p>[\/et_pb_text][\/et_pb_column][et_pb_column type=\u00a0\u00bb1_3&Prime; _builder_version=\u00a0\u00bb4.25.0&Prime; _module_preset=\u00a0\u00bbdefault\u00a0\u00bb global_colors_info=\u00a0\u00bb{}\u00a0\u00bb][et_pb_image src=\u00a0\u00bbhttps:\/\/pws-export.com\/wp-content\/uploads\/2024\/09\/Screenshot-2024-09-20-at-10.14.02.png\u00a0\u00bb alt=\u00a0\u00bbCh\u00e2teau Belle Assise Coureau is a Red Wine from Saint-Emilion Grand Cru. It is made from Merlot and Cabernet Franc. The alcohol content is 14,5%. The vintage in 2019. \u00a0\u00bb title_text=\u00a0\u00bbCh\u00e2teau Belle Assise Coureau Red Wine\u00a0\u00bb _builder_version=\u00a0\u00bb4.25.0&Prime; _module_preset=\u00a0\u00bbdefault\u00a0\u00bb min_height=\u00a0\u00bb816px\u00a0\u00bb custom_margin=\u00a0\u00bb||2px|||\u00a0\u00bb global_colors_info=\u00a0\u00bb{}\u00a0\u00bb][\/et_pb_image][et_pb_text _builder_version=\u00a0\u00bb4.25.0&Prime; _module_preset=\u00a0\u00bbdefault\u00a0\u00bb global_colors_info=\u00a0\u00bb{}\u00a0\u00bb]<\/p>\n<h1>Ch\u00e2teau Belle Assise Coureau<\/h1>\n<p><span style=\"color: #ff0000;\">Saint-Emilion Grand Cru<\/span><\/p>\n<p><span style=\"color: #000000;\">Merlot, Cabernet Franc<\/span><\/p>\n<p><span style=\"color: #000000;\">2019<\/span><\/p>\n<p><span style=\"color: #000000;\">14,5%<\/span><\/p>\n<p>[\/et_pb_text][\/et_pb_column][\/et_pb_row][et_pb_row _builder_version=\u00a0\u00bb4.25.0&Prime; _module_preset=\u00a0\u00bbdefault\u00a0\u00bb global_colors_info=\u00a0\u00bb{}\u00a0\u00bb][et_pb_column type=\u00a0\u00bb4_4&Prime; _builder_version=\u00a0\u00bb4.25.0&Prime; _module_preset=\u00a0\u00bbdefault\u00a0\u00bb global_colors_info=\u00a0\u00bb{}\u00a0\u00bb][et_pb_button button_text=\u00a0\u00bbCliquez ici pour d\u00e9couvrir plus de vins\u00a0\u00bb button_alignment=\u00a0\u00bbcenter\u00a0\u00bb module_class=\u00a0\u00bbopen-popup\u00a0\u00bb _builder_version=\u00a0\u00bb4.25.0&Prime; _module_preset=\u00a0\u00bbdefault\u00a0\u00bb global_colors_info=\u00a0\u00bb{}\u00a0\u00bb][\/et_pb_button][\/et_pb_column][\/et_pb_row][\/et_pb_section]<\/p>","protected":false},"excerpt":{"rendered":"<p>P\u00e9pite d&rsquo;Or AOC CORBI\u00c8RES Syrah, Carignan, Mourv\u00e8dre 2023 14%Confidences de Vignerons IGP PAYS D&rsquo;OC Syrah, Merlot, Cabernet Sauvignon 2022 16%Ch\u00e2teau Belle Assise Coureau Saint-Emilion Grand Cru Merlot, Cabernet Franc 2019 14,5%<\/p>","protected":false},"author":1,"featured_media":0,"parent":0,"menu_order":0,"comment_status":"closed","ping_status":"closed","template":"","meta":{"_seopress_robots_primary_cat":"","_seopress_titles_title":"Our Wines - PWS","_seopress_titles_desc":"Here you can find our three best sellers wines. Provide your e-mail to have access to the rest of the catalog.","_seopress_robots_index":"","_et_pb_use_builder":"on","_et_pb_old_content":"","_et_gb_content_width":"","footnotes":""},"yoast_head":"<!-- This site is optimized with the Yoast SEO plugin v23.5 - https:\/\/yoast.com\/wordpress\/plugins\/seo\/ -->\n<title>Nos Vins - PWS<\/title>\n<meta name=\"description\" content=\"Here you can find our three best sellers wines. Provide your e-mail to have access to the rest of the catalog.\" \/>\n<meta name=\"robots\" content=\"index, follow, max-snippet:-1, max-image-preview:large, max-video-preview:-1\" \/>\n<link rel=\"canonical\" href=\"https:\/\/pws-export.com\/pt\/os-nossos-vinhos\/\" \/>\n<meta property=\"og:locale\" content=\"pt_PT\" \/>\n<meta property=\"og:type\" content=\"article\" \/>\n<meta property=\"og:title\" content=\"Nos Vins - PWS\" \/>\n<meta property=\"og:description\" content=\"Here you can find our three best sellers wines. Provide your e-mail to have access to the rest of the catalog.\" \/>\n<meta property=\"og:url\" content=\"https:\/\/pws-export.com\/pt\/os-nossos-vinhos\/\" \/>\n<meta property=\"og:site_name\" content=\"PWS\" \/>\n<meta property=\"article:modified_time\" content=\"2024-09-25T13:33:20+00:00\" \/>\n<meta name=\"twitter:card\" content=\"summary_large_image\" \/>\n<meta name=\"twitter:label1\" content=\"Tempo estimado de leitura\" \/>\n\t<meta name=\"twitter:data1\" content=\"1 minuto\" \/>\n<script type=\"application\/ld+json\" class=\"yoast-schema-graph\">{\"@context\":\"https:\/\/schema.org\",\"@graph\":[{\"@type\":\"WebPage\",\"@id\":\"https:\/\/pws-export.com\/our-wines\/\",\"url\":\"https:\/\/pws-export.com\/our-wines\/\",\"name\":\"Nos Vins - PWS\",\"isPartOf\":{\"@id\":\"https:\/\/pws-export.com\/#website\"},\"datePublished\":\"2024-09-13T13:12:11+00:00\",\"dateModified\":\"2024-09-25T13:33:20+00:00\",\"description\":\"Here you can find our three best sellers wines. Provide your e-mail to have access to the rest of the catalog.\",\"breadcrumb\":{\"@id\":\"https:\/\/pws-export.com\/our-wines\/#breadcrumb\"},\"inLanguage\":\"pt-PT\",\"potentialAction\":[{\"@type\":\"ReadAction\",\"target\":[\"https:\/\/pws-export.com\/our-wines\/\"]}]},{\"@type\":\"BreadcrumbList\",\"@id\":\"https:\/\/pws-export.com\/our-wines\/#breadcrumb\",\"itemListElement\":[{\"@type\":\"ListItem\",\"position\":1,\"name\":\"Home\",\"item\":\"https:\/\/pws-export.com\/fr\/\"},{\"@type\":\"ListItem\",\"position\":2,\"name\":\"Nos Vins\"}]},{\"@type\":\"WebSite\",\"@id\":\"https:\/\/pws-export.com\/#website\",\"url\":\"https:\/\/pws-export.com\/\",\"name\":\"PWS\",\"description\":\"Producers Wines Selection - Export\",\"publisher\":{\"@id\":\"https:\/\/pws-export.com\/#organization\"},\"potentialAction\":[{\"@type\":\"SearchAction\",\"target\":{\"@type\":\"EntryPoint\",\"urlTemplate\":\"https:\/\/pws-export.com\/?s={search_term_string}\"},\"query-input\":{\"@type\":\"PropertyValueSpecification\",\"valueRequired\":true,\"valueName\":\"search_term_string\"}}],\"inLanguage\":\"pt-PT\"},{\"@type\":\"Organization\",\"@id\":\"https:\/\/pws-export.com\/#organization\",\"name\":\"PWS\",\"url\":\"https:\/\/pws-export.com\/\",\"logo\":{\"@type\":\"ImageObject\",\"inLanguage\":\"pt-PT\",\"@id\":\"https:\/\/pws-export.com\/#\/schema\/logo\/image\/\",\"url\":\"https:\/\/pws-export.com\/wp-content\/uploads\/2024\/06\/logo-PWS.jpeg\",\"contentUrl\":\"https:\/\/pws-export.com\/wp-content\/uploads\/2024\/06\/logo-PWS.jpeg\",\"width\":1406,\"height\":876,\"caption\":\"PWS\"},\"image\":{\"@id\":\"https:\/\/pws-export.com\/#\/schema\/logo\/image\/\"},\"sameAs\":[\"https:\/\/www.instagram.com\/pwsfrenchwines\/\",\"https:\/\/www.linkedin.com\/company\/pws-export-vins\/?viewAsMember=true\"]}]}<\/script>\n<!-- \/ Yoast SEO plugin. -->","yoast_head_json":{"title":"Nos Vins - PWS","description":"Here you can find our three best sellers wines. Provide your e-mail to have access to the rest of the catalog.","robots":{"index":"index","follow":"follow","max-snippet":"max-snippet:-1","max-image-preview":"max-image-preview:large","max-video-preview":"max-video-preview:-1"},"canonical":"https:\/\/pws-export.com\/pt\/os-nossos-vinhos\/","og_locale":"pt_PT","og_type":"article","og_title":"Nos Vins - PWS","og_description":"Here you can find our three best sellers wines. Provide your e-mail to have access to the rest of the catalog.","og_url":"https:\/\/pws-export.com\/pt\/os-nossos-vinhos\/","og_site_name":"PWS","article_modified_time":"2024-09-25T13:33:20+00:00","twitter_card":"summary_large_image","twitter_misc":{"Tempo estimado de leitura":"1 minuto"},"schema":{"@context":"https:\/\/schema.org","@graph":[{"@type":"WebPage","@id":"https:\/\/pws-export.com\/our-wines\/","url":"https:\/\/pws-export.com\/our-wines\/","name":"Nos Vins - PWS","isPartOf":{"@id":"https:\/\/pws-export.com\/#website"},"datePublished":"2024-09-13T13:12:11+00:00","dateModified":"2024-09-25T13:33:20+00:00","description":"Here you can find our three best sellers wines. Provide your e-mail to have access to the rest of the catalog.","breadcrumb":{"@id":"https:\/\/pws-export.com\/our-wines\/#breadcrumb"},"inLanguage":"pt-PT","potentialAction":[{"@type":"ReadAction","target":["https:\/\/pws-export.com\/our-wines\/"]}]},{"@type":"BreadcrumbList","@id":"https:\/\/pws-export.com\/our-wines\/#breadcrumb","itemListElement":[{"@type":"ListItem","position":1,"name":"Home","item":"https:\/\/pws-export.com\/fr\/"},{"@type":"ListItem","position":2,"name":"Nos Vins"}]},{"@type":"WebSite","@id":"https:\/\/pws-export.com\/#website","url":"https:\/\/pws-export.com\/","name":"PWS","description":"Producers Wines Selection - Export","publisher":{"@id":"https:\/\/pws-export.com\/#organization"},"potentialAction":[{"@type":"SearchAction","target":{"@type":"EntryPoint","urlTemplate":"https:\/\/pws-export.com\/?s={search_term_string}"},"query-input":{"@type":"PropertyValueSpecification","valueRequired":true,"valueName":"search_term_string"}}],"inLanguage":"pt-PT"},{"@type":"Organization","@id":"https:\/\/pws-export.com\/#organization","name":"PWS","url":"https:\/\/pws-export.com\/","logo":{"@type":"ImageObject","inLanguage":"pt-PT","@id":"https:\/\/pws-export.com\/#\/schema\/logo\/image\/","url":"https:\/\/pws-export.com\/wp-content\/uploads\/2024\/06\/logo-PWS.jpeg","contentUrl":"https:\/\/pws-export.com\/wp-content\/uploads\/2024\/06\/logo-PWS.jpeg","width":1406,"height":876,"caption":"PWS"},"image":{"@id":"https:\/\/pws-export.com\/#\/schema\/logo\/image\/"},"sameAs":["https:\/\/www.instagram.com\/pwsfrenchwines\/","https:\/\/www.linkedin.com\/company\/pws-export-vins\/?viewAsMember=true"]}]}},"_links":{"self":[{"href":"https:\/\/pws-export.com\/pt\/wp-json\/wp\/v2\/pages\/693"}],"collection":[{"href":"https:\/\/pws-export.com\/pt\/wp-json\/wp\/v2\/pages"}],"about":[{"href":"https:\/\/pws-export.com\/pt\/wp-json\/wp\/v2\/types\/page"}],"author":[{"embeddable":true,"href":"https:\/\/pws-export.com\/pt\/wp-json\/wp\/v2\/users\/1"}],"replies":[{"embeddable":true,"href":"https:\/\/pws-export.com\/pt\/wp-json\/wp\/v2\/comments?post=693"}],"version-history":[{"count":14,"href":"https:\/\/pws-export.com\/pt\/wp-json\/wp\/v2\/pages\/693\/revisions"}],"predecessor-version":[{"id":807,"href":"https:\/\/pws-export.com\/pt\/wp-json\/wp\/v2\/pages\/693\/revisions\/807"}],"wp:attachment":[{"href":"https:\/\/pws-export.com\/pt\/wp-json\/wp\/v2\/media?parent=693"}],"curies":[{"name":"wp","href":"https:\/\/api.w.org\/{rel}","templated":true}]}}