{"id":12,"date":"2020-08-28T08:31:26","date_gmt":"2020-08-28T08:31:26","guid":{"rendered":"https:\/\/pws-export.com\/?page_id=12"},"modified":"2024-09-26T06:24:12","modified_gmt":"2024-09-26T06:24:12","slug":"about","status":"publish","type":"page","link":"https:\/\/pws-export.com\/zh\/\u5173\u4e8e\/","title":{"rendered":"\u5173\u4e8e\u6211\u4eec"},"content":{"rendered":"[et_pb_section fb_built=\u00a0\u00bb1&Prime; module_id=\u00a0\u00bbhistoire\u00a0\u00bb module_class=\u00a0\u00bbhistoire\u00a0\u00bb _builder_version=\u00a0\u00bb4.6.1&Prime; _module_preset=\u00a0\u00bbdefault\u00a0\u00bb global_colors_info=\u00a0\u00bb{}\u00a0\u00bb][et_pb_row column_structure=\u00a0\u00bb1_2,1_2&Prime; _builder_version=\u00a0\u00bb4.6.1&Prime; _module_preset=\u00a0\u00bbdefault\u00a0\u00bb global_colors_info=\u00a0\u00bb{}\u00a0\u00bb][et_pb_column type=\u00a0\u00bb1_2&Prime; _builder_version=\u00a0\u00bb4.6.0&Prime; _module_preset=\u00a0\u00bbdefault\u00a0\u00bb global_colors_info=\u00a0\u00bb{}\u00a0\u00bb][et_pb_text _builder_version=\u00a0\u00bb4.14.2&Prime; _module_preset=\u00a0\u00bbb88466f2-ad11-41c7-940a-9585eb31fd5a\u00a0\u00bb header_line_height=\u00a0\u00bb2em\u00a0\u00bb global_colors_info=\u00a0\u00bb{}\u00a0\u00bb]<h1>\u5386\u53f2<\/h1>\n<p>[\u6ce2\u5c14\u591a\u6839]<\/p>\n<p><strong>\u8482\u8d1d\u745e\u9152\u5e84<\/strong><\/p>\n<p><span>Domaine du Tireberey \u7531 Christian Pujol \u62e5\u6709\uff0c\u8461\u8404\u56ed\u4f4d\u4e8e\u963f\u5c14\u6bd4\u65af\u9547\u9644\u8fd1\u7684\u5c71\u4e0a\uff0c\u5730\u5904\u6ce2\u5c14\u591a-\u4e0a\u8d1d\u8bfa\u4ea7\u533a\u7684\u4e2d\u5fc3\u5730\u5e26\uff0c\u662f\u8be5\u5730\u533a\u54c1\u8d28\u6700\u9ad8\u7684\u8461\u8404\u56ed\u4e4b\u4e00\u3002<\/span><\/p>\n<p><span>\u8fd9\u4e2a\u5bb6\u65cf\u5e84\u56ed\u7684\u5386\u53f2\u53ef\u4ee5\u8ffd\u6eaf\u5230 20 \u4e16\u7eaa 60 \u5e74\u4ee3\uff0c\u514b\u91cc\u65af\u8482\u5b89\u4ece\u81ea\u5df1\u7684\u6bcd\u4eb2\u624b\u4e2d\u6536\u8d2d\u4e86\u5e84\u56ed\uff0c\u5f53\u65f6\u5e84\u56ed\u53ea\u6709\u51e0\u5757\u4f4d\u4e8e\u8302\u5bc6\u68ee\u6797\u4e2d\u7684\u571f\u5730\u3002\u7ecf\u8fc7\u591a\u5e74\u7684\u8f9b\u52e4\u8015\u8018\uff0c\u514b\u91cc\u65af\u8482\u5b89\u5f00\u57a6\u51fa\u4e86 6 \u516c\u9877\u80a5\u6c83\u3001\u751f\u673a\u52c3\u52c3\u7684\u8461\u8404\u56ed\uff0c\u81f3\u4eca\u4ecd\u5728\u751f\u4ea7\u3002 <\/span><\/p>\n<p><span>\u5b83\u7684\u4f7f\u547d\u59cb\u7ec8\u4e0e\u8fd9\u7247\u72ec\u7279\u7684\u98ce\u571f\u4fdd\u6301\u4e00\u81f4\uff1a\u917f\u9020\u5353\u8d8a\u7684\u8461\u8404\u9152\uff0c\u5e76\u4e0e\u5c3d\u53ef\u80fd\u591a\u7684\u4eba\u5206\u4eab\u3002<\/span><\/p>\n<p>&nbsp;<\/p>\n<p><strong>\u6885\u5170\u82b3\u767b\u5821<\/strong><\/p>\n<p><span>Ch\u00e2teau Merlin Frontenac \u7531 Yannick GARRAS \u548c\u4ed6\u7684\u59bb\u5b50 Christianne Pujol \u62e5\u6709\uff0c\u4f4d\u4e8e\u6ce2\u5c14\u591a\u4e24\u6cb3\u6d41\u57df\u7684 Frontenac \u9547\u3002<\/span><\/p>\n<p><span>Yannick GARRAS \u7684\u66fe\u7956\u7236\u65e9\u5728 20 \u4e16\u7eaa\u5c31\u62e5\u6709\u4e86\u8fd9\u4e2a\u5bb6\u65cf\u8461\u8404\u56ed\uff0c\u81f3\u4eca\u5df2\u6709\u4e00\u4e2a\u591a\u4e16\u7eaa\u7684\u5386\u53f2\u3002 <\/span><\/p>\n<p><span>1974\u5e74\uff0c\u5e74\u4ec520\u5c81\u7684\u96c5\u5c3c\u514b\u63a5\u7ba1\u4e86\u9152\u5e84\u3002\u5c3d\u7ba1\u5e74\u7eaa\u8f7b\u8f7b\uff0c\u4ed6\u8fd8\u662f\u901a\u8fc7\u4e86\u6ce2\u5c14\u591a La Tour Blanche \u7684\u8461\u8404\u683d\u57f9\u548c\u917f\u9152\u6587\u51ed\u8003\u8bd5\u3002\u591a\u5e74\u6765\uff0c\u8fd9\u4e9b\u5b9e\u8df5\u7ecf\u9a8c\u4f7f\u4ed6\u5728 18 \u516c\u9877\u7684\u8461\u8404\u56ed\u548c\u9152\u7a96\u4e2d\u4e0d\u65ad\u6539\u8fdb\u6280\u672f\uff0c\u917f\u9020\u51fa\u4e86\u4eca\u5929\u7684\u4f18\u8d28\u8461\u8404\u9152\u3002<\/span><\/p>\n<p><span>\u9152\u5e84\u7684\u54c1\u8d28\u5728\u8be5\u5730\u533a\u4eab\u6709\u76db\u8a89--\u5176\u98ce\u571f\u5939\u5728\u4e24\u6761\u6cb3\u6d41\uff08\u6069\u683c\u62c9\u7eb3\u6cb3\u548c\u53e4\u5c14\u6885\u9686\u6cb3\uff09\u4e4b\u95f4\uff0c\u5c71\u5761\u88ab\u7c98\u571f\u77f3\u7070\u5ca9\u5761\u548c\u4e0a\u5761\u7684\u5e03\u5c14\u8d1d\u6069\u5761\u5206\u5272\u5f00\u6765\uff0c\u56e0\u6b64\u917f\u9020\u51fa\u7684\u8461\u8404\u9152\u67d4\u987a\u82b3\u9999\uff0c\u5177\u6709\u5171\u540c\u7684\u4ef7\u503c\u3002<\/span><\/p>\n<p><strong>PWS \u51fa\u53e3\u8461\u8404\u9152<\/strong><\/p>\n<p><span>\u76ae\u57c3\u5c14-\u5965\u5229\u7ef4\u8036-\u91cc\u592b\uff08Pierre Olivier Rives\uff09\u662f\u514b\u91cc\u65af\u8482\u5b89\uff08Christian\uff09\u7684\u5b59\u5b50\u3001\u514b\u91cc\u65af\u8482\u5b89\u5a1c\uff08Christianne\uff09\u548c\u96c5\u5c3c\u514b\uff08Yannick\uff09\u7684\u4f84\u5b50\uff0c\u51fa\u8eab\u4e8e\u8461\u8404\u9152\u4e16\u754c\u3002\u76ae\u57c3\u5c14-\u5965\u5229\u7ef4\u8036-\u91cc\u592b\u6bd5\u4e1a\u4e8e\u6ce2\u5c14\u591a\u8461\u8404\u9152\u4e0e\u70c8\u9152\u4e13\u4e1a\u5b66\u9662\uff08KEDGE\u8bfe\u7a0b\uff09\u548cWSET3\uff0c\u5bf9\u8461\u8404\u9152\u548c\u65c5\u6e38\u5145\u6ee1\u70ed\u60c5\uff0c\u5728\u5bb6\u65cf\u613f\u666f\u7684\u63a8\u52a8\u4e0b\uff0c\u4ed6\u8f6c\u5411\u51fa\u53e3\u5e02\u573a\uff0c\u5206\u4eab\u4e16\u4ee3\u76f8\u4f20\u7684\u79d8\u8bc0\u3002 <\/span><\/p>\n<p><span>2018\u5e74\uff0cPWS\uff08Producers - Wines - Selection\uff09\u5728\u6ce2\u5c14\u591a\u6210\u7acb\u3002PWS \u662f\u4e00\u5bb6\u4e13\u95e8\u4ece\u4e8b\u8461\u8404\u9152\u51fa\u53e3\u7684\u6cd5\u56fd\u8d38\u6613\u516c\u53f8\uff0c\u65e8\u5728\u5206\u4eab\u6cd5\u56fd\u98ce\u571f\u7684\u8461\u8404\u9152\u548c\u6587\u5316\uff0c\u5e76\u6210\u4e3a \"\u56fd\u9645\u8461\u8404\u79cd\u690d\u8005\u7684\u4ee3\u8a00\u4eba\"\uff0c\u65e0\u8bba\u4ed6\u4eec\u662f\u5728\u5408\u4f5c\u9152\u5e84\u8fd8\u662f\u72ec\u7acb\u9152\u5e84\u5de5\u4f5c\uff0c\u662f\u6709\u673a\u79cd\u690d\u8fd8\u662f\u4f20\u7edf\u79cd\u690d\u3002\u968f\u7740\u5bf9\u5176\u4ed6\u8461\u8404\u9152\u9700\u6c42\u7684\u589e\u957f\uff0cPWS \u4e0d\u65ad\u6269\u5927\u5176\u4ea7\u54c1\u7ec4\u5408\uff0c\u76ee\u524d\u5df2\u4ee3\u8868\u5168\u6cd5\u56fd\u4e00\u767e\u591a\u5bb6\u8461\u8404\u79cd\u690d\u8005\u3002 <\/span><\/p>\n<p>2020 \u5e74\uff0c\u5c06\u5f00\u8bbe\u7b2c\u4e00\u4e2a\u4ee3\u8868\u5904\u3002<span>\u00e9<\/span>\u6f14\u8bb2\u5f00\u59cb <span>\u00e0<\/span> l'<span>\u00e9<\/span>(\u4e2d\u56fd\u4e0a\u6d77\uff09\uff0c\u5982\u4eca\u4f4d\u4e8e<span>\u8be5\u529e\u4e8b\u5904\u4f4d\u4e8e\u4e0a\u6d77\u5e02\u4e2d\u5fc3\uff0c\u968f\u7740\u5e02\u573a\u8425\u9500\u548c\u9500\u552e\u56e2\u961f\u7684\u62db\u8058\uff0c\u5176\u89c4\u6a21\u5c06\u4e0d\u65ad\u6269\u5927\u3002<\/span><span><\/span><\/p>\n<p><span>2022 \u5e74\uff0cPWS \u5c06\u7ee7\u7eed\u53d1\u5c55\uff0c\u5728\u65b0\u5e02\u573a\u5bfb\u627e\u5408\u4f5c\u4f19\u4f34\u3002<\/span><\/p>[\/et_pb_text][\/et_pb_column][et_pb_column type=\u00a0\u00bb1_2&Prime; _builder_version=\u00a0\u00bb4.6.1&Prime; _module_preset=\u00a0\u00bbdefault\u00a0\u00bb sticky_position=\u00a0\u00bbtop\u00a0\u00bb sticky_limit_bottom=\u00a0\u00bbsection\u00a0\u00bb sticky_position_tablet=\u00a0\u00bbnone\u00a0\u00bb sticky_position_phone=\u00a0\u00bbnone\u00a0\u00bb sticky_position_last_edited=\u00a0\u00bbon|phone\u00a0\u00bb global_colors_info=\u00a0\u00bb{}\u00a0\u00bb][et_pb_image src=\u00a0\u00bbhttps:\/\/pws-export.com\/wp-content\/uploads\/2020\/09\/PO-scaled.jpg\u00a0\u00bb title_text=\u00a0\u00bbPO\u00a0\u00bb _builder_version=\u00a0\u00bb4.6.0&Prime; _module_preset=\u00a0\u00bbdefault\u00a0\u00bb custom_padding=\u00a0\u00bb10%||||false|false\u00a0\u00bb sticky_limit_bottom=\u00a0\u00bbsection\u00a0\u00bb global_colors_info=\u00a0\u00bb{}\u00a0\u00bb][\/et_pb_image][\/et_pb_column][\/et_pb_row][\/et_pb_section][et_pb_section fb_built=\u00a0\u00bb1&Prime; module_id=\u00a0\u00bbvaleurs\u00a0\u00bb module_class=\u00a0\u00bbvaleurs\u00a0\u00bb _builder_version=\u00a0\u00bb4.6.1&Prime; _module_preset=\u00a0\u00bbdefault\u00a0\u00bb custom_padding=\u00a0\u00bb5vw||||false|false\u00a0\u00bb global_colors_info=\u00a0\u00bb{}\u00a0\u00bb][et_pb_row column_structure=\u00a0\u00bb1_2,1_2&Prime; _builder_version=\u00a0\u00bb4.6.1&Prime; _module_preset=\u00a0\u00bbdefault\u00a0\u00bb global_colors_info=\u00a0\u00bb{}\u00a0\u00bb][et_pb_column type=\u00a0\u00bb1_2&Prime; _builder_version=\u00a0\u00bb4.6.1&Prime; _module_preset=\u00a0\u00bbdefault\u00a0\u00bb sticky_position=\u00a0\u00bbtop\u00a0\u00bb sticky_limit_bottom=\u00a0\u00bbsection\u00a0\u00bb sticky_position_tablet=\u00a0\u00bbnone\u00a0\u00bb sticky_position_phone=\u00a0\u00bbnone\u00a0\u00bb sticky_position_last_edited=\u00a0\u00bbon|tablet\u00a0\u00bb global_colors_info=\u00a0\u00bb{}\u00a0\u00bb][et_pb_image src=\u00a0\u00bbhttps:\/\/pws-export.com\/wp-content\/uploads\/2020\/09\/maja-petric-vGQ49l9I4EE-unsplash-scaled.jpg\u00a0\u00bb title_text=\u00a0\u00bbmaja-petric-vGQ49l9I4EE-unsplash\u00a0\u00bb _builder_version=\u00a0\u00bb4.6.0&Prime; _module_preset=\u00a0\u00bbdefault\u00a0\u00bb custom_padding=\u00a0\u00bb10%||||false|false\u00a0\u00bb global_colors_info=\u00a0\u00bb{}\u00a0\u00bb][\/et_pb_image][\/et_pb_column][et_pb_column type=\u00a0\u00bb1_2&Prime; _builder_version=\u00a0\u00bb4.6.0&Prime; _module_preset=\u00a0\u00bbdefault\u00a0\u00bb global_colors_info=\u00a0\u00bb{}\u00a0\u00bb][et_pb_text _builder_version=\u00a0\u00bb4.6.5&Prime; _module_preset=\u00a0\u00bbb88466f2-ad11-41c7-940a-9585eb31fd5a\u00a0\u00bb header_line_height=\u00a0\u00bb2em\u00a0\u00bb header_2_font_size=\u00a0\u00bb22px\u00a0\u00bb global_colors_info=\u00a0\u00bb{}\u00a0\u00bb]<h1>\u4ef7\u503c\u89c2<\/h1>\n<p>\u6211\u4eec\u5e2e\u52a9\u5728\u51fa\u53e3\u5e02\u573a\u4e0a\u63a8\u5e7f\u6cd5\u56fd\u8461\u8404\u79cd\u690d\u8005\u548c\u98ce\u571f\u3002<\/p>\n<h2>\u6211\u4eec\u7684\u6807\u51c6\u662f\u54cd\u5e94\u901f\u5ea6\u3001\u670d\u52a1\u548c\u8d28\u91cf\u3002<\/h2>\n<p>\u5728\u8fd9\u4e2a\u8fc7\u5ea6\u6d88\u8d39\u7684\u65f6\u4ee3\uff0cPWS \u7684\u4f7f\u547d\u662f\u4e3a\u60a8\u63d0\u4f9b\u4f18\u8d28\u7684\u4ea7\u54c1\u7ec4\u5408\u3002\u6211\u4eec\u76f8\u4fe1\uff0c\u8461\u8404\u9152\u4e0d\u4ec5\u4ec5\u662f\u4e00\u79cd\u9152\u7cbe\u996e\u6599\u3002\u5b83\u662f\u4e00\u79cd\u751f\u6d3b\u548c\u6d88\u8d39\u827a\u672f\uff0c\u5728\u6bcf\u79cd\u6587\u5316\u4e2d\u90fd\u662f\u72ec\u4e00\u65e0\u4e8c\u7684\u3002\u56e0\u6b64\uff0c\u6211\u4eec\u5728\u5c0a\u91cd\u548c\u6ee1\u8db3\u60a8\u9700\u6c42\u7684\u540c\u65f6\uff0c\u52aa\u529b\u5bfb\u627e\u5177\u6709\u9644\u52a0\u503c\u7684\u4f18\u8d28\u8461\u8404\u9152\u3002<\/p>\n<h2>\u6211\u4eec\u5206\u4eab\u7684\u4e0d\u4ec5\u4ec5\u662f\u8461\u8404\u9152\uff0c\u8fd8\u6709\u5206\u4eab\u3001\u503e\u542c\u5e02\u573a\u548c\u53ef\u9760\u6027\u7684\u4ef7\u503c\u89c2\u3002<\/h2>\n<p>\u8461\u8404\u9152\u8fd8\u4ee3\u8868\u7740\u5206\u4eab\u548c\u4e0e\u4ed6\u4eba\u76f8\u805a\u7684\u559c\u60a6\uff0c\u65e0\u8bba\u662f\u5728\u6536\u83b7\u65f6\u8fd8\u662f\u5728\u54c1\u5c1d\u65f6\u3002\u5728 PWS\uff0c\u6211\u4eec\u79c9\u627f\u8fd9\u79cd\u70ed\u60c5\u6d0b\u6ea2\u7684\u5de5\u4f5c\u6001\u5ea6\uff0c\u540c\u65f6\u6839\u636e\u60a8\u7684\u9700\u6c42\u91cf\u8eab\u5b9a\u5236\u6211\u4eec\u7684\u4ea7\u54c1\u7cfb\u5217\uff1a\u65e2\u53ef\u9760\u53c8\u5168\u9762\u7684\u9009\u62e9\u3002<\/p>\n<h2>\u6211\u4eec\u4ee5\u6700\u9ad8\u7684\u7cbe\u5ea6\u6807\u51c6\u5f00\u5c55\u5de5\u4f5c\uff0c\u4e3a\u60a8\u63d0\u4f9b\u91cd\u5927\u51fa\u53e3\u9886\u57df\u7684\u6df1\u5165\u4e13\u4e1a\u77e5\u8bc6\u3002<\/h2>\n<p>\u51fa\u53e3\u9700\u8981\u5bf9\u6cd5\u56fd\u548c\u5916\u56fd\u6807\u51c6\u4ee5\u53ca\u751f\u4ea7\u548c\u7269\u6d41\u6761\u4ef6\u6709\u7cbe\u786e\u7684\u4e86\u89e3\u3002 \u6211\u4eec\u5728\u4e3a\u60a8\u63d0\u4f9b\u5168\u9762\u652f\u6301\u7684\u540c\u65f6\uff0c\u8fd8\u4fdd\u7559\u4e86\u6700\u5927\u7684\u7075\u6d3b\u6027\uff08\u5305\u88c5\u9009\u62e9\u3001\u4ea7\u54c1\u7ec4\u5408\u3001\u4ed8\u6b3e\u6761\u4ef6\u3001\u4ea7\u54c1\u7ec4\u5408\u548c\u8461\u8404\u9152\u7b80\u4ecb\uff09\u3002<\/p>[\/et_pb_text][\/et_pb_column][\/et_pb_row][\/et_pb_section][et_pb_section fb_built=\u00a0\u00bb1&Prime; module_id=\u00a0\u00bbpositionnement\u00a0\u00bb module_class=\u00a0\u00bbpositionnement\u00a0\u00bb _builder_version=\u00a0\u00bb4.6.1&Prime; _module_preset=\u00a0\u00bbdefault\u00a0\u00bb custom_padding=\u00a0\u00bb5vw||||false|false\u00a0\u00bb global_colors_info=\u00a0\u00bb{}\u00a0\u00bb][et_pb_row column_structure=\u00a0\u00bb1_2,1_2&Prime; _builder_version=\u00a0\u00bb4.6.0&Prime; _module_preset=\u00a0\u00bbdefault\u00a0\u00bb global_colors_info=\u00a0\u00bb{}\u00a0\u00bb][et_pb_column type=\u00a0\u00bb1_2&Prime; _builder_version=\u00a0\u00bb4.6.0&Prime; _module_preset=\u00a0\u00bbdefault\u00a0\u00bb global_colors_info=\u00a0\u00bb{}\u00a0\u00bb][et_pb_text _builder_version=\u00a0\u00bb4.6.0&Prime; _module_preset=\u00a0\u00bbb88466f2-ad11-41c7-940a-9585eb31fd5a\u00a0\u00bb header_line_height=\u00a0\u00bb2em\u00a0\u00bb global_colors_info=\u00a0\u00bb{}\u00a0\u00bb]<h1>\u5b9a\u4f4d<\/h1>\n<p>\u5728\u7ade\u4e89\u6fc0\u70c8\u7684\u884c\u4e1a\u4e2d\uff0cPWS \u7684\u4f7f\u547d\u662f\u5728\u56fd\u9645\u4e0a\u8425\u9500\u548c\u63a8\u5e7f\u6cd5\u56fd\u8461\u8404\u9152\uff1a\u6cd5\u56fd\u8461\u8404\u79cd\u690d\u8005\u5728\u56fd\u9645\u821e\u53f0\u4e0a\u7684\u4ee3\u8a00\u4eba\u3002<\/p>\n<p>PWS \u7684\u521b\u59cb\u4eba\u51fa\u8eab\u4e8e\u8461\u8404\u79cd\u690d\u4e16\u5bb6\uff0c\u81ea\u7136\u4e0e\u5bb6\u65cf\u5e84\u56ed\u5173\u7cfb\u5bc6\u5207\u3002\u4ea7\u54c1\u8d28\u91cf\u65e0\u53ef\u6311\u5254\u662f\u6211\u4eec\u7684\u53e3\u53f7\uff0cPWS \u901a\u8fc7\u5bf9\u5408\u4f5c\u4f19\u4f34\u7684\u7cbe\u6311\u7ec6\u9009\u6765\u4fdd\u8bc1\u8fd9\u4e00\u70b9\u3002<\/p>\n<p>\u6211\u4eec\u91cd\u89c6\u4f18\u8d28\u98ce\u571f\uff0c\u4ee5\u5728\u5168\u7403\u63a8\u5e7f\u5f53\u5730\u751f\u4ea7\u5546\u4e3a\u5df1\u4efb\u3002PWS \u5728\u8461\u8404\u9152\u9886\u57df\u62e5\u6709 10 \u591a\u5e74\u7684\u7ecf\u9a8c\uff0c\u80fd\u591f\u7075\u6d3b\u5730\u63d0\u4f9b\u72ec\u7279\u7684\u5b9a\u5236\u670d\u52a1\uff0c\u5305\u62ec\u54c1\u724c\u5b9a\u5236\u6216\u91cf\u8eab\u5b9a\u5236\u9879\u76ee\u3002<\/p>[\/et_pb_text][\/et_pb_column][et_pb_column type=\u00a0\u00bb1_2&Prime; _builder_version=\u00a0\u00bb4.6.0&Prime; _module_preset=\u00a0\u00bbdefault\u00a0\u00bb global_colors_info=\u00a0\u00bb{}\u00a0\u00bb][et_pb_image src=\u00a0\u00bbhttps:\/\/pws-export.com\/wp-content\/uploads\/2020\/09\/Positionnement.jpg\u00a0\u00bb title_text=\u00a0\u00bbPositionnement\u00a0\u00bb _builder_version=\u00a0\u00bb4.6.0&Prime; _module_preset=\u00a0\u00bbdefault\u00a0\u00bb custom_padding=\u00a0\u00bb10%||||false|false\u00a0\u00bb global_colors_info=\u00a0\u00bb{}\u00a0\u00bb][\/et_pb_image][\/et_pb_column][\/et_pb_row][\/et_pb_section]","protected":false},"excerpt":{"rendered":"<p>Histoire [DES RACINES BORDELAISES] Domaine du Tireberey Le domaine du Tireberey, propri\u00e9t\u00e9 de Christian Pujol, est un vignoble situ\u00e9 sur les hauteurs pr\u00e8s de la commune d&rsquo;Arbis, au coeur de l&rsquo;aire d\u2019Appellation Bordeaux-Haut-B\u00e9nauge, une des plus qualitatives de la r\u00e9gion. La propri\u00e9t\u00e9 familiale date des ann\u00e9es 1900, Christian l&rsquo;ayant acquise de sa propre m\u00e8re dans&hellip; <a class=\"continue\" href=\"https:\/\/pws-export.com\/zh\/\u5173\u4e8e\/\">\u7ee7\u7eed\u9605\u8bfb<span> \u5173\u4e8e\u6211\u4eec<\/span><\/a><\/p>","protected":false},"author":1,"featured_media":0,"parent":0,"menu_order":0,"comment_status":"closed","ping_status":"closed","template":"","meta":{"_seopress_robots_primary_cat":"","_seopress_titles_title":"About - PWS French Wines","_seopress_titles_desc":"Discover PWS, a French trading structure specialized in wine export, which aims to share wines from the French terroirs.","_seopress_robots_index":"","_et_pb_use_builder":"on","_et_pb_old_content":"<!-- wp:divi\/placeholder \/-->","_et_gb_content_width":"","footnotes":""},"yoast_head":"<!-- This site is optimized with the Yoast SEO plugin v23.5 - https:\/\/yoast.com\/wordpress\/plugins\/seo\/ -->\n<title>A propos - PWS<\/title>\n<meta name=\"description\" content=\"Discover PWS, a French trading structure specialized in wine export, which aims to share wines from the French terroirs.\" \/>\n<meta name=\"robots\" content=\"index, follow, max-snippet:-1, max-image-preview:large, max-video-preview:-1\" \/>\n<link rel=\"canonical\" href=\"https:\/\/pws-export.com\/zh\/\u5173\u4e8e\/\" \/>\n<meta property=\"og:locale\" content=\"zh_CN\" \/>\n<meta property=\"og:type\" content=\"article\" \/>\n<meta property=\"og:title\" content=\"A propos - PWS\" \/>\n<meta property=\"og:description\" content=\"Discover PWS, a French trading structure specialized in wine export, which aims to share wines from the French terroirs.\" \/>\n<meta property=\"og:url\" content=\"https:\/\/pws-export.com\/zh\/\u5173\u4e8e\/\" \/>\n<meta property=\"og:site_name\" content=\"PWS\" \/>\n<meta property=\"article:modified_time\" content=\"2024-09-26T06:24:12+00:00\" \/>\n<meta name=\"twitter:card\" content=\"summary_large_image\" \/>\n<meta name=\"twitter:label1\" content=\"\u9884\u8ba1\u9605\u8bfb\u65f6\u95f4\" \/>\n\t<meta name=\"twitter:data1\" content=\"5 \u5206\" \/>\n<script type=\"application\/ld+json\" class=\"yoast-schema-graph\">{\"@context\":\"https:\/\/schema.org\",\"@graph\":[{\"@type\":\"WebPage\",\"@id\":\"https:\/\/pws-export.com\/about\/\",\"url\":\"https:\/\/pws-export.com\/about\/\",\"name\":\"A propos - PWS\",\"isPartOf\":{\"@id\":\"https:\/\/pws-export.com\/#website\"},\"datePublished\":\"2020-08-28T08:31:26+00:00\",\"dateModified\":\"2024-09-26T06:24:12+00:00\",\"description\":\"Discover PWS, a French trading structure specialized in wine export, which aims to share wines from the French terroirs.\",\"breadcrumb\":{\"@id\":\"https:\/\/pws-export.com\/about\/#breadcrumb\"},\"inLanguage\":\"zh-Hans\",\"potentialAction\":[{\"@type\":\"ReadAction\",\"target\":[\"https:\/\/pws-export.com\/about\/\"]}]},{\"@type\":\"BreadcrumbList\",\"@id\":\"https:\/\/pws-export.com\/about\/#breadcrumb\",\"itemListElement\":[{\"@type\":\"ListItem\",\"position\":1,\"name\":\"Home\",\"item\":\"https:\/\/pws-export.com\/fr\/\"},{\"@type\":\"ListItem\",\"position\":2,\"name\":\"A propos\"}]},{\"@type\":\"WebSite\",\"@id\":\"https:\/\/pws-export.com\/#website\",\"url\":\"https:\/\/pws-export.com\/\",\"name\":\"PWS\",\"description\":\"Producers Wines Selection - Export\",\"publisher\":{\"@id\":\"https:\/\/pws-export.com\/#organization\"},\"potentialAction\":[{\"@type\":\"SearchAction\",\"target\":{\"@type\":\"EntryPoint\",\"urlTemplate\":\"https:\/\/pws-export.com\/?s={search_term_string}\"},\"query-input\":{\"@type\":\"PropertyValueSpecification\",\"valueRequired\":true,\"valueName\":\"search_term_string\"}}],\"inLanguage\":\"zh-Hans\"},{\"@type\":\"Organization\",\"@id\":\"https:\/\/pws-export.com\/#organization\",\"name\":\"PWS\",\"url\":\"https:\/\/pws-export.com\/\",\"logo\":{\"@type\":\"ImageObject\",\"inLanguage\":\"zh-Hans\",\"@id\":\"https:\/\/pws-export.com\/#\/schema\/logo\/image\/\",\"url\":\"https:\/\/pws-export.com\/wp-content\/uploads\/2024\/06\/logo-PWS.jpeg\",\"contentUrl\":\"https:\/\/pws-export.com\/wp-content\/uploads\/2024\/06\/logo-PWS.jpeg\",\"width\":1406,\"height\":876,\"caption\":\"PWS\"},\"image\":{\"@id\":\"https:\/\/pws-export.com\/#\/schema\/logo\/image\/\"},\"sameAs\":[\"https:\/\/www.instagram.com\/pwsfrenchwines\/\",\"https:\/\/www.linkedin.com\/company\/pws-export-vins\/?viewAsMember=true\"]}]}<\/script>\n<!-- \/ Yoast SEO plugin. -->","yoast_head_json":{"title":"A propos - PWS","description":"Discover PWS, a French trading structure specialized in wine export, which aims to share wines from the French terroirs.","robots":{"index":"index","follow":"follow","max-snippet":"max-snippet:-1","max-image-preview":"max-image-preview:large","max-video-preview":"max-video-preview:-1"},"canonical":"https:\/\/pws-export.com\/zh\/\u5173\u4e8e\/","og_locale":"zh_CN","og_type":"article","og_title":"A propos - PWS","og_description":"Discover PWS, a French trading structure specialized in wine export, which aims to share wines from the French terroirs.","og_url":"https:\/\/pws-export.com\/zh\/\u5173\u4e8e\/","og_site_name":"PWS","article_modified_time":"2024-09-26T06:24:12+00:00","twitter_card":"summary_large_image","twitter_misc":{"\u9884\u8ba1\u9605\u8bfb\u65f6\u95f4":"5 \u5206"},"schema":{"@context":"https:\/\/schema.org","@graph":[{"@type":"WebPage","@id":"https:\/\/pws-export.com\/about\/","url":"https:\/\/pws-export.com\/about\/","name":"A propos - PWS","isPartOf":{"@id":"https:\/\/pws-export.com\/#website"},"datePublished":"2020-08-28T08:31:26+00:00","dateModified":"2024-09-26T06:24:12+00:00","description":"Discover PWS, a French trading structure specialized in wine export, which aims to share wines from the French terroirs.","breadcrumb":{"@id":"https:\/\/pws-export.com\/about\/#breadcrumb"},"inLanguage":"zh-Hans","potentialAction":[{"@type":"ReadAction","target":["https:\/\/pws-export.com\/about\/"]}]},{"@type":"BreadcrumbList","@id":"https:\/\/pws-export.com\/about\/#breadcrumb","itemListElement":[{"@type":"ListItem","position":1,"name":"Home","item":"https:\/\/pws-export.com\/fr\/"},{"@type":"ListItem","position":2,"name":"A propos"}]},{"@type":"WebSite","@id":"https:\/\/pws-export.com\/#website","url":"https:\/\/pws-export.com\/","name":"PWS","description":"Producers Wines Selection - Export","publisher":{"@id":"https:\/\/pws-export.com\/#organization"},"potentialAction":[{"@type":"SearchAction","target":{"@type":"EntryPoint","urlTemplate":"https:\/\/pws-export.com\/?s={search_term_string}"},"query-input":{"@type":"PropertyValueSpecification","valueRequired":true,"valueName":"search_term_string"}}],"inLanguage":"zh-Hans"},{"@type":"Organization","@id":"https:\/\/pws-export.com\/#organization","name":"PWS","url":"https:\/\/pws-export.com\/","logo":{"@type":"ImageObject","inLanguage":"zh-Hans","@id":"https:\/\/pws-export.com\/#\/schema\/logo\/image\/","url":"https:\/\/pws-export.com\/wp-content\/uploads\/2024\/06\/logo-PWS.jpeg","contentUrl":"https:\/\/pws-export.com\/wp-content\/uploads\/2024\/06\/logo-PWS.jpeg","width":1406,"height":876,"caption":"PWS"},"image":{"@id":"https:\/\/pws-export.com\/#\/schema\/logo\/image\/"},"sameAs":["https:\/\/www.instagram.com\/pwsfrenchwines\/","https:\/\/www.linkedin.com\/company\/pws-export-vins\/?viewAsMember=true"]}]}},"_links":{"self":[{"href":"https:\/\/pws-export.com\/zh\/wp-json\/wp\/v2\/pages\/12"}],"collection":[{"href":"https:\/\/pws-export.com\/zh\/wp-json\/wp\/v2\/pages"}],"about":[{"href":"https:\/\/pws-export.com\/zh\/wp-json\/wp\/v2\/types\/page"}],"author":[{"embeddable":true,"href":"https:\/\/pws-export.com\/zh\/wp-json\/wp\/v2\/users\/1"}],"replies":[{"embeddable":true,"href":"https:\/\/pws-export.com\/zh\/wp-json\/wp\/v2\/comments?post=12"}],"version-history":[{"count":32,"href":"https:\/\/pws-export.com\/zh\/wp-json\/wp\/v2\/pages\/12\/revisions"}],"predecessor-version":[{"id":842,"href":"https:\/\/pws-export.com\/zh\/wp-json\/wp\/v2\/pages\/12\/revisions\/842"}],"wp:attachment":[{"href":"https:\/\/pws-export.com\/zh\/wp-json\/wp\/v2\/media?parent=12"}],"curies":[{"name":"wp","href":"https:\/\/api.w.org\/{rel}","templated":true}]}}