{"id":40,"date":"2020-08-28T08:39:24","date_gmt":"2020-08-28T08:39:24","guid":{"rendered":"https:\/\/pws-export.com\/?page_id=40"},"modified":"2024-09-26T06:27:38","modified_gmt":"2024-09-26T06:27:38","slug":"advice","status":"publish","type":"page","link":"https:\/\/pws-export.com\/zh\/\u5efa\u8bae\/","title":{"rendered":"\u7406\u4e8b\u4f1a"},"content":{"rendered":"[et_pb_section fb_built=\u00a0\u00bb1&Prime; _builder_version=\u00a0\u00bb4.6.0&Prime; _module_preset=\u00a0\u00bbdefault\u00a0\u00bb custom_padding=\u00a0\u00bb0px||0px||false|false\u00a0\u00bb global_colors_info=\u00a0\u00bb{}\u00a0\u00bb][et_pb_row column_structure=\u00a0\u00bb1_2,1_2&Prime; use_custom_gutter=\u00a0\u00bbon\u00a0\u00bb gutter_width=\u00a0\u00bb1&Prime; make_equal=\u00a0\u00bbon\u00a0\u00bb _builder_version=\u00a0\u00bb4.14.2&Prime; _module_preset=\u00a0\u00bbdefault\u00a0\u00bb width=\u00a0\u00bb100%\u00a0\u00bb max_width=\u00a0\u00bb100%\u00a0\u00bb min_height=\u00a0\u00bb85vh\u00a0\u00bb min_height_tablet=\u00a0\u00bb\u00a0\u00bb min_height_phone=\u00a0\u00bb\u00a0\u00bb min_height_last_edited=\u00a0\u00bbon|desktop\u00a0\u00bb max_height=\u00a0\u00bb85vh\u00a0\u00bb max_height_tablet=\u00a0\u00bb\u00a0\u00bb max_height_phone=\u00a0\u00bb\u00a0\u00bb max_height_last_edited=\u00a0\u00bbon|desktop\u00a0\u00bb overflow-x=\u00a0\u00bbhidden\u00a0\u00bb overflow-y=\u00a0\u00bbhidden\u00a0\u00bb custom_padding=\u00a0\u00bb0px||0px||false|false\u00a0\u00bb hover_enabled=\u00a0\u00bb0&Prime; global_colors_info=\u00a0\u00bb{}\u00a0\u00bb sticky_enabled=\u00a0\u00bb0&Prime;][et_pb_column type=\u00a0\u00bb1_2&Prime; _builder_version=\u00a0\u00bb4.14.2&Prime; _module_preset=\u00a0\u00bbdefault\u00a0\u00bb use_background_color_gradient=\u00a0\u00bbon\u00a0\u00bb background_color_gradient_start=\u00a0\u00bbrgba(0,0,0,0)\u00a0\u00bb background_color_gradient_end=\u00a0\u00bbrgba(0,0,0,0.25)\u00a0\u00bb background_color_gradient_overlays_image=\u00a0\u00bbon\u00a0\u00bb background_image=\u00a0\u00bbhttps:\/\/pws-export.com\/wp-content\/uploads\/2021\/12\/Capture-d\u00e9cran-2021-12-23-\u00e0-15.33.42.png\u00a0\u00bb hover_enabled=\u00a0\u00bb0&Prime; global_colors_info=\u00a0\u00bb{}\u00a0\u00bb title_text=\u00a0\u00bbCapture d\u2019\u00e9cran 2021-12-23 \u00e0 15.33.42&Prime; background_size=\u00a0\u00bbinitial\u00a0\u00bb sticky_enabled=\u00a0\u00bb0&Prime;][\/et_pb_column][et_pb_column type=\u00a0\u00bb1_2&Prime; _builder_version=\u00a0\u00bb4.6.0&Prime; _module_preset=\u00a0\u00bbdefault\u00a0\u00bb custom_padding=\u00a0\u00bb8%|8%|8%|8%|false|false\u00a0\u00bb global_colors_info=\u00a0\u00bb{}\u00a0\u00bb][et_pb_text _builder_version=\u00a0\u00bb4.6.0&Prime; _module_preset=\u00a0\u00bbdefault\u00a0\u00bb text_text_color=\u00a0\u00bb#000000&Prime; header_line_height=\u00a0\u00bb2em\u00a0\u00bb global_colors_info=\u00a0\u00bb{}\u00a0\u00bb]<h1>\u7406\u4e8b\u4f1a<\/h1>\n<p>\u4f5c\u4e3a\u51fa\u53e3\u4e13\u5bb6\uff0cPWS \u5e2e\u52a9\u8461\u8404\u79cd\u690d\u8005\u5236\u5b9a\u8425\u9500\u6218\u7565\uff0c\u4ee5\u4f18\u5316\u60a8\u8fdb\u5165\u65b0\u5e02\u573a\u7684\u65b9\u5f0f\u3002<\/p>\n<p>PWS \u53ef\u4ee5\u5728\u4ee5\u4e0b\u65b9\u9762\u4e3a\u60a8\u63d0\u4f9b\u5e2e\u52a9 \uff1a<\/p>\n<p>- \u5173\u4e8e\u8303\u56f4\u7684\u5efa\u8bae<br \/>- \u5b9a\u6027\u548c\u5b9a\u91cf\u5e02\u573a\u7814\u7a76<br \/>- \u6807\u51c6\u548c\u7a0b\u5e8f\u77e5\u8bc6<br \/>- \u786e\u5b9a\u6f5c\u5728\u76ee\u6807\u5e76\u4e0e\u8fdb\u53e3\u5546\u6c9f\u901a<br \/>- \u4ef7\u683c\u3001\u6570\u91cf\u548c\u6392\u4ed6\u6027\u8c08\u5224<br \/>- \u8425\u9500\u548c\u54c1\u724c\u4e16\u754c<\/p>\n<p>&nbsp;<\/p>[\/et_pb_text][\/et_pb_column][\/et_pb_row][\/et_pb_section]","protected":false},"excerpt":{"rendered":"<p>Conseil En tant que structure sp\u00e9cialis\u00e9e dans l&rsquo;export, PWS accompagne les vignerons dans le d\u00e9veloppement d\u2019une strat\u00e9gie marketing afin d\u2019optimiser votre entr\u00e9e sur de nouveaux march\u00e9s. PWS vous accompagne dans\u00a0: &#8211; Les conseils sur la gamme- L\u2019\u00e9tude de march\u00e9 qualitative et quantitative- La connaissances des normes et proc\u00e9dures- Identification des cibles de prospection et communication&hellip; <a class=\"continue\" href=\"https:\/\/pws-export.com\/zh\/\u5efa\u8bae\/\">\u7ee7\u7eed\u9605\u8bfb<span> \u7406\u4e8b\u4f1a<\/span><\/a><\/p>","protected":false},"author":1,"featured_media":0,"parent":0,"menu_order":0,"comment_status":"closed","ping_status":"closed","template":"","meta":{"_seopress_robots_primary_cat":"","_seopress_titles_title":"Advice - PWS French Wines","_seopress_titles_desc":"PWS guides winegrowers in their export strategy, offering advice, market research and negotiations as well.","_seopress_robots_index":"","_et_pb_use_builder":"on","_et_pb_old_content":"<!-- wp:divi\/placeholder \/-->","_et_gb_content_width":"","footnotes":""},"yoast_head":"<!-- This site is optimized with the Yoast SEO plugin v23.5 - https:\/\/yoast.com\/wordpress\/plugins\/seo\/ -->\n<title>Conseil - PWS<\/title>\n<meta name=\"description\" content=\"PWS guides winegrowers in their export strategy, offering advice, market research and negotiations as well.\" \/>\n<meta name=\"robots\" content=\"index, follow, max-snippet:-1, max-image-preview:large, max-video-preview:-1\" \/>\n<link rel=\"canonical\" href=\"https:\/\/pws-export.com\/zh\/\u5efa\u8bae\/\" \/>\n<meta property=\"og:locale\" content=\"zh_CN\" \/>\n<meta property=\"og:type\" content=\"article\" \/>\n<meta property=\"og:title\" content=\"Conseil - PWS\" \/>\n<meta property=\"og:description\" content=\"PWS guides winegrowers in their export strategy, offering advice, market research and negotiations as well.\" \/>\n<meta property=\"og:url\" content=\"https:\/\/pws-export.com\/zh\/\u5efa\u8bae\/\" \/>\n<meta property=\"og:site_name\" content=\"PWS\" \/>\n<meta property=\"article:modified_time\" content=\"2024-09-26T06:27:38+00:00\" \/>\n<meta name=\"twitter:card\" content=\"summary_large_image\" \/>\n<meta name=\"twitter:label1\" content=\"\u9884\u8ba1\u9605\u8bfb\u65f6\u95f4\" \/>\n\t<meta name=\"twitter:data1\" content=\"1 \u5206\" \/>\n<script type=\"application\/ld+json\" class=\"yoast-schema-graph\">{\"@context\":\"https:\/\/schema.org\",\"@graph\":[{\"@type\":\"WebPage\",\"@id\":\"https:\/\/pws-export.com\/advice\/\",\"url\":\"https:\/\/pws-export.com\/advice\/\",\"name\":\"Conseil - PWS\",\"isPartOf\":{\"@id\":\"https:\/\/pws-export.com\/#website\"},\"datePublished\":\"2020-08-28T08:39:24+00:00\",\"dateModified\":\"2024-09-26T06:27:38+00:00\",\"description\":\"PWS guides winegrowers in their export strategy, offering advice, market research and negotiations as well.\",\"breadcrumb\":{\"@id\":\"https:\/\/pws-export.com\/advice\/#breadcrumb\"},\"inLanguage\":\"zh-Hans\",\"potentialAction\":[{\"@type\":\"ReadAction\",\"target\":[\"https:\/\/pws-export.com\/advice\/\"]}]},{\"@type\":\"BreadcrumbList\",\"@id\":\"https:\/\/pws-export.com\/advice\/#breadcrumb\",\"itemListElement\":[{\"@type\":\"ListItem\",\"position\":1,\"name\":\"Home\",\"item\":\"https:\/\/pws-export.com\/fr\/\"},{\"@type\":\"ListItem\",\"position\":2,\"name\":\"Conseil\"}]},{\"@type\":\"WebSite\",\"@id\":\"https:\/\/pws-export.com\/#website\",\"url\":\"https:\/\/pws-export.com\/\",\"name\":\"PWS\",\"description\":\"Producers Wines Selection - Export\",\"publisher\":{\"@id\":\"https:\/\/pws-export.com\/#organization\"},\"potentialAction\":[{\"@type\":\"SearchAction\",\"target\":{\"@type\":\"EntryPoint\",\"urlTemplate\":\"https:\/\/pws-export.com\/?s={search_term_string}\"},\"query-input\":{\"@type\":\"PropertyValueSpecification\",\"valueRequired\":true,\"valueName\":\"search_term_string\"}}],\"inLanguage\":\"zh-Hans\"},{\"@type\":\"Organization\",\"@id\":\"https:\/\/pws-export.com\/#organization\",\"name\":\"PWS\",\"url\":\"https:\/\/pws-export.com\/\",\"logo\":{\"@type\":\"ImageObject\",\"inLanguage\":\"zh-Hans\",\"@id\":\"https:\/\/pws-export.com\/#\/schema\/logo\/image\/\",\"url\":\"https:\/\/pws-export.com\/wp-content\/uploads\/2024\/06\/logo-PWS.jpeg\",\"contentUrl\":\"https:\/\/pws-export.com\/wp-content\/uploads\/2024\/06\/logo-PWS.jpeg\",\"width\":1406,\"height\":876,\"caption\":\"PWS\"},\"image\":{\"@id\":\"https:\/\/pws-export.com\/#\/schema\/logo\/image\/\"},\"sameAs\":[\"https:\/\/www.instagram.com\/pwsfrenchwines\/\",\"https:\/\/www.linkedin.com\/company\/pws-export-vins\/?viewAsMember=true\"]}]}<\/script>\n<!-- \/ Yoast SEO plugin. -->","yoast_head_json":{"title":"Conseil - PWS","description":"PWS guides winegrowers in their export strategy, offering advice, market research and negotiations as well.","robots":{"index":"index","follow":"follow","max-snippet":"max-snippet:-1","max-image-preview":"max-image-preview:large","max-video-preview":"max-video-preview:-1"},"canonical":"https:\/\/pws-export.com\/zh\/\u5efa\u8bae\/","og_locale":"zh_CN","og_type":"article","og_title":"Conseil - PWS","og_description":"PWS guides winegrowers in their export strategy, offering advice, market research and negotiations as well.","og_url":"https:\/\/pws-export.com\/zh\/\u5efa\u8bae\/","og_site_name":"PWS","article_modified_time":"2024-09-26T06:27:38+00:00","twitter_card":"summary_large_image","twitter_misc":{"\u9884\u8ba1\u9605\u8bfb\u65f6\u95f4":"1 \u5206"},"schema":{"@context":"https:\/\/schema.org","@graph":[{"@type":"WebPage","@id":"https:\/\/pws-export.com\/advice\/","url":"https:\/\/pws-export.com\/advice\/","name":"Conseil - PWS","isPartOf":{"@id":"https:\/\/pws-export.com\/#website"},"datePublished":"2020-08-28T08:39:24+00:00","dateModified":"2024-09-26T06:27:38+00:00","description":"PWS guides winegrowers in their export strategy, offering advice, market research and negotiations as well.","breadcrumb":{"@id":"https:\/\/pws-export.com\/advice\/#breadcrumb"},"inLanguage":"zh-Hans","potentialAction":[{"@type":"ReadAction","target":["https:\/\/pws-export.com\/advice\/"]}]},{"@type":"BreadcrumbList","@id":"https:\/\/pws-export.com\/advice\/#breadcrumb","itemListElement":[{"@type":"ListItem","position":1,"name":"Home","item":"https:\/\/pws-export.com\/fr\/"},{"@type":"ListItem","position":2,"name":"Conseil"}]},{"@type":"WebSite","@id":"https:\/\/pws-export.com\/#website","url":"https:\/\/pws-export.com\/","name":"PWS","description":"Producers Wines Selection - Export","publisher":{"@id":"https:\/\/pws-export.com\/#organization"},"potentialAction":[{"@type":"SearchAction","target":{"@type":"EntryPoint","urlTemplate":"https:\/\/pws-export.com\/?s={search_term_string}"},"query-input":{"@type":"PropertyValueSpecification","valueRequired":true,"valueName":"search_term_string"}}],"inLanguage":"zh-Hans"},{"@type":"Organization","@id":"https:\/\/pws-export.com\/#organization","name":"PWS","url":"https:\/\/pws-export.com\/","logo":{"@type":"ImageObject","inLanguage":"zh-Hans","@id":"https:\/\/pws-export.com\/#\/schema\/logo\/image\/","url":"https:\/\/pws-export.com\/wp-content\/uploads\/2024\/06\/logo-PWS.jpeg","contentUrl":"https:\/\/pws-export.com\/wp-content\/uploads\/2024\/06\/logo-PWS.jpeg","width":1406,"height":876,"caption":"PWS"},"image":{"@id":"https:\/\/pws-export.com\/#\/schema\/logo\/image\/"},"sameAs":["https:\/\/www.instagram.com\/pwsfrenchwines\/","https:\/\/www.linkedin.com\/company\/pws-export-vins\/?viewAsMember=true"]}]}},"_links":{"self":[{"href":"https:\/\/pws-export.com\/zh\/wp-json\/wp\/v2\/pages\/40"}],"collection":[{"href":"https:\/\/pws-export.com\/zh\/wp-json\/wp\/v2\/pages"}],"about":[{"href":"https:\/\/pws-export.com\/zh\/wp-json\/wp\/v2\/types\/page"}],"author":[{"embeddable":true,"href":"https:\/\/pws-export.com\/zh\/wp-json\/wp\/v2\/users\/1"}],"replies":[{"embeddable":true,"href":"https:\/\/pws-export.com\/zh\/wp-json\/wp\/v2\/comments?post=40"}],"version-history":[{"count":13,"href":"https:\/\/pws-export.com\/zh\/wp-json\/wp\/v2\/pages\/40\/revisions"}],"predecessor-version":[{"id":843,"href":"https:\/\/pws-export.com\/zh\/wp-json\/wp\/v2\/pages\/40\/revisions\/843"}],"wp:attachment":[{"href":"https:\/\/pws-export.com\/zh\/wp-json\/wp\/v2\/media?parent=40"}],"curies":[{"name":"wp","href":"https:\/\/api.w.org\/{rel}","templated":true}]}}