{"id":44,"date":"2020-08-28T08:40:08","date_gmt":"2020-08-28T08:40:08","guid":{"rendered":"https:\/\/pws-export.com\/?page_id=44"},"modified":"2024-09-26T07:13:31","modified_gmt":"2024-09-26T07:13:31","slug":"tailor-made-2","status":"publish","type":"page","link":"https:\/\/pws-export.com\/zh\/\u91cf\u8eab\u5b9a\u5236-2\/","title":{"rendered":"\u91cf\u8eab\u5b9a\u5236"},"content":{"rendered":"[et_pb_section fb_built=\u00a0\u00bb1&Prime; _builder_version=\u00a0\u00bb4.6.0&Prime; _module_preset=\u00a0\u00bbdefault\u00a0\u00bb custom_padding=\u00a0\u00bb0px||0px||false|false\u00a0\u00bb locked=\u00a0\u00bboff\u00a0\u00bb global_colors_info=\u00a0\u00bb{}\u00a0\u00bb][et_pb_row column_structure=\u00a0\u00bb1_2,1_2&Prime; use_custom_gutter=\u00a0\u00bbon\u00a0\u00bb gutter_width=\u00a0\u00bb1&Prime; make_equal=\u00a0\u00bbon\u00a0\u00bb _builder_version=\u00a0\u00bb4.6.0&Prime; _module_preset=\u00a0\u00bbdefault\u00a0\u00bb width=\u00a0\u00bb100%\u00a0\u00bb max_width=\u00a0\u00bb100%\u00a0\u00bb min_height=\u00a0\u00bb100vh\u00a0\u00bb min_height_tablet=\u00a0\u00bb\u00a0\u00bb min_height_phone=\u00a0\u00bb\u00a0\u00bb min_height_last_edited=\u00a0\u00bbon|desktop\u00a0\u00bb max_height=\u00a0\u00bb100vh\u00a0\u00bb max_height_tablet=\u00a0\u00bb\u00a0\u00bb max_height_phone=\u00a0\u00bb\u00a0\u00bb max_height_last_edited=\u00a0\u00bbon|desktop\u00a0\u00bb overflow-x=\u00a0\u00bbhidden\u00a0\u00bb overflow-y=\u00a0\u00bbhidden\u00a0\u00bb custom_padding=\u00a0\u00bb0px||0px||false|false\u00a0\u00bb hover_enabled=\u00a0\u00bb0&Prime; global_colors_info=\u00a0\u00bb{}\u00a0\u00bb sticky_enabled=\u00a0\u00bb0&Prime;][et_pb_column type=\u00a0\u00bb1_2&Prime; _builder_version=\u00a0\u00bb4.14.2&Prime; _module_preset=\u00a0\u00bbdefault\u00a0\u00bb use_background_color_gradient=\u00a0\u00bbon\u00a0\u00bb background_color_gradient_start=\u00a0\u00bbrgba(0,0,0,0)\u00a0\u00bb background_color_gradient_end=\u00a0\u00bbrgba(0,0,0,0.25)\u00a0\u00bb background_color_gradient_overlays_image=\u00a0\u00bbon\u00a0\u00bb background_image=\u00a0\u00bbhttps:\/\/pws-export.com\/wp-content\/uploads\/2021\/12\/Capture-d\u00e9cran-2021-12-23-\u00e0-15.13.28.png\u00a0\u00bb hover_enabled=\u00a0\u00bb0&Prime; global_colors_info=\u00a0\u00bb{}\u00a0\u00bb title_text=\u00a0\u00bbCapture d\u2019\u00e9cran 2021-12-23 \u00e0 15.13.28&Prime; background_size=\u00a0\u00bbcontain\u00a0\u00bb sticky_enabled=\u00a0\u00bb0&Prime;][\/et_pb_column][et_pb_column type=\u00a0\u00bb1_2&Prime; _builder_version=\u00a0\u00bb4.6.0&Prime; _module_preset=\u00a0\u00bbdefault\u00a0\u00bb custom_padding=\u00a0\u00bb8%|8%|8%|8%|false|false\u00a0\u00bb global_colors_info=\u00a0\u00bb{}\u00a0\u00bb][et_pb_text _builder_version=\u00a0\u00bb4.6.1&Prime; _module_preset=\u00a0\u00bbdefault\u00a0\u00bb text_text_color=\u00a0\u00bb#000000&Prime; header_line_height=\u00a0\u00bb2em\u00a0\u00bb global_colors_info=\u00a0\u00bb{}\u00a0\u00bb]<h1>\u91cf\u8eab\u5b9a\u5236<\/h1>\n<p>PWS \u5229\u7528\u5176\u8d44\u6e90\u4e3a\u60a8\u6253\u9020\u72ec\u4e00\u65e0\u4e8c\u7684\u5f62\u8c61\u7cfb\u5217\u3002<\/p>\n<p>\u901a\u8fc7\u8fd9\u9879\u670d\u52a1\uff0c\u60a8\u53ef\u4ee5 \uff1a<\/p>\n<p>- \u9009\u62e9\u60a8\u7684\u8461\u8404\u9152\u3001\u6cd5\u5b9a\u4ea7\u533a\u548c\u7b80\u4ecb<br \/>- \u6839\u636e\u9884\u7b97\u4f18\u5316\u6700\u4f4e\u6570\u91cf<br \/>- \u51b3\u5b9a\u54c1\u724c\u7684\u8425\u9500\u548c\u6cd5\u5f8b\u95ee\u9898<br \/>- \u8bbe\u8ba1\u7b26\u5408\u60a8\u9700\u6c42\u7684\u6807\u7b7e<br \/>- \u6839\u636e\u76ee\u6807\u5e02\u573a\u8c03\u6574\u5305\u88c5\uff08\u74f6\u5b50\u3001\u7eb8\u7bb1\u7b49<br \/>- \u8ddf\u8fdb\u72ec\u5bb6\u4ea7\u54c1<br \/>- \u4e3a\u60a8\u7684\u9879\u76ee\u521b\u5efa\u4e00\u4e2a\u7279\u5b9a\u7684\u8425\u9500\u73af\u5883\uff0c\u4f7f\u60a8\u4e0e\u4f17\u4e0d\u540c<br \/>- \u66f4\u4fbf\u6377\uff1a\u5fc5\u8981\u65f6\u9001\u8d27\u4e0a\u95e8<\/p>[\/et_pb_text][\/et_pb_column][\/et_pb_row][\/et_pb_section]","protected":false},"excerpt":{"rendered":"<p>Sur-mesure PWS met \u00e0 disposition ses resources pour cr\u00e9er une gamme unique \u00e0 votre image. Gr\u00e2ce \u00e0 ce service vous avez la possibilit\u00e9 de\u00a0: &#8211; Choisir votre vin, votre AOC et votre profil- Optimiser vos minimums de quantit\u00e9s en fonction des budgets- D\u00e9cider de la marque dans son aspect marketing et dans le respect de&hellip; <a class=\"continue\" href=\"https:\/\/pws-export.com\/zh\/\u91cf\u8eab\u5b9a\u5236-2\/\">\u7ee7\u7eed\u9605\u8bfb<span> \u91cf\u8eab\u5b9a\u5236<\/span><\/a><\/p>","protected":false},"author":1,"featured_media":0,"parent":0,"menu_order":0,"comment_status":"closed","ping_status":"closed","template":"","meta":{"_seopress_robots_primary_cat":"","_seopress_titles_title":"Tailor-made - PWS French Wines","_seopress_titles_desc":"Explore our tailored solutions to meet your unique needs. PWS creates personalized experiences that make a difference.","_seopress_robots_index":"","_et_pb_use_builder":"on","_et_pb_old_content":"<!-- wp:divi\/placeholder \/-->","_et_gb_content_width":"","footnotes":""},"yoast_head":"<!-- This site is optimized with the Yoast SEO plugin v23.5 - https:\/\/yoast.com\/wordpress\/plugins\/seo\/ -->\n<title>Sur-mesure - PWS<\/title>\n<meta name=\"description\" content=\"Explore our tailored solutions to meet your unique needs. PWS creates personalized experiences that make a difference.\" \/>\n<meta name=\"robots\" content=\"index, follow, max-snippet:-1, max-image-preview:large, max-video-preview:-1\" \/>\n<link rel=\"canonical\" href=\"https:\/\/pws-export.com\/zh\/\u91cf\u8eab\u5b9a\u5236-2\/\" \/>\n<meta property=\"og:locale\" content=\"zh_CN\" \/>\n<meta property=\"og:type\" content=\"article\" \/>\n<meta property=\"og:title\" content=\"Sur-mesure - PWS\" \/>\n<meta property=\"og:description\" content=\"Explore our tailored solutions to meet your unique needs. PWS creates personalized experiences that make a difference.\" \/>\n<meta property=\"og:url\" content=\"https:\/\/pws-export.com\/zh\/\u91cf\u8eab\u5b9a\u5236-2\/\" \/>\n<meta property=\"og:site_name\" content=\"PWS\" \/>\n<meta property=\"article:modified_time\" content=\"2024-09-26T07:13:31+00:00\" \/>\n<meta name=\"twitter:card\" content=\"summary_large_image\" \/>\n<meta name=\"twitter:label1\" content=\"\u9884\u8ba1\u9605\u8bfb\u65f6\u95f4\" \/>\n\t<meta name=\"twitter:data1\" content=\"1 \u5206\" \/>\n<script type=\"application\/ld+json\" class=\"yoast-schema-graph\">{\"@context\":\"https:\/\/schema.org\",\"@graph\":[{\"@type\":\"WebPage\",\"@id\":\"https:\/\/pws-export.com\/tailor-made-2\/\",\"url\":\"https:\/\/pws-export.com\/tailor-made-2\/\",\"name\":\"Sur-mesure - PWS\",\"isPartOf\":{\"@id\":\"https:\/\/pws-export.com\/#website\"},\"datePublished\":\"2020-08-28T08:40:08+00:00\",\"dateModified\":\"2024-09-26T07:13:31+00:00\",\"description\":\"Explore our tailored solutions to meet your unique needs. PWS creates personalized experiences that make a difference.\",\"breadcrumb\":{\"@id\":\"https:\/\/pws-export.com\/tailor-made-2\/#breadcrumb\"},\"inLanguage\":\"zh-Hans\",\"potentialAction\":[{\"@type\":\"ReadAction\",\"target\":[\"https:\/\/pws-export.com\/tailor-made-2\/\"]}]},{\"@type\":\"BreadcrumbList\",\"@id\":\"https:\/\/pws-export.com\/tailor-made-2\/#breadcrumb\",\"itemListElement\":[{\"@type\":\"ListItem\",\"position\":1,\"name\":\"Home\",\"item\":\"https:\/\/pws-export.com\/fr\/\"},{\"@type\":\"ListItem\",\"position\":2,\"name\":\"Sur-mesure\"}]},{\"@type\":\"WebSite\",\"@id\":\"https:\/\/pws-export.com\/#website\",\"url\":\"https:\/\/pws-export.com\/\",\"name\":\"PWS\",\"description\":\"Producers Wines Selection - Export\",\"publisher\":{\"@id\":\"https:\/\/pws-export.com\/#organization\"},\"potentialAction\":[{\"@type\":\"SearchAction\",\"target\":{\"@type\":\"EntryPoint\",\"urlTemplate\":\"https:\/\/pws-export.com\/?s={search_term_string}\"},\"query-input\":{\"@type\":\"PropertyValueSpecification\",\"valueRequired\":true,\"valueName\":\"search_term_string\"}}],\"inLanguage\":\"zh-Hans\"},{\"@type\":\"Organization\",\"@id\":\"https:\/\/pws-export.com\/#organization\",\"name\":\"PWS\",\"url\":\"https:\/\/pws-export.com\/\",\"logo\":{\"@type\":\"ImageObject\",\"inLanguage\":\"zh-Hans\",\"@id\":\"https:\/\/pws-export.com\/#\/schema\/logo\/image\/\",\"url\":\"https:\/\/pws-export.com\/wp-content\/uploads\/2024\/06\/logo-PWS.jpeg\",\"contentUrl\":\"https:\/\/pws-export.com\/wp-content\/uploads\/2024\/06\/logo-PWS.jpeg\",\"width\":1406,\"height\":876,\"caption\":\"PWS\"},\"image\":{\"@id\":\"https:\/\/pws-export.com\/#\/schema\/logo\/image\/\"},\"sameAs\":[\"https:\/\/www.instagram.com\/pwsfrenchwines\/\",\"https:\/\/www.linkedin.com\/company\/pws-export-vins\/?viewAsMember=true\"]}]}<\/script>\n<!-- \/ Yoast SEO plugin. -->","yoast_head_json":{"title":"Sur-mesure - PWS","description":"Explore our tailored solutions to meet your unique needs. PWS creates personalized experiences that make a difference.","robots":{"index":"index","follow":"follow","max-snippet":"max-snippet:-1","max-image-preview":"max-image-preview:large","max-video-preview":"max-video-preview:-1"},"canonical":"https:\/\/pws-export.com\/zh\/\u91cf\u8eab\u5b9a\u5236-2\/","og_locale":"zh_CN","og_type":"article","og_title":"Sur-mesure - PWS","og_description":"Explore our tailored solutions to meet your unique needs. PWS creates personalized experiences that make a difference.","og_url":"https:\/\/pws-export.com\/zh\/\u91cf\u8eab\u5b9a\u5236-2\/","og_site_name":"PWS","article_modified_time":"2024-09-26T07:13:31+00:00","twitter_card":"summary_large_image","twitter_misc":{"\u9884\u8ba1\u9605\u8bfb\u65f6\u95f4":"1 \u5206"},"schema":{"@context":"https:\/\/schema.org","@graph":[{"@type":"WebPage","@id":"https:\/\/pws-export.com\/tailor-made-2\/","url":"https:\/\/pws-export.com\/tailor-made-2\/","name":"Sur-mesure - PWS","isPartOf":{"@id":"https:\/\/pws-export.com\/#website"},"datePublished":"2020-08-28T08:40:08+00:00","dateModified":"2024-09-26T07:13:31+00:00","description":"Explore our tailored solutions to meet your unique needs. PWS creates personalized experiences that make a difference.","breadcrumb":{"@id":"https:\/\/pws-export.com\/tailor-made-2\/#breadcrumb"},"inLanguage":"zh-Hans","potentialAction":[{"@type":"ReadAction","target":["https:\/\/pws-export.com\/tailor-made-2\/"]}]},{"@type":"BreadcrumbList","@id":"https:\/\/pws-export.com\/tailor-made-2\/#breadcrumb","itemListElement":[{"@type":"ListItem","position":1,"name":"Home","item":"https:\/\/pws-export.com\/fr\/"},{"@type":"ListItem","position":2,"name":"Sur-mesure"}]},{"@type":"WebSite","@id":"https:\/\/pws-export.com\/#website","url":"https:\/\/pws-export.com\/","name":"PWS","description":"Producers Wines Selection - Export","publisher":{"@id":"https:\/\/pws-export.com\/#organization"},"potentialAction":[{"@type":"SearchAction","target":{"@type":"EntryPoint","urlTemplate":"https:\/\/pws-export.com\/?s={search_term_string}"},"query-input":{"@type":"PropertyValueSpecification","valueRequired":true,"valueName":"search_term_string"}}],"inLanguage":"zh-Hans"},{"@type":"Organization","@id":"https:\/\/pws-export.com\/#organization","name":"PWS","url":"https:\/\/pws-export.com\/","logo":{"@type":"ImageObject","inLanguage":"zh-Hans","@id":"https:\/\/pws-export.com\/#\/schema\/logo\/image\/","url":"https:\/\/pws-export.com\/wp-content\/uploads\/2024\/06\/logo-PWS.jpeg","contentUrl":"https:\/\/pws-export.com\/wp-content\/uploads\/2024\/06\/logo-PWS.jpeg","width":1406,"height":876,"caption":"PWS"},"image":{"@id":"https:\/\/pws-export.com\/#\/schema\/logo\/image\/"},"sameAs":["https:\/\/www.instagram.com\/pwsfrenchwines\/","https:\/\/www.linkedin.com\/company\/pws-export-vins\/?viewAsMember=true"]}]}},"_links":{"self":[{"href":"https:\/\/pws-export.com\/zh\/wp-json\/wp\/v2\/pages\/44"}],"collection":[{"href":"https:\/\/pws-export.com\/zh\/wp-json\/wp\/v2\/pages"}],"about":[{"href":"https:\/\/pws-export.com\/zh\/wp-json\/wp\/v2\/types\/page"}],"author":[{"embeddable":true,"href":"https:\/\/pws-export.com\/zh\/wp-json\/wp\/v2\/users\/1"}],"replies":[{"embeddable":true,"href":"https:\/\/pws-export.com\/zh\/wp-json\/wp\/v2\/comments?post=44"}],"version-history":[{"count":15,"href":"https:\/\/pws-export.com\/zh\/wp-json\/wp\/v2\/pages\/44\/revisions"}],"predecessor-version":[{"id":853,"href":"https:\/\/pws-export.com\/zh\/wp-json\/wp\/v2\/pages\/44\/revisions\/853"}],"wp:attachment":[{"href":"https:\/\/pws-export.com\/zh\/wp-json\/wp\/v2\/media?parent=44"}],"curies":[{"name":"wp","href":"https:\/\/api.w.org\/{rel}","templated":true}]}}